{"id":117607,"date":"2026-02-08T17:55:03","date_gmt":"2026-02-08T16:55:03","guid":{"rendered":"https:\/\/footballthrift.shop\/?post_type=product&#038;p=117607"},"modified":"2026-03-09T11:23:48","modified_gmt":"2026-03-09T10:23:48","slug":"koszulka-pilkarska-liverpool-fc-2020-21-away-11-m-salah-xl","status":"publish","type":"product","link":"https:\/\/footballthrift.shop\/de\/koszulka-pilkarska-liverpool-fc-2020-21-away-11-m-salah-xl\/","title":{"rendered":"Koszulka pi\u0142karska Liverpool FC 2020\/21 Away 11 M. Salah [XL]"},"content":{"rendered":"<p><strong>Verein:<\/strong> Liverpool FC<\/p>\n<p><strong>Saison:<\/strong> 2020\/21 Ausw\u00e4rts<\/p>\n<p><strong>Gr\u00f6\u00dfe: <\/strong>XL<\/p>\n<p><strong>Zustand:<\/strong> Ausgezeichnet<\/p>\n<p><strong>Ma\u00dfe (Achselbreite\/L\u00e4nge) in cm: <\/strong>59\/75<\/p>","protected":false},"excerpt":{"rendered":"<p data-start=\"0\" data-end=\"118\"><strong data-start=\"0\" data-end=\"118\">Original Liverpool FC Ausw\u00e4rtstrikot aus der Saison 2020\/21 von Nike mit Mohamed Salah-Aufdruck.\u00a0<\/strong><\/p>\n<p data-start=\"120\" data-end=\"561\">Ausw\u00e4rtsmodell <strong data-start=\"136\" data-end=\"177\"><span class=\"hover:entity-accent entity-underline inline cursor-pointer align-baseline\"><span class=\"whitespace-normal\">FC Liverpool<\/span><\/span><\/strong> z <strong data-start=\"180\" data-end=\"198\">Saison 2020\/21<\/strong>hergestellt von <strong data-start=\"220\" data-end=\"228\">Nike<\/strong> in der Gr\u00f6\u00dfe <strong data-start=\"241\" data-end=\"247\">XL<\/strong>, Liverpool hat eine der dramatischsten und schwierigsten Spielzeiten in der modernen Geschichte des Vereins hinter sich. Liverpool, das mit gro\u00dfen Personalproblemen und Verletzungen von Schl\u00fcsselspielern zu k\u00e4mpfen hatte, k\u00e4mpfte bis zum Schluss um einen Platz, der die Teilnahme an der Champions League garantierte, und wurde schlie\u00dflich Dritter.<\/p>\n<p data-start=\"563\" data-end=\"1088\">Das T-Shirt wurde hergestellt in <strong data-start=\"596\" data-end=\"622\">T\u00fcrkisfarben<\/strong>, die sich von den klassischen Ausw\u00e4rtsspielen des Vereins abhebt. Die gesamte Oberfl\u00e4che ist bedeckt mit <strong data-start=\"716\" data-end=\"737\">unregelm\u00e4\u00dfiges Muster<\/strong> in verschiedenen Schattierungen dieser Farbe gehalten, was dem T-Shirt einen sehr mutigen und modernen Charakter verleiht. Kontrastierend <strong data-start=\"851\" data-end=\"897\">schwarzer Saum an Kragen und \u00c4rmeln<\/strong> Sie strukturieren das Design und verst\u00e4rken seine Ausdruckskraft. Die \u00c4rmel weisen folgende Merkmale auf <strong data-start=\"973\" data-end=\"1002\">Goldmaster-Patches<\/strong>, zum Gedenken an die Eroberung der <strong data-start=\"1034\" data-end=\"1050\">Liverpool FC<\/strong> Liga-Titel in der vorangegangenen Saison.<\/p>\n<p data-start=\"1090\" data-end=\"1429\">Die R\u00fcckseite zeigt den Original-Liga-Aufdruck <strong data-start=\"1139\" data-end=\"1180\"><span class=\"hover:entity-accent entity-underline inline cursor-pointer align-baseline\"><span class=\"whitespace-normal\">Mohamed Salah<\/span><\/span><\/strong>, die in <strong data-start=\"1190\" data-end=\"1209\">Saison 2020\/21<\/strong> war einer der absoluten F\u00fchrungsspieler der Mannschaft. Der \u00e4gyptische St\u00fcrmer spielte eine Schl\u00fcsselrolle in der Offensive, schoss regelm\u00e4\u00dfig Tore und hielt die Mannschaft trotz extrem schwieriger sportlicher Umst\u00e4nde im Kampf um die Tabellenspitze.<\/p>\n<p data-start=\"1431\" data-end=\"1969\">Saison <strong data-start=\"1437\" data-end=\"1448\">2020\/21<\/strong> hat sich in die Geschichte eingeschrieben <strong data-start=\"1472\" data-end=\"1489\">FC Liverpool<\/strong> Vor allem aber ein dramatisches Ende des Turniers, das durch ein legend\u00e4res Tor des Torwarts gekr\u00f6nt wurde, <strong data-start=\"1596\" data-end=\"1637\"><span class=\"hover:entity-accent entity-underline inline cursor-pointer align-baseline\"><span class=\"whitespace-normal\">Alisson Becker<\/span><\/span><\/strong> in der Nachspielzeit des Spiels mit <strong data-start=\"1666\" data-end=\"1707\"><span class=\"hover:entity-accent entity-underline inline cursor-pointer align-baseline\"><span class=\"whitespace-normal\">West Bromwich Albion<\/span><\/span><\/strong>, Der erste Sieg des Vereins in der Champions League \u00fcberhaupt. Die Vereinsfarben wurden damals u.a. von folgenden Personen vertreten. <strong data-start=\"1796\" data-end=\"1810\">Sadio Man\u00e9<\/strong>, <strong data-start=\"1812\" data-end=\"1831\">Roberto Firmino<\/strong>, <strong data-start=\"1833\" data-end=\"1859\">Trent Alexander-Arnold<\/strong>, <strong data-start=\"1861\" data-end=\"1879\">Andy Robertson<\/strong> und <strong data-start=\"1885\" data-end=\"1896\">Fabinho<\/strong>, und bildeten den Kern des Teams in einer der denkw\u00fcrdigsten Saisons des Jahrzehnts.<\/p>\n<p data-start=\"1971\" data-end=\"2165\">Das T-Shirt ist aus leichtem und atmungsaktivem Material gefertigt und der Schnitt in Gr\u00f6\u00dfe <strong data-start=\"2053\" data-end=\"2059\">XL<\/strong> bleibt konform mit den Normen <strong data-start=\"2092\" data-end=\"2100\">Nike<\/strong>, in Liga-Projekten aus den fr\u00fchen 1920er Jahren verwendet.<\/p>\n<p data-start=\"2167\" data-end=\"2415\" data-is-last-node=\"\" data-is-only-node=\"\">Dies ist f\u00fcr Sammler und Fans, die ein originales Ausw\u00e4rtstrikot suchen <strong data-start=\"2270\" data-end=\"2287\">FC Liverpool<\/strong> z <strong data-start=\"2290\" data-end=\"2308\">Saison 2020\/21<\/strong>, eine klare Aufzeichnung einer der dramatischsten und aufregendsten Spielzeiten in der Geschichte des Vereins.<\/p>","protected":false},"featured_media":117717,"template":"","meta":{"_kad_blocks_custom_css":"","_kad_blocks_head_custom_js":"","_kad_blocks_body_custom_js":"","_kad_blocks_footer_custom_js":"","_kad_post_transparent":"default","_kad_post_title":"","_kad_post_layout":"default","_kad_post_sidebar_id":"","_kad_post_content_style":"default","_kad_post_vertical_padding":"default","_kad_post_feature":"","_kad_post_feature_position":"","_kad_post_header":false,"_kad_post_footer":false,"_kad_post_classname":""},"product_brand":[1284],"product_cat":[15,1464],"product_tag":[],"class_list":{"0":"post-117607","1":"product","2":"type-product","3":"status-publish","4":"has-post-thumbnail","6":"product_brand-nike","7":"product_cat-bez-kategorii","8":"product_cat-liverpool","9":"pa_homeawaythird-away","10":"pa_rozmiar-xl","12":"first","13":"instock","14":"taxable","15":"shipping-taxable","16":"purchasable","17":"product-type-simple","18":"entry","19":"content-bg","20":"loop-entry"},"taxonomy_info":{"product_brand":[{"value":1284,"label":"Nike"}],"product_cat":[{"value":15,"label":"Bez kategorii"},{"value":1464,"label":"Liverpool FC"}],"pa_homeawaythird":[{"value":1598,"label":"Away"}],"pa_rozmiar":[{"value":1818,"label":"XL"}]},"featured_image_src_large":["https:\/\/footballthrift.shop\/wp-content\/uploads\/2026\/02\/Photoroom_20260204_160952-1024x1024.jpg",1024,1024,true],"author_info":[],"comment_info":"","_links":{"self":[{"href":"https:\/\/footballthrift.shop\/de\/wp-json\/wp\/v2\/product\/117607","targetHints":{"allow":["GET"]}}],"collection":[{"href":"https:\/\/footballthrift.shop\/de\/wp-json\/wp\/v2\/product"}],"about":[{"href":"https:\/\/footballthrift.shop\/de\/wp-json\/wp\/v2\/types\/product"}],"wp:featuredmedia":[{"embeddable":true,"href":"https:\/\/footballthrift.shop\/de\/wp-json\/wp\/v2\/media\/117717"}],"wp:attachment":[{"href":"https:\/\/footballthrift.shop\/de\/wp-json\/wp\/v2\/media?parent=117607"}],"wp:term":[{"taxonomy":"product_brand","embeddable":true,"href":"https:\/\/footballthrift.shop\/de\/wp-json\/wp\/v2\/product_brand?post=117607"},{"taxonomy":"product_cat","embeddable":true,"href":"https:\/\/footballthrift.shop\/de\/wp-json\/wp\/v2\/product_cat?post=117607"},{"taxonomy":"product_tag","embeddable":true,"href":"https:\/\/footballthrift.shop\/de\/wp-json\/wp\/v2\/product_tag?post=117607"}],"curies":[{"name":"wp","href":"https:\/\/api.w.org\/{rel}","templated":true}]}}