{"id":117604,"date":"2026-02-08T17:55:05","date_gmt":"2026-02-08T16:55:05","guid":{"rendered":"https:\/\/footballthrift.shop\/?post_type=product&#038;p=117604"},"modified":"2026-03-09T11:23:48","modified_gmt":"2026-03-09T10:23:48","slug":"koszulka-bramkarska-ks-cracovia-2023-24-s","status":"publish","type":"product","link":"https:\/\/footballthrift.shop\/de\/koszulka-bramkarska-ks-cracovia-2023-24-s\/","title":{"rendered":"Koszulka bramkarska KS Cracovia 2023\/24 [S]"},"content":{"rendered":"<p><strong>Verein:<\/strong> KS Cracovia<\/p>\n<p><strong>Saison:<\/strong> 2023\/24<\/p>\n<p><strong>Gr\u00f6\u00dfe: <\/strong>S<\/p>\n<p><strong>Zustand:<\/strong> Ausgezeichnet<\/p>\n<p><strong>Ma\u00dfe (Achselbreite\/L\u00e4nge) in cm: <\/strong>43\/70<\/p>","protected":false},"excerpt":{"rendered":"<p data-start=\"0\" data-end=\"89\"><strong data-start=\"0\" data-end=\"89\">Original KS Cracovia Torwart-Fu\u00dfballtrikot aus der Saison 2023\/24 von Puma.&nbsp;<\/strong><\/p>\n<p data-start=\"91\" data-end=\"452\">Modell Torwart <strong data-start=\"108\" data-end=\"123\">KS Cracovia<\/strong> z <strong data-start=\"126\" data-end=\"144\">Saison 2023\/24<\/strong>hergestellt von <strong data-start=\"166\" data-end=\"174\">Puma<\/strong> in der Gr\u00f6\u00dfe <strong data-start=\"187\" data-end=\"192\">S<\/strong>, kommt aus einer sportlich schwierigen Zeit f\u00fcr den Krakauer Verein. Die Mannschaft trat in der Ekstraklasa an und konzentrierte sich darauf, ihre Form zu stabilisieren und ihre Position in der Liga zu halten, indem sie ihr Spiel auf eine solide defensive Organisation und Verantwortung in der Abwehr st\u00fctzte.<\/p>\n<p data-start=\"454\" data-end=\"889\">Das T-Shirt wurde in einem intensiven Prozess hergestellt, <strong data-start=\"500\" data-end=\"529\">neongelb<\/strong>, charakteristisch f\u00fcr moderne Torwartdesigns. Die Vorderseite zeigt ein Motiv <strong data-start=\"620\" data-end=\"674\">subtile, gro\u00dfe, nach oben gerichtete Chevrons<\/strong>, die dem Gesamtdesign ein dynamisches, aber strukturiertes Aussehen verleihen. Zentraler Sponsorenaufdruck <strong data-start=\"779\" data-end=\"790\">Comarch<\/strong>, und das Projekt wird erg\u00e4nzt durch <strong data-start=\"814\" data-end=\"834\">Liga-Embleme<\/strong>, auf dem \u00c4rmel und auf der Vorderseite des T-Shirts.<\/p>\n<p data-start=\"891\" data-end=\"1174\">W <strong data-start=\"893\" data-end=\"912\">Saison 2023\/24<\/strong> Haupttorwart <strong data-start=\"936\" data-end=\"951\">KS Cracovia<\/strong> war <strong data-start=\"956\" data-end=\"978\">Sebastian Madejski<\/strong>, Er spielt eine Schl\u00fcsselrolle in der Mannschaft. Seine regelm\u00e4\u00dfigen Auftritte zwischen den Pfosten und sein sicheres Defensivspiel machten ihn zu einem der stabilsten Punkte des Teams in der Liga.<\/p>\n<p data-start=\"1176\" data-end=\"1357\">Das T-Shirt ist aus leichtem und atmungsaktivem Material gefertigt und der Schnitt in Gr\u00f6\u00dfe <strong data-start=\"1258\" data-end=\"1263\">S<\/strong> bleibt konform mit den Normen <strong data-start=\"1296\" data-end=\"1304\">Pumas<\/strong>, die bei modernen Torwartkonstruktionen verwendet werden.<\/p>\n<p data-start=\"1359\" data-end=\"1579\" data-is-last-node=\"\" data-is-only-node=\"\">Dies ist f\u00fcr Sammler und Fans, die ein originales Torwarttrikot suchen <strong data-start=\"1464\" data-end=\"1479\">KS Cracovia<\/strong> z <strong data-start=\"1482\" data-end=\"1500\">Saison 2023\/24<\/strong>, Der Bericht gibt einen klaren \u00dcberblick \u00fcber die K\u00e4mpfe der Liga und die Rolle der Verteidigung in dieser Zeit.<\/p>","protected":false},"featured_media":117692,"template":"","meta":{"_kad_blocks_custom_css":"","_kad_blocks_head_custom_js":"","_kad_blocks_body_custom_js":"","_kad_blocks_footer_custom_js":"","_kad_post_transparent":"default","_kad_post_title":"","_kad_post_layout":"default","_kad_post_sidebar_id":"","_kad_post_content_style":"default","_kad_post_vertical_padding":"default","_kad_post_feature":"","_kad_post_feature_position":"","_kad_post_header":false,"_kad_post_footer":false,"_kad_post_classname":""},"product_brand":[1287],"product_cat":[15,1468],"product_tag":[],"class_list":{"0":"post-117604","1":"product","2":"type-product","3":"status-publish","4":"has-post-thumbnail","6":"product_brand-puma","7":"product_cat-bez-kategorii","8":"product_cat-pozostale-kluby-polskie","9":"pa_rozmiar-s","11":"first","12":"instock","13":"taxable","14":"shipping-taxable","15":"purchasable","16":"product-type-simple","17":"entry","18":"content-bg","19":"loop-entry"},"taxonomy_info":{"product_brand":[{"value":1287,"label":"Puma"}],"product_cat":[{"value":15,"label":"Bez kategorii"},{"value":1468,"label":"Pozosta\u0142e kluby polskie"}],"pa_rozmiar":[{"value":1815,"label":"S"}]},"featured_image_src_large":["https:\/\/footballthrift.shop\/wp-content\/uploads\/2026\/02\/Photoroom_20260204_161205-1024x1024.jpg",1024,1024,true],"author_info":[],"comment_info":"","_links":{"self":[{"href":"https:\/\/footballthrift.shop\/de\/wp-json\/wp\/v2\/product\/117604","targetHints":{"allow":["GET"]}}],"collection":[{"href":"https:\/\/footballthrift.shop\/de\/wp-json\/wp\/v2\/product"}],"about":[{"href":"https:\/\/footballthrift.shop\/de\/wp-json\/wp\/v2\/types\/product"}],"wp:featuredmedia":[{"embeddable":true,"href":"https:\/\/footballthrift.shop\/de\/wp-json\/wp\/v2\/media\/117692"}],"wp:attachment":[{"href":"https:\/\/footballthrift.shop\/de\/wp-json\/wp\/v2\/media?parent=117604"}],"wp:term":[{"taxonomy":"product_brand","embeddable":true,"href":"https:\/\/footballthrift.shop\/de\/wp-json\/wp\/v2\/product_brand?post=117604"},{"taxonomy":"product_cat","embeddable":true,"href":"https:\/\/footballthrift.shop\/de\/wp-json\/wp\/v2\/product_cat?post=117604"},{"taxonomy":"product_tag","embeddable":true,"href":"https:\/\/footballthrift.shop\/de\/wp-json\/wp\/v2\/product_tag?post=117604"}],"curies":[{"name":"wp","href":"https:\/\/api.w.org\/{rel}","templated":true}]}}