{"id":117602,"date":"2026-02-08T17:55:06","date_gmt":"2026-02-08T16:55:06","guid":{"rendered":"https:\/\/footballthrift.shop\/?post_type=product&#038;p=117602"},"modified":"2026-03-09T11:23:48","modified_gmt":"2026-03-09T10:23:48","slug":"koszulka-pilkarska-ferencvarosi-tc-2022-23-away-10-tokmac-s","status":"publish","type":"product","link":"https:\/\/footballthrift.shop\/de\/koszulka-pilkarska-ferencvarosi-tc-2022-23-away-10-tokmac-s\/","title":{"rendered":"Koszulka pi\u0142karska Ferencvarosi TC 2022\/23 Away 10 Tokmac [S]"},"content":{"rendered":"<p><strong>Verein:<\/strong> Ferencvarosi TC<\/p>\n<p><strong>Saison:<\/strong> 2022\/23 Ausw\u00e4rts<\/p>\n<p><strong>Gr\u00f6\u00dfe: <\/strong>S<\/p>\n<p><strong>Zustand:<\/strong> Ausgezeichnet<\/p>\n<p><strong>Ma\u00dfe (Achselbreite\/L\u00e4nge) in cm: <\/strong>47\/72<\/p>","protected":false},"excerpt":{"rendered":"<div class=\"flex flex-col text-sm pb-25\">\n<article class=\"text-token-text-primary w-full focus:outline-none [--shadow-height:45px] has-data-writing-block:pointer-events-none has-data-writing-block:-mt-(--shadow-height) has-data-writing-block:pt-(--shadow-height) [&amp;:has([data-writing-block])&gt;*]:pointer-events-auto scroll-mt-[calc(var(--header-height)+min(200px,max(70px,20svh)))]\" dir=\"auto\" tabindex=\"-1\" data-turn-id=\"request-WEB:87171c30-8523-4ca8-aa23-997b54703be1-11\" data-testid=\"conversation-turn-18\" data-scroll-anchor=\"true\" data-turn=\"assistant\">\n<div class=\"text-base my-auto mx-auto pb-10 [--thread-content-margin:--spacing(4)] @w-sm\/main:[--thread-content-margin:--spacing(6)] @w-lg\/main:[--thread-content-margin:--spacing(16)] px-(--thread-content-margin)\">\n<div class=\"[--thread-content-max-width:40rem] @w-lg\/main:[--thread-content-max-width:48rem] mx-auto max-w-(--thread-content-max-width) flex-1 group\/turn-messages focus-visible:outline-hidden relative flex w-full min-w-0 flex-col agent-turn\" tabindex=\"-1\">\n<div class=\"flex max-w-full flex-col grow\">\n<div class=\"min-h-8 text-message relative flex w-full flex-col items-end gap-2 text-start break-words whitespace-normal [.text-message+&amp;]:mt-1\" dir=\"auto\" data-message-author-role=\"assistant\" data-message-id=\"5d69e25e-ed4e-413e-abca-e6e21b1815f1\" data-message-model-slug=\"gpt-5-2\">\n<div class=\"flex w-full flex-col gap-1 empty:hidden first:pt-[1px]\">\n<div class=\"markdown prose dark:prose-invert w-full wrap-break-word light markdown-new-styling\">\n<p data-start=\"0\" data-end=\"119\"><strong data-start=\"0\" data-end=\"119\">Oryginalna wyjazdowa koszulka pi\u0142karska Ferencv\u00e1rosi TC z sezonu 2022\/23 produkcji Nike z nadrukiem Tokmaca Nguena.\u00a0<\/strong><\/p>\n<p data-start=\"121\" data-end=\"499\">Wyjazdowy model <strong data-start=\"137\" data-end=\"178\"><span class=\"hover:entity-accent entity-underline inline cursor-pointer align-baseline\"><span class=\"whitespace-normal\">Ferencv\u00e1rosi TC<\/span><\/span><\/strong> z <strong data-start=\"181\" data-end=\"199\">sezonu 2022\/23<\/strong>, wyprodukowany przez <strong data-start=\"221\" data-end=\"229\">Nike<\/strong> w rozmiarze <strong data-start=\"242\" data-end=\"247\">S<\/strong>, pochodzi z okresu pe\u0142nej dominacji klubu na w\u0119gierskiej scenie ligowej oraz regularnych wyst\u0119p\u00f3w w europejskich pucharach. By\u0142 to czas potwierdzaj\u0105cy siln\u0105 pozycj\u0119 Ferencv\u00e1rosu jako najbardziej rozpoznawalnej i stabilnej sportowo dru\u017cyny na W\u0119grzech.<\/p>\n<p data-start=\"501\" data-end=\"917\">Koszulka zosta\u0142a wyprodukowana na <strong data-start=\"535\" data-end=\"552\">czarnej bazie<\/strong>, na kt\u00f3rej froncie umieszczono <strong data-start=\"584\" data-end=\"621\">geometryczne, ciemnozielone wzory<\/strong>, nadaj\u0105ce ca\u0142o\u015bci nowoczesny i dynamiczny charakter. W tym samym <strong data-start=\"687\" data-end=\"713\">ciemnozielonym kolorze<\/strong> wyko\u0144czono ko\u0142nierz oraz r\u0119kawki, co spina projekt w sp\u00f3jn\u0105 i wyrazist\u0105 ca\u0142o\u015b\u0107. Centralne miejsce na froncie zajmuje nadruk sponsora <strong data-start=\"847\" data-end=\"859\">T-Mobile<\/strong>, harmonijnie kontrastuj\u0105cy z ciemn\u0105 kolorystyk\u0105 koszulki.<\/p>\n<p data-start=\"919\" data-end=\"1318\">Na plecach znajduje si\u0119 oryginalny nadruk <strong data-start=\"961\" data-end=\"1002\"><span class=\"hover:entity-accent entity-underline inline cursor-pointer align-baseline\"><span class=\"whitespace-normal\">Tokmaca Nguena<\/span><\/span><\/strong>, jednego z kluczowych zawodnik\u00f3w <strong data-start=\"1036\" data-end=\"1055\">Ferencv\u00e1rosi TC<\/strong> w tym okresie. Norweski skrzyd\u0142owy pe\u0142ni\u0142 w <strong data-start=\"1100\" data-end=\"1119\">sezonie 2022\/23<\/strong> istotn\u0105 rol\u0119 w ofensywie zespo\u0142u, wyr\u00f3\u017cniaj\u0105c si\u0119 szybko\u015bci\u0105, intensywno\u015bci\u0105 gry oraz du\u017cym wp\u0142ywem na mecze ligowe i europejskie, b\u0119d\u0105c jednym z najbardziej rozpoznawalnych pi\u0142karzy w kadrze klubu.<\/p>\n<p data-start=\"1320\" data-end=\"1498\">Koszulka zosta\u0142a wykonana z lekkiego i przewiewnego materia\u0142u, a kr\u00f3j w rozmiarze <strong data-start=\"1402\" data-end=\"1407\">S<\/strong> pozostaje zgodny ze standardami <strong data-start=\"1440\" data-end=\"1448\">Nike<\/strong>, stosowanymi w nowoczesnych projektach meczowych.<\/p>\n<p data-start=\"1500\" data-end=\"1749\" data-is-last-node=\"\" data-is-only-node=\"\">To propozycja dla kolekcjoner\u00f3w oraz kibic\u00f3w poszukuj\u0105cych oryginalnej wyjazdowej koszulki pi\u0142karskiej <strong data-start=\"1603\" data-end=\"1622\">Ferencv\u00e1rosi TC<\/strong> z <strong data-start=\"1625\" data-end=\"1643\">sezonu 2022\/23<\/strong>, stanowi\u0105cej czytelny zapis okresu ligowej dominacji i regularnej obecno\u015bci klubu na europejskiej scenie.<\/p>\n<\/div>\n<\/div>\n<\/div>\n<\/div>\n<\/div>\n<\/div>\n<\/article>\n<\/div>\n","protected":false},"featured_media":117673,"template":"","meta":{"_kad_blocks_custom_css":"","_kad_blocks_head_custom_js":"","_kad_blocks_body_custom_js":"","_kad_blocks_footer_custom_js":"","_kad_post_transparent":"default","_kad_post_title":"","_kad_post_layout":"default","_kad_post_sidebar_id":"","_kad_post_content_style":"default","_kad_post_vertical_padding":"default","_kad_post_feature":"","_kad_post_feature_position":"","_kad_post_header":false,"_kad_post_footer":false,"_kad_post_classname":""},"product_brand":[1284],"product_cat":[15,1493],"product_tag":[],"class_list":{"0":"post-117602","1":"product","2":"type-product","3":"status-publish","4":"has-post-thumbnail","6":"product_brand-nike","7":"product_cat-bez-kategorii","8":"product_cat-kluby-europejskie-europa","9":"pa_homeawaythird-away","10":"pa_rozmiar-s","12":"first","13":"instock","14":"taxable","15":"shipping-taxable","16":"purchasable","17":"product-type-simple","18":"entry","19":"content-bg","20":"loop-entry"},"taxonomy_info":{"product_brand":[{"value":1284,"label":"Nike"}],"product_cat":[{"value":15,"label":"Bez kategorii"},{"value":1493,"label":"Pozosta\u0142e kluby europejskie"}],"pa_homeawaythird":[{"value":1598,"label":"Away"}],"pa_rozmiar":[{"value":1815,"label":"S"}]},"featured_image_src_large":["https:\/\/footballthrift.shop\/wp-content\/uploads\/2026\/02\/Photoroom_20260204_161040-1024x1024.jpg",1024,1024,true],"author_info":[],"comment_info":"","_links":{"self":[{"href":"https:\/\/footballthrift.shop\/de\/wp-json\/wp\/v2\/product\/117602","targetHints":{"allow":["GET"]}}],"collection":[{"href":"https:\/\/footballthrift.shop\/de\/wp-json\/wp\/v2\/product"}],"about":[{"href":"https:\/\/footballthrift.shop\/de\/wp-json\/wp\/v2\/types\/product"}],"wp:featuredmedia":[{"embeddable":true,"href":"https:\/\/footballthrift.shop\/de\/wp-json\/wp\/v2\/media\/117673"}],"wp:attachment":[{"href":"https:\/\/footballthrift.shop\/de\/wp-json\/wp\/v2\/media?parent=117602"}],"wp:term":[{"taxonomy":"product_brand","embeddable":true,"href":"https:\/\/footballthrift.shop\/de\/wp-json\/wp\/v2\/product_brand?post=117602"},{"taxonomy":"product_cat","embeddable":true,"href":"https:\/\/footballthrift.shop\/de\/wp-json\/wp\/v2\/product_cat?post=117602"},{"taxonomy":"product_tag","embeddable":true,"href":"https:\/\/footballthrift.shop\/de\/wp-json\/wp\/v2\/product_tag?post=117602"}],"curies":[{"name":"wp","href":"https:\/\/api.w.org\/{rel}","templated":true}]}}