{"id":117601,"date":"2026-02-08T17:55:06","date_gmt":"2026-02-08T16:55:06","guid":{"rendered":"https:\/\/footballthrift.shop\/?post_type=product&#038;p=117601"},"modified":"2026-03-09T11:23:47","modified_gmt":"2026-03-09T10:23:47","slug":"fusballtrikot-fc-messina-2006-07-auswarts-l","status":"publish","type":"product","link":"https:\/\/footballthrift.shop\/de\/koszulka-pilkarska-fc-messina-2006-07-away-l\/","title":{"rendered":"Koszulka pi\u0142karska FC Messina 2006\/07 Away [L]"},"content":{"rendered":"<p><strong>Verein:<\/strong> FC Messina<\/p>\n<p><strong>Saison:<\/strong> 2006\/07 Ausw\u00e4rts<\/p>\n<p><strong>Gr\u00f6\u00dfe: <\/strong>L<\/p>\n<p><strong>Zustand:<\/strong> Sehr gut - getragener Gr\u00f6\u00dfenaufkleber am Hals.<\/p>\n<p><strong>Ma\u00dfe (Achselbreite\/L\u00e4nge) in cm: <\/strong>55\/71<\/p>","protected":false},"excerpt":{"rendered":"<div class=\"flex flex-col text-sm pb-25\">\n<article class=\"text-token-text-primary w-full focus:outline-none [--shadow-height:45px] has-data-writing-block:pointer-events-none has-data-writing-block:-mt-(--shadow-height) has-data-writing-block:pt-(--shadow-height) [&amp;:has([data-writing-block])&gt;*]:pointer-events-auto scroll-mt-[calc(var(--header-height)+min(200px,max(70px,20svh)))]\" dir=\"auto\" tabindex=\"-1\" data-turn-id=\"request-WEB:87171c30-8523-4ca8-aa23-997b54703be1-10\" data-testid=\"conversation-turn-16\" data-scroll-anchor=\"true\" data-turn=\"assistant\">\n<div class=\"text-base my-auto mx-auto pb-10 [--thread-content-margin:--spacing(4)] @w-sm\/main:[--thread-content-margin:--spacing(6)] @w-lg\/main:[--thread-content-margin:--spacing(16)] px-(--thread-content-margin)\">\n<div class=\"[--thread-content-max-width:40rem] @w-lg\/main:[--thread-content-max-width:48rem] mx-auto max-w-(--thread-content-max-width) flex-1 group\/turn-messages focus-visible:outline-hidden relative flex w-full min-w-0 flex-col agent-turn\" tabindex=\"-1\">\n<div class=\"flex max-w-full flex-col grow\">\n<div class=\"min-h-8 text-message relative flex w-full flex-col items-end gap-2 text-start break-words whitespace-normal [.text-message+&amp;]:mt-1\" dir=\"auto\" data-message-author-role=\"assistant\" data-message-id=\"6c9f6947-0e84-494a-a93d-1383d79de860\" data-message-model-slug=\"gpt-5-2\">\n<div class=\"flex w-full flex-col gap-1 empty:hidden first:pt-[1px]\">\n<div class=\"markdown prose dark:prose-invert w-full wrap-break-word light markdown-new-styling\">\n<p data-start=\"0\" data-end=\"88\"><strong data-start=\"0\" data-end=\"88\">Oryginalna wyjazdowa koszulka pi\u0142karska FC Messina z sezonu 2006\/07 produkcji Legea.\u00a0<\/strong><\/p>\n<p data-start=\"90\" data-end=\"481\">Wyjazdowy model <strong data-start=\"106\" data-end=\"120\">FC Messina<\/strong> z <strong data-start=\"123\" data-end=\"141\">sezonu 2006\/07<\/strong>, wyprodukowany przez <strong data-start=\"163\" data-end=\"172\">Legea<\/strong> w rozmiarze <strong data-start=\"185\" data-end=\"190\">L<\/strong>, pochodzi z okresu szczeg\u00f3lnego dla klubu z miasta Mesyna na Sycylii. By\u0142 to czas funkcjonowania dru\u017cyny jeszcze pod nazw\u0105 <strong data-start=\"314\" data-end=\"328\">FC Messina<\/strong>, nied\u0142ugo po najwi\u0119kszym sukcesie w jej historii, jakim by\u0142o <strong data-start=\"390\" data-end=\"432\">7. miejsce w Serie A w sezonie 2004\/05<\/strong>, kt\u00f3re na trwa\u0142e zapisa\u0142o si\u0119 w pami\u0119ci kibic\u00f3w.<\/p>\n<p data-start=\"483\" data-end=\"911\">Koszulka zosta\u0142a wyprodukowana na niemal w ca\u0142o\u015bci <strong data-start=\"534\" data-end=\"553\">czerwonej bazie<\/strong>, uzupe\u0142nionej o kilka <strong data-start=\"576\" data-end=\"614\">\u017c\u00f3\u0142tych, kontrastuj\u0105cych element\u00f3w<\/strong>, kt\u00f3re prze\u0142amuj\u0105 jednolit\u0105 kolorystyk\u0119 i nadaj\u0105 projektowi wyrazisto\u015bci. Model ten wyst\u0119puje w <strong data-start=\"711\" data-end=\"742\">wersji bez nadruku sponsora<\/strong>, co dodatkowo podkre\u015bla czysto\u015b\u0107 projektu i eksponuje klubowy charakter koszulki. Minimalistyczny uk\u0142ad element\u00f3w sprawia, \u017ce ca\u0142o\u015b\u0107 prezentuje si\u0119 sp\u00f3jnie i czytelnie.<\/p>\n<p data-start=\"913\" data-end=\"1379\">W <strong data-start=\"915\" data-end=\"934\">sezonie 2006\/07<\/strong> <strong data-start=\"935\" data-end=\"949\">FC Messina<\/strong> rywalizowa\u0142a w Serie A w trudnych realiach sportowych i organizacyjnych, staraj\u0105c si\u0119 nawi\u0105za\u0107 do niedawnych osi\u0105gni\u0119\u0107. Klub w swojej historii by\u0142 miejscem wyst\u0119p\u00f3w wielu rozpoznawalnych pi\u0142karzy, w\u015br\u00f3d kt\u00f3rych wymienia si\u0119 m.in. <strong data-start=\"1180\" data-end=\"1197\">Marco Di Vaio<\/strong>, <strong data-start=\"1199\" data-end=\"1219\">Arturo Di Napoli<\/strong>, <strong data-start=\"1221\" data-end=\"1240\">Salvatore Sullo<\/strong> czy <strong data-start=\"1245\" data-end=\"1268\">Cristiano Lucarelli<\/strong>, zawodnik\u00f3w, kt\u00f3rzy na r\u00f3\u017cnych etapach kariery pozostawili po sobie wyra\u017any \u015blad w dziejach zespo\u0142u z Sycylii.<\/p>\n<p data-start=\"1381\" data-end=\"1565\">Koszulka zosta\u0142a wykonana z lekkiego i przewiewnego materia\u0142u, a kr\u00f3j w rozmiarze <strong data-start=\"1463\" data-end=\"1468\">L<\/strong> pozostaje zgodny ze standardami <strong data-start=\"1501\" data-end=\"1510\">Legea<\/strong>, stosowanymi w projektach klubowych z po\u0142owy lat 2000.<\/p>\n<p data-start=\"1567\" data-end=\"1810\" data-is-last-node=\"\" data-is-only-node=\"\">To propozycja dla kolekcjoner\u00f3w oraz kibic\u00f3w poszukuj\u0105cych oryginalnej wyjazdowej koszulki pi\u0142karskiej <strong data-start=\"1670\" data-end=\"1684\">FC Messina<\/strong> z <strong data-start=\"1687\" data-end=\"1705\">sezonu 2006\/07<\/strong>, stanowi\u0105cej czytelny zapis okresu nast\u0119puj\u0105cego po najwi\u0119kszym sukcesie w historii sycylijskiego klubu.<\/p>\n<\/div>\n<\/div>\n<\/div>\n<\/div>\n<\/div>\n<\/div>\n<\/article>\n<\/div>\n","protected":false},"featured_media":117667,"template":"","meta":{"_kad_blocks_custom_css":"","_kad_blocks_head_custom_js":"","_kad_blocks_body_custom_js":"","_kad_blocks_footer_custom_js":"","_kad_post_transparent":"default","_kad_post_title":"","_kad_post_layout":"default","_kad_post_sidebar_id":"","_kad_post_content_style":"default","_kad_post_vertical_padding":"default","_kad_post_feature":"","_kad_post_feature_position":"","_kad_post_header":false,"_kad_post_footer":false,"_kad_post_classname":""},"product_brand":[1308],"product_cat":[15,1480],"product_tag":[],"class_list":{"0":"post-117601","1":"product","2":"type-product","3":"status-publish","4":"has-post-thumbnail","6":"product_brand-legea","7":"product_cat-bez-kategorii","8":"product_cat-pozostale-kluby-wloskie","9":"pa_homeawaythird-away","10":"pa_rozmiar-l","12":"first","13":"instock","14":"taxable","15":"shipping-taxable","16":"purchasable","17":"product-type-simple","18":"entry","19":"content-bg","20":"loop-entry"},"taxonomy_info":{"product_brand":[{"value":1308,"label":"Legea"}],"product_cat":[{"value":15,"label":"Bez kategorii"},{"value":1480,"label":"Pozosta\u0142e kluby w\u0142oskie"}],"pa_homeawaythird":[{"value":1598,"label":"Away"}],"pa_rozmiar":[{"value":1817,"label":"L"}]},"featured_image_src_large":["https:\/\/footballthrift.shop\/wp-content\/uploads\/2026\/02\/Photoroom_20260204_161053-1024x1024.jpg",1024,1024,true],"author_info":[],"comment_info":"","_links":{"self":[{"href":"https:\/\/footballthrift.shop\/de\/wp-json\/wp\/v2\/product\/117601","targetHints":{"allow":["GET"]}}],"collection":[{"href":"https:\/\/footballthrift.shop\/de\/wp-json\/wp\/v2\/product"}],"about":[{"href":"https:\/\/footballthrift.shop\/de\/wp-json\/wp\/v2\/types\/product"}],"wp:featuredmedia":[{"embeddable":true,"href":"https:\/\/footballthrift.shop\/de\/wp-json\/wp\/v2\/media\/117667"}],"wp:attachment":[{"href":"https:\/\/footballthrift.shop\/de\/wp-json\/wp\/v2\/media?parent=117601"}],"wp:term":[{"taxonomy":"product_brand","embeddable":true,"href":"https:\/\/footballthrift.shop\/de\/wp-json\/wp\/v2\/product_brand?post=117601"},{"taxonomy":"product_cat","embeddable":true,"href":"https:\/\/footballthrift.shop\/de\/wp-json\/wp\/v2\/product_cat?post=117601"},{"taxonomy":"product_tag","embeddable":true,"href":"https:\/\/footballthrift.shop\/de\/wp-json\/wp\/v2\/product_tag?post=117601"}],"curies":[{"name":"wp","href":"https:\/\/api.w.org\/{rel}","templated":true}]}}