{"id":117297,"date":"2026-02-01T17:48:07","date_gmt":"2026-02-01T16:48:07","guid":{"rendered":"https:\/\/footballthrift.shop\/?post_type=product&#038;p=117297"},"modified":"2026-03-09T11:23:50","modified_gmt":"2026-03-09T10:23:50","slug":"koszulka-pilkarska-rangers-fc-2021-22-third-m","status":"publish","type":"product","link":"https:\/\/footballthrift.shop\/de\/koszulka-pilkarska-rangers-fc-2021-22-third-m\/","title":{"rendered":"Koszulka pi\u0142karska Rangers FC 2021\/22 Third [M]"},"content":{"rendered":"<p><strong>Verein:<\/strong> Rangers FC<\/p>\n<p><strong>Saison:<\/strong> 2021\/22 Dritter<\/p>\n<p><strong>Gr\u00f6\u00dfe: <\/strong>M<\/p>\n<p><strong>Zustand:<\/strong> Ausgezeichnet<\/p>\n<p><strong>Ma\u00dfe (Achselbreite\/L\u00e4nge) in cm: <\/strong>52\/72<\/p>","protected":false},"excerpt":{"rendered":"<p data-start=\"0\" data-end=\"88\"><strong data-start=\"0\" data-end=\"88\">Original drittes Rangers FC Fu\u00dfballtrikot aus der Saison 2021\/22 von Castore.\u00a0<\/strong><\/p>\n<p data-start=\"90\" data-end=\"577\">Dritter Satz <strong data-start=\"105\" data-end=\"146\"><span class=\"hover:entity-accent entity-underline inline cursor-pointer align-baseline\"><span class=\"whitespace-normal\">Rangers FC<\/span><\/span><\/strong> z <strong data-start=\"149\" data-end=\"167\">Saison 2021\/22<\/strong>hergestellt von <strong data-start=\"189\" data-end=\"230\"><span class=\"hover:entity-accent entity-underline inline cursor-pointer align-baseline\"><span class=\"whitespace-normal\">Castore<\/span><\/span><\/strong> w <strong data-start=\"233\" data-end=\"248\">Gr\u00f6\u00dfe M<\/strong>, ist eines der elegantesten und emblematischsten Designs in der Geschichte der modernen Vereinsuniformen von Ibrox. Das Design wurde als bewusste Referenz an die europ\u00e4ischen Rangers-Trikots von <strong data-start=\"446\" data-end=\"464\">Saison 1994\/95<\/strong>, Sie ist ebenfalls lila und unterstreicht die Kontinuit\u00e4t der Tradition des Vereins auf der internationalen B\u00fchne.<\/p>\n<p data-start=\"579\" data-end=\"1014\">Das T-Shirt wurde hergestellt auf <strong data-start=\"613\" data-end=\"633\">violette Basis<\/strong>, erg\u00e4nzt durch <strong data-start=\"648\" data-end=\"683\">schwarzer Polokragen<\/strong>, was dem Ganzen einen besonders klassischen, fast anzugartigen Charakter verleiht. Die Vorderseite des Entwurfs wurde bewusst auf ein Minimum reduziert - auf der <strong data-start=\"808\" data-end=\"864\">die linke Brust zeigt nur das Wappen des Rangers FC<\/strong>, Dieses Modell unterscheidet sich von den Standard-Match-Shirts und unterstreicht seine elegante, sammlerische Dimension.<\/p>\n<p data-start=\"1016\" data-end=\"1493\"><strong data-start=\"1016\" data-end=\"1033\">Saison 2021\/22<\/strong> war f\u00fcr <strong data-start=\"1042\" data-end=\"1056\">Rangers FC<\/strong> eine der denkw\u00fcrdigsten des 21. Jahrhunderts, vor allem wegen ihrer historischen Kampagne in Europa. Die Mannschaft schaffte es bis zum <strong data-start=\"1187\" data-end=\"1209\">Finale der Europa League<\/strong>, Dies war der gr\u00f6\u00dfte internationale Erfolg des Vereins seit Jahrzehnten und brachte die Rangers zur\u00fcck in die Riege der bekanntesten Marken des europ\u00e4ischen Fu\u00dfballs. Gleichzeitig hielt sich die Mannschaft in der nationalen Meisterschaft an der Spitze und spielte die ganze Saison \u00fcber auf h\u00f6chstem Niveau.<\/p>\n<p data-start=\"1495\" data-end=\"1701\">Das T-Shirt ist hergestellt aus <strong data-start=\"1523\" data-end=\"1560\">leichtes und luftiges Material<\/strong>, und die K\u00fcrzung der <strong data-start=\"1571\" data-end=\"1586\">Gr\u00f6\u00dfe M<\/strong> bietet eine klassische, normgerechte Passform <strong data-start=\"1639\" data-end=\"1650\">Castore<\/strong>, und verbindet sportliche Funktionalit\u00e4t mit einer eleganten Form.<\/p>\n<p data-start=\"1703\" data-end=\"1963\" data-is-last-node=\"\" data-is-only-node=\"\">Es ist ein Angebot f\u00fcr Sammler und Fans, die ein Original <strong data-start=\"1774\" data-end=\"1835\">Das dritte Trikot des Rangers FC f\u00fcr die Saison 2021\/22<\/strong>, Ein klarer Beleg f\u00fcr eine au\u00dfergew\u00f6hnliche europ\u00e4ische Saison und eine stilvolle R\u00fcckkehr zu den violetten Traditionen des Vereins Mitte der 1990er Jahre.<\/p>","protected":false},"featured_media":117308,"template":"","meta":{"_kad_blocks_custom_css":"","_kad_blocks_head_custom_js":"","_kad_blocks_body_custom_js":"","_kad_blocks_footer_custom_js":"","_kad_post_transparent":"default","_kad_post_title":"","_kad_post_layout":"default","_kad_post_sidebar_id":"","_kad_post_content_style":"default","_kad_post_vertical_padding":"default","_kad_post_feature":"","_kad_post_feature_position":"","_kad_post_header":false,"_kad_post_footer":false,"_kad_post_classname":""},"product_brand":[1384],"product_cat":[15,1488],"product_tag":[],"class_list":{"0":"post-117297","1":"product","2":"type-product","3":"status-publish","4":"has-post-thumbnail","6":"product_brand-castore","7":"product_cat-bez-kategorii","8":"product_cat-kluby-skandynawskie","9":"pa_homeawaythird-third","10":"pa_rozmiar-m","12":"first","13":"instock","14":"taxable","15":"shipping-taxable","16":"purchasable","17":"product-type-simple","18":"entry","19":"content-bg","20":"loop-entry"},"taxonomy_info":{"product_brand":[{"value":1384,"label":"Castore"}],"product_cat":[{"value":15,"label":"Bez kategorii"},{"value":1488,"label":"Skandynawia"}],"pa_homeawaythird":[{"value":1599,"label":"Third"}],"pa_rozmiar":[{"value":1816,"label":"M"}]},"featured_image_src_large":["https:\/\/footballthrift.shop\/wp-content\/uploads\/2026\/01\/Photoroom_20260129_113445-1024x1024.jpg",1024,1024,true],"author_info":[],"comment_info":"","_links":{"self":[{"href":"https:\/\/footballthrift.shop\/de\/wp-json\/wp\/v2\/product\/117297","targetHints":{"allow":["GET"]}}],"collection":[{"href":"https:\/\/footballthrift.shop\/de\/wp-json\/wp\/v2\/product"}],"about":[{"href":"https:\/\/footballthrift.shop\/de\/wp-json\/wp\/v2\/types\/product"}],"wp:featuredmedia":[{"embeddable":true,"href":"https:\/\/footballthrift.shop\/de\/wp-json\/wp\/v2\/media\/117308"}],"wp:attachment":[{"href":"https:\/\/footballthrift.shop\/de\/wp-json\/wp\/v2\/media?parent=117297"}],"wp:term":[{"taxonomy":"product_brand","embeddable":true,"href":"https:\/\/footballthrift.shop\/de\/wp-json\/wp\/v2\/product_brand?post=117297"},{"taxonomy":"product_cat","embeddable":true,"href":"https:\/\/footballthrift.shop\/de\/wp-json\/wp\/v2\/product_cat?post=117297"},{"taxonomy":"product_tag","embeddable":true,"href":"https:\/\/footballthrift.shop\/de\/wp-json\/wp\/v2\/product_tag?post=117297"}],"curies":[{"name":"wp","href":"https:\/\/api.w.org\/{rel}","templated":true}]}}