{"id":117295,"date":"2026-02-01T17:47:54","date_gmt":"2026-02-01T16:47:54","guid":{"rendered":"https:\/\/footballthrift.shop\/?post_type=product&#038;p=117295"},"modified":"2026-03-09T11:24:23","modified_gmt":"2026-03-09T10:24:23","slug":"koszulka-pilkarska-authentic-psg-2016-17-home-xl","status":"publish","type":"product","link":"https:\/\/footballthrift.shop\/de\/koszulka-pilkarska-authentic-psg-2016-17-home-xl\/","title":{"rendered":"Koszulka pi\u0142karska AUTHENTIC PSG 2016\/17 Home [XL]"},"content":{"rendered":"<p><strong>Verein:<\/strong> PSG<\/p>\n<p><strong>Saison:<\/strong> 2016\/17 Startseite<\/p>\n<p><strong>Gr\u00f6\u00dfe: <\/strong>XL<\/p>\n<p><strong>Zustand:<\/strong> Ausgezeichnet<\/p>\n<p><strong>Ma\u00dfe (Achselbreite\/L\u00e4nge) in cm: <\/strong>57\/76<\/p>","protected":false},"excerpt":{"rendered":"<div class=\"flex flex-col text-sm pb-25\">\n<article class=\"text-token-text-primary w-full focus:outline-none [--shadow-height:45px] has-data-writing-block:pointer-events-none has-data-writing-block:-mt-(--shadow-height) has-data-writing-block:pt-(--shadow-height) [&amp;:has([data-writing-block])&gt;*]:pointer-events-auto scroll-mt-[calc(var(--header-height)+min(200px,max(70px,20svh)))]\" dir=\"auto\" tabindex=\"-1\" data-turn-id=\"request-696b71f3-b7f4-8325-bad2-3eeed2706e3a-4\" data-testid=\"conversation-turn-182\" data-scroll-anchor=\"true\" data-turn=\"assistant\">\n<div class=\"text-base my-auto mx-auto pb-10 [--thread-content-margin:--spacing(4)] @w-sm\/main:[--thread-content-margin:--spacing(6)] @w-lg\/main:[--thread-content-margin:--spacing(16)] px-(--thread-content-margin)\">\n<div class=\"[--thread-content-max-width:40rem] @w-lg\/main:[--thread-content-max-width:48rem] mx-auto max-w-(--thread-content-max-width) flex-1 group\/turn-messages focus-visible:outline-hidden relative flex w-full min-w-0 flex-col agent-turn\" tabindex=\"-1\">\n<div class=\"flex max-w-full flex-col grow\">\n<div class=\"min-h-8 text-message relative flex w-full flex-col items-end gap-2 text-start break-words whitespace-normal [.text-message+&amp;]:mt-1\" dir=\"auto\" data-message-author-role=\"assistant\" data-message-id=\"eeb6c0a4-4077-4e66-9c80-2549910f8012\" data-message-model-slug=\"gpt-5-2\">\n<div class=\"flex w-full flex-col gap-1 empty:hidden first:pt-[1px]\">\n<div class=\"markdown prose dark:prose-invert w-full wrap-break-word light markdown-new-styling\">\n<p data-start=\"0\" data-end=\"93\"><strong data-start=\"0\" data-end=\"93\">Oryginalna domowa koszulka pi\u0142karska Paris Saint-Germain z sezonu 2016\/17 produkcji Nike.\u00a0<\/strong><\/p>\n<p data-start=\"95\" data-end=\"470\">Domowy model <strong data-start=\"108\" data-end=\"149\"><span class=\"hover:entity-accent entity-underline inline cursor-pointer align-baseline\"><span class=\"whitespace-normal\">Paris Saint-Germain FC<\/span><\/span><\/strong> z <strong data-start=\"152\" data-end=\"170\">sezonu 2016\/17<\/strong>, wyprodukowany przez <strong data-start=\"192\" data-end=\"233\"><span class=\"hover:entity-accent entity-underline inline cursor-pointer align-baseline\"><span class=\"whitespace-normal\">Nike<\/span><\/span><\/strong> w <strong data-start=\"236\" data-end=\"252\">rozmiarze XL<\/strong>, pochodzi z okresu pe\u0142nej krajowej dominacji paryskiego klubu. By\u0142 to sezon, w kt\u00f3rym PSG konsekwentnie potwierdza\u0142o swoj\u0105 pozycj\u0119 lidera we Francji, \u0142\u0105cz\u0105c sukcesy sportowe z wyra\u017anie zarysowan\u0105 to\u017csamo\u015bci\u0105 wizualn\u0105.<\/p>\n<p data-start=\"472\" data-end=\"990\">Koszulka zosta\u0142a wyprodukowana na <strong data-start=\"506\" data-end=\"526\">granatowej bazie<\/strong>, a jej g\u0142\u00f3wnym elementem jest <strong data-start=\"557\" data-end=\"620\">bordowy pionowy pas biegn\u0105cy centralnie przez \u015brodek frontu<\/strong>, charakterystyczny dla domowych komplet\u00f3w PSG. Na pasie umieszczono nadruk sponsora <strong data-start=\"705\" data-end=\"721\">Fly Emirates<\/strong>, kt\u00f3ry harmonijnie wpisuje si\u0119 w kompozycj\u0119 projektu. Prezentowany egzemplarz to <strong data-start=\"803\" data-end=\"823\">wersja Authentic<\/strong>, wykonana w technologii <strong data-start=\"848\" data-end=\"861\">Aeroswift<\/strong>, czyli najwy\u017cszej specyfikacji producenta, stosowanej w profesjonalnych kompletach przeznaczonych do gry na najwy\u017cszym poziomie.<\/p>\n<p data-start=\"992\" data-end=\"1346\"><strong data-start=\"992\" data-end=\"1009\">Sezon 2016\/17<\/strong> by\u0142 dla <strong data-start=\"1018\" data-end=\"1041\">Paris Saint-Germain<\/strong> kolejn\u0105 udan\u0105 kampani\u0105 na krajowym podw\u00f3rku, zako\u0144czon\u0105 zdobyciem <strong data-start=\"1108\" data-end=\"1127\">Pucharu Francji<\/strong>, <strong data-start=\"1129\" data-end=\"1145\">Pucharu Ligi<\/strong> oraz <strong data-start=\"1151\" data-end=\"1175\">Superpucharu Francji<\/strong>. Cho\u0107 mistrzostwo Ligue 1 trafi\u0142o w\u00f3wczas do AS Monaco, PSG pozostawa\u0142o zespo\u0142em o ogromnej jako\u015bci i g\u0142\u0119bi sk\u0142adu, regularnie rywalizuj\u0105c tak\u017ce w europejskich pucharach.<\/p>\n<p data-start=\"1348\" data-end=\"1848\">W tamtym sezonie barwy <strong data-start=\"1371\" data-end=\"1378\">PSG<\/strong> reprezentowali zawodnicy stanowi\u0105cy trzon jednej z najmocniejszych kadr w Europie, m.in. <strong data-start=\"1468\" data-end=\"1509\"><span class=\"hover:entity-accent entity-underline inline cursor-pointer align-baseline\"><span class=\"whitespace-normal\">Edinson Cavani<\/span><\/span><\/strong>, <strong data-start=\"1511\" data-end=\"1552\"><span class=\"hover:entity-accent entity-underline inline cursor-pointer align-baseline\"><span class=\"whitespace-normal\">Marco Verratti<\/span><\/span><\/strong>, <strong data-start=\"1554\" data-end=\"1595\"><span class=\"hover:entity-accent entity-underline inline cursor-pointer align-baseline\"><span class=\"whitespace-normal\">Thiago Silva<\/span><\/span><\/strong>, <strong data-start=\"1597\" data-end=\"1638\"><span class=\"hover:entity-accent entity-underline inline cursor-pointer align-baseline\"><span class=\"whitespace-normal\">\u00c1ngel Di Mar\u00eda<\/span><\/span><\/strong> oraz <strong data-start=\"1644\" data-end=\"1685\"><span class=\"hover:entity-accent entity-underline inline cursor-pointer align-baseline\"><span class=\"whitespace-normal\">Blaise Matuidi<\/span><\/span><\/strong>. By\u0142 to r\u00f3wnie\u017c <strong data-start=\"1702\" data-end=\"1742\">pierwszy sezon Grzegorza Krychowiaka<\/strong> w barwach paryskiego klubu, co nadaje temu modelowi dodatkowego znaczenia z perspektywy polskich kibic\u00f3w.<\/p>\n<p data-start=\"1850\" data-end=\"2042\">Koszulka zosta\u0142a wykonana z <strong data-start=\"1878\" data-end=\"1915\">lekkiego i przewiewnego materia\u0142u<\/strong>, a kr\u00f3j w <strong data-start=\"1926\" data-end=\"1942\">rozmiarze XL<\/strong> odpowiada dopasowaniu charakterystycznemu dla wersji <strong data-start=\"1996\" data-end=\"2009\">Authentic<\/strong> zgodnej ze standardami <strong data-start=\"2033\" data-end=\"2041\">Nike<\/strong>.<\/p>\n<p data-start=\"2044\" data-end=\"2319\" data-is-last-node=\"\" data-is-only-node=\"\">To propozycja dla kolekcjoner\u00f3w oraz kibic\u00f3w poszukuj\u0105cych oryginalnej <strong data-start=\"2115\" data-end=\"2184\">domowej koszulki pi\u0142karskiej Paris Saint-Germain z sezonu 2016\/17<\/strong>, stanowi\u0105cej czytelny zapis jednego z najbardziej utytu\u0142owanych sezon\u00f3w klubu oraz pierwszego roku <strong data-start=\"2284\" data-end=\"2309\">Grzegorza Krychowiaka<\/strong> w Pary\u017cu.<\/p>\n<\/div>\n<\/div>\n<\/div>\n<\/div>\n<\/div>\n<\/div>\n<\/article>\n<\/div>\n","protected":false},"featured_media":117531,"template":"","meta":{"_kad_blocks_custom_css":"","_kad_blocks_head_custom_js":"","_kad_blocks_body_custom_js":"","_kad_blocks_footer_custom_js":"","_kad_post_transparent":"default","_kad_post_title":"","_kad_post_layout":"default","_kad_post_sidebar_id":"","_kad_post_content_style":"default","_kad_post_vertical_padding":"default","_kad_post_feature":"","_kad_post_feature_position":"","_kad_post_header":false,"_kad_post_footer":false,"_kad_post_classname":""},"product_brand":[1284],"product_cat":[15,1467],"product_tag":[],"class_list":{"0":"post-117295","1":"product","2":"type-product","3":"status-publish","4":"has-post-thumbnail","6":"product_brand-nike","7":"product_cat-bez-kategorii","8":"product_cat-kluby-francuskie-parissaintgermain","9":"pa_homeawaythird-home","10":"pa_rozmiar-xl","12":"first","13":"instock","14":"taxable","15":"shipping-taxable","16":"purchasable","17":"product-type-simple","18":"entry","19":"content-bg","20":"loop-entry"},"taxonomy_info":{"product_brand":[{"value":1284,"label":"Nike"}],"product_cat":[{"value":15,"label":"Bez kategorii"},{"value":1467,"label":"Paris Saint Germain"}],"pa_homeawaythird":[{"value":1597,"label":"Home"}],"pa_rozmiar":[{"value":1818,"label":"XL"}]},"featured_image_src_large":["https:\/\/footballthrift.shop\/wp-content\/uploads\/2026\/01\/Photoroom_20260129_112000-1024x1024.jpg",1024,1024,true],"author_info":[],"comment_info":"","_links":{"self":[{"href":"https:\/\/footballthrift.shop\/de\/wp-json\/wp\/v2\/product\/117295","targetHints":{"allow":["GET"]}}],"collection":[{"href":"https:\/\/footballthrift.shop\/de\/wp-json\/wp\/v2\/product"}],"about":[{"href":"https:\/\/footballthrift.shop\/de\/wp-json\/wp\/v2\/types\/product"}],"wp:featuredmedia":[{"embeddable":true,"href":"https:\/\/footballthrift.shop\/de\/wp-json\/wp\/v2\/media\/117531"}],"wp:attachment":[{"href":"https:\/\/footballthrift.shop\/de\/wp-json\/wp\/v2\/media?parent=117295"}],"wp:term":[{"taxonomy":"product_brand","embeddable":true,"href":"https:\/\/footballthrift.shop\/de\/wp-json\/wp\/v2\/product_brand?post=117295"},{"taxonomy":"product_cat","embeddable":true,"href":"https:\/\/footballthrift.shop\/de\/wp-json\/wp\/v2\/product_cat?post=117295"},{"taxonomy":"product_tag","embeddable":true,"href":"https:\/\/footballthrift.shop\/de\/wp-json\/wp\/v2\/product_tag?post=117295"}],"curies":[{"name":"wp","href":"https:\/\/api.w.org\/{rel}","templated":true}]}}