{"id":117289,"date":"2026-02-01T17:47:57","date_gmt":"2026-02-01T16:47:57","guid":{"rendered":"https:\/\/footballthrift.shop\/?post_type=product&#038;p=117289"},"modified":"2026-03-09T11:24:22","modified_gmt":"2026-03-09T10:24:22","slug":"koszulka-pilkarska-newcastle-united-fc-2018-19-away-xxl","status":"publish","type":"product","link":"https:\/\/footballthrift.shop\/de\/koszulka-pilkarska-newcastle-united-fc-2018-19-away-xxl\/","title":{"rendered":"Koszulka pi\u0142karska Newcastle United FC 2018\/19 Away [XXL]"},"content":{"rendered":"<p><strong>Verein:<\/strong> Newcastle United FC<\/p>\n<p><strong>Saison:<\/strong> 2018\/19 Ausw\u00e4rts<\/p>\n<p><strong>Gr\u00f6\u00dfe: <\/strong>XXL<\/p>\n<p><strong>Zustand:<\/strong> Sehr gut - drei Mikrostiche.<\/p>\n<p><strong>Ma\u00dfe (Achselbreite\/L\u00e4nge) in cm: <\/strong>61\/77<\/p>","protected":false},"excerpt":{"rendered":"<p data-start=\"0\" data-end=\"96\"><strong data-start=\"0\" data-end=\"96\">Original Newcastle United FC Ausw\u00e4rtstrikot aus der Saison 2018\/19 von Puma.\u00a0<\/strong><\/p>\n<p data-start=\"98\" data-end=\"499\">Ausw\u00e4rtsmodell <strong data-start=\"114\" data-end=\"155\"><span class=\"hover:entity-accent entity-underline inline cursor-pointer align-baseline\"><span class=\"whitespace-normal\">Newcastle United FC<\/span><\/span><\/strong> z <strong data-start=\"158\" data-end=\"176\">Saison 2018\/19<\/strong>hergestellt von <strong data-start=\"198\" data-end=\"239\"><span class=\"hover:entity-accent entity-underline inline cursor-pointer align-baseline\"><span class=\"whitespace-normal\">Puma<\/span><\/span><\/strong>\u00a0w <strong data-start=\"242\" data-end=\"259\">Gr\u00f6\u00dfe XXL<\/strong>, die auf die Zeit der sportlichen Stabilit\u00e4t des Vereins im <strong>Erste Liga<\/strong>. Es war ein Jahr des konsequenten Positionsaufbaus f\u00fcr eine Mannschaft, die nach ihrer R\u00fcckkehr in die erste Liga in der Lage war, sich gegen st\u00e4rkere Gegner zu behaupten.<\/p>\n<p data-start=\"501\" data-end=\"854\">Das T-Shirt wurde in einem Layout hergestellt. <strong data-start=\"543\" data-end=\"582\">horizontale dunkelblaue und kastanienbraune Streifen<\/strong>, eine unverwechselbare und etwas elegantere Version des Outfits. Das Ganze wird vervollst\u00e4ndigt mit <strong data-start=\"679\" data-end=\"708\">Logos der Goldhersteller<\/strong> und Impressum des Sponsors <strong data-start=\"730\" data-end=\"739\">Spa\u00df88<\/strong>, Sie heben sich deutlich von der dunklen Farbgebung ab und verleihen dem Projekt ein unverwechselbares, modernes Aussehen.<\/p>\n<p data-start=\"856\" data-end=\"1150\"><strong data-start=\"856\" data-end=\"873\">Saison 2018\/19<\/strong> beendet f\u00fcr <strong data-start=\"892\" data-end=\"915\">Newcastle United FC<\/strong> den Verbleib in der Premier League und einen Platz im Mittelfeld der Tabelle zu sichern, was angesichts der personellen M\u00f6glichkeiten der Mannschaft als solides Ergebnis angesehen wurde. Die Mannschaft war taktisch gut organisiert und in der Lage, in den entscheidenden Momenten des Wettkampfs zu punkten.<\/p>\n<p data-start=\"1152\" data-end=\"1538\">In dieser Kampagne wurden die Farben <strong data-start=\"1176\" data-end=\"1199\">Newcastle United FC<\/strong> vertraten die Spieler, die den Kern der Mannschaft bilden, darunter. <strong data-start=\"1257\" data-end=\"1298\"><span class=\"hover:entity-accent entity-underline inline cursor-pointer align-baseline\"><span class=\"whitespace-normal\">Salom\u00f3n Rond\u00f3n<\/span><\/span><\/strong>, <strong data-start=\"1300\" data-end=\"1341\"><span class=\"hover:entity-accent entity-underline inline cursor-pointer align-baseline\"><span class=\"whitespace-normal\">Ayoze P\u00e9rez<\/span><\/span><\/strong>, <strong data-start=\"1343\" data-end=\"1384\"><span class=\"hover:entity-accent entity-underline inline cursor-pointer align-baseline\"><span class=\"whitespace-normal\">Matt Ritchie<\/span><\/span><\/strong>, <strong data-start=\"1386\" data-end=\"1427\"><span class=\"hover:entity-accent entity-underline inline cursor-pointer align-baseline\"><span class=\"whitespace-normal\">Jonjo Shelvey<\/span><\/span><\/strong> und <strong data-start=\"1433\" data-end=\"1474\"><span class=\"hover:entity-accent entity-underline inline cursor-pointer align-baseline\"><span class=\"whitespace-normal\">Martin D\u00fabravka<\/span><\/span><\/strong>, und schuf damit ein Team, das mit Leistung und Ligazugeh\u00f6rigkeit assoziiert wird.<\/p>\n<p data-start=\"1540\" data-end=\"1706\">Das T-Shirt ist hergestellt aus <strong data-start=\"1568\" data-end=\"1605\">leichtes und luftiges Material<\/strong>, a <strong data-start=\"1609\" data-end=\"1625\">breiter Schnitt<\/strong> w <strong data-start=\"1628\" data-end=\"1645\">Gr\u00f6\u00dfe XXL<\/strong> bietet eine entspannte, normgerechte Passform <strong data-start=\"1697\" data-end=\"1705\">Pumas<\/strong>.<\/p>\n<p data-start=\"1708\" data-end=\"1934\">Es ist ein Angebot f\u00fcr Sammler und Fans, die ein Original <strong data-start=\"1779\" data-end=\"1851\">Newcastle United FC Ausw\u00e4rtstrikot der Saison 2018\/19<\/strong>, Das ist ein klares Zeugnis f\u00fcr die Zeit, in der der Verein einige Jahre vor der historischen \u00dcbernahme durch die neuen arabischen Eigent\u00fcmer stabil in der englischen Eliteklasse vertreten war.<\/p>","protected":false},"featured_media":117483,"template":"","meta":{"_kad_blocks_custom_css":"","_kad_blocks_head_custom_js":"","_kad_blocks_body_custom_js":"","_kad_blocks_footer_custom_js":"","_kad_post_transparent":"default","_kad_post_title":"","_kad_post_layout":"default","_kad_post_sidebar_id":"","_kad_post_content_style":"default","_kad_post_vertical_padding":"default","_kad_post_feature":"","_kad_post_feature_position":"","_kad_post_header":false,"_kad_post_footer":false,"_kad_post_classname":""},"product_brand":[1287],"product_cat":[15,2031],"product_tag":[],"class_list":{"0":"post-117289","1":"product","2":"type-product","3":"status-publish","4":"has-post-thumbnail","6":"product_brand-puma","7":"product_cat-bez-kategorii","8":"product_cat-newcastle-united-fc","9":"pa_homeawaythird-away","10":"pa_rozmiar-xxl","12":"first","13":"instock","14":"taxable","15":"shipping-taxable","16":"purchasable","17":"product-type-simple","18":"entry","19":"content-bg","20":"loop-entry"},"taxonomy_info":{"product_brand":[{"value":1287,"label":"Puma"}],"product_cat":[{"value":15,"label":"Bez kategorii"},{"value":2031,"label":"Newcastle United FC"}],"pa_homeawaythird":[{"value":1598,"label":"Away"}],"pa_rozmiar":[{"value":1819,"label":"XXL"}]},"featured_image_src_large":["https:\/\/footballthrift.shop\/wp-content\/uploads\/2026\/01\/Photoroom_20260129_113513-1024x1024.jpg",1024,1024,true],"author_info":[],"comment_info":"","_links":{"self":[{"href":"https:\/\/footballthrift.shop\/de\/wp-json\/wp\/v2\/product\/117289","targetHints":{"allow":["GET"]}}],"collection":[{"href":"https:\/\/footballthrift.shop\/de\/wp-json\/wp\/v2\/product"}],"about":[{"href":"https:\/\/footballthrift.shop\/de\/wp-json\/wp\/v2\/types\/product"}],"wp:featuredmedia":[{"embeddable":true,"href":"https:\/\/footballthrift.shop\/de\/wp-json\/wp\/v2\/media\/117483"}],"wp:attachment":[{"href":"https:\/\/footballthrift.shop\/de\/wp-json\/wp\/v2\/media?parent=117289"}],"wp:term":[{"taxonomy":"product_brand","embeddable":true,"href":"https:\/\/footballthrift.shop\/de\/wp-json\/wp\/v2\/product_brand?post=117289"},{"taxonomy":"product_cat","embeddable":true,"href":"https:\/\/footballthrift.shop\/de\/wp-json\/wp\/v2\/product_cat?post=117289"},{"taxonomy":"product_tag","embeddable":true,"href":"https:\/\/footballthrift.shop\/de\/wp-json\/wp\/v2\/product_tag?post=117289"}],"curies":[{"name":"wp","href":"https:\/\/api.w.org\/{rel}","templated":true}]}}