{"id":117286,"date":"2026-02-01T17:47:58","date_gmt":"2026-02-01T16:47:58","guid":{"rendered":"https:\/\/footballthrift.shop\/?post_type=product&#038;p=117286"},"modified":"2026-03-09T11:24:21","modified_gmt":"2026-03-09T10:24:21","slug":"koszulka-pilkarska-liverpool-fc-2023-24-away-xl","status":"publish","type":"product","link":"https:\/\/footballthrift.shop\/de\/koszulka-pilkarska-liverpool-fc-2023-24-away-xl\/","title":{"rendered":"Koszulka pi\u0142karska Liverpool FC 2023\/24 Away [XL]"},"content":{"rendered":"<p><strong>Verein:<\/strong> Liverpool FC<\/p>\n<p><strong>Saison:<\/strong> 2023\/24 Ausw\u00e4rts<\/p>\n<p><strong>Gr\u00f6\u00dfe: <\/strong>XL<\/p>\n<p><strong>Zustand:<\/strong> Sehr gut - ein kleiner Fleck auf der Vorderseite des Hemdes.<\/p>\n<p><strong>Ma\u00dfe (Achselbreite\/L\u00e4nge) in cm: <\/strong>57\/78<\/p>","protected":false},"excerpt":{"rendered":"<p data-start=\"0\" data-end=\"90\"><strong data-start=\"0\" data-end=\"90\">Original Liverpool FC Ausw\u00e4rtstrikot aus der Saison 2023\/24 von Nike.\u00a0<\/strong><\/p>\n<p data-start=\"92\" data-end=\"470\">Ausw\u00e4rtsmodell <strong data-start=\"108\" data-end=\"149\"><span class=\"hover:entity-accent entity-underline inline cursor-pointer align-baseline\"><span class=\"whitespace-normal\">FC Liverpool<\/span><\/span><\/strong> z <strong data-start=\"152\" data-end=\"170\">Saison 2023\/24<\/strong>hergestellt von <strong data-start=\"192\" data-end=\"233\"><span class=\"hover:entity-accent entity-underline inline cursor-pointer align-baseline\"><span class=\"whitespace-normal\">Nike<\/span><\/span><\/strong> w <strong data-start=\"236\" data-end=\"252\">Gr\u00f6\u00dfe XL<\/strong>, Der Verein hat eine Phase des Umbaus hinter sich und will wieder um die besten Pl\u00e4tze im englischen Fu\u00dfball k\u00e4mpfen. Es war eine Saison, in der der Kader aufgefrischt und der Mannschaft nach personellen Ver\u00e4nderungen im Mittelfeld neue Energie zugef\u00fchrt wurde.<\/p>\n<p data-start=\"472\" data-end=\"960\">Das T-Shirt wurde in Form von <strong data-start=\"512\" data-end=\"542\">wei\u00df-gr\u00fcnes Schachbrettmuster<\/strong>, Das Trikot ist in vier Felder mit wechselnden Farben unterteilt, was dem Design einen k\u00fchnen und sofort erkennbaren Charakter verleiht. Das Design ist direkt von den Ausw\u00e4rtstrikots des Vereins aus der Mitte der 1990er Jahre inspiriert und kombiniert historische Referenzen mit einem modernen Designansatz. In der vorderen Mitte befindet sich ein Sponsorenaufdruck. <strong data-start=\"892\" data-end=\"914\">Standard Chartered<\/strong>, und hebt sich deutlich von dem geometrischen Hintergrund ab.<\/p>\n<p data-start=\"962\" data-end=\"1237\"><strong data-start=\"962\" data-end=\"979\">Saison 2023\/24<\/strong> war f\u00fcr <strong data-start=\"988\" data-end=\"1004\">Liverpool<\/strong>\u00a0eine Phase der R\u00fcckkehr an die Spitze <strong>Erste Liga<\/strong> und einen intensiven Wettbewerb an mehreren Fronten. Die Mannschaft zeigte einen dynamischen, offensiven Spielstil, und die neu aufgebaute Mittelfeldreihe wurde schnell zu einem der gr\u00f6\u00dften Tr\u00fcmpfe der Mannschaft.<\/p>\n<p data-start=\"1239\" data-end=\"1633\">In dieser Kampagne wurden die Farben <strong data-start=\"1263\" data-end=\"1279\">Liverpool FC<\/strong> vertreten durch Spieler, die eine Mischung aus Erfahrung und einer neuen Generation darstellen, darunter. <strong data-start=\"1366\" data-end=\"1407\"><span class=\"hover:entity-accent entity-underline inline cursor-pointer align-baseline\"><span class=\"whitespace-normal\">Mohamed Salah<\/span><\/span><\/strong>, <strong data-start=\"1409\" data-end=\"1450\"><span class=\"hover:entity-accent entity-underline inline cursor-pointer align-baseline\"><span class=\"whitespace-normal\">Virgil van Dijk<\/span><\/span><\/strong>, <strong data-start=\"1452\" data-end=\"1493\"><span class=\"hover:entity-accent entity-underline inline cursor-pointer align-baseline\"><span class=\"whitespace-normal\">Trent Alexander-Arnold<\/span><\/span><\/strong>, <strong data-start=\"1495\" data-end=\"1536\"><span class=\"hover:entity-accent entity-underline inline cursor-pointer align-baseline\"><span class=\"whitespace-normal\">Dominik Szoboszlai<\/span><\/span><\/strong> und <strong data-start=\"1542\" data-end=\"1583\"><span class=\"hover:entity-accent entity-underline inline cursor-pointer align-baseline\"><span class=\"whitespace-normal\">Alexis Mac Allister<\/span><\/span><\/strong>, und ein Team zu schaffen, das mit den Besten mithalten kann.<\/p>\n<p data-start=\"1635\" data-end=\"1800\">Das T-Shirt ist hergestellt aus <strong data-start=\"1663\" data-end=\"1700\">leichtes und luftiges Material<\/strong>, a <strong data-start=\"1704\" data-end=\"1720\">breiter Schnitt<\/strong> w <strong data-start=\"1723\" data-end=\"1739\">Gr\u00f6\u00dfe XL<\/strong> bietet eine entspannte, normgerechte Passform <strong data-start=\"1791\" data-end=\"1799\">Nike<\/strong>.<\/p>\n<p data-start=\"1802\" data-end=\"2054\">Es ist ein Angebot f\u00fcr Sammler und Fans, die ein Original <strong data-start=\"1873\" data-end=\"1938\">Liverpool FC Ausw\u00e4rtstrikot der Saison 2023\/24<\/strong>, eine klare Bilanz einer Saison des sportlichen Wiederaufbaus und eine k\u00fchne R\u00fcckbesinnung auf historische Designinspirationen.<\/p>","protected":false},"featured_media":117459,"template":"","meta":{"_kad_blocks_custom_css":"","_kad_blocks_head_custom_js":"","_kad_blocks_body_custom_js":"","_kad_blocks_footer_custom_js":"","_kad_post_transparent":"default","_kad_post_title":"","_kad_post_layout":"default","_kad_post_sidebar_id":"","_kad_post_content_style":"default","_kad_post_vertical_padding":"default","_kad_post_feature":"","_kad_post_feature_position":"","_kad_post_header":false,"_kad_post_footer":false,"_kad_post_classname":""},"product_brand":[1284],"product_cat":[15,1464],"product_tag":[],"class_list":{"0":"post-117286","1":"product","2":"type-product","3":"status-publish","4":"has-post-thumbnail","6":"product_brand-nike","7":"product_cat-bez-kategorii","8":"product_cat-liverpool","9":"pa_homeawaythird-away","10":"pa_rozmiar-xl","12":"first","13":"instock","14":"taxable","15":"shipping-taxable","16":"purchasable","17":"product-type-simple","18":"entry","19":"content-bg","20":"loop-entry"},"taxonomy_info":{"product_brand":[{"value":1284,"label":"Nike"}],"product_cat":[{"value":15,"label":"Bez kategorii"},{"value":1464,"label":"Liverpool FC"}],"pa_homeawaythird":[{"value":1598,"label":"Away"}],"pa_rozmiar":[{"value":1818,"label":"XL"}]},"featured_image_src_large":["https:\/\/footballthrift.shop\/wp-content\/uploads\/2026\/01\/Photoroom_20260129_113157-1024x1024.jpg",1024,1024,true],"author_info":[],"comment_info":"","_links":{"self":[{"href":"https:\/\/footballthrift.shop\/de\/wp-json\/wp\/v2\/product\/117286","targetHints":{"allow":["GET"]}}],"collection":[{"href":"https:\/\/footballthrift.shop\/de\/wp-json\/wp\/v2\/product"}],"about":[{"href":"https:\/\/footballthrift.shop\/de\/wp-json\/wp\/v2\/types\/product"}],"wp:featuredmedia":[{"embeddable":true,"href":"https:\/\/footballthrift.shop\/de\/wp-json\/wp\/v2\/media\/117459"}],"wp:attachment":[{"href":"https:\/\/footballthrift.shop\/de\/wp-json\/wp\/v2\/media?parent=117286"}],"wp:term":[{"taxonomy":"product_brand","embeddable":true,"href":"https:\/\/footballthrift.shop\/de\/wp-json\/wp\/v2\/product_brand?post=117286"},{"taxonomy":"product_cat","embeddable":true,"href":"https:\/\/footballthrift.shop\/de\/wp-json\/wp\/v2\/product_cat?post=117286"},{"taxonomy":"product_tag","embeddable":true,"href":"https:\/\/footballthrift.shop\/de\/wp-json\/wp\/v2\/product_tag?post=117286"}],"curies":[{"name":"wp","href":"https:\/\/api.w.org\/{rel}","templated":true}]}}