{"id":117285,"date":"2026-02-01T17:47:59","date_gmt":"2026-02-01T16:47:59","guid":{"rendered":"https:\/\/footballthrift.shop\/?post_type=product&#038;p=117285"},"modified":"2026-04-18T15:50:53","modified_gmt":"2026-04-18T13:50:53","slug":"koszulka-pilkarska-liverpool-fc-2013-14-home-l","status":"publish","type":"product","link":"https:\/\/footballthrift.shop\/de\/koszulka-pilkarska-liverpool-fc-2013-14-home-l\/","title":{"rendered":"Koszulka pi\u0142karska Liverpool FC 2013\/14 Home [L]"},"content":{"rendered":"<p><strong>Verein:<\/strong> Liverpool FC<\/p>\n<p><strong>Saison:<\/strong> 2013\/14 Startseite<\/p>\n<p><strong>Gr\u00f6\u00dfe: <\/strong>L<\/p>\n<p><strong>Zustand:<\/strong> Sehr gut - leicht gerissener Sponsoraufdruck auf der Vorderseite.<\/p>\n<p><strong>Ma\u00dfe (Achselbreite\/L\u00e4nge) in cm: <\/strong>56\/77<\/p>","protected":false},"excerpt":{"rendered":"<div class=\"flex flex-col text-sm pb-25\">\n<article class=\"text-token-text-primary w-full focus:outline-none [--shadow-height:45px] has-data-writing-block:pointer-events-none has-data-writing-block:-mt-(--shadow-height) has-data-writing-block:pt-(--shadow-height) [&amp;:has([data-writing-block])&gt;*]:pointer-events-auto scroll-mt-[calc(var(--header-height)+min(200px,max(70px,20svh)))]\" dir=\"auto\" tabindex=\"-1\" data-turn-id=\"request-696b71f3-b7f4-8325-bad2-3eeed2706e3a-3\" data-testid=\"conversation-turn-164\" data-scroll-anchor=\"true\" data-turn=\"assistant\">\n<div class=\"text-base my-auto mx-auto pb-10 [--thread-content-margin:--spacing(4)] @w-sm\/main:[--thread-content-margin:--spacing(6)] @w-lg\/main:[--thread-content-margin:--spacing(16)] px-(--thread-content-margin)\">\n<div class=\"[--thread-content-max-width:40rem] @w-lg\/main:[--thread-content-max-width:48rem] mx-auto max-w-(--thread-content-max-width) flex-1 group\/turn-messages focus-visible:outline-hidden relative flex w-full min-w-0 flex-col agent-turn\" tabindex=\"-1\">\n<div class=\"flex max-w-full flex-col grow\">\n<div class=\"min-h-8 text-message relative flex w-full flex-col items-end gap-2 text-start break-words whitespace-normal [.text-message+&amp;]:mt-1\" dir=\"auto\" data-message-author-role=\"assistant\" data-message-id=\"68ffa700-eb8a-483b-b2a0-3b31edffe666\" data-message-model-slug=\"gpt-5-2\">\n<div class=\"flex w-full flex-col gap-1 empty:hidden first:pt-[1px]\">\n<div class=\"markdown prose dark:prose-invert w-full wrap-break-word light markdown-new-styling\">\n<p data-start=\"0\" data-end=\"91\"><strong data-start=\"0\" data-end=\"91\">Oryginalna domowa koszulka pi\u0142karska Liverpoolu FC z sezonu 2013\/14 produkcji Warriora.\u00a0<\/strong><\/p>\n<p data-start=\"93\" data-end=\"489\">Domowy model <strong data-start=\"106\" data-end=\"147\"><span class=\"hover:entity-accent entity-underline inline cursor-pointer align-baseline\"><span class=\"whitespace-normal\">Liverpoolu FC<\/span><\/span><\/strong> z <strong data-start=\"150\" data-end=\"168\">sezonu 2013\/14<\/strong>, wyprodukowany przez <strong data-start=\"190\" data-end=\"231\"><span class=\"hover:entity-accent entity-underline inline cursor-pointer align-baseline\"><span class=\"whitespace-normal\">Warrior Sports<\/span><\/span><\/strong> w <strong data-start=\"234\" data-end=\"249\">rozmiarze L<\/strong>, pochodzi z jednego z najbardziej emocjonuj\u0105cych sezon\u00f3w klubu w erze Premier League. By\u0142 to rok, w kt\u00f3rym Liverpool realnie walczy\u0142 o mistrzostwo Anglii, przywracaj\u0105c kibicom wiar\u0119 w powr\u00f3t na krajowy szczyt po d\u0142ugim okresie oczekiwania.<\/p>\n<p data-start=\"491\" data-end=\"844\">Koszulka zosta\u0142a wyprodukowana na <strong data-start=\"525\" data-end=\"544\">czerwonej bazie<\/strong>, z <strong data-start=\"548\" data-end=\"599\">bia\u0142ymi wyko\u0144czeniami r\u0119kawk\u00f3w oraz ko\u0142nierzyka<\/strong>, kt\u00f3re nadaj\u0105 projektowi klasycznej przejrzysto\u015bci. Ca\u0142o\u015b\u0107 uzupe\u0142niaj\u0105 <strong data-start=\"671\" data-end=\"685\">z\u0142oty herb<\/strong>, <strong data-start=\"687\" data-end=\"704\">logo Warriora<\/strong> oraz nadruk sponsora <strong data-start=\"726\" data-end=\"748\">Standard Chartered<\/strong>, tworz\u0105ce eleganckie zestawienie kolorystyczne i podkre\u015blaj\u0105ce wyj\u0105tkowy charakter tego modelu.<\/p>\n<p data-start=\"846\" data-end=\"1332\"><strong data-start=\"846\" data-end=\"863\">Sezon 2013\/14<\/strong> zapisa\u0142 si\u0119 w historii <strong data-start=\"887\" data-end=\"903\">Liverpoolu FC<\/strong> jako jedna z najbardziej pami\u0119tnych kampanii ofensywnych w nowoczesnej historii ligi. Dru\u017cyna d\u0142ugo prowadzi\u0142a w tabeli i by\u0142a o krok od tytu\u0142u, jednak pora\u017cka z <strong data-start=\"1066\" data-end=\"1107\"><span class=\"hover:entity-accent entity-underline inline cursor-pointer align-baseline\"><span class=\"whitespace-normal\">Chelsea <\/span><\/span><\/strong><span class=\"hover:entity-accent entity-underline inline cursor-pointer align-baseline\"><span class=\"whitespace-normal\">0:2 na w\u0142asnym stadionie po niechlubnym po\u015blizgni\u0119ciu si\u0119 <strong>Stevena Gerrarda<\/strong><\/span><\/span> oraz dramatyczny remis\u00a0<strong>3:3<\/strong>\u00a0z <strong data-start=\"1133\" data-end=\"1174\"><span class=\"hover:entity-accent entity-underline inline cursor-pointer align-baseline\"><span class=\"whitespace-normal\">Crystal Palace<\/span><\/span><\/strong><span class=\"hover:entity-accent entity-underline inline cursor-pointer align-baseline\"><span class=\"whitespace-normal\">, w kt\u00f3rym <strong>The Reds <\/strong>prowadzili ju\u017c 3 do 0,<\/span><\/span>\u00a0sprawi\u0142y, \u017ce mistrzostwo ostatecznie zdoby\u0142 <strong data-start=\"1219\" data-end=\"1260\"><span class=\"hover:entity-accent entity-underline inline cursor-pointer align-baseline\"><span class=\"whitespace-normal\">Manchester City FC<\/span><\/span><\/strong>. Mimo to sezon ten uznawany jest za moment odrodzenia sportowego klubu.<\/p>\n<p data-start=\"1334\" data-end=\"1764\">Si\u0142\u0105 zespo\u0142u by\u0142a niezwykle skuteczna ofensywa, na czele z trio, kt\u00f3re reprezentowali <strong data-start=\"1398\" data-end=\"1439\"><span class=\"hover:entity-accent entity-underline inline cursor-pointer align-baseline\"><span class=\"whitespace-normal\">Luis Su\u00e1rez<\/span><\/span><\/strong>, <strong data-start=\"1441\" data-end=\"1482\"><span class=\"hover:entity-accent entity-underline inline cursor-pointer align-baseline\"><span class=\"whitespace-normal\">Daniel Sturridge<\/span><\/span><\/strong> oraz <strong data-start=\"1488\" data-end=\"1529\"><span class=\"hover:entity-accent entity-underline inline cursor-pointer align-baseline\"><span class=\"whitespace-normal\">Raheem Sterling<\/span><\/span><\/strong>, okre\u015blanym skr\u00f3tem \u201eSSS\u201d. Kluczow\u0105 rol\u0119 odgrywali r\u00f3wnie\u017c <strong data-start=\"1589\" data-end=\"1630\"><span class=\"hover:entity-accent entity-underline inline cursor-pointer align-baseline\"><span class=\"whitespace-normal\">Steven Gerrard<\/span><\/span><\/strong> i <strong data-start=\"1633\" data-end=\"1674\"><span class=\"hover:entity-accent entity-underline inline cursor-pointer align-baseline\"><span class=\"whitespace-normal\">Jordan Henderson<\/span><\/span><\/strong>, nadaj\u0105cy dru\u017cynie r\u00f3wnowag\u0119, charakter i przyw\u00f3dztwo w decyduj\u0105cych momentach rozgrywek.<\/p>\n<p data-start=\"1766\" data-end=\"1929\">Koszulka zosta\u0142a wykonana z <strong data-start=\"1794\" data-end=\"1831\">lekkiego i przewiewnego materia\u0142u<\/strong>, a kr\u00f3j w <strong data-start=\"1842\" data-end=\"1857\">rozmiarze L<\/strong> oferuje klasyczne dopasowanie zgodne ze standardami <strong data-start=\"1910\" data-end=\"1928\">Warrior Sports<\/strong>.<\/p>\n<p data-start=\"1931\" data-end=\"2206\">To propozycja dla kolekcjoner\u00f3w oraz kibic\u00f3w poszukuj\u0105cych oryginalnej <strong data-start=\"2002\" data-end=\"2064\">domowej koszulki pi\u0142karskiej Liverpoolu FC z sezonu 2013\/14<\/strong>, stanowi\u0105cej czytelny zapis jednego z najbardziej ekscytuj\u0105cych wy\u015bcig\u00f3w o mistrzostwo Anglii i symbol odrodzenia sportowego klubu z Anfield.<\/p>\n<\/div>\n<\/div>\n<\/div>\n<\/div>\n<\/div>\n<\/div>\n<\/article>\n<\/div>\n","protected":false},"featured_media":117451,"template":"","meta":{"_kad_blocks_custom_css":"","_kad_blocks_head_custom_js":"","_kad_blocks_body_custom_js":"","_kad_blocks_footer_custom_js":"","_kad_post_transparent":"default","_kad_post_title":"","_kad_post_layout":"default","_kad_post_sidebar_id":"","_kad_post_content_style":"default","_kad_post_vertical_padding":"default","_kad_post_feature":"","_kad_post_feature_position":"","_kad_post_header":false,"_kad_post_footer":false,"_kad_post_classname":""},"product_brand":[1306],"product_cat":[15,1464],"product_tag":[],"class_list":{"0":"post-117285","1":"product","2":"type-product","3":"status-publish","4":"has-post-thumbnail","6":"product_brand-warrior","7":"product_cat-bez-kategorii","8":"product_cat-liverpool","9":"pa_homeawaythird-home","10":"pa_rozmiar-l","12":"first","13":"instock","14":"taxable","15":"shipping-taxable","16":"purchasable","17":"product-type-simple","18":"entry","19":"content-bg","20":"loop-entry"},"taxonomy_info":{"product_brand":[{"value":1306,"label":"Warrior"}],"product_cat":[{"value":15,"label":"Bez kategorii"},{"value":1464,"label":"Liverpool FC"}],"pa_homeawaythird":[{"value":1597,"label":"Home"}],"pa_rozmiar":[{"value":1817,"label":"L"}]},"featured_image_src_large":["https:\/\/footballthrift.shop\/wp-content\/uploads\/2026\/01\/Photoroom_20260129_115432-1024x1024.jpg",1024,1024,true],"author_info":[],"comment_info":"","_links":{"self":[{"href":"https:\/\/footballthrift.shop\/de\/wp-json\/wp\/v2\/product\/117285","targetHints":{"allow":["GET"]}}],"collection":[{"href":"https:\/\/footballthrift.shop\/de\/wp-json\/wp\/v2\/product"}],"about":[{"href":"https:\/\/footballthrift.shop\/de\/wp-json\/wp\/v2\/types\/product"}],"wp:featuredmedia":[{"embeddable":true,"href":"https:\/\/footballthrift.shop\/de\/wp-json\/wp\/v2\/media\/117451"}],"wp:attachment":[{"href":"https:\/\/footballthrift.shop\/de\/wp-json\/wp\/v2\/media?parent=117285"}],"wp:term":[{"taxonomy":"product_brand","embeddable":true,"href":"https:\/\/footballthrift.shop\/de\/wp-json\/wp\/v2\/product_brand?post=117285"},{"taxonomy":"product_cat","embeddable":true,"href":"https:\/\/footballthrift.shop\/de\/wp-json\/wp\/v2\/product_cat?post=117285"},{"taxonomy":"product_tag","embeddable":true,"href":"https:\/\/footballthrift.shop\/de\/wp-json\/wp\/v2\/product_tag?post=117285"}],"curies":[{"name":"wp","href":"https:\/\/api.w.org\/{rel}","templated":true}]}}