{"id":116960,"date":"2026-01-25T17:54:09","date_gmt":"2026-01-25T16:54:09","guid":{"rendered":"https:\/\/footballthrift.shop\/?post_type=product&#038;p=116960"},"modified":"2026-03-09T11:24:24","modified_gmt":"2026-03-09T10:24:24","slug":"fusballtrikot-schalke-04-2021-22-dritte-s","status":"publish","type":"product","link":"https:\/\/footballthrift.shop\/de\/koszulka-pilkarska-schalke-04-2021-22-third-s\/","title":{"rendered":"Koszulka pi\u0142karska Schalke 04 2021\/22 Third [S]"},"content":{"rendered":"<p><strong>Verein:<\/strong> Schalke 04<\/p>\n<p><strong>Saison:<\/strong> 2021\/22 Dritter<\/p>\n<p><strong>Gr\u00f6\u00dfe: <\/strong>S<\/p>\n<p><strong>Zustand:<\/strong> Ausgezeichnet<\/p>\n<p><strong>Ma\u00dfe (Achselbreite\/L\u00e4nge) in cm: <\/strong>48\/72<\/p>","protected":false},"excerpt":{"rendered":"<p data-start=\"0\" data-end=\"86\"><strong data-start=\"0\" data-end=\"86\">Das original dritte Schalke 04 Fu\u00dfballtrikot aus der Saison 2021\/22 von Umbro.\u00a0<\/strong><\/p>\n<p data-start=\"88\" data-end=\"480\">Dritter Satz <strong data-start=\"103\" data-end=\"144\"><span class=\"hover:entity-accent entity-underline inline cursor-pointer align-baseline\"><span class=\"whitespace-normal\">FC Schalke 04<\/span><\/span><\/strong> z <strong data-start=\"147\" data-end=\"165\">Saison 2021\/22<\/strong>hergestellt von <strong data-start=\"187\" data-end=\"228\"><span class=\"hover:entity-accent entity-underline inline cursor-pointer align-baseline\"><span class=\"whitespace-normal\">Umbro<\/span><\/span><\/strong> w <strong data-start=\"231\" data-end=\"246\">Gr\u00f6\u00dfe S<\/strong>, stammt aus einer der symboltr\u00e4chtigsten Spielzeiten in der j\u00fcngeren Vereinsgeschichte der Gelsenkirchener. Es war eine Zeit des sportlichen Neuaufbaus nach dem Abstieg, in der Schalke die rasche R\u00fcckkehr in die oberste Spielklasse anstrebte.<\/p>\n<p data-start=\"482\" data-end=\"879\">Das T-Shirt wurde hergestellt in <strong data-start=\"515\" data-end=\"535\">kastanienbraun<\/strong>, die sich von den klassischen Vereinsfarben unterscheidet, mit einem <strong data-start=\"591\" data-end=\"625\">gelbe \u00c4rmelabschl\u00fcsse<\/strong>, die einen auff\u00e4lligen Kontrast zum Design bilden. Auf der Vorderseite befindet sich ein zentraler Sponsorenaufdruck. <strong data-start=\"721\" data-end=\"733\">Vivawest<\/strong>, und das Ganze beh\u00e4lt die einfache und klare \u00e4sthetische Charakteristik der Entw\u00fcrfe <strong data-start=\"813\" data-end=\"822\">Umbro<\/strong>, und unterstreicht damit den alternativen Charakter des dritten Satzes.<\/p>\n<p data-start=\"881\" data-end=\"1231\"><strong data-start=\"881\" data-end=\"898\">Saison 2021\/22<\/strong> war f\u00fcr <strong data-start=\"907\" data-end=\"924\">FC Schalke 04<\/strong> eine au\u00dfergew\u00f6hnlich erfolgreiche Sportveranstaltung, die <strong data-start=\"977\" data-end=\"1000\">Aufstieg in die Bundesliga<\/strong> nach dem Sieg in der 2. Bundesliga. Die Mannschaft zeigte \u00fcber weite Strecken der Saison eine stabile Form und st\u00fctzte sich dabei auf eine solide Organisation des Spiels und die Unterst\u00fctzung der Fans, die es dem Verein erm\u00f6glichten, schnell in die Elite des deutschen Fu\u00dfballs zur\u00fcckzukehren.<\/p>\n<p data-start=\"1233\" data-end=\"1377\">Das T-Shirt ist hergestellt aus <strong data-start=\"1261\" data-end=\"1298\">leichtes und luftiges Material<\/strong>, und die K\u00fcrzung der <strong data-start=\"1309\" data-end=\"1324\">Gr\u00f6\u00dfe S<\/strong> bietet eine standardisierte Passform <strong data-start=\"1367\" data-end=\"1376\">Umbro<\/strong>.<\/p>\n<p data-start=\"1379\" data-end=\"1629\" data-is-last-node=\"\" data-is-only-node=\"\">Es ist ein Angebot f\u00fcr Sammler und Fans, die ein Original <strong data-start=\"1450\" data-end=\"1511\">das dritte Schalke 04 Fu\u00dfballtrikot der Saison 2021\/22<\/strong>, Dies ist ein deutlicher Beleg f\u00fcr eine Saison, die von einem sportlichen Aufschwung und der R\u00fcckkehr des Vereins in die h\u00f6chste Spielklasse gepr\u00e4gt war.<\/p>","protected":false},"featured_media":117006,"template":"","meta":{"_kad_blocks_custom_css":"","_kad_blocks_head_custom_js":"","_kad_blocks_body_custom_js":"","_kad_blocks_footer_custom_js":"","_kad_post_transparent":"default","_kad_post_title":"","_kad_post_layout":"default","_kad_post_sidebar_id":"","_kad_post_content_style":"default","_kad_post_vertical_padding":"default","_kad_post_feature":"","_kad_post_feature_position":"","_kad_post_header":false,"_kad_post_footer":false,"_kad_post_classname":""},"product_brand":[1285],"product_cat":[15,1465],"product_tag":[],"class_list":{"0":"post-116960","1":"product","2":"type-product","3":"status-publish","4":"has-post-thumbnail","6":"product_brand-umbro","7":"product_cat-bez-kategorii","8":"product_cat-kluby-niemieckie-schalke04","9":"pa_homeawaythird-third","10":"pa_rozmiar-s","12":"first","13":"instock","14":"taxable","15":"shipping-taxable","16":"purchasable","17":"product-type-simple","18":"entry","19":"content-bg","20":"loop-entry"},"taxonomy_info":{"product_brand":[{"value":1285,"label":"Umbro"}],"product_cat":[{"value":15,"label":"Bez kategorii"},{"value":1465,"label":"Schalke 04"}],"pa_homeawaythird":[{"value":1599,"label":"Third"}],"pa_rozmiar":[{"value":1815,"label":"S"}]},"featured_image_src_large":["https:\/\/footballthrift.shop\/wp-content\/uploads\/2026\/01\/Photoroom_034_20260121_162320-1024x1024.png",1024,1024,true],"author_info":[],"comment_info":"","_links":{"self":[{"href":"https:\/\/footballthrift.shop\/de\/wp-json\/wp\/v2\/product\/116960","targetHints":{"allow":["GET"]}}],"collection":[{"href":"https:\/\/footballthrift.shop\/de\/wp-json\/wp\/v2\/product"}],"about":[{"href":"https:\/\/footballthrift.shop\/de\/wp-json\/wp\/v2\/types\/product"}],"wp:featuredmedia":[{"embeddable":true,"href":"https:\/\/footballthrift.shop\/de\/wp-json\/wp\/v2\/media\/117006"}],"wp:attachment":[{"href":"https:\/\/footballthrift.shop\/de\/wp-json\/wp\/v2\/media?parent=116960"}],"wp:term":[{"taxonomy":"product_brand","embeddable":true,"href":"https:\/\/footballthrift.shop\/de\/wp-json\/wp\/v2\/product_brand?post=116960"},{"taxonomy":"product_cat","embeddable":true,"href":"https:\/\/footballthrift.shop\/de\/wp-json\/wp\/v2\/product_cat?post=116960"},{"taxonomy":"product_tag","embeddable":true,"href":"https:\/\/footballthrift.shop\/de\/wp-json\/wp\/v2\/product_tag?post=116960"}],"curies":[{"name":"wp","href":"https:\/\/api.w.org\/{rel}","templated":true}]}}