{"id":116959,"date":"2026-01-25T17:54:10","date_gmt":"2026-01-25T16:54:10","guid":{"rendered":"https:\/\/footballthrift.shop\/?post_type=product&#038;p=116959"},"modified":"2026-03-09T11:24:24","modified_gmt":"2026-03-09T10:24:24","slug":"fusball-trikot-real-madrid-2020-21-heim-s","status":"publish","type":"product","link":"https:\/\/footballthrift.shop\/de\/koszulka-pilkarska-real-madryt-2020-21-home-s\/","title":{"rendered":"Koszulka pi\u0142karska Real Madryt 2020\/21 Home [S]"},"content":{"rendered":"<p><strong>Verein:<\/strong> Real Madrid<\/p>\n<p><strong>Saison:<\/strong> 2020\/21 Heim<\/p>\n<p><strong>Gr\u00f6\u00dfe: <\/strong>S<\/p>\n<p><strong>Zustand:<\/strong> Ausgezeichnet<\/p>\n<p><strong>Ma\u00dfe (Achselbreite\/L\u00e4nge) in cm: <\/strong>48\/70<\/p>","protected":false},"excerpt":{"rendered":"<div class=\"flex flex-col text-sm pb-25\">\n<article class=\"text-token-text-primary w-full focus:outline-none [--shadow-height:45px] has-data-writing-block:pointer-events-none has-data-writing-block:-mt-(--shadow-height) has-data-writing-block:pt-(--shadow-height) [&amp;:has([data-writing-block])&gt;*]:pointer-events-auto scroll-mt-[calc(var(--header-height)+min(200px,max(70px,20svh)))]\" dir=\"auto\" tabindex=\"-1\" data-turn-id=\"ae98d189-b3c0-480d-ad54-ea4a1df51474\" data-testid=\"conversation-turn-72\" data-scroll-anchor=\"true\" data-turn=\"assistant\">\n<div class=\"text-base my-auto mx-auto pb-10 [--thread-content-margin:--spacing(4)] @w-sm\/main:[--thread-content-margin:--spacing(6)] @w-lg\/main:[--thread-content-margin:--spacing(16)] px-(--thread-content-margin)\">\n<div class=\"[--thread-content-max-width:40rem] @w-lg\/main:[--thread-content-max-width:48rem] mx-auto max-w-(--thread-content-max-width) flex-1 group\/turn-messages focus-visible:outline-hidden relative flex w-full min-w-0 flex-col agent-turn\" tabindex=\"-1\">\n<div class=\"flex max-w-full flex-col grow\">\n<div class=\"min-h-8 text-message relative flex w-full flex-col items-end gap-2 text-start break-words whitespace-normal [.text-message+&amp;]:mt-1\" dir=\"auto\" data-message-author-role=\"assistant\" data-message-id=\"de6d7d94-ab15-4e07-99e9-66cb30392726\" data-message-model-slug=\"gpt-5-2\">\n<div class=\"flex w-full flex-col gap-1 empty:hidden first:pt-[1px]\">\n<div class=\"markdown prose dark:prose-invert w-full wrap-break-word light markdown-new-styling\">\n<p data-start=\"0\" data-end=\"89\"><strong data-start=\"0\" data-end=\"89\">Oryginalna domowa koszulka pi\u0142karska Realu Madryt z sezonu 2020\/21 produkcji Adidasa.\u00a0<\/strong><\/p>\n<p data-start=\"91\" data-end=\"528\">Domowy model <strong data-start=\"104\" data-end=\"145\"><span class=\"hover:entity-accent entity-underline inline cursor-pointer align-baseline\"><span class=\"whitespace-normal\">Real Madryt<\/span><\/span><\/strong> z <strong data-start=\"148\" data-end=\"166\">sezonu 2020\/21<\/strong>, wyprodukowany przez <strong data-start=\"188\" data-end=\"229\"><span class=\"hover:entity-accent entity-underline inline cursor-pointer align-baseline\"><span class=\"whitespace-normal\">Adidasa <\/span><\/span><\/strong>w <strong data-start=\"232\" data-end=\"247\">rozmiarze S<\/strong>, pochodzi z rozgrywek rozegranych w wymagaj\u0105cych warunkach pandemicznych, kt\u00f3re wystawi\u0142y na pr\u00f3b\u0119 szeroko\u015b\u0107 i do\u015bwiadczenie kadry. Dru\u017cyna do samego ko\u0144ca walczy\u0142a o mistrzostwo Hiszpanii oraz dotar\u0142a do p\u00f3\u0142fina\u0142u Ligi Mistrz\u00f3w, potwierdzaj\u0105c swoj\u0105 pozycj\u0119 w europejskiej elicie.<\/p>\n<p data-start=\"530\" data-end=\"895\">Koszulka zosta\u0142a wyprodukowana w klasycznym <strong data-start=\"574\" data-end=\"592\">bia\u0142ym kolorze<\/strong>, stanowi\u0105cym fundament domowych stroj\u00f3w <strong data-start=\"633\" data-end=\"649\">Realu Madryt<\/strong>, a jej najbardziej charakterystycznym detalem s\u0105 <strong data-start=\"699\" data-end=\"726\">r\u00f3\u017cowe paski producenta<\/strong> umieszczone po bokach. Minimalistyczny projekt podkre\u015bla elegancj\u0119 i nowoczesny styl, zachowuj\u0105c jednocze\u015bnie czyteln\u0105 to\u017csamo\u015b\u0107 klubu i estetyk\u0119 projekt\u00f3w <strong data-start=\"883\" data-end=\"894\">Adidasa<\/strong>.<\/p>\n<p data-start=\"897\" data-end=\"1367\"><strong data-start=\"897\" data-end=\"914\">Sezon 2020\/21<\/strong> by\u0142 dla <strong data-start=\"923\" data-end=\"939\">Realu Madryt<\/strong> czasem intensywnej rywalizacji i rotacji sk\u0142adu, w kt\u00f3rym kluczowe role odgrywali do\u015bwiadczeni liderzy. Zesp\u00f3\u0142 opiera\u0142 si\u0119 m.in. na skuteczno\u015bci <strong data-start=\"1085\" data-end=\"1126\"><span class=\"hover:entity-accent entity-underline inline cursor-pointer align-baseline\"><span class=\"whitespace-normal\">Karim Benzemy<\/span><\/span><\/strong>, kreatywno\u015bci <strong data-start=\"1141\" data-end=\"1182\"><span class=\"hover:entity-accent entity-underline inline cursor-pointer align-baseline\"><span class=\"whitespace-normal\">Luki Modri\u0107a<\/span><\/span><\/strong> oraz <strong data-start=\"1188\" data-end=\"1229\"><span class=\"hover:entity-accent entity-underline inline cursor-pointer align-baseline\"><span class=\"whitespace-normal\">Toniego Kroosa<\/span><\/span><\/strong>, a wa\u017cnym punktem dru\u017cyny pozostawa\u0142 r\u00f3wnie\u017c bramkarz, <strong data-start=\"1275\" data-end=\"1316\" data-is-only-node=\"\"><span class=\"hover:entity-accent entity-underline inline cursor-pointer align-baseline\"><span class=\"whitespace-normal\">Thibaut Courtois<\/span><\/span><\/strong>, kt\u00f3ry wielokrotnie przes\u0105dza\u0142 o wynikach spotka\u0144.<\/p>\n<p data-start=\"1369\" data-end=\"1544\">Koszulka zosta\u0142a wykonana z <strong data-start=\"1397\" data-end=\"1434\">lekkiego i przewiewnego materia\u0142u<\/strong>, a kr\u00f3j w <strong data-start=\"1445\" data-end=\"1460\">rozmiarze S<\/strong> oferuje dopasowanie zgodne ze standardami <strong data-start=\"1503\" data-end=\"1514\">Adidasa<\/strong> obowi\u0105zuj\u0105cymi w tym okresie.<\/p>\n<p data-start=\"1546\" data-end=\"1777\" data-is-last-node=\"\" data-is-only-node=\"\">To propozycja dla kolekcjoner\u00f3w oraz kibic\u00f3w poszukuj\u0105cych oryginalnej <strong data-start=\"1617\" data-end=\"1679\">domowej koszulki pi\u0142karskiej Realu Madryt z sezonu 2020\/21<\/strong>, stanowi\u0105cej czytelny zapis wymagaj\u0105cego sezonu i rywalizacji na najwy\u017cszym europejskim poziomie.<\/p>\n<\/div>\n<\/div>\n<\/div>\n<\/div>\n<\/div>\n<\/div>\n<\/article>\n<\/div>\n","protected":false},"featured_media":116998,"template":"","meta":{"_kad_blocks_custom_css":"","_kad_blocks_head_custom_js":"","_kad_blocks_body_custom_js":"","_kad_blocks_footer_custom_js":"","_kad_post_transparent":"default","_kad_post_title":"","_kad_post_layout":"default","_kad_post_sidebar_id":"","_kad_post_content_style":"default","_kad_post_vertical_padding":"default","_kad_post_feature":"","_kad_post_feature_position":"","_kad_post_header":false,"_kad_post_footer":false,"_kad_post_classname":""},"product_brand":[1283],"product_cat":[15,1456],"product_tag":[],"class_list":{"0":"post-116959","1":"product","2":"type-product","3":"status-publish","4":"has-post-thumbnail","6":"product_brand-adidas","7":"product_cat-bez-kategorii","8":"product_cat-kluby-hiszpanskie-realmadryt","9":"pa_homeawaythird-home","10":"pa_rozmiar-s","12":"first","13":"instock","14":"taxable","15":"shipping-taxable","16":"purchasable","17":"product-type-simple","18":"entry","19":"content-bg","20":"loop-entry"},"taxonomy_info":{"product_brand":[{"value":1283,"label":"Adidas"}],"product_cat":[{"value":15,"label":"Bez kategorii"},{"value":1456,"label":"Real Madryt"}],"pa_homeawaythird":[{"value":1597,"label":"Home"}],"pa_rozmiar":[{"value":1815,"label":"S"}]},"featured_image_src_large":["https:\/\/footballthrift.shop\/wp-content\/uploads\/2026\/01\/Photoroom_054_20260121_162320-1024x1024.png",1024,1024,true],"author_info":[],"comment_info":"","_links":{"self":[{"href":"https:\/\/footballthrift.shop\/de\/wp-json\/wp\/v2\/product\/116959","targetHints":{"allow":["GET"]}}],"collection":[{"href":"https:\/\/footballthrift.shop\/de\/wp-json\/wp\/v2\/product"}],"about":[{"href":"https:\/\/footballthrift.shop\/de\/wp-json\/wp\/v2\/types\/product"}],"wp:featuredmedia":[{"embeddable":true,"href":"https:\/\/footballthrift.shop\/de\/wp-json\/wp\/v2\/media\/116998"}],"wp:attachment":[{"href":"https:\/\/footballthrift.shop\/de\/wp-json\/wp\/v2\/media?parent=116959"}],"wp:term":[{"taxonomy":"product_brand","embeddable":true,"href":"https:\/\/footballthrift.shop\/de\/wp-json\/wp\/v2\/product_brand?post=116959"},{"taxonomy":"product_cat","embeddable":true,"href":"https:\/\/footballthrift.shop\/de\/wp-json\/wp\/v2\/product_cat?post=116959"},{"taxonomy":"product_tag","embeddable":true,"href":"https:\/\/footballthrift.shop\/de\/wp-json\/wp\/v2\/product_tag?post=116959"}],"curies":[{"name":"wp","href":"https:\/\/api.w.org\/{rel}","templated":true}]}}