{"id":116947,"date":"2026-01-25T17:54:01","date_gmt":"2026-01-25T16:54:01","guid":{"rendered":"https:\/\/footballthrift.shop\/?post_type=product&#038;p=116947"},"modified":"2026-03-09T11:24:26","modified_gmt":"2026-03-09T10:24:26","slug":"koszulka-pilkarska-francja-2008-10-away-s","status":"publish","type":"product","link":"https:\/\/footballthrift.shop\/de\/koszulka-pilkarska-francja-2008-10-away-s\/","title":{"rendered":"Koszulka pi\u0142karska Francja 2008\/10 Away [S]"},"content":{"rendered":"<p><strong>Verein:<\/strong> Frankreich<\/p>\n<p><strong>Saison:<\/strong> 2008\/10 Ausw\u00e4rts<\/p>\n<p><strong>Gr\u00f6\u00dfe: <\/strong>S<\/p>\n<p><strong>Zustand:<\/strong> Ausgezeichnet<\/p>\n<p><strong>Ma\u00dfe (Achselbreite\/L\u00e4nge) in cm: <\/strong>48\/74<\/p>","protected":false},"excerpt":{"rendered":"<p data-start=\"0\" data-end=\"98\"><strong data-start=\"0\" data-end=\"98\">Das original 2008\/10 Ausw\u00e4rtstrikot der franz\u00f6sischen Nationalmannschaft von Adidas.\u00a0<\/strong><\/p>\n<p data-start=\"100\" data-end=\"510\">Ausstiegsmodell r<strong data-start=\"116\" data-end=\"157\"><span class=\"hover:entity-accent entity-underline inline cursor-pointer align-baseline\"><span class=\"whitespace-normal\">Die franz\u00f6sische Nationalmannschaft<\/span><\/span><\/strong> im Laufe der Jahre <strong data-start=\"164\" data-end=\"175\">2008\/10<\/strong>hergestellt von <strong data-start=\"197\" data-end=\"238\"><span class=\"hover:entity-accent entity-underline inline cursor-pointer align-baseline\"><span class=\"whitespace-normal\">Adidas<\/span><\/span><\/strong> w <strong data-start=\"241\" data-end=\"256\">Gr\u00f6\u00dfe S<\/strong>, f\u00e4llt in eine Zeit intensiver sportlicher und personeller Ver\u00e4nderungen in der Nationalmannschaft. Es war eine Zeit der Suche nach einer neuen Identit\u00e4t nach dem Ende der \u00c4ra der gro\u00dfen Erfolge der Jahrhundertwende und des Versuchs, die Mannschaft mit einer neuen Generation von Spielern neu aufzubauen.<\/p>\n<p data-start=\"512\" data-end=\"875\">Das T-Shirt wurde hergestellt auf <strong data-start=\"546\" data-end=\"565\">roter Sockel<\/strong>, und unterscheidet sich damit deutlich von den klassischen Ausw\u00e4rtsprojekten in Frankreich. Das Projekt wird vervollst\u00e4ndigt durch <strong data-start=\"657\" data-end=\"688\">wei\u00dfer Kragenabschluss<\/strong>, und auf die Schultern werden gelegt <strong data-start=\"717\" data-end=\"775\">Streifen des Herstellers in Wei\u00df, Blau und Rot<\/strong>, Damit wird direkt auf die Farben der Nationalflagge Bezug genommen und der repr\u00e4sentative Charakter des Outfits betont.<\/p>\n<p data-start=\"877\" data-end=\"1532\">Zeitraum <strong data-start=\"883\" data-end=\"896\">2008-2010<\/strong> war f\u00fcr <strong data-start=\"905\" data-end=\"930\">die franz\u00f6sische Nationalmannschaft<\/strong> ein anspruchsvolles Sportereignis, einschlie\u00dflich der Teilnahme am <strong data-start=\"978\" data-end=\"991\">Euro 2008<\/strong> und WM-Qualifikationsspielen. In der Nationalmannschaft spielten damals Spieler mit gro\u00dfer Erfahrung und internationalem Renommee, wie z. B. <strong data-start=\"1127\" data-end=\"1168\"><span class=\"hover:entity-accent entity-underline inline cursor-pointer align-baseline\"><span class=\"whitespace-normal\">Thierry Henry<\/span><\/span><\/strong>, <strong data-start=\"1170\" data-end=\"1211\"><span class=\"hover:entity-accent entity-underline inline cursor-pointer align-baseline\"><span class=\"whitespace-normal\">Franck Rib\u00e9ry<\/span><\/span><\/strong>, <strong data-start=\"1213\" data-end=\"1254\"><span class=\"hover:entity-accent entity-underline inline cursor-pointer align-baseline\"><span class=\"whitespace-normal\">Nicolas Anelka<\/span><\/span><\/strong>, <strong data-start=\"1256\" data-end=\"1297\"><span class=\"hover:entity-accent entity-underline inline cursor-pointer align-baseline\"><span class=\"whitespace-normal\">Patrick Vieira<\/span><\/span><\/strong> und <strong data-start=\"1303\" data-end=\"1344\"><span class=\"hover:entity-accent entity-underline inline cursor-pointer align-baseline\"><span class=\"whitespace-normal\">William Gallas<\/span><\/span><\/strong>, die in dieser \u00dcbergangsphase den Kern des Teams bildeten. Es ist erw\u00e4hnenswert, dass w\u00e4hrend <strong data-start=\"1444\" data-end=\"1470\">Weltmeisterschaften 2010<\/strong> trug die franz\u00f6sische Nationalmannschaft bereits ein anderes Outfitmodell.<\/p>\n<p data-start=\"1534\" data-end=\"1718\">Das T-Shirt ist hergestellt aus <strong data-start=\"1562\" data-end=\"1599\">leichtes und luftiges Material<\/strong>, und die K\u00fcrzung der <strong data-start=\"1610\" data-end=\"1625\">Gr\u00f6\u00dfe S<\/strong> bietet eine standardisierte Passform <strong data-start=\"1668\" data-end=\"1679\">Adidas<\/strong> ab dem Ende des ersten Jahrzehnts des 21. Jahrhunderts.<\/p>\n<p data-start=\"1720\" data-end=\"1988\" data-is-last-node=\"\" data-is-only-node=\"\">Es ist ein Angebot f\u00fcr Sammler und Fans, die ein Original <strong data-start=\"1791\" data-end=\"1862\">das Ausw\u00e4rtstrikot der franz\u00f6sischen Fu\u00dfballnationalmannschaft 2008\/10<\/strong>, Der Bericht ist ein klares Zeugnis f\u00fcr eine wichtige \u00dcbergangsphase in der Geschichte einer der erfolgreichsten Nationalmannschaften.<\/p>","protected":false},"featured_media":117142,"template":"","meta":{"_kad_blocks_custom_css":"","_kad_blocks_head_custom_js":"","_kad_blocks_body_custom_js":"","_kad_blocks_footer_custom_js":"","_kad_post_transparent":"default","_kad_post_title":"","_kad_post_layout":"default","_kad_post_sidebar_id":"","_kad_post_content_style":"default","_kad_post_vertical_padding":"default","_kad_post_feature":"","_kad_post_feature_position":"","_kad_post_header":false,"_kad_post_footer":false,"_kad_post_classname":""},"product_brand":[1283],"product_cat":[15,1454],"product_tag":[],"class_list":{"0":"post-116947","1":"product","2":"type-product","3":"status-publish","4":"has-post-thumbnail","6":"product_brand-adidas","7":"product_cat-bez-kategorii","8":"product_cat-reprezentacja-francji","9":"pa_homeawaythird-away","10":"pa_rozmiar-s","12":"first","13":"instock","14":"taxable","15":"shipping-taxable","16":"purchasable","17":"product-type-simple","18":"entry","19":"content-bg","20":"loop-entry"},"taxonomy_info":{"product_brand":[{"value":1283,"label":"Adidas"}],"product_cat":[{"value":15,"label":"Bez kategorii"},{"value":1454,"label":"Francja"}],"pa_homeawaythird":[{"value":1598,"label":"Away"}],"pa_rozmiar":[{"value":1815,"label":"S"}]},"featured_image_src_large":["https:\/\/footballthrift.shop\/wp-content\/uploads\/2026\/01\/Photoroom_050_20260121_162320-1024x1024.png",1024,1024,true],"author_info":[],"comment_info":"","_links":{"self":[{"href":"https:\/\/footballthrift.shop\/de\/wp-json\/wp\/v2\/product\/116947","targetHints":{"allow":["GET"]}}],"collection":[{"href":"https:\/\/footballthrift.shop\/de\/wp-json\/wp\/v2\/product"}],"about":[{"href":"https:\/\/footballthrift.shop\/de\/wp-json\/wp\/v2\/types\/product"}],"wp:featuredmedia":[{"embeddable":true,"href":"https:\/\/footballthrift.shop\/de\/wp-json\/wp\/v2\/media\/117142"}],"wp:attachment":[{"href":"https:\/\/footballthrift.shop\/de\/wp-json\/wp\/v2\/media?parent=116947"}],"wp:term":[{"taxonomy":"product_brand","embeddable":true,"href":"https:\/\/footballthrift.shop\/de\/wp-json\/wp\/v2\/product_brand?post=116947"},{"taxonomy":"product_cat","embeddable":true,"href":"https:\/\/footballthrift.shop\/de\/wp-json\/wp\/v2\/product_cat?post=116947"},{"taxonomy":"product_tag","embeddable":true,"href":"https:\/\/footballthrift.shop\/de\/wp-json\/wp\/v2\/product_tag?post=116947"}],"curies":[{"name":"wp","href":"https:\/\/api.w.org\/{rel}","templated":true}]}}