{"id":116944,"date":"2026-01-25T17:54:03","date_gmt":"2026-01-25T16:54:03","guid":{"rendered":"https:\/\/footballthrift.shop\/?post_type=product&#038;p=116944"},"modified":"2026-03-09T11:24:26","modified_gmt":"2026-03-09T10:24:26","slug":"fusball-trikot-fc-bayern-monachium-1995-97-heim-20-rizzitelli-xl","status":"publish","type":"product","link":"https:\/\/footballthrift.shop\/de\/koszulka-pilkarska-fc-bayern-monachium-1995-97-home-20-rizzitelli-xl\/","title":{"rendered":"Koszulka pi\u0142karska FC Bayern Monachium 1995\/97 Home 20 Rizzitelli [XL]"},"content":{"rendered":"<p><strong>Verein:<\/strong> FC Bayern M\u00fcnchen<\/p>\n<p><strong>Saison:<\/strong> 1995\/97 Heimat<\/p>\n<p><strong>Gr\u00f6\u00dfe: <\/strong>XL<\/p>\n<p><strong>Zustand:<\/strong> Sehr gut - ein paar Mikrostiche.<\/p>\n<p><strong>Ma\u00dfe (Achselbreite\/L\u00e4nge) in cm: <\/strong>62\/78<\/p>","protected":false},"excerpt":{"rendered":"<p data-start=\"0\" data-end=\"91\"><strong data-start=\"0\" data-end=\"91\">Original Bayern M\u00fcnchen Heim-Fu\u00dfballtrikot von 1995\/97 von Adidas.\u00a0<\/strong><\/p>\n<p data-start=\"93\" data-end=\"461\">Heimmodell <strong data-start=\"106\" data-end=\"147\"><span class=\"hover:entity-accent entity-underline inline cursor-pointer align-baseline\"><span class=\"whitespace-normal\">Bayern M\u00fcnchen<\/span><\/span><\/strong> im Laufe der Jahre <strong data-start=\"154\" data-end=\"165\">1995\/97<\/strong>hergestellt von <strong data-start=\"187\" data-end=\"228\"><span class=\"hover:entity-accent entity-underline inline cursor-pointer align-baseline\"><span class=\"whitespace-normal\">Adidas<\/span><\/span><\/strong> w <strong data-start=\"231\" data-end=\"247\">Gr\u00f6\u00dfe XL<\/strong>, Er kommt aus einer Phase des Wiederaufbaus des Vereins auf nationaler und europ\u00e4ischer Ebene. Es war eine Zeit der Stabilisierung nach fr\u00fcheren Formschwankungen und der erneuten Pr\u00e4senz des FC Bayern in der Spitze des europ\u00e4ischen Wettbewerbs.<\/p>\n<p data-start=\"463\" data-end=\"861\">Das T-Shirt wurde in charakteristischem <strong data-start=\"515\" data-end=\"555\">blau-rot vertikal gestreift<\/strong>, mit einem breiten G\u00fcrtel, der typisch f\u00fcr die Entw\u00fcrfe der Mitte der 1990er Jahre ist. Das Ganze wird erg\u00e4nzt durch <strong data-start=\"636\" data-end=\"664\">wei\u00dfer Polokragen<\/strong>, die den klassischen Schnitt betonen, wobei der Aufdruck des Sponsors auf der Vorderseite im Mittelpunkt steht. <strong data-start=\"751\" data-end=\"759\">Opel<\/strong>, die eindeutig mit einer der bekanntesten Epochen der Geschichte verbunden ist <strong data-start=\"839\" data-end=\"860\">Bayern M\u00fcnchen<\/strong>.<\/p>\n<p data-start=\"863\" data-end=\"1270\">Auf der R\u00fcckseite befindet sich ein origineller Aufdruck. <strong data-start=\"905\" data-end=\"946\"><span class=\"hover:entity-accent entity-underline inline cursor-pointer align-baseline\"><span class=\"whitespace-normal\">Ruggiero Rizzitelli<\/span><\/span><\/strong>, ein italienischer St\u00fcrmer, der die <strong data-start=\"990\" data-end=\"1010\">Bayern M\u00fcnchen<\/strong> in den Jahren <strong data-start=\"1020\" data-end=\"1033\">1996\u20131998<\/strong>. Rizzitelli in diesem besonderen Modell nur in der <strong data-start=\"1093\" data-end=\"1112\">Saison 1996\/97<\/strong>, Er bringt Erfahrung aus der Serie A in die Mannschaft ein, sorgt f\u00fcr Mobilit\u00e4t in der Offensive und vervollst\u00e4ndigt die Offensivrotation in einer Zeit, in der die Liga und der europ\u00e4ische Wettbewerb sehr intensiv sind.<\/p>\n<p data-start=\"1272\" data-end=\"1614\">Jahre <strong data-start=\"1277\" data-end=\"1290\">1995-1997<\/strong> waren f\u00fcr <strong data-start=\"1300\" data-end=\"1321\">Bayern M\u00fcnchen<\/strong> eine Zeit der klaren R\u00fcckkehr an die Spitze, gekr\u00f6nt von einem Triumph bei der <strong data-start=\"1383\" data-end=\"1418\">UEFA-Pokal in der Saison 1995\/96<\/strong>. Das Team bestand damals aus folgenden Personen. <strong data-start=\"1457\" data-end=\"1476\">Lothar Matth\u00e4us<\/strong>, <strong data-start=\"1478\" data-end=\"1495\">Markus Babbel<\/strong>, <strong data-start=\"1497\" data-end=\"1513\">Mario Basler<\/strong> und <strong data-start=\"1519\" data-end=\"1538\">Christian Ziege<\/strong>, eine Mannschaft aufzubauen, die auf Erfahrung, K\u00f6rperlichkeit und best\u00e4ndigem Spiel basiert.<\/p>\n<p data-start=\"1616\" data-end=\"1822\">Das T-Shirt ist hergestellt aus <strong data-start=\"1644\" data-end=\"1681\">leichtes und luftiges Material<\/strong>, a <strong data-start=\"1685\" data-end=\"1701\">breiter Schnitt<\/strong> w <strong data-start=\"1704\" data-end=\"1720\">Gr\u00f6\u00dfe XL<\/strong> bietet eine entspannte, normgerechte Passform <strong data-start=\"1772\" data-end=\"1783\">Adidas<\/strong> charakteristisch f\u00fcr die Mitte der 1990er Jahre.<\/p>\n<p data-start=\"1824\" data-end=\"2123\" data-is-last-node=\"\" data-is-only-node=\"\">Es ist ein Angebot f\u00fcr Sammler und Fans, die ein Original <strong data-start=\"1895\" data-end=\"1959\">Bayern M\u00fcnchen Heimtrikot von 1995\/97<\/strong>, der die Zeit des Wiederaufbaus der Position des Vereins und eine kurze, aber markante Phase mit der <strong data-start=\"2075\" data-end=\"2100\">Ruggiero Rizzitelli<\/strong> in der Saison <strong data-start=\"2111\" data-end=\"2122\">1996\/97<\/strong>.<\/p>","protected":false},"featured_media":117120,"template":"","meta":{"_kad_blocks_custom_css":"","_kad_blocks_head_custom_js":"","_kad_blocks_body_custom_js":"","_kad_blocks_footer_custom_js":"","_kad_post_transparent":"default","_kad_post_title":"","_kad_post_layout":"default","_kad_post_sidebar_id":"","_kad_post_content_style":"default","_kad_post_vertical_padding":"default","_kad_post_feature":"","_kad_post_feature_position":"","_kad_post_header":false,"_kad_post_footer":false,"_kad_post_classname":""},"product_brand":[1283],"product_cat":[15,1455],"product_tag":[],"class_list":{"0":"post-116944","1":"product","2":"type-product","3":"status-publish","4":"has-post-thumbnail","6":"product_brand-adidas","7":"product_cat-bez-kategorii","8":"product_cat-kluby-niemieckie-fcbayernmonachium","9":"pa_homeawaythird-home","10":"pa_rozmiar-xl","12":"first","13":"instock","14":"taxable","15":"shipping-taxable","16":"purchasable","17":"product-type-simple","18":"entry","19":"content-bg","20":"loop-entry"},"taxonomy_info":{"product_brand":[{"value":1283,"label":"Adidas"}],"product_cat":[{"value":15,"label":"Bez kategorii"},{"value":1455,"label":"FC Bayern Monachium"}],"pa_homeawaythird":[{"value":1597,"label":"Home"}],"pa_rozmiar":[{"value":1818,"label":"XL"}]},"featured_image_src_large":["https:\/\/footballthrift.shop\/wp-content\/uploads\/2026\/01\/Photoroom_009_20260121_162320-1024x1024.png",1024,1024,true],"author_info":[],"comment_info":"","_links":{"self":[{"href":"https:\/\/footballthrift.shop\/de\/wp-json\/wp\/v2\/product\/116944","targetHints":{"allow":["GET"]}}],"collection":[{"href":"https:\/\/footballthrift.shop\/de\/wp-json\/wp\/v2\/product"}],"about":[{"href":"https:\/\/footballthrift.shop\/de\/wp-json\/wp\/v2\/types\/product"}],"wp:featuredmedia":[{"embeddable":true,"href":"https:\/\/footballthrift.shop\/de\/wp-json\/wp\/v2\/media\/117120"}],"wp:attachment":[{"href":"https:\/\/footballthrift.shop\/de\/wp-json\/wp\/v2\/media?parent=116944"}],"wp:term":[{"taxonomy":"product_brand","embeddable":true,"href":"https:\/\/footballthrift.shop\/de\/wp-json\/wp\/v2\/product_brand?post=116944"},{"taxonomy":"product_cat","embeddable":true,"href":"https:\/\/footballthrift.shop\/de\/wp-json\/wp\/v2\/product_cat?post=116944"},{"taxonomy":"product_tag","embeddable":true,"href":"https:\/\/footballthrift.shop\/de\/wp-json\/wp\/v2\/product_tag?post=116944"}],"curies":[{"name":"wp","href":"https:\/\/api.w.org\/{rel}","templated":true}]}}