{"id":116942,"date":"2026-01-25T17:54:04","date_gmt":"2026-01-25T16:54:04","guid":{"rendered":"https:\/\/footballthrift.shop\/?post_type=product&#038;p=116942"},"modified":"2026-03-09T11:24:26","modified_gmt":"2026-03-09T10:24:26","slug":"fc-barcelona-fusball-trikot-2023-24-heim-s","status":"publish","type":"product","link":"https:\/\/footballthrift.shop\/de\/koszulka-pilkarska-fc-barcelona-2023-24-home-s\/","title":{"rendered":"Koszulka pi\u0142karska FC Barcelona 2023\/24 Home [S]"},"content":{"rendered":"<p><strong>Verein:<\/strong> FC Barcelona<\/p>\n<p><strong>Saison:<\/strong> 2023\/24 Startseite<\/p>\n<p><strong>Gr\u00f6\u00dfe: <\/strong>S<\/p>\n<p><strong>Zustand:<\/strong> Zufriedenstellend - leichtes Ziehen auf dem R\u00fccken und einige Flecken und Verschmutzungen auf dem gesamten Hemd.<\/p>\n<p><strong>Ma\u00dfe (Achselbreite\/L\u00e4nge) in cm: <\/strong>48\/70<\/p>","protected":false},"excerpt":{"rendered":"<p data-start=\"0\" data-end=\"69\"><strong data-start=\"0\" data-end=\"69\">Original FC Barcelona Heim-Fu\u00dfballtrikot von Nike.\u00a0<\/strong><\/p>\n<p data-start=\"71\" data-end=\"496\">Heimmodell <strong data-start=\"84\" data-end=\"125\"><span class=\"hover:entity-accent entity-underline inline cursor-pointer align-baseline\"><span class=\"whitespace-normal\">FC Barcelona<\/span><\/span><\/strong>\u00a0z <strong data-start=\"128\" data-end=\"146\">Saison 2023\/24<\/strong>hergestellt von <strong data-start=\"168\" data-end=\"209\"><span class=\"hover:entity-accent entity-underline inline cursor-pointer align-baseline\"><span class=\"whitespace-normal\">Nike<\/span><\/span><\/strong> w <strong data-start=\"212\" data-end=\"227\">Gr\u00f6\u00dfe S<\/strong>, stammt aus der zweiten Staffel <strong data-start=\"256\" data-end=\"297\"><span class=\"hover:entity-accent entity-underline inline cursor-pointer align-baseline\"><span class=\"whitespace-normal\">Robert Lewandowski<\/span><\/span><\/strong> in den Farben des katalanischen Vereins. Es war eine Zeit, in der man in der Liga auf hohem Niveau spielte und ein sportliches Projekt fortsetzte, das auf einer Kombination aus erfahrenen F\u00fchrungspers\u00f6nlichkeiten und jungen Absolventen von La Masia basierte.<\/p>\n<p data-start=\"498\" data-end=\"906\">Das T-Shirt wurde in klassischer Passform hergestellt. <strong data-start=\"551\" data-end=\"612\">dicke vertikale Streifen in Burgunderrot und Marineblau<\/strong>, die seit Jahrzehnten den Grundstein f\u00fcr die Identifizierung im Inland bilden <strong data-start=\"668\" data-end=\"684\">FC Barcelona<\/strong>. In der Mitte der Vorderseite befindet sich ein Aufdruck des Sponsors <strong data-start=\"731\" data-end=\"742\">Spotify<\/strong>, und das Ganze geschieht in <strong data-start=\"765\" data-end=\"801\">seltene Version mit langen \u00c4rmeln<\/strong>, was dieses Exemplar deutlich von den Standardausgaben unterscheidet und seinen Sammlercharakter unterstreicht.<\/p>\n<p data-start=\"908\" data-end=\"1423\"><strong data-start=\"908\" data-end=\"925\">Saison 2023\/24<\/strong> war f\u00fcr <strong data-start=\"934\" data-end=\"950\">FC Barcelona<\/strong> eine Zeit des intensiven Ligawettbewerbs und der weiteren Formung der Mannschaft nach einem Meisterschaftsjahr zuvor. Das Team st\u00fctzte sich auf die Erfahrung von Spielern wie <strong data-start=\"1122\" data-end=\"1144\">Robert Lewandowski<\/strong>, und wichtige Rollen spielten u.a. auch. <strong data-start=\"1185\" data-end=\"1226\"><span class=\"hover:entity-accent entity-underline inline cursor-pointer align-baseline\"><span class=\"whitespace-normal\">Pedri<\/span><\/span><\/strong>, <strong data-start=\"1228\" data-end=\"1269\"><span class=\"hover:entity-accent entity-underline inline cursor-pointer align-baseline\"><span class=\"whitespace-normal\">Gavi<\/span><\/span><\/strong>, <strong data-start=\"1271\" data-end=\"1312\" data-is-only-node=\"\"><span class=\"hover:entity-accent entity-underline inline cursor-pointer align-baseline\"><span class=\"whitespace-normal\">Frenkie de Jong<\/span><\/span><\/strong> und <strong data-start=\"1318\" data-end=\"1359\"><span class=\"hover:entity-accent entity-underline inline cursor-pointer align-baseline\"><span class=\"whitespace-normal\">Ronald Ara\u00fajo<\/span><\/span><\/strong>, und bilden den Kern der Mannschaft auf nationalen und europ\u00e4ischen Pl\u00e4tzen.<\/p>\n<p data-start=\"1425\" data-end=\"1642\">Das T-Shirt ist hergestellt aus <strong data-start=\"1453\" data-end=\"1490\">leichtes und luftiges Material<\/strong>, und die K\u00fcrzung der <strong data-start=\"1501\" data-end=\"1516\">Gr\u00f6\u00dfe S<\/strong> bietet eine standardisierte Passform <strong data-start=\"1559\" data-end=\"1567\">Nike<\/strong>; Die langen \u00c4rmel verleihen dem Kleidungsst\u00fcck einen klassischen und weniger allt\u00e4glichen Charakter.<\/p>\n<p data-start=\"1644\" data-end=\"1911\" data-is-last-node=\"\" data-is-only-node=\"\">Es ist ein Angebot f\u00fcr Sammler und Fans, die ein Original <strong data-start=\"1715\" data-end=\"1777\">Heimtrikot des FC Barcelona f\u00fcr die Saison 2023\/24<\/strong>, eine lesbare Aufzeichnung der zweiten Phase der Anwesenheit <strong data-start=\"1831\" data-end=\"1857\">Robert Lewandowski<\/strong> im Club und die klassische \u00c4sthetik der Barcelona-Farben.<\/p>","protected":false},"featured_media":117098,"template":"","meta":{"_kad_blocks_custom_css":"","_kad_blocks_head_custom_js":"","_kad_blocks_body_custom_js":"","_kad_blocks_footer_custom_js":"","_kad_post_transparent":"default","_kad_post_title":"","_kad_post_layout":"default","_kad_post_sidebar_id":"","_kad_post_content_style":"default","_kad_post_vertical_padding":"default","_kad_post_feature":"","_kad_post_feature_position":"","_kad_post_header":false,"_kad_post_footer":false,"_kad_post_classname":""},"product_brand":[1284],"product_cat":[15,1448],"product_tag":[],"class_list":{"0":"post-116942","1":"product","2":"type-product","3":"status-publish","4":"has-post-thumbnail","6":"product_brand-nike","7":"product_cat-bez-kategorii","8":"product_cat-kluby-hiszpanskie-fcbarcelona","9":"pa_homeawaythird-home","10":"pa_rozmiar-s","12":"first","13":"instock","14":"taxable","15":"shipping-taxable","16":"purchasable","17":"product-type-simple","18":"entry","19":"content-bg","20":"loop-entry"},"taxonomy_info":{"product_brand":[{"value":1284,"label":"Nike"}],"product_cat":[{"value":15,"label":"Bez kategorii"},{"value":1448,"label":"FC Barcelona"}],"pa_homeawaythird":[{"value":1597,"label":"Home"}],"pa_rozmiar":[{"value":1815,"label":"S"}]},"featured_image_src_large":["https:\/\/footballthrift.shop\/wp-content\/uploads\/2026\/01\/Photoroom_014_20260121_162320-1024x1024.png",1024,1024,true],"author_info":[],"comment_info":"","_links":{"self":[{"href":"https:\/\/footballthrift.shop\/de\/wp-json\/wp\/v2\/product\/116942","targetHints":{"allow":["GET"]}}],"collection":[{"href":"https:\/\/footballthrift.shop\/de\/wp-json\/wp\/v2\/product"}],"about":[{"href":"https:\/\/footballthrift.shop\/de\/wp-json\/wp\/v2\/types\/product"}],"wp:featuredmedia":[{"embeddable":true,"href":"https:\/\/footballthrift.shop\/de\/wp-json\/wp\/v2\/media\/117098"}],"wp:attachment":[{"href":"https:\/\/footballthrift.shop\/de\/wp-json\/wp\/v2\/media?parent=116942"}],"wp:term":[{"taxonomy":"product_brand","embeddable":true,"href":"https:\/\/footballthrift.shop\/de\/wp-json\/wp\/v2\/product_brand?post=116942"},{"taxonomy":"product_cat","embeddable":true,"href":"https:\/\/footballthrift.shop\/de\/wp-json\/wp\/v2\/product_cat?post=116942"},{"taxonomy":"product_tag","embeddable":true,"href":"https:\/\/footballthrift.shop\/de\/wp-json\/wp\/v2\/product_tag?post=116942"}],"curies":[{"name":"wp","href":"https:\/\/api.w.org\/{rel}","templated":true}]}}