{"id":116938,"date":"2026-01-25T17:54:06","date_gmt":"2026-01-25T16:54:06","guid":{"rendered":"https:\/\/footballthrift.shop\/?post_type=product&#038;p=116938"},"modified":"2026-03-09T11:24:25","modified_gmt":"2026-03-09T10:24:25","slug":"fusballtrikot-catania-calcio-2020-21-dritte-m","status":"publish","type":"product","link":"https:\/\/footballthrift.shop\/de\/koszulka-pilkarska-catania-calcio-2020-21-third-m\/","title":{"rendered":"Koszulka pi\u0142karska Catania Calcio 2020\/21 Third [M]"},"content":{"rendered":"<p><strong>Verein:<\/strong> Catania Calcio<\/p>\n<p><strong>Saison:<\/strong> 2020\/21 Dritte<\/p>\n<p><strong>Gr\u00f6\u00dfe: <\/strong>M<\/p>\n<p><strong>Zustand:<\/strong> Ausgezeichnet<\/p>\n<p><strong>Ma\u00dfe (Achselbreite\/L\u00e4nge) in cm: <\/strong>50\/68<\/p>","protected":false},"excerpt":{"rendered":"<p data-start=\"0\" data-end=\"91\"><strong data-start=\"0\" data-end=\"91\">Das originale dritte Catania Calcio Fu\u00dfballtrikot aus der Saison 2020\/21 von Givova.\u00a0<\/strong><\/p>\n<p data-start=\"93\" data-end=\"521\">Dritter Satz <strong data-start=\"108\" data-end=\"149\"><span class=\"hover:entity-accent entity-underline inline cursor-pointer align-baseline\"><span class=\"whitespace-normal\">Catania Calcio<\/span><\/span><\/strong> z <strong data-start=\"152\" data-end=\"170\">Saison 2020\/21<\/strong>hergestellt von <strong data-start=\"192\" data-end=\"233\"><span class=\"hover:entity-accent entity-underline inline cursor-pointer align-baseline\"><span class=\"whitespace-normal\">Givova<\/span><\/span><\/strong> w <strong data-start=\"236\" data-end=\"251\">Gr\u00f6\u00dfe M<\/strong>, stammt aus der Zeit, als Catania versuchte, seine sportliche und organisatorische Stabilit\u00e4t wiederherzustellen, und zwar in der untersten Spielklasse. Es war eine Zeit, in der man sich auf die Tradition berief und die lokale Identit\u00e4t stark betonte, trotz einer schwierigeren Phase in der Geschichte des Vereins.<\/p>\n<p data-start=\"523\" data-end=\"1022\">Das T-Shirt wurde hergestellt auf <strong data-start=\"557\" data-end=\"573\">gelber Sockel<\/strong>die erg\u00e4nzt werden durch <strong data-start=\"593\" data-end=\"641\">blaue Bes\u00e4tze an Kragen und \u00c4rmeln<\/strong>, und sorgt f\u00fcr Kontrast und Farbbalance. \u00dcber die Vorderseite des T-Shirts l\u00e4uft das <strong data-start=\"722\" data-end=\"779\">diagonales zweifarbiges Band in Rot und Blau<\/strong>, was einen direkten Bezug zu den traditionellen Farben darstellt <strong data-start=\"838\" data-end=\"856\">Catania Calcio<\/strong> und verleiht dem Projekt einen unverwechselbaren, alternativen Charakter. Das Modell kommt in <strong data-start=\"932\" data-end=\"963\">Version ohne Sponsorenaufdruck<\/strong>, die die Reinheit und Lesbarkeit der grafischen Gestaltung hervorhebt.<\/p>\n<p data-start=\"1024\" data-end=\"1540\"><strong data-start=\"1024\" data-end=\"1042\">Catania Calcio<\/strong> ist ein Verein mit einer reichen Geschichte, die am st\u00e4rksten mit seinen Leistungen in der Serie A im ersten Jahrzehnt des 21. Jahrhunderts verbunden ist, als das Team regelm\u00e4\u00dfig mit den besten Mannschaften Italiens konkurrierte. Die Farben des Vereins wurden im Laufe der Jahre unter anderem von folgenden Spielern vertreten. <strong data-start=\"1271\" data-end=\"1312\"><span class=\"hover:entity-accent entity-underline inline cursor-pointer align-baseline\"><span class=\"whitespace-normal\">Giuseppe Wimperntusche<\/span><\/span><\/strong>, <strong data-start=\"1314\" data-end=\"1355\"><span class=\"hover:entity-accent entity-underline inline cursor-pointer align-baseline\"><span class=\"whitespace-normal\">Maxi L\u00f3pez<\/span><\/span><\/strong>, <strong data-start=\"1357\" data-end=\"1398\"><span class=\"hover:entity-accent entity-underline inline cursor-pointer align-baseline\"><span class=\"whitespace-normal\">Gonzalo Bergessio<\/span><\/span><\/strong> oder <strong data-start=\"1403\" data-end=\"1444\"><span class=\"hover:entity-accent entity-underline inline cursor-pointer align-baseline\"><span class=\"whitespace-normal\">Pablo Barrientos<\/span><\/span><\/strong>, die zu einigen der bekanntesten Momente in der Geschichte des sizilianischen Vereins beigetragen haben.<\/p>\n<p data-start=\"1542\" data-end=\"1687\">Das T-Shirt ist hergestellt aus <strong data-start=\"1570\" data-end=\"1607\">leichtes und luftiges Material<\/strong>, und die K\u00fcrzung der <strong data-start=\"1618\" data-end=\"1633\">Gr\u00f6\u00dfe M<\/strong> bietet eine standardisierte Passform <strong data-start=\"1676\" data-end=\"1686\">Givova<\/strong>.<\/p>\n<p data-start=\"1689\" data-end=\"1951\" data-is-last-node=\"\" data-is-only-node=\"\">Es ist ein Angebot f\u00fcr Sammler und Fans, die ein Original <strong data-start=\"1760\" data-end=\"1825\">Das dritte Trikot von Catania Calcio f\u00fcr die Saison 2020\/21<\/strong>, Eine klare Aufzeichnung der Vereinsidentit\u00e4t und der Geschichte einer der charakteristischsten Mannschaften S\u00fcditaliens.<\/p>","protected":false},"featured_media":117060,"template":"","meta":{"_kad_blocks_custom_css":"","_kad_blocks_head_custom_js":"","_kad_blocks_body_custom_js":"","_kad_blocks_footer_custom_js":"","_kad_post_transparent":"default","_kad_post_title":"","_kad_post_layout":"default","_kad_post_sidebar_id":"","_kad_post_content_style":"default","_kad_post_vertical_padding":"default","_kad_post_feature":"","_kad_post_feature_position":"","_kad_post_header":false,"_kad_post_footer":false,"_kad_post_classname":""},"product_brand":[1310],"product_cat":[15,1480],"product_tag":[],"class_list":{"0":"post-116938","1":"product","2":"type-product","3":"status-publish","4":"has-post-thumbnail","6":"product_brand-givova","7":"product_cat-bez-kategorii","8":"product_cat-pozostale-kluby-wloskie","9":"pa_homeawaythird-third","10":"pa_rozmiar-m","12":"first","13":"instock","14":"taxable","15":"shipping-taxable","16":"purchasable","17":"product-type-simple","18":"entry","19":"content-bg","20":"loop-entry"},"taxonomy_info":{"product_brand":[{"value":1310,"label":"Givova"}],"product_cat":[{"value":15,"label":"Bez kategorii"},{"value":1480,"label":"Pozosta\u0142e kluby w\u0142oskie"}],"pa_homeawaythird":[{"value":1599,"label":"Third"}],"pa_rozmiar":[{"value":1816,"label":"M"}]},"featured_image_src_large":["https:\/\/footballthrift.shop\/wp-content\/uploads\/2026\/01\/Photoroom_056_20260121_162320-1024x1024.png",1024,1024,true],"author_info":[],"comment_info":"","_links":{"self":[{"href":"https:\/\/footballthrift.shop\/de\/wp-json\/wp\/v2\/product\/116938","targetHints":{"allow":["GET"]}}],"collection":[{"href":"https:\/\/footballthrift.shop\/de\/wp-json\/wp\/v2\/product"}],"about":[{"href":"https:\/\/footballthrift.shop\/de\/wp-json\/wp\/v2\/types\/product"}],"wp:featuredmedia":[{"embeddable":true,"href":"https:\/\/footballthrift.shop\/de\/wp-json\/wp\/v2\/media\/117060"}],"wp:attachment":[{"href":"https:\/\/footballthrift.shop\/de\/wp-json\/wp\/v2\/media?parent=116938"}],"wp:term":[{"taxonomy":"product_brand","embeddable":true,"href":"https:\/\/footballthrift.shop\/de\/wp-json\/wp\/v2\/product_brand?post=116938"},{"taxonomy":"product_cat","embeddable":true,"href":"https:\/\/footballthrift.shop\/de\/wp-json\/wp\/v2\/product_cat?post=116938"},{"taxonomy":"product_tag","embeddable":true,"href":"https:\/\/footballthrift.shop\/de\/wp-json\/wp\/v2\/product_tag?post=116938"}],"curies":[{"name":"wp","href":"https:\/\/api.w.org\/{rel}","templated":true}]}}