{"id":116936,"date":"2026-01-25T17:54:07","date_gmt":"2026-01-25T16:54:07","guid":{"rendered":"https:\/\/footballthrift.shop\/?post_type=product&#038;p=116936"},"modified":"2026-03-09T11:24:24","modified_gmt":"2026-03-09T10:24:24","slug":"fusballtrikot-borussia-monchengladbach-2020-21-auswarts-xxl","status":"publish","type":"product","link":"https:\/\/footballthrift.shop\/de\/koszulka-pilkarska-borussia-monchengladbach-2020-21-away-xxl\/","title":{"rendered":"Koszulka pi\u0142karska Borussia Monchengladbach 2020\/21 Away [XXL]"},"content":{"rendered":"<p><strong>Verein:<\/strong> Borussia M\u00f6nchengladbach<\/p>\n<p><strong>Saison:<\/strong> 2020\/21 Ausw\u00e4rts<\/p>\n<p><strong>Gr\u00f6\u00dfe: <\/strong>XXL<\/p>\n<p><strong>Zustand:<\/strong> Ausgezeichnet<\/p>\n<p><strong>Ma\u00dfe (Achselbreite\/L\u00e4nge) in cm: <\/strong>57\/82<\/p>","protected":false},"excerpt":{"rendered":"<p data-start=\"0\" data-end=\"101\"><strong data-start=\"0\" data-end=\"101\">Original Borussia M\u00f6nchengladbach Ausw\u00e4rtstrikot aus der Saison 2020\/21 von Puma.\u00a0<\/strong><\/p>\n<p data-start=\"103\" data-end=\"488\">Ausw\u00e4rtsmodell <strong data-start=\"119\" data-end=\"160\"><span class=\"hover:entity-accent entity-underline inline cursor-pointer align-baseline\"><span class=\"whitespace-normal\">Borussia M\u00f6nchengladbach<\/span><\/span><\/strong> z <strong data-start=\"163\" data-end=\"181\">Saison 2020\/21<\/strong>hergestellt von <strong data-start=\"203\" data-end=\"244\"><span class=\"hover:entity-accent entity-underline inline cursor-pointer align-baseline\"><span class=\"whitespace-normal\">Puma<\/span><\/span><\/strong>\u00a0w <strong data-start=\"247\" data-end=\"264\">Gr\u00f6\u00dfe XXL<\/strong>, kommt aus einer herausfordernden Zeit des Wettbewerbs auf nationaler und europ\u00e4ischer Ebene. Es war eine Saison, in der die Mannschaft ihre Leistungen in der Bundesliga mit denen in der Champions League kombinierte und ihre Position an der Spitze des deutschen Fu\u00dfballs best\u00e4tigte.<\/p>\n<p data-start=\"490\" data-end=\"931\">Das T-Shirt wurde hergestellt auf <strong data-start=\"524\" data-end=\"541\">schwarzer Sockel<\/strong>, und seine Vorderseite ist gekennzeichnet durch <strong data-start=\"564\" data-end=\"602\">geometrisches Muster aus grauen Streifen<\/strong>, die allm\u00e4hlich nach unten ausl\u00e4uft, was dem Design einen modernen und dynamischen Charakter verleiht. <strong data-start=\"692\" data-end=\"721\">\u00c4rmel und R\u00fcckseite des Hemdes<\/strong> bleiben einheitlich schwarz, was die Gesamtkomposition ausbalanciert. Auf der Vorderseite steht der Aufdruck des Sponsors im Mittelpunkt. <strong data-start=\"836\" data-end=\"846\">FlatEX<\/strong>, Sie hebt sich deutlich von dem dunklen Hintergrund ab und unterstreicht den aufgeschlossenen Charakter des Sets.<\/p>\n<p data-start=\"933\" data-end=\"1435\"><strong data-start=\"933\" data-end=\"950\">Saison 2020\/21<\/strong> war f\u00fcr <strong data-start=\"959\" data-end=\"987\">Borussia M\u00f6nchengladbach<\/strong> eine Periode intensiver Wettk\u00e4mpfe, die mit dem Einzug in die K.O.-Runde der Champions League nach erfolgreichen Leistungen in der Gruppenphase ihren H\u00f6hepunkt fand. Die Mannschaft konnte sich auf eine ausgewogene Aufstellung verlassen, wobei Schl\u00fcsselrollen von Spielern wie. <strong data-start=\"1200\" data-end=\"1241\"><span class=\"hover:entity-accent entity-underline inline cursor-pointer align-baseline\"><span class=\"whitespace-normal\">Lars Stindl<\/span><\/span><\/strong>, <strong data-start=\"1243\" data-end=\"1284\"><span class=\"hover:entity-accent entity-underline inline cursor-pointer align-baseline\"><span class=\"whitespace-normal\">Alassane Pl\u00e9a<\/span><\/span><\/strong>, <strong data-start=\"1286\" data-end=\"1327\"><span class=\"hover:entity-accent entity-underline inline cursor-pointer align-baseline\"><span class=\"whitespace-normal\">Marcus Thuram<\/span><\/span><\/strong> und <strong data-start=\"1333\" data-end=\"1374\" data-is-only-node=\"\"><span class=\"hover:entity-accent entity-underline inline cursor-pointer align-baseline\"><span class=\"whitespace-normal\">Yann Sommer<\/span><\/span><\/strong>, Er ist f\u00fcr die Stabilit\u00e4t der Mannschaft in beiden Spielh\u00e4lften verantwortlich.<\/p>\n<p data-start=\"1437\" data-end=\"1603\">Das T-Shirt ist hergestellt aus <strong data-start=\"1465\" data-end=\"1502\">leichtes und luftiges Material<\/strong>, a <strong data-start=\"1506\" data-end=\"1522\">breiter Schnitt<\/strong> w <strong data-start=\"1525\" data-end=\"1542\">Gr\u00f6\u00dfe XXL<\/strong> bietet eine entspannte, normgerechte Passform <strong data-start=\"1594\" data-end=\"1602\">Pumas<\/strong>.<\/p>\n<p data-start=\"1605\" data-end=\"1851\" data-is-last-node=\"\" data-is-only-node=\"\">Es ist ein Angebot f\u00fcr Sammler und Fans, die ein Original <strong data-start=\"1676\" data-end=\"1753\">Borussia M\u00f6nchengladbach Ausw\u00e4rtstrikot der Saison 2020\/21<\/strong>, Ein deutlicher Hinweis auf die europ\u00e4ischen Ambitionen der Saison und die moderne \u00c4sthetik der Vereinskost\u00fcme.<\/p>","protected":false},"featured_media":117045,"template":"","meta":{"_kad_blocks_custom_css":"","_kad_blocks_head_custom_js":"","_kad_blocks_body_custom_js":"","_kad_blocks_footer_custom_js":"","_kad_post_transparent":"default","_kad_post_title":"","_kad_post_layout":"default","_kad_post_sidebar_id":"","_kad_post_content_style":"default","_kad_post_vertical_padding":"default","_kad_post_feature":"","_kad_post_feature_position":"","_kad_post_header":false,"_kad_post_footer":false,"_kad_post_classname":""},"product_brand":[1287],"product_cat":[15,1449],"product_tag":[],"class_list":{"0":"post-116936","1":"product","2":"type-product","3":"status-publish","4":"has-post-thumbnail","6":"product_brand-puma","7":"product_cat-bez-kategorii","8":"product_cat-kluby-niemieckie-borussiamonchengladbach","9":"pa_homeawaythird-away","10":"pa_rozmiar-xxl","12":"first","13":"instock","14":"taxable","15":"shipping-taxable","16":"purchasable","17":"product-type-simple","18":"entry","19":"content-bg","20":"loop-entry"},"taxonomy_info":{"product_brand":[{"value":1287,"label":"Puma"}],"product_cat":[{"value":15,"label":"Bez kategorii"},{"value":1449,"label":"Borussia M\u00f6nchengladbach"}],"pa_homeawaythird":[{"value":1598,"label":"Away"}],"pa_rozmiar":[{"value":1819,"label":"XXL"}]},"featured_image_src_large":["https:\/\/footballthrift.shop\/wp-content\/uploads\/2026\/01\/Photoroom_032_20260121_162320-1024x1024.png",1024,1024,true],"author_info":[],"comment_info":"","_links":{"self":[{"href":"https:\/\/footballthrift.shop\/de\/wp-json\/wp\/v2\/product\/116936","targetHints":{"allow":["GET"]}}],"collection":[{"href":"https:\/\/footballthrift.shop\/de\/wp-json\/wp\/v2\/product"}],"about":[{"href":"https:\/\/footballthrift.shop\/de\/wp-json\/wp\/v2\/types\/product"}],"wp:featuredmedia":[{"embeddable":true,"href":"https:\/\/footballthrift.shop\/de\/wp-json\/wp\/v2\/media\/117045"}],"wp:attachment":[{"href":"https:\/\/footballthrift.shop\/de\/wp-json\/wp\/v2\/media?parent=116936"}],"wp:term":[{"taxonomy":"product_brand","embeddable":true,"href":"https:\/\/footballthrift.shop\/de\/wp-json\/wp\/v2\/product_brand?post=116936"},{"taxonomy":"product_cat","embeddable":true,"href":"https:\/\/footballthrift.shop\/de\/wp-json\/wp\/v2\/product_cat?post=116936"},{"taxonomy":"product_tag","embeddable":true,"href":"https:\/\/footballthrift.shop\/de\/wp-json\/wp\/v2\/product_tag?post=116936"}],"curies":[{"name":"wp","href":"https:\/\/api.w.org\/{rel}","templated":true}]}}