{"id":116802,"date":"2026-01-21T13:23:52","date_gmt":"2026-01-21T12:23:52","guid":{"rendered":"https:\/\/footballthrift.shop\/?post_type=product&#038;p=116802"},"modified":"2026-03-09T11:24:30","modified_gmt":"2026-03-09T10:24:30","slug":"koszulka-koszykarska-utah-jazz-alternate-24-lopez-m","status":"publish","type":"product","link":"https:\/\/footballthrift.shop\/de\/koszulka-koszykarska-utah-jazz-alternate-24-lopez-m\/","title":{"rendered":"Koszulka koszykarska Utah Jazz Alternate 24 Lopez [M]"},"content":{"rendered":"<p><strong>Verein:<\/strong> Utah Jazz<\/p>\n<p><strong>Saison:<\/strong> Alternative<\/p>\n<p><strong>Gr\u00f6\u00dfe: <\/strong>M<\/p>\n<p><strong>Zustand:<\/strong> Befriedigend - erhebliche Anzahl von Mikrostichen auf der Vorder- und R\u00fcckseite des Trikots.<\/p>\n<p><strong>Ma\u00dfe (Achselbreite\/L\u00e4nge) in cm: <\/strong>53\/72<\/p>","protected":false},"excerpt":{"rendered":"<p data-start=\"0\" data-end=\"79\"><strong data-start=\"0\" data-end=\"79\">Original alternatives Utah Jazz Basketballtrikot von Champion.\u00a0<\/strong><\/p>\n<p data-start=\"81\" data-end=\"514\">Alternatives Modell <strong data-start=\"100\" data-end=\"141\"><span class=\"hover:entity-accent entity-underline inline cursor-pointer align-baseline\"><span class=\"whitespace-normal\">Utah Jazz<\/span><\/span><\/strong>hergestellt von <strong data-start=\"163\" data-end=\"204\"><span class=\"hover:entity-accent entity-underline inline cursor-pointer align-baseline\"><span class=\"whitespace-normal\">Meister <\/span><\/span><\/strong>w <strong data-start=\"207\" data-end=\"222\">Gr\u00f6\u00dfe M<\/strong>, ist eine europ\u00e4ische Replik, die sich auf die Trikots bezieht, die der Verein zu Beginn des 21. Jahrhunderts trug. Es war eine Zeit des Generationswechsels in <strong>Salt Lake City<\/strong>, in der sich die Jazz allm\u00e4hlich von der legend\u00e4ren \u00c4ra der 1990er Jahre entfernten, neue Spieler in die Mannschaft einf\u00fchrten und eine neue sportliche Identit\u00e4t suchten.<\/p>\n<p data-start=\"516\" data-end=\"919\">Das T-Shirt wurde hergestellt in <strong data-start=\"549\" data-end=\"568\">schwarz<\/strong>mit ausgepr\u00e4gter <strong data-start=\"584\" data-end=\"639\">lila, orange und wei\u00df lackiert<\/strong>, Charakteristisch f\u00fcr eine moderne visuelle Identit\u00e4t <strong data-start=\"701\" data-end=\"714\">Utah Jazz<\/strong> aus dieser Zeit. Die Vorderseite weist in der Mitte <strong data-start=\"767\" data-end=\"783\">Teamlogo<\/strong>, die in Kombination mit den kontrastierenden Farben dem Design einen dynamischen und mutigen Charakter verleiht, der typisch f\u00fcr alternative NBA-Trikots ist.<\/p>\n<p data-start=\"921\" data-end=\"1290\">Auf der R\u00fcckseite befindet sich ein origineller Aufdruck. <strong data-start=\"963\" data-end=\"1004\"><span class=\"hover:entity-accent entity-underline inline cursor-pointer align-baseline\"><span class=\"whitespace-normal\">Ra\u00fal L\u00f3pez<\/span><\/span><\/strong>, ein spanischer Spielmacher, der die <strong data-start=\"1056\" data-end=\"1069\">Utah Jazz<\/strong> in den Jahren <strong data-start=\"1079\" data-end=\"1092\">2002-2005<\/strong>. L\u00f3pez war einer der ersten europ\u00e4ischen Spieler auf dieser Position in der NBA, und seine Anwesenheit in der Liga wurde als ein wichtiger Schritt zur \u00d6ffnung des Spiels f\u00fcr Basketballspieler von au\u00dferhalb der Vereinigten Staaten angesehen.<\/p>\n<p data-start=\"1292\" data-end=\"1741\">Obwohl sein Aufenthalt in <strong data-start=\"1310\" data-end=\"1323\">Utah Jazz<\/strong> fiel in die sportlich schwierigere Zeit des Vereins, <strong data-start=\"1370\" data-end=\"1384\">Ra\u00fal L\u00f3pez<\/strong> Er ging vor allem als eine f\u00fchrende Pers\u00f6nlichkeit des europ\u00e4ischen Basketballs in die Geschichte ein, bekannt f\u00fcr seine Leistungen in der <strong data-start=\"1489\" data-end=\"1530\"><span class=\"hover:entity-accent entity-underline inline cursor-pointer align-baseline\"><span class=\"whitespace-normal\">Real Madrid<\/span><\/span><\/strong> und die spanische Nationalmannschaft. Seine Karriere symbolisierte den \u00dcbergang zwischen dem europ\u00e4ischen und dem amerikanischen Spielstil und war ein wichtiger Bezugspunkt f\u00fcr die n\u00e4chste Generation von Spielern aus Europa, die in die NBA kamen.<\/p>\n<p data-start=\"1743\" data-end=\"1956\">Das T-Shirt ist hergestellt aus <strong data-start=\"1771\" data-end=\"1808\">leichtes und luftiges Material<\/strong>, und die K\u00fcrzung der <strong data-start=\"1819\" data-end=\"1834\">Gr\u00f6\u00dfe M<\/strong> bietet eine klassische, entspannte Passform im Einklang mit den Normen <strong data-start=\"1897\" data-end=\"1910\">Meister<\/strong> f\u00fcr europ\u00e4ische Nachbildungen aus dem fr\u00fchen 21. Jahrhundert.<\/p>\n<p data-start=\"1958\" data-end=\"2237\" data-is-last-node=\"\" data-is-only-node=\"\">Dies ist f\u00fcr Sammler und NBA-Fans, die das Original <strong data-start=\"2031\" data-end=\"2081\">Utah Jazz alternatives Basketballtrikot<\/strong> gedruckt <strong data-start=\"2094\" data-end=\"2110\">Ra\u00fal L\u00f3pez<\/strong>, Das ist ein klares Zeugnis f\u00fcr eine \u00dcbergangszeit in der Geschichte des Vereins und f\u00fcr die Anwesenheit eines der Pioniere des europ\u00e4ischen Basketballs in der NBA.<\/p>","protected":false},"featured_media":116897,"template":"","meta":{"_kad_blocks_custom_css":"","_kad_blocks_head_custom_js":"","_kad_blocks_body_custom_js":"","_kad_blocks_footer_custom_js":"","_kad_post_transparent":"default","_kad_post_title":"","_kad_post_layout":"default","_kad_post_sidebar_id":"","_kad_post_content_style":"default","_kad_post_vertical_padding":"default","_kad_post_feature":"","_kad_post_feature_position":"","_kad_post_header":false,"_kad_post_footer":false,"_kad_post_classname":""},"product_brand":[1302],"product_cat":[15,1954],"product_tag":[],"class_list":{"0":"post-116802","1":"product","2":"type-product","3":"status-publish","4":"has-post-thumbnail","6":"product_brand-champion","7":"product_cat-bez-kategorii","8":"product_cat-koszykowka","9":"pa_homeawaythird-awaylternate","10":"pa_rozmiar-m","12":"first","13":"instock","14":"taxable","15":"shipping-taxable","16":"purchasable","17":"product-type-simple","18":"entry","19":"content-bg","20":"loop-entry"},"taxonomy_info":{"product_brand":[{"value":1302,"label":"Champion"}],"product_cat":[{"value":15,"label":"Bez kategorii"},{"value":1954,"label":"Koszyk\u00f3wka"}],"pa_homeawaythird":[{"value":1960,"label":"Awaylternate"}],"pa_rozmiar":[{"value":1816,"label":"M"}]},"featured_image_src_large":["https:\/\/footballthrift.shop\/wp-content\/uploads\/2026\/01\/Photoroom_005_20260117_104634-1024x1024.png",1024,1024,true],"author_info":[],"comment_info":"","_links":{"self":[{"href":"https:\/\/footballthrift.shop\/de\/wp-json\/wp\/v2\/product\/116802","targetHints":{"allow":["GET"]}}],"collection":[{"href":"https:\/\/footballthrift.shop\/de\/wp-json\/wp\/v2\/product"}],"about":[{"href":"https:\/\/footballthrift.shop\/de\/wp-json\/wp\/v2\/types\/product"}],"wp:featuredmedia":[{"embeddable":true,"href":"https:\/\/footballthrift.shop\/de\/wp-json\/wp\/v2\/media\/116897"}],"wp:attachment":[{"href":"https:\/\/footballthrift.shop\/de\/wp-json\/wp\/v2\/media?parent=116802"}],"wp:term":[{"taxonomy":"product_brand","embeddable":true,"href":"https:\/\/footballthrift.shop\/de\/wp-json\/wp\/v2\/product_brand?post=116802"},{"taxonomy":"product_cat","embeddable":true,"href":"https:\/\/footballthrift.shop\/de\/wp-json\/wp\/v2\/product_cat?post=116802"},{"taxonomy":"product_tag","embeddable":true,"href":"https:\/\/footballthrift.shop\/de\/wp-json\/wp\/v2\/product_tag?post=116802"}],"curies":[{"name":"wp","href":"https:\/\/api.w.org\/{rel}","templated":true}]}}