{"id":116800,"date":"2026-01-21T13:23:52","date_gmt":"2026-01-21T12:23:52","guid":{"rendered":"https:\/\/footballthrift.shop\/?post_type=product&#038;p=116800"},"modified":"2026-03-09T11:24:30","modified_gmt":"2026-03-09T10:24:30","slug":"koszulka-koszykarska-philadelphia-76ers-home-3-iverson-l","status":"publish","type":"product","link":"https:\/\/footballthrift.shop\/de\/koszulka-koszykarska-philadelphia-76ers-home-3-iverson-l\/","title":{"rendered":"Koszulka koszykarska Philadelphia 76ers Home 3 Iverson [L]"},"content":{"rendered":"<p><strong>Verein:<\/strong> Philadelphia 76ers<\/p>\n<p><strong>Saison:<\/strong> Startseite<\/p>\n<p><strong>Gr\u00f6\u00dfe: <\/strong>L<\/p>\n<p><strong>Zustand:<\/strong> Gut - zwei geringf\u00fcgige Verschmutzungen und ein Markierungszeichen auf dem Gr\u00f6\u00dfenfeld auf der Vorderseite.<\/p>\n<p><strong>Ma\u00dfe (Achselbreite\/L\u00e4nge) in cm: <\/strong>57\/80<\/p>","protected":false},"excerpt":{"rendered":"<div class=\"flex flex-col text-sm pb-25\">\n<article class=\"text-token-text-primary w-full focus:outline-none [--shadow-height:45px] has-data-writing-block:pointer-events-none has-data-writing-block:-mt-(--shadow-height) has-data-writing-block:pt-(--shadow-height) [&amp;:has([data-writing-block])&gt;*]:pointer-events-auto scroll-mt-[calc(var(--header-height)+min(200px,max(70px,20svh)))]\" dir=\"auto\" tabindex=\"-1\" data-turn-id=\"2401e34a-b66d-4fdd-b73b-644ffd7fbeb3\" data-testid=\"conversation-turn-56\" data-scroll-anchor=\"true\" data-turn=\"assistant\">\n<div class=\"text-base my-auto mx-auto pb-10 [--thread-content-margin:--spacing(4)] @w-sm\/main:[--thread-content-margin:--spacing(6)] @w-lg\/main:[--thread-content-margin:--spacing(16)] px-(--thread-content-margin)\">\n<div class=\"[--thread-content-max-width:40rem] @w-lg\/main:[--thread-content-max-width:48rem] mx-auto max-w-(--thread-content-max-width) flex-1 group\/turn-messages focus-visible:outline-hidden relative flex w-full min-w-0 flex-col agent-turn\" tabindex=\"-1\">\n<div class=\"flex max-w-full flex-col grow\">\n<div class=\"min-h-8 text-message relative flex w-full flex-col items-end gap-2 text-start break-words whitespace-normal [.text-message+&amp;]:mt-1\" dir=\"auto\" data-message-author-role=\"assistant\" data-message-id=\"6371c0c0-7dce-46f6-8ac4-b0e98b5f5805\" data-message-model-slug=\"gpt-5-2\">\n<div class=\"flex w-full flex-col gap-1 empty:hidden first:pt-[1px]\">\n<div class=\"markdown prose dark:prose-invert w-full break-words light markdown-new-styling\">\n<p data-start=\"0\" data-end=\"82\"><strong data-start=\"0\" data-end=\"82\">Oryginalna domowa koszykarska koszulka Philadelphia 76ers produkcji Championa.\u00a0<\/strong><\/p>\n<p data-start=\"84\" data-end=\"499\">Domowy model <strong data-start=\"97\" data-end=\"138\"><span class=\"hover:entity-accent entity-underline inline cursor-pointer align-baseline\"><span class=\"whitespace-normal\">Philadelphia 76ers<\/span><\/span><\/strong>, wyprodukowany przez <strong data-start=\"160\" data-end=\"201\"><span class=\"hover:entity-accent entity-underline inline cursor-pointer align-baseline\"><span class=\"whitespace-normal\">Champion<\/span><\/span><\/strong> w <strong data-start=\"204\" data-end=\"219\">rozmiarze L<\/strong>, stanowi europejsk\u0105 replik\u0119 nawi\u0105zuj\u0105c\u0105 do koszulek u\u017cywanych przez klub <strong data-start=\"293\" data-end=\"342\">pod koniec lat 90. oraz na pocz\u0105tku XXI wieku<\/strong>. By\u0142 to okres, w kt\u00f3rym Sixers ponownie znale\u017ali si\u0119 w centrum zainteresowania ligi, buduj\u0105c swoj\u0105 to\u017csamo\u015b\u0107 wok\u00f3\u0142 jednego, absolutnie kluczowego zawodnika.<\/p>\n<p data-start=\"501\" data-end=\"902\">Koszulka zosta\u0142a wyprodukowana na <strong data-start=\"535\" data-end=\"551\">bia\u0142ej bazie<\/strong>, z wyrazistymi <strong data-start=\"567\" data-end=\"615\">czarnymi, z\u0142otymi i czerwonymi wyko\u0144czeniami<\/strong>, kt\u00f3re definiowa\u0142y identyfikacj\u0119 wizualn\u0105 <strong data-start=\"658\" data-end=\"680\">Philadelphia 76ers<\/strong> w tamtym czasie. Na froncie znajduje si\u0119 <strong data-start=\"722\" data-end=\"741\">du\u017ce logo klubu<\/strong>, a tu\u017c pod ko\u0142nierzem umieszczono charakterystyczn\u0105 <strong data-start=\"794\" data-end=\"806\">gwiazdk\u0119<\/strong>, b\u0119d\u0105c\u0105 jednym z rozpoznawalnych detali projekt\u00f3w z tej ery i nawi\u0105zuj\u0105c\u0105 do symboliki zespo\u0142u.<\/p>\n<p data-start=\"904\" data-end=\"1328\">Na plecach znajduje si\u0119 oryginalny nadruk <strong data-start=\"946\" data-end=\"987\"><span class=\"hover:entity-accent entity-underline inline cursor-pointer align-baseline\"><span class=\"whitespace-normal\">Allena Iversona<\/span><\/span><\/strong>, kt\u00f3ry reprezentowa\u0142 <strong data-start=\"1009\" data-end=\"1031\">Philadelphia 76ers<\/strong> w latach <strong data-start=\"1041\" data-end=\"1054\">1996\u20132006<\/strong>, a nast\u0119pnie powr\u00f3ci\u0142 do klubu jeszcze na kr\u00f3tki okres w <strong data-start=\"1112\" data-end=\"1125\">2009 roku<\/strong>. Iverson by\u0142 niekwestionowanym liderem dru\u017cyny, symbolem jej charakteru i intensywno\u015bci gry, a jego styl, charyzma i nieust\u0119pliwo\u015b\u0107 na parkiecie ca\u0142kowicie zdefiniowa\u0142y wizerunek Sixers prze\u0142omu wiek\u00f3w.<\/p>\n<p data-start=\"1330\" data-end=\"1751\">Czasy gry <strong data-start=\"1340\" data-end=\"1359\">Allena Iversona<\/strong> w <strong data-start=\"1362\" data-end=\"1384\">Philadelphia 76ers<\/strong> to najbardziej rozpoznawalny etap w historii klubu od lat 80., zwie\u0144czony awansem do <strong data-start=\"1470\" data-end=\"1497\">Fina\u0142\u00f3w NBA w 2001 roku<\/strong> oraz tytu\u0142em <strong data-start=\"1511\" data-end=\"1538\">MVP sezonu zasadniczego<\/strong> dla samego zawodnika. Jego wp\u0142yw na organizacj\u0119 wykracza\u0142 daleko poza statystyki \u2014 uczyni\u0142 Sixers jedn\u0105 z najbardziej medialnych i wyrazistych dru\u017cyn ligi, a jego posta\u0107 do dzi\u015b pozostaje ikon\u0105 klubu i ca\u0142ej NBA.<\/p>\n<p data-start=\"1753\" data-end=\"1971\">Koszulka zosta\u0142a wykonana z <strong data-start=\"1781\" data-end=\"1818\">lekkiego i przewiewnego materia\u0142u<\/strong>, a kr\u00f3j w <strong data-start=\"1829\" data-end=\"1844\">rozmiarze L<\/strong> oferuje klasyczne, swobodne dopasowanie zgodne ze standardami <strong data-start=\"1907\" data-end=\"1920\">Championa<\/strong> dla europejskich replik z prze\u0142omu lat 90. i 2000.<\/p>\n<p data-start=\"1973\" data-end=\"2213\" data-is-last-node=\"\" data-is-only-node=\"\">To propozycja dla kolekcjoner\u00f3w oraz fan\u00f3w NBA poszukuj\u0105cych oryginalnej <strong data-start=\"2046\" data-end=\"2099\">domowej koszykarskiej koszulki Philadelphia 76ers<\/strong> z nadrukiem <strong data-start=\"2112\" data-end=\"2131\">Allena Iversona<\/strong>, stanowi\u0105cej czytelny zapis jednej z najbardziej ikonicznych er w historii klubu.<\/p>\n<\/div>\n<\/div>\n<\/div>\n<\/div>\n<\/div>\n<\/div>\n<\/article>\n<\/div>\n","protected":false},"featured_media":116880,"template":"","meta":{"_kad_blocks_custom_css":"","_kad_blocks_head_custom_js":"","_kad_blocks_body_custom_js":"","_kad_blocks_footer_custom_js":"","_kad_post_transparent":"default","_kad_post_title":"","_kad_post_layout":"default","_kad_post_sidebar_id":"","_kad_post_content_style":"default","_kad_post_vertical_padding":"default","_kad_post_feature":"","_kad_post_feature_position":"","_kad_post_header":false,"_kad_post_footer":false,"_kad_post_classname":""},"product_brand":[1302],"product_cat":[15,1954],"product_tag":[],"class_list":{"0":"post-116800","1":"product","2":"type-product","3":"status-publish","4":"has-post-thumbnail","6":"product_brand-champion","7":"product_cat-bez-kategorii","8":"product_cat-koszykowka","9":"pa_homeawaythird-home","10":"pa_rozmiar-l","12":"first","13":"instock","14":"taxable","15":"shipping-taxable","16":"purchasable","17":"product-type-simple","18":"entry","19":"content-bg","20":"loop-entry"},"taxonomy_info":{"product_brand":[{"value":1302,"label":"Champion"}],"product_cat":[{"value":15,"label":"Bez kategorii"},{"value":1954,"label":"Koszyk\u00f3wka"}],"pa_homeawaythird":[{"value":1597,"label":"Home"}],"pa_rozmiar":[{"value":1817,"label":"L"}]},"featured_image_src_large":["https:\/\/footballthrift.shop\/wp-content\/uploads\/2026\/01\/Photoroom_017_20260117_104634-1024x1024.png",1024,1024,true],"author_info":[],"comment_info":"","_links":{"self":[{"href":"https:\/\/footballthrift.shop\/de\/wp-json\/wp\/v2\/product\/116800","targetHints":{"allow":["GET"]}}],"collection":[{"href":"https:\/\/footballthrift.shop\/de\/wp-json\/wp\/v2\/product"}],"about":[{"href":"https:\/\/footballthrift.shop\/de\/wp-json\/wp\/v2\/types\/product"}],"wp:featuredmedia":[{"embeddable":true,"href":"https:\/\/footballthrift.shop\/de\/wp-json\/wp\/v2\/media\/116880"}],"wp:attachment":[{"href":"https:\/\/footballthrift.shop\/de\/wp-json\/wp\/v2\/media?parent=116800"}],"wp:term":[{"taxonomy":"product_brand","embeddable":true,"href":"https:\/\/footballthrift.shop\/de\/wp-json\/wp\/v2\/product_brand?post=116800"},{"taxonomy":"product_cat","embeddable":true,"href":"https:\/\/footballthrift.shop\/de\/wp-json\/wp\/v2\/product_cat?post=116800"},{"taxonomy":"product_tag","embeddable":true,"href":"https:\/\/footballthrift.shop\/de\/wp-json\/wp\/v2\/product_tag?post=116800"}],"curies":[{"name":"wp","href":"https:\/\/api.w.org\/{rel}","templated":true}]}}