{"id":116799,"date":"2026-01-21T13:23:53","date_gmt":"2026-01-21T12:23:53","guid":{"rendered":"https:\/\/footballthrift.shop\/?post_type=product&#038;p=116799"},"modified":"2026-03-09T11:24:29","modified_gmt":"2026-03-09T10:24:29","slug":"koszulka-koszykarska-orlando-magic-away-1-mcgrady-s","status":"publish","type":"product","link":"https:\/\/footballthrift.shop\/de\/koszulka-koszykarska-orlando-magic-away-1-mcgrady-s\/","title":{"rendered":"Koszulka koszykarska Orlando Magic Away 1 McGrady [S]"},"content":{"rendered":"<p><strong>Verein:<\/strong> Orlando Magie<\/p>\n<p><strong>Saison:<\/strong> Ausw\u00e4rts<\/p>\n<p><strong>Gr\u00f6\u00dfe: <\/strong>S<\/p>\n<p><strong>Zustand:<\/strong> Sehr gut - ein paar Mikrostiche.<\/p>\n<p><strong>Ma\u00dfe (Achselbreite\/L\u00e4nge) in cm: <\/strong>50\/70<\/p>","protected":false},"excerpt":{"rendered":"<div class=\"flex flex-col text-sm pb-25\">\n<article class=\"text-token-text-primary w-full focus:outline-none [--shadow-height:45px] has-data-writing-block:pointer-events-none has-data-writing-block:-mt-(--shadow-height) has-data-writing-block:pt-(--shadow-height) [&amp;:has([data-writing-block])&gt;*]:pointer-events-auto scroll-mt-[calc(var(--header-height)+min(200px,max(70px,20svh)))]\" dir=\"auto\" tabindex=\"-1\" data-turn-id=\"79dc19b4-953d-4fff-a29c-624998ad2639\" data-testid=\"conversation-turn-54\" data-scroll-anchor=\"true\" data-turn=\"assistant\">\n<div class=\"text-base my-auto mx-auto pb-10 [--thread-content-margin:--spacing(4)] @w-sm\/main:[--thread-content-margin:--spacing(6)] @w-lg\/main:[--thread-content-margin:--spacing(16)] px-(--thread-content-margin)\">\n<div class=\"[--thread-content-max-width:40rem] @w-lg\/main:[--thread-content-max-width:48rem] mx-auto max-w-(--thread-content-max-width) flex-1 group\/turn-messages focus-visible:outline-hidden relative flex w-full min-w-0 flex-col agent-turn\" tabindex=\"-1\">\n<div class=\"flex max-w-full flex-col grow\">\n<div class=\"min-h-8 text-message relative flex w-full flex-col items-end gap-2 text-start break-words whitespace-normal [.text-message+&amp;]:mt-1\" dir=\"auto\" data-message-author-role=\"assistant\" data-message-id=\"bfcd948b-24aa-4230-9dec-0d2b043fefa5\" data-message-model-slug=\"gpt-5-2\">\n<div class=\"flex w-full flex-col gap-1 empty:hidden first:pt-[1px]\">\n<div class=\"markdown prose dark:prose-invert w-full break-words light markdown-new-styling\">\n<p data-start=\"0\" data-end=\"80\"><strong data-start=\"0\" data-end=\"80\">Oryginalna wyjazdowa koszykarska koszulka Orlando Magic produkcji Championa.\u00a0<\/strong><\/p>\n<p data-start=\"82\" data-end=\"499\">Wyjazdowy model <strong data-start=\"98\" data-end=\"139\"><span class=\"hover:entity-accent entity-underline inline cursor-pointer align-baseline\"><span class=\"whitespace-normal\">Orlando Magic<\/span><\/span><\/strong>, wyprodukowany przez <strong data-start=\"161\" data-end=\"202\"><span class=\"hover:entity-accent entity-underline inline cursor-pointer align-baseline\"><span class=\"whitespace-normal\">Champion<\/span><\/span><\/strong> w <strong data-start=\"205\" data-end=\"220\">rozmiarze S<\/strong>, stanowi europejsk\u0105 replik\u0119 nawi\u0105zuj\u0105c\u0105 do koszulek u\u017cywanych przez klub na <strong data-start=\"297\" data-end=\"319\">pocz\u0105tku XXI wieku<\/strong>. By\u0142 to okres przej\u015bciowy, w kt\u00f3rym Orlando budowa\u0142o now\u0105 to\u017csamo\u015b\u0107 po latach 90., opieraj\u0105c przysz\u0142o\u015b\u0107 zespo\u0142u na jednym z najbardziej utalentowanych zawodnik\u00f3w swojej generacji.<\/p>\n<p data-start=\"501\" data-end=\"896\">Koszulka zosta\u0142a wyprodukowana na <strong data-start=\"535\" data-end=\"556\">niebieskiej bazie<\/strong>, z <strong data-start=\"560\" data-end=\"596\">bia\u0142ymi i czarnymi wyko\u0144czeniami<\/strong>, kt\u00f3re podkre\u015blaj\u0105 charakterystyczn\u0105 dla <strong data-start=\"638\" data-end=\"655\">Orlando Magic<\/strong> kolorystyk\u0119 tamtego okresu. Na froncie, tu\u017c pod ko\u0142nierzem, umieszczono <strong data-start=\"728\" data-end=\"752\">symboliczn\u0105 gwiazdk\u0119<\/strong>, b\u0119d\u0105c\u0105 jednym z rozpoznawalnych element\u00f3w wizualnych klubowych projekt\u00f3w z pocz\u0105tku XXI wieku i nawi\u0105zuj\u0105c\u0105 do kosmicznej identyfikacji marki.<\/p>\n<p data-start=\"898\" data-end=\"1262\">Na plecach znajduje si\u0119 oryginalny nadruk <strong data-start=\"940\" data-end=\"981\"><span class=\"hover:entity-accent entity-underline inline cursor-pointer align-baseline\"><span class=\"whitespace-normal\">Tracy&#8217;ego McGrady&#8217;ego<\/span><\/span><\/strong>, zawodnika, kt\u00f3ry w tamtym czasie by\u0142 absolutnym liderem <strong data-start=\"1039\" data-end=\"1056\">Orlando Magic<\/strong> i jedn\u0105 z najwi\u0119kszych gwiazd NBA. McGrady imponowa\u0142 niesamowit\u0105 wszechstronno\u015bci\u0105 ofensywn\u0105, regularnie zdobywaj\u0105c najwy\u017csze indywidualne wyr\u00f3\u017cnienia i b\u0119d\u0105c g\u0142\u00f3wnym punktem odniesienia dla ca\u0142ej dru\u017cyny.<\/p>\n<p data-start=\"1264\" data-end=\"1651\">Okres gry <strong data-start=\"1274\" data-end=\"1299\">Tracy\u2019ego McGrady\u2019ego<\/strong> w <strong data-start=\"1302\" data-end=\"1319\">Orlando Magic<\/strong> przypada\u0142 na lata, w kt\u00f3rych klub opiera\u0142 swoje ambicje niemal wy\u0142\u0105cznie na jego talencie. Cho\u0107 dru\u017cyna nie odnosi\u0142a w\u00f3wczas najwi\u0119kszych sukces\u00f3w zespo\u0142owych, wyst\u0119py McGrady\u2019ego uczyni\u0142y Magic jedn\u0105 z najbardziej obserwowanych i widowiskowych ekip ligi, a sam zawodnik na sta\u0142e zapisa\u0142 si\u0119 w historii klubu jako ikona tamtej ery.<\/p>\n<p data-start=\"1653\" data-end=\"1866\">Koszulka zosta\u0142a wykonana z <strong data-start=\"1681\" data-end=\"1718\">lekkiego i przewiewnego materia\u0142u<\/strong>, a kr\u00f3j w <strong data-start=\"1729\" data-end=\"1744\">rozmiarze S<\/strong> oferuje klasyczne, swobodne dopasowanie zgodne ze standardami <strong data-start=\"1807\" data-end=\"1820\">Championa<\/strong> dla europejskich replik z pocz\u0105tku XXI wieku.<\/p>\n<p data-start=\"1868\" data-end=\"2154\" data-is-last-node=\"\" data-is-only-node=\"\">To propozycja dla kolekcjoner\u00f3w oraz fan\u00f3w NBA poszukuj\u0105cych oryginalnej <strong data-start=\"1941\" data-end=\"1992\">wyjazdowej koszykarskiej koszulki Orlando Magic<\/strong> z nadrukiem <strong data-start=\"2005\" data-end=\"2030\">Tracy\u2019ego McGrady\u2019ego<\/strong>, stanowi\u0105cej czytelny zapis wyj\u0105tkowego okresu w historii klubu i kariery jednego z najbardziej efektownych strzelc\u00f3w ligi.<\/p>\n<\/div>\n<\/div>\n<\/div>\n<\/div>\n<\/div>\n<\/div>\n<\/article>\n<\/div>\n","protected":false},"featured_media":116872,"template":"","meta":{"_kad_blocks_custom_css":"","_kad_blocks_head_custom_js":"","_kad_blocks_body_custom_js":"","_kad_blocks_footer_custom_js":"","_kad_post_transparent":"default","_kad_post_title":"","_kad_post_layout":"default","_kad_post_sidebar_id":"","_kad_post_content_style":"default","_kad_post_vertical_padding":"default","_kad_post_feature":"","_kad_post_feature_position":"","_kad_post_header":false,"_kad_post_footer":false,"_kad_post_classname":""},"product_brand":[1302],"product_cat":[15,1954],"product_tag":[],"class_list":{"0":"post-116799","1":"product","2":"type-product","3":"status-publish","4":"has-post-thumbnail","6":"product_brand-champion","7":"product_cat-bez-kategorii","8":"product_cat-koszykowka","9":"pa_homeawaythird-away","10":"pa_rozmiar-s","12":"first","13":"instock","14":"taxable","15":"shipping-taxable","16":"purchasable","17":"product-type-simple","18":"entry","19":"content-bg","20":"loop-entry"},"taxonomy_info":{"product_brand":[{"value":1302,"label":"Champion"}],"product_cat":[{"value":15,"label":"Bez kategorii"},{"value":1954,"label":"Koszyk\u00f3wka"}],"pa_homeawaythird":[{"value":1598,"label":"Away"}],"pa_rozmiar":[{"value":1815,"label":"S"}]},"featured_image_src_large":["https:\/\/footballthrift.shop\/wp-content\/uploads\/2026\/01\/Photoroom_019_20260117_104634-1024x1024.png",1024,1024,true],"author_info":[],"comment_info":"","_links":{"self":[{"href":"https:\/\/footballthrift.shop\/de\/wp-json\/wp\/v2\/product\/116799","targetHints":{"allow":["GET"]}}],"collection":[{"href":"https:\/\/footballthrift.shop\/de\/wp-json\/wp\/v2\/product"}],"about":[{"href":"https:\/\/footballthrift.shop\/de\/wp-json\/wp\/v2\/types\/product"}],"wp:featuredmedia":[{"embeddable":true,"href":"https:\/\/footballthrift.shop\/de\/wp-json\/wp\/v2\/media\/116872"}],"wp:attachment":[{"href":"https:\/\/footballthrift.shop\/de\/wp-json\/wp\/v2\/media?parent=116799"}],"wp:term":[{"taxonomy":"product_brand","embeddable":true,"href":"https:\/\/footballthrift.shop\/de\/wp-json\/wp\/v2\/product_brand?post=116799"},{"taxonomy":"product_cat","embeddable":true,"href":"https:\/\/footballthrift.shop\/de\/wp-json\/wp\/v2\/product_cat?post=116799"},{"taxonomy":"product_tag","embeddable":true,"href":"https:\/\/footballthrift.shop\/de\/wp-json\/wp\/v2\/product_tag?post=116799"}],"curies":[{"name":"wp","href":"https:\/\/api.w.org\/{rel}","templated":true}]}}