{"id":116797,"date":"2026-01-21T13:23:54","date_gmt":"2026-01-21T12:23:54","guid":{"rendered":"https:\/\/footballthrift.shop\/?post_type=product&#038;p=116797"},"modified":"2026-03-09T11:24:29","modified_gmt":"2026-03-09T10:24:29","slug":"los-angeles-lakers-nach-hause-8-bryant-basketball-trikot-m","status":"publish","type":"product","link":"https:\/\/footballthrift.shop\/de\/koszulka-koszykarska-los-angeles-lakers-home-8-bryant-m\/","title":{"rendered":"Koszulka koszykarska Los Angeles Lakers Home 8 Bryant [M]"},"content":{"rendered":"<p><strong>Verein:<\/strong> Los Angeles Lakers<\/p>\n<p><strong>Saison:<\/strong> Startseite<\/p>\n<p><strong>Gr\u00f6\u00dfe: <\/strong>M<\/p>\n<p><strong>Zustand:<\/strong> Sehr gut - ein paar Mikrostiche.<\/p>\n<p><strong>Ma\u00dfe (Achselbreite\/L\u00e4nge) in cm: <\/strong>53\/72<\/p>","protected":false},"excerpt":{"rendered":"<p data-start=\"0\" data-end=\"82\"><strong data-start=\"0\" data-end=\"82\">Original Los Angeles Lakers Home Basketball Trikot von Champion.\u00a0<\/strong><\/p>\n<p data-start=\"84\" data-end=\"513\">Heimmodell <strong data-start=\"97\" data-end=\"138\"><span class=\"hover:entity-accent entity-underline inline cursor-pointer align-baseline\"><span class=\"whitespace-normal\">Los Angeles Lakers<\/span><\/span><\/strong>hergestellt von <strong data-start=\"160\" data-end=\"201\"><span class=\"hover:entity-accent entity-underline inline cursor-pointer align-baseline\"><span class=\"whitespace-normal\">Meister<\/span><\/span><\/strong> w <strong data-start=\"204\" data-end=\"219\">Gr\u00f6\u00dfe M<\/strong>, ist eine europ\u00e4ische Replik, die sich auf die Trikots bezieht, die der Verein in <strong data-start=\"295\" data-end=\"315\">1999-2006<\/strong>. Es war eine Zeit der absoluten Vorherrschaft <strong>Lakers<\/strong> w <strong>NBA<\/strong> und baute eine der bekanntesten Dynastien der Jahrhundertwende auf, die auf einschneidenden F\u00fchrungspers\u00f6nlichkeiten und spektakul\u00e4ren sportlichen Erfolgen beruhte.<\/p>\n<p data-start=\"515\" data-end=\"888\">Das T-Shirt wurde in der klassischen <strong data-start=\"559\" data-end=\"577\">gelbliche Farbe<\/strong>erg\u00e4nzt durch <strong data-start=\"592\" data-end=\"631\">wei\u00df und violett lackiert<\/strong>, die seit Jahrzehnten die h\u00e4usliche \u00c4sthetik bestimmen <strong data-start=\"674\" data-end=\"696\">Los Angeles Lakers<\/strong>. Das \u00e4rmellose Design und die kontrastierenden Farbdetails spiegeln den Stil der Basketballtrikots des fr\u00fchen 21. Jahrhunderts wider, die unverkennbar mit den Meisterschaftssaisons des Vereins verbunden sind.<\/p>\n<p data-start=\"890\" data-end=\"1250\">Auf der R\u00fcckseite befindet sich ein origineller Aufdruck. <strong data-start=\"932\" data-end=\"973\"><span class=\"hover:entity-accent entity-underline inline cursor-pointer align-baseline\"><span class=\"whitespace-normal\">Kobe Bryant<\/span><\/span><\/strong> z <strong data-start=\"976\" data-end=\"989\">Nummer 8<\/strong>, die er in der ersten, dynamischen Phase seiner NBA-Karriere trug. Mit dieser Nummer gewann Bryant seine erste Meisterschaft, entwickelte sich zu einem der gr\u00f6\u00dften Stars im Weltbasketball und wurde zum Symbol einer neuen \u00c4ra der <strong data-start=\"1227\" data-end=\"1249\">Los Angeles Lakers<\/strong>.<\/p>\n<p data-start=\"1252\" data-end=\"1583\">Spielzeit <strong data-start=\"1262\" data-end=\"1278\">Kobe Bryant<\/strong> mit der Zahl 8 in <strong data-start=\"1293\" data-end=\"1315\">Los Angeles Lakers<\/strong> Die Entwicklung, der spektakul\u00e4re Spielstil und die unerbittliche Siegermentalit\u00e4t des Teams waren entscheidend f\u00fcr die Erfolge des Clubs und die Entstehung seiner heutigen Legende.<\/p>\n<p data-start=\"1585\" data-end=\"1794\">Das T-Shirt ist hergestellt aus <strong data-start=\"1613\" data-end=\"1650\">leichtes und luftiges Material<\/strong>, und die K\u00fcrzung der <strong data-start=\"1661\" data-end=\"1676\">Gr\u00f6\u00dfe M<\/strong> bietet eine klassische, entspannte Passform im Einklang mit den Normen <strong data-start=\"1739\" data-end=\"1752\">Meister<\/strong> f\u00fcr europ\u00e4ische Nachbildungen aus dieser Zeit.<\/p>\n<p data-start=\"1796\" data-end=\"2053\" data-is-last-node=\"\" data-is-only-node=\"\">Dies ist f\u00fcr Sammler und NBA-Fans, die das Original <strong data-start=\"1869\" data-end=\"1922\">Los Angeles Lakers Basketballtrikot nach Hause<\/strong> gedruckt <strong data-start=\"1935\" data-end=\"1955\">Kobe Bryant tr\u00e4gt immer noch die Nummer 8<\/strong>, Damit wird eine der erfolgreichsten und kultigsten Epochen in der Geschichte des Vereins dokumentiert.<\/p>","protected":false},"featured_media":116852,"template":"","meta":{"_kad_blocks_custom_css":"","_kad_blocks_head_custom_js":"","_kad_blocks_body_custom_js":"","_kad_blocks_footer_custom_js":"","_kad_post_transparent":"default","_kad_post_title":"","_kad_post_layout":"default","_kad_post_sidebar_id":"","_kad_post_content_style":"default","_kad_post_vertical_padding":"default","_kad_post_feature":"","_kad_post_feature_position":"","_kad_post_header":false,"_kad_post_footer":false,"_kad_post_classname":""},"product_brand":[],"product_cat":[15,1954],"product_tag":[],"class_list":{"0":"post-116797","1":"product","2":"type-product","3":"status-publish","4":"has-post-thumbnail","6":"product_cat-bez-kategorii","7":"product_cat-koszykowka","8":"pa_homeawaythird-home","9":"pa_rozmiar-m","11":"first","12":"instock","13":"taxable","14":"shipping-taxable","15":"purchasable","16":"product-type-simple","17":"entry","18":"content-bg","19":"loop-entry"},"taxonomy_info":{"product_cat":[{"value":15,"label":"Bez kategorii"},{"value":1954,"label":"Koszyk\u00f3wka"}],"pa_homeawaythird":[{"value":1597,"label":"Home"}],"pa_rozmiar":[{"value":1816,"label":"M"}]},"featured_image_src_large":["https:\/\/footballthrift.shop\/wp-content\/uploads\/2026\/01\/Photoroom_025_20260117_104634-1024x1024.png",1024,1024,true],"author_info":[],"comment_info":"","_links":{"self":[{"href":"https:\/\/footballthrift.shop\/de\/wp-json\/wp\/v2\/product\/116797","targetHints":{"allow":["GET"]}}],"collection":[{"href":"https:\/\/footballthrift.shop\/de\/wp-json\/wp\/v2\/product"}],"about":[{"href":"https:\/\/footballthrift.shop\/de\/wp-json\/wp\/v2\/types\/product"}],"wp:featuredmedia":[{"embeddable":true,"href":"https:\/\/footballthrift.shop\/de\/wp-json\/wp\/v2\/media\/116852"}],"wp:attachment":[{"href":"https:\/\/footballthrift.shop\/de\/wp-json\/wp\/v2\/media?parent=116797"}],"wp:term":[{"taxonomy":"product_brand","embeddable":true,"href":"https:\/\/footballthrift.shop\/de\/wp-json\/wp\/v2\/product_brand?post=116797"},{"taxonomy":"product_cat","embeddable":true,"href":"https:\/\/footballthrift.shop\/de\/wp-json\/wp\/v2\/product_cat?post=116797"},{"taxonomy":"product_tag","embeddable":true,"href":"https:\/\/footballthrift.shop\/de\/wp-json\/wp\/v2\/product_tag?post=116797"}],"curies":[{"name":"wp","href":"https:\/\/api.w.org\/{rel}","templated":true}]}}