{"id":116795,"date":"2026-01-21T13:23:55","date_gmt":"2026-01-21T12:23:55","guid":{"rendered":"https:\/\/footballthrift.shop\/?post_type=product&#038;p=116795"},"modified":"2026-03-09T11:24:29","modified_gmt":"2026-03-09T10:24:29","slug":"koszulka-koszykarska-swingman-los-angeles-lakers-2013-home-24-bryant-m","status":"publish","type":"product","link":"https:\/\/footballthrift.shop\/de\/koszulka-koszykarska-swingman-los-angeles-lakers-2013-home-24-bryant-m\/","title":{"rendered":"Koszulka koszykarska SWINGMAN Los Angeles Lakers 2013 Home 24 Bryant [M]"},"content":{"rendered":"<p><strong>Verein:<\/strong> Los Angeles Lakers<\/p>\n<p><strong>Saison:<\/strong> 2013 Startseite<\/p>\n<p><strong>Gr\u00f6\u00dfe: <\/strong>M<\/p>\n<p><strong>Zustand:<\/strong> Sehr gut - ein Mikrofleck auf der R\u00fcckseite des Shirts.<\/p>\n<p><strong>Ma\u00dfe (Achselbreite\/L\u00e4nge) in cm: <\/strong>56\/75(vorne), 83(hinten)<\/p>","protected":false},"excerpt":{"rendered":"<p data-start=\"0\" data-end=\"110\"><strong data-start=\"0\" data-end=\"110\">Original 2013 Los Angeles Lakers Basketball Heimtrikot von Adidas in der Swingman Version.\u00a0<\/strong><\/p>\n<p data-start=\"112\" data-end=\"506\">Heimmodell <strong data-start=\"125\" data-end=\"166\"><span class=\"hover:entity-accent entity-underline inline cursor-pointer align-baseline\"><span class=\"whitespace-normal\">Los Angeles Lakers<\/span><\/span><\/strong> z <strong data-start=\"169\" data-end=\"182\">2013<\/strong>hergestellt von <strong data-start=\"204\" data-end=\"245\"><span class=\"hover:entity-accent entity-underline inline cursor-pointer align-baseline\"><span class=\"whitespace-normal\">Adidas<\/span><\/span><\/strong> w <strong data-start=\"248\" data-end=\"263\">Gr\u00f6\u00dfe M<\/strong>, stammt aus der Endphase einer der bekanntesten Epochen in der Geschichte des Vereins. Es war eine Zeit, in der die Lakers noch im Schatten ihrer fr\u00fcheren Meisterjahre standen und das Team seine Identit\u00e4t immer noch auf seinen legend\u00e4ren Anf\u00fchrer gr\u00fcndete.<\/p>\n<p data-start=\"508\" data-end=\"824\">Das T-Shirt wurde in der klassischen <strong data-start=\"552\" data-end=\"570\">gelbliche Farbe<\/strong>, z <strong data-start=\"574\" data-end=\"613\">violette und wei\u00dfe Verzierungen<\/strong>, mit eindeutigen Assoziationen zu den Farben der Heimat <strong data-start=\"660\" data-end=\"682\">Los Angeles Lakers<\/strong>. Das \u00e4rmellose Design beh\u00e4lt den traditionellen Basketballschnitt bei, w\u00e4hrend die Design\u00e4sthetik an die zeitlosen Trikots des Clubs aus Los Angeles erinnert.<\/p>\n<p data-start=\"826\" data-end=\"1210\">Auf der R\u00fcckseite befindet sich ein origineller Aufdruck. <strong data-start=\"868\" data-end=\"909\"><span class=\"hover:entity-accent entity-underline inline cursor-pointer align-baseline\"><span class=\"whitespace-normal\">Kobe Bryant<\/span><\/span><\/strong>, einer der gr\u00f6\u00dften Ikonen der NBA-Geschichte. W <strong data-start=\"956\" data-end=\"969\">2013<\/strong> Bryant blieb eine zentrale Figur <strong data-start=\"1007\" data-end=\"1029\">Los Angeles Lakers<\/strong>, Er ist ein Symbol f\u00fcr Loyalit\u00e4t, Wettbewerbsf\u00e4higkeit und Siegermentalit\u00e4t und hat in seiner langj\u00e4hrigen T\u00e4tigkeit f\u00fcr den Verein f\u00fcnf Meisterschaften und unz\u00e4hlige pers\u00f6nliche Rekorde erzielt.<\/p>\n<p data-start=\"1212\" data-end=\"1547\">Spielzeit <strong data-start=\"1222\" data-end=\"1238\">Kobe Bryant<\/strong> w <strong data-start=\"1241\" data-end=\"1263\">Los Angeles Lakers<\/strong> war eine Zeit v\u00f6lliger Dominanz auf den Spielfeldern der NBA, die die Meisterschaftssaisonen des fr\u00fchen 21. Jahrhunderts und den Status des Vereins als eine der erfolgreichsten Sportorganisationen der Welt umfasste. Sein Name ist zum Synonym f\u00fcr die Erfolge der Lakers geworden und steht f\u00fcr eine ganze \u00c4ra in der Geschichte der Liga.<\/p>\n<p data-start=\"1549\" data-end=\"1820\">Das T-Shirt ist hergestellt aus <strong data-start=\"1577\" data-end=\"1614\">leichtes und luftiges Material<\/strong>, a <strong data-start=\"1618\" data-end=\"1637\">Swingman-Version<\/strong> zeichnet sich durch eine h\u00f6here Qualit\u00e4t der Verarbeitung aus, einschlie\u00dflich <strong data-start=\"1684\" data-end=\"1707\">gestickte Zahlen<\/strong> und das Vorhandensein von <strong data-start=\"1713\" data-end=\"1741\">NBA-Logo auf der linken Brust<\/strong>; Schriftart in <strong data-start=\"1750\" data-end=\"1765\">Gr\u00f6\u00dfe M<\/strong> entspricht den Standards <strong data-start=\"1787\" data-end=\"1798\">Adidas<\/strong> f\u00fcr diese Art von Modell.<\/p>\n<p data-start=\"1822\" data-end=\"2104\" data-is-last-node=\"\" data-is-only-node=\"\">Dies ist f\u00fcr Sammler und NBA-Fans, die das Original <strong data-start=\"1895\" data-end=\"1960\">Los Angeles Lakers Basketball Heimtrikot von 2013<\/strong> gedruckt <strong data-start=\"1973\" data-end=\"1989\">Kobe Bryant<\/strong>, Eine klare Aufzeichnung der legend\u00e4ren Jahre des Vereins und eines der gr\u00f6\u00dften Spieler der Basketballgeschichte.<\/p>","protected":false},"featured_media":116837,"template":"","meta":{"_kad_blocks_custom_css":"","_kad_blocks_head_custom_js":"","_kad_blocks_body_custom_js":"","_kad_blocks_footer_custom_js":"","_kad_post_transparent":"default","_kad_post_title":"","_kad_post_layout":"default","_kad_post_sidebar_id":"","_kad_post_content_style":"default","_kad_post_vertical_padding":"default","_kad_post_feature":"","_kad_post_feature_position":"","_kad_post_header":false,"_kad_post_footer":false,"_kad_post_classname":""},"product_brand":[],"product_cat":[15,1954],"product_tag":[],"class_list":{"0":"post-116795","1":"product","2":"type-product","3":"status-publish","4":"has-post-thumbnail","6":"product_cat-bez-kategorii","7":"product_cat-koszykowka","8":"pa_homeawaythird-home","9":"pa_rozmiar-m","11":"first","12":"instock","13":"taxable","14":"shipping-taxable","15":"purchasable","16":"product-type-simple","17":"entry","18":"content-bg","19":"loop-entry"},"taxonomy_info":{"product_cat":[{"value":15,"label":"Bez kategorii"},{"value":1954,"label":"Koszyk\u00f3wka"}],"pa_homeawaythird":[{"value":1597,"label":"Home"}],"pa_rozmiar":[{"value":1816,"label":"M"}]},"featured_image_src_large":["https:\/\/footballthrift.shop\/wp-content\/uploads\/2026\/01\/Photoroom_007_20260117_104634-1024x1024.png",1024,1024,true],"author_info":[],"comment_info":"","_links":{"self":[{"href":"https:\/\/footballthrift.shop\/de\/wp-json\/wp\/v2\/product\/116795","targetHints":{"allow":["GET"]}}],"collection":[{"href":"https:\/\/footballthrift.shop\/de\/wp-json\/wp\/v2\/product"}],"about":[{"href":"https:\/\/footballthrift.shop\/de\/wp-json\/wp\/v2\/types\/product"}],"wp:featuredmedia":[{"embeddable":true,"href":"https:\/\/footballthrift.shop\/de\/wp-json\/wp\/v2\/media\/116837"}],"wp:attachment":[{"href":"https:\/\/footballthrift.shop\/de\/wp-json\/wp\/v2\/media?parent=116795"}],"wp:term":[{"taxonomy":"product_brand","embeddable":true,"href":"https:\/\/footballthrift.shop\/de\/wp-json\/wp\/v2\/product_brand?post=116795"},{"taxonomy":"product_cat","embeddable":true,"href":"https:\/\/footballthrift.shop\/de\/wp-json\/wp\/v2\/product_cat?post=116795"},{"taxonomy":"product_tag","embeddable":true,"href":"https:\/\/footballthrift.shop\/de\/wp-json\/wp\/v2\/product_tag?post=116795"}],"curies":[{"name":"wp","href":"https:\/\/api.w.org\/{rel}","templated":true}]}}