{"id":116794,"date":"2026-01-21T13:23:55","date_gmt":"2026-01-21T12:23:55","guid":{"rendered":"https:\/\/footballthrift.shop\/?post_type=product&#038;p=116794"},"modified":"2026-03-09T11:24:28","modified_gmt":"2026-03-09T10:24:28","slug":"basketball-trikot-dallas-mavericks-weg-5-kidd-l","status":"publish","type":"product","link":"https:\/\/footballthrift.shop\/de\/koszulka-koszykarska-dallas-mavericks-away-5-kidd-l\/","title":{"rendered":"Koszulka koszykarska Dallas Mavericks Away 5 Kidd [L]"},"content":{"rendered":"<p><strong>Verein:<\/strong> Dallas Mavericks<\/p>\n<p><strong>Saison:<\/strong> Ausw\u00e4rts<\/p>\n<p><strong>Gr\u00f6\u00dfe: <\/strong>L<\/p>\n<p><strong>Zustand:<\/strong> Sehr gut - ein paar Mikrostiche.<\/p>\n<p><strong>Ma\u00dfe (Achselbreite\/L\u00e4nge) in cm: <\/strong>50\/74<\/p>","protected":false},"excerpt":{"rendered":"<p data-start=\"0\" data-end=\"83\"><strong data-start=\"0\" data-end=\"83\">Original Dallas Mavericks ausw\u00e4rts Basketballtrikot von Champion.\u00a0<\/strong><\/p>\n<p data-start=\"85\" data-end=\"478\">Ausw\u00e4rtsmodell <strong data-start=\"101\" data-end=\"142\"><span class=\"hover:entity-accent entity-underline inline cursor-pointer align-baseline\"><span class=\"whitespace-normal\">Dallas Mavericks<\/span><\/span><\/strong>hergestellt von <strong data-start=\"164\" data-end=\"205\"><span class=\"hover:entity-accent entity-underline inline cursor-pointer align-baseline\"><span class=\"whitespace-normal\">Meister<\/span><\/span><\/strong> w <strong data-start=\"208\" data-end=\"223\">Gr\u00f6\u00dfe L<\/strong>, ist eine europ\u00e4ische Nachbildung, die sich am Design der Trikots orientiert, die der Verein in der <strong data-start=\"307\" data-end=\"321\">1990s.<\/strong> Es war eine Zeit des schrittweisen Neuaufbaus des Teams, in der die Organisation nach einer neuen Identit\u00e4t und nach F\u00fchrungskr\u00e4ften suchte, die die Richtung f\u00fcr die kommenden Jahre vorgeben konnten.<\/p>\n<p data-start=\"480\" data-end=\"835\">Das T-Shirt wurde hergestellt auf <strong data-start=\"514\" data-end=\"535\">blaue Basis<\/strong>, z <strong data-start=\"539\" data-end=\"576\">wei\u00dfe und gr\u00fcne Zierleisten<\/strong>, charakteristisch f\u00fcr die visuelle Identit\u00e4t der damaligen Zeit <strong data-start=\"636\" data-end=\"656\">Dallas Mavericks<\/strong>. Das klassische \u00e4rmellose Design und die kontrastierenden Farbdetails fangen die \u00c4sthetik der Basketballtrikots aus dem sp\u00e4ten 20. Jahrhundert ein, die unverkennbar mit diesem Jahrzehnt der NBA verbunden sind.<\/p>\n<p data-start=\"837\" data-end=\"1203\">Auf der R\u00fcckseite befindet sich ein origineller Aufdruck. <strong data-start=\"879\" data-end=\"920\"><span class=\"hover:entity-accent entity-underline inline cursor-pointer align-baseline\"><span class=\"whitespace-normal\">Jason Kidd<\/span><\/span><\/strong>, einer der wichtigsten Spielmacher in der Geschichte der Liga. Kidd repr\u00e4sentierte <strong data-start=\"999\" data-end=\"1019\">Dallas Mavericks<\/strong> Mitte der 1990er Jahre war er die zentrale Figur der Mannschaft und verantwortlich f\u00fcr die Organisation des Spiels, das Tempo und die F\u00fchrung auf dem Parkett, was ihn in dieser Zeit schnell zum Gesicht der Mannschaft machte.<\/p>\n<p data-start=\"1205\" data-end=\"1566\">Spielzeiten <strong data-start=\"1215\" data-end=\"1231\">Jason Kidd<\/strong> w <strong data-start=\"1234\" data-end=\"1254\">Dallas Mavericks<\/strong> fiel mit der Wiederaufbauphase des Vereins zusammen, die trotz begrenzter sportlicher Erfolge die Geburt des k\u00fcnftigen Kerns der Mannschaft markierte. Ihre Leistungen legten den Grundstein f\u00fcr die weitere Entwicklung der Organisation und trugen langfristig zur Bildung einer Mannschaft bei, die in der Lage war, in der obersten Liga mitzuspielen.<\/p>\n<p data-start=\"1568\" data-end=\"1769\">Das T-Shirt ist hergestellt aus <strong data-start=\"1596\" data-end=\"1633\">leichtes und luftiges Material<\/strong>, und die K\u00fcrzung der <strong data-start=\"1644\" data-end=\"1659\">Gr\u00f6\u00dfe L<\/strong> bietet eine klassische, entspannte Passform im Einklang mit den Normen <strong data-start=\"1722\" data-end=\"1735\">Meister<\/strong> f\u00fcr europ\u00e4ische Nachbildungen aus den 1990er Jahren.<\/p>\n<p data-start=\"1771\" data-end=\"2057\" data-is-last-node=\"\" data-is-only-node=\"\">Dies ist f\u00fcr Sammler und NBA-Fans, die das Original <strong data-start=\"1844\" data-end=\"1898\">Dallas Mavericks ausw\u00e4rts Basketball Trikot<\/strong> gedruckt <strong data-start=\"1911\" data-end=\"1927\">Jason Kidd<\/strong>, Das Buch ist ein klares Zeugnis einer wichtigen Etappe in der Geschichte des Vereins und der Karriere eines der herausragendsten Spielmacher seiner Generation.<\/p>","protected":false},"featured_media":116829,"template":"","meta":{"_kad_blocks_custom_css":"","_kad_blocks_head_custom_js":"","_kad_blocks_body_custom_js":"","_kad_blocks_footer_custom_js":"","_kad_post_transparent":"default","_kad_post_title":"","_kad_post_layout":"default","_kad_post_sidebar_id":"","_kad_post_content_style":"default","_kad_post_vertical_padding":"default","_kad_post_feature":"","_kad_post_feature_position":"","_kad_post_header":false,"_kad_post_footer":false,"_kad_post_classname":""},"product_brand":[1302],"product_cat":[15,1954],"product_tag":[],"class_list":{"0":"post-116794","1":"product","2":"type-product","3":"status-publish","4":"has-post-thumbnail","6":"product_brand-champion","7":"product_cat-bez-kategorii","8":"product_cat-koszykowka","9":"pa_homeawaythird-away","10":"pa_rozmiar-l","12":"first","13":"instock","14":"taxable","15":"shipping-taxable","16":"purchasable","17":"product-type-simple","18":"entry","19":"content-bg","20":"loop-entry"},"taxonomy_info":{"product_brand":[{"value":1302,"label":"Champion"}],"product_cat":[{"value":15,"label":"Bez kategorii"},{"value":1954,"label":"Koszyk\u00f3wka"}],"pa_homeawaythird":[{"value":1598,"label":"Away"}],"pa_rozmiar":[{"value":1817,"label":"L"}]},"featured_image_src_large":["https:\/\/footballthrift.shop\/wp-content\/uploads\/2026\/01\/Photoroom_021_20260117_104634-1024x1024.png",1024,1024,true],"author_info":[],"comment_info":"","_links":{"self":[{"href":"https:\/\/footballthrift.shop\/de\/wp-json\/wp\/v2\/product\/116794","targetHints":{"allow":["GET"]}}],"collection":[{"href":"https:\/\/footballthrift.shop\/de\/wp-json\/wp\/v2\/product"}],"about":[{"href":"https:\/\/footballthrift.shop\/de\/wp-json\/wp\/v2\/types\/product"}],"wp:featuredmedia":[{"embeddable":true,"href":"https:\/\/footballthrift.shop\/de\/wp-json\/wp\/v2\/media\/116829"}],"wp:attachment":[{"href":"https:\/\/footballthrift.shop\/de\/wp-json\/wp\/v2\/media?parent=116794"}],"wp:term":[{"taxonomy":"product_brand","embeddable":true,"href":"https:\/\/footballthrift.shop\/de\/wp-json\/wp\/v2\/product_brand?post=116794"},{"taxonomy":"product_cat","embeddable":true,"href":"https:\/\/footballthrift.shop\/de\/wp-json\/wp\/v2\/product_cat?post=116794"},{"taxonomy":"product_tag","embeddable":true,"href":"https:\/\/footballthrift.shop\/de\/wp-json\/wp\/v2\/product_tag?post=116794"}],"curies":[{"name":"wp","href":"https:\/\/api.w.org\/{rel}","templated":true}]}}