{"id":116791,"date":"2026-01-21T13:23:56","date_gmt":"2026-01-21T12:23:56","guid":{"rendered":"https:\/\/footballthrift.shop\/?post_type=product&#038;p=116791"},"modified":"2026-03-09T11:24:28","modified_gmt":"2026-03-09T10:24:28","slug":"koszulka-koszykarska-chicago-bulls-alternate-91-rodman-l","status":"publish","type":"product","link":"https:\/\/footballthrift.shop\/de\/koszulka-koszykarska-chicago-bulls-alternate-91-rodman-l\/","title":{"rendered":"Koszulka koszykarska Chicago Bulls Alternate 91 Rodman [L]"},"content":{"rendered":"<p><strong>Verein:<\/strong> Chicago Bulls<\/p>\n<p><strong>Saison:<\/strong> Alternative<\/p>\n<p><strong>Gr\u00f6\u00dfe: <\/strong>L<\/p>\n<p><strong>Zustand:<\/strong> Sehr gut - ein paar Mikrostiche.<\/p>\n<p><strong>Ma\u00dfe (Achselbreite\/L\u00e4nge) in cm: <\/strong>53\/75<\/p>","protected":false},"excerpt":{"rendered":"<div class=\"flex max-w-full flex-col grow\">\n<div class=\"min-h-8 text-message relative flex w-full flex-col items-end gap-2 text-start break-words whitespace-normal [.text-message+&amp;]:mt-1\" dir=\"auto\" data-message-author-role=\"assistant\" data-message-id=\"2c290c9d-198a-4558-abbf-930fbae078f0\" data-message-model-slug=\"gpt-5-2\">\n<div class=\"flex w-full flex-col gap-1 empty:hidden first:pt-[1px]\">\n<div class=\"markdown prose dark:prose-invert w-full break-words light markdown-new-styling\">\n<p data-start=\"0\" data-end=\"89\"><strong data-start=\"0\" data-end=\"89\">Oryginalna koszykarska koszulka Chicago Bulls w wersji Alternate produkcji Championa.\u00a0<\/strong><\/p>\n<p data-start=\"91\" data-end=\"510\">Alternatywny model <strong data-start=\"110\" data-end=\"151\"><span class=\"hover:entity-accent entity-underline inline cursor-pointer align-baseline\"><span class=\"whitespace-normal\">Chicago Bulls<\/span><\/span><\/strong>, wyprodukowany przez <strong data-start=\"173\" data-end=\"214\"><span class=\"hover:entity-accent entity-underline inline cursor-pointer align-baseline\"><span class=\"whitespace-normal\">Champion<\/span><\/span><\/strong> w <strong data-start=\"217\" data-end=\"232\">rozmiarze L<\/strong>, nawi\u0105zuje do estetyki klubowych jersey\u00f3w z lat 90., b\u0119d\u0105cych symbolem jednej z najbardziej dominuj\u0105cych er w historii ligi NBA. Europejska replika zachowuje klasyczny charakter tamtego okresu i oddaje ducha zespo\u0142u, kt\u00f3ry w\u00f3wczas wyznacza\u0142 standardy profesjonalnej koszyk\u00f3wki.<\/p>\n<p data-start=\"512\" data-end=\"859\">Koszulka zosta\u0142a wyprodukowana w <strong data-start=\"545\" data-end=\"564\">czarnym kolorze<\/strong>, z subtelnymi <strong data-start=\"579\" data-end=\"620\">cienkimi pionowymi czerwonymi paskami<\/strong>, kt\u00f3re nadaj\u0105 ca\u0142o\u015bci dynamicznego, a jednocze\u015bnie eleganckiego wygl\u0105du. Konstrukcja bez r\u0119kaw\u00f3w podkre\u015bla koszykarski kr\u00f3j, a kontrastowe barwy jednoznacznie identyfikuj\u0105 projekt z wizualn\u0105 to\u017csamo\u015bci\u0105 <strong data-start=\"824\" data-end=\"841\">Chicago Bulls<\/strong> z prze\u0142omu dekad.<\/p>\n<p data-start=\"861\" data-end=\"1264\">Na plecach znajduje si\u0119 oryginalny nadruk <strong data-start=\"903\" data-end=\"944\"><span class=\"hover:entity-accent entity-underline inline cursor-pointer align-baseline\"><span class=\"whitespace-normal\">Dennisa Rodmana<\/span><\/span><\/strong>, jednego z najbardziej charyzmatycznych i nietuzinkowych zawodnik\u00f3w w historii NBA. Rodman by\u0142 kluczowym elementem mistrzowskich sk\u0142ad\u00f3w <strong data-start=\"1082\" data-end=\"1099\">Chicago Bulls<\/strong>, odpowiadaj\u0105c za defensyw\u0119, zbi\u00f3rki i fizyczno\u015b\u0107 gry, a jego wk\u0142ad mia\u0142 ogromne znaczenie przy zdobywaniu trzech kolejnych tytu\u0142\u00f3w mistrzowskich w latach 1996\u20131998.<\/p>\n<p data-start=\"1266\" data-end=\"1610\">Okres gry <strong data-start=\"1276\" data-end=\"1295\">Dennisa Rodmana<\/strong> w <strong data-start=\"1298\" data-end=\"1315\">Chicago Bulls<\/strong> zbieg\u0142 si\u0119 z czasem pe\u0142nej dominacji klubu w NBA, kiedy dru\u017cyna si\u0119ga\u0142a po mistrzostwo ligi i zapisa\u0142a si\u0119 w historii jako jedna z najlepszych ekip wszech czas\u00f3w. Obok Rodmana barwy Bulls reprezentowali w\u00f3wczas inni wybitni zawodnicy, jak <strong>Scottie Pippen<\/strong> czy <strong>Michael Jordan<\/strong> tworz\u0105c zesp\u00f3\u0142 kojarzony z absolutn\u0105 sportow\u0105 elit\u0105 lat 90.<\/p>\n<p data-start=\"1612\" data-end=\"1841\">Koszulka zosta\u0142a wykonana z <strong data-start=\"1640\" data-end=\"1677\">lekkiego i przewiewnego materia\u0142u<\/strong>, a kr\u00f3j w <strong data-start=\"1688\" data-end=\"1703\">rozmiarze L<\/strong> oferuje klasyczne, swobodne dopasowanie zgodne ze standardami <strong data-start=\"1766\" data-end=\"1779\">Championa<\/strong> charakterystycznymi dla europejskich replik z tamtego okresu.<\/p>\n<p data-start=\"1843\" data-end=\"2078\" data-is-last-node=\"\" data-is-only-node=\"\">To propozycja dla kolekcjoner\u00f3w oraz fan\u00f3w NBA poszukuj\u0105cych oryginalnej koszykarskiej koszulki <strong data-start=\"1939\" data-end=\"1966\">Chicago Bulls <\/strong>z nadrukiem <strong data-start=\"1979\" data-end=\"1998\">Dennisa Rodmana<\/strong>, stanowi\u0105cej czytelny zapis jednej z najbardziej kultowych er w historii klubu.<\/p>\n<\/div>\n<\/div>\n<\/div>\n<\/div>\n","protected":false},"featured_media":116805,"template":"","meta":{"_kad_blocks_custom_css":"","_kad_blocks_head_custom_js":"","_kad_blocks_body_custom_js":"","_kad_blocks_footer_custom_js":"","_kad_post_transparent":"default","_kad_post_title":"","_kad_post_layout":"default","_kad_post_sidebar_id":"","_kad_post_content_style":"default","_kad_post_vertical_padding":"default","_kad_post_feature":"","_kad_post_feature_position":"","_kad_post_header":false,"_kad_post_footer":false,"_kad_post_classname":""},"product_brand":[1302],"product_cat":[15,1954],"product_tag":[],"class_list":{"0":"post-116791","1":"product","2":"type-product","3":"status-publish","4":"has-post-thumbnail","6":"product_brand-champion","7":"product_cat-bez-kategorii","8":"product_cat-koszykowka","9":"pa_homeawaythird-awaylternate","10":"pa_rozmiar-l","12":"first","13":"instock","14":"taxable","15":"shipping-taxable","16":"purchasable","17":"product-type-simple","18":"entry","19":"content-bg","20":"loop-entry"},"taxonomy_info":{"product_brand":[{"value":1302,"label":"Champion"}],"product_cat":[{"value":15,"label":"Bez kategorii"},{"value":1954,"label":"Koszyk\u00f3wka"}],"pa_homeawaythird":[{"value":1960,"label":"Awaylternate"}],"pa_rozmiar":[{"value":1817,"label":"L"}]},"featured_image_src_large":["https:\/\/footballthrift.shop\/wp-content\/uploads\/2026\/01\/Photoroom_023_20260117_104634-1024x1024.png",1024,1024,true],"author_info":[],"comment_info":"","_links":{"self":[{"href":"https:\/\/footballthrift.shop\/de\/wp-json\/wp\/v2\/product\/116791","targetHints":{"allow":["GET"]}}],"collection":[{"href":"https:\/\/footballthrift.shop\/de\/wp-json\/wp\/v2\/product"}],"about":[{"href":"https:\/\/footballthrift.shop\/de\/wp-json\/wp\/v2\/types\/product"}],"wp:featuredmedia":[{"embeddable":true,"href":"https:\/\/footballthrift.shop\/de\/wp-json\/wp\/v2\/media\/116805"}],"wp:attachment":[{"href":"https:\/\/footballthrift.shop\/de\/wp-json\/wp\/v2\/media?parent=116791"}],"wp:term":[{"taxonomy":"product_brand","embeddable":true,"href":"https:\/\/footballthrift.shop\/de\/wp-json\/wp\/v2\/product_brand?post=116791"},{"taxonomy":"product_cat","embeddable":true,"href":"https:\/\/footballthrift.shop\/de\/wp-json\/wp\/v2\/product_cat?post=116791"},{"taxonomy":"product_tag","embeddable":true,"href":"https:\/\/footballthrift.shop\/de\/wp-json\/wp\/v2\/product_tag?post=116791"}],"curies":[{"name":"wp","href":"https:\/\/api.w.org\/{rel}","templated":true}]}}