{"id":114679,"date":"2026-01-18T17:58:37","date_gmt":"2026-01-18T16:58:37","guid":{"rendered":"https:\/\/footballthrift.shop\/?post_type=product&#038;p=114679"},"modified":"2026-03-09T11:24:31","modified_gmt":"2026-03-09T10:24:31","slug":"rosenborg-bk-2003-04-nach-hause-s-fusballtrikot-autogramme","status":"publish","type":"product","link":"https:\/\/footballthrift.shop\/de\/koszulka-pilkarska-rosenborg-bk-2003-04-home-s-autografy\/","title":{"rendered":"Koszulka pi\u0142karska Rosenborg BK 2003\/04 Home [S] + AUTOGRAFY"},"content":{"rendered":"<p><strong>Verein:<\/strong> Rosenborg BK<\/p>\n<p><strong>Saison:<\/strong> 2003\/04 Heim<\/p>\n<p><strong>Gr\u00f6\u00dfe: <\/strong>S<\/p>\n<p><strong>Zustand:<\/strong> Schlecht - fehlender \u00c4rmelaufn\u00e4her und besch\u00e4digter Sponsorenaufdruck.<\/p>\n<p><strong>Ma\u00dfe (Achselbreite\/L\u00e4nge) in cm: <\/strong>54\/66 (vorne), 73 (hinten)<\/p>","protected":false},"excerpt":{"rendered":"<p data-start=\"0\" data-end=\"114\"><strong data-start=\"0\" data-end=\"114\">Original Heim-Fu\u00dfballtrikot <span class=\"hover:entity-accent entity-underline inline cursor-pointer align-baseline\"><span class=\"whitespace-normal\">Rosenborg BK<\/span><\/span> ab der Saison 2003\/04 von Adidas.\u00a0<\/strong><\/p>\n<p data-start=\"116\" data-end=\"492\">Heimmodell <strong data-start=\"129\" data-end=\"146\">Rosenborg BK<\/strong> z <strong data-start=\"149\" data-end=\"167\">Saison 2003\/04<\/strong>hergestellt von <strong data-start=\"189\" data-end=\"200\">Adidas<\/strong> in der Gr\u00f6\u00dfe <strong data-start=\"213\" data-end=\"218\">S<\/strong>, stammt aus einer Zeit der absoluten Dominanz des Vereins in der norwegischen Liga. Es war eine Zeit, in der Rosenborg der unangefochtene Spitzenreiter in der <strong>Eliteserien<\/strong> und regelm\u00e4\u00dfiger Teilnehmer an europ\u00e4ischen Pokalwettbewerben, der seine Marke als der bekannteste Verein der <strong>Norwegen.<\/strong><\/p>\n<p data-start=\"494\" data-end=\"1071\">Das T-Shirt wurde in der klassischen <strong data-start=\"538\" data-end=\"556\">wei\u00dfer Farbe<\/strong>, eindeutig mit h\u00e4uslicher Tracht verbunden <strong data-start=\"603\" data-end=\"620\">Rosenborg BK<\/strong>. Auf den \u00c4rmeln befinden sich <strong data-start=\"647\" data-end=\"674\">schwarze Streifen des Herstellers<\/strong>, und an den Seiten des Trikots die <strong data-start=\"709\" data-end=\"751\">graue Paneele aus Netzmaterial<\/strong>, die dieses Design visuell und strukturell deutlich unterscheiden. Auf der Vorderseite befindet sich ein Sponsorenaufdruck <strong data-start=\"859\" data-end=\"872\">Rema 1000<\/strong>, unter Beibehaltung eines zentralen und klaren Layouts. Zus\u00e4tzliche einzigartige Elemente sind <strong data-start=\"950\" data-end=\"995\">Autogramme der Spieler auf der Vorderseite des Trikots<\/strong>, die diesem St\u00fcck einen einzigartigen und sammelw\u00fcrdigen Charakter verleihen.<\/p>\n<p data-start=\"1073\" data-end=\"1399\">W <strong data-start=\"1075\" data-end=\"1094\">Saison 2003\/04<\/strong> <strong data-start=\"1095\" data-end=\"1111\">Rosenborg BK<\/strong> setzte die Serie der norwegischen Meistertitel fort und baute auf die Erfahrung und den stabilen Kader, der den nationalen Wettbewerb jahrelang dominiert hatte. Der Verein war zu dieser Zeit ein Symbol des norwegischen Fu\u00dfballs auf der internationalen B\u00fchne, und die Trikots aus dieser Zeit sind ein deutliches Zeugnis der goldenen \u00c4ra von Rosenborg.<\/p>\n<p data-start=\"1401\" data-end=\"1647\">Das Material des T-Shirts ist <strong data-start=\"1424\" data-end=\"1445\">rau und hart<\/strong>, charakteristisch f\u00fcr Projekte <strong data-start=\"1479\" data-end=\"1490\">Adidas<\/strong> aus den fr\u00fchen 2000er Jahren, eine <strong data-start=\"1514\" data-end=\"1528\">lockere Passform<\/strong> entspricht den utilitaristischen und stilistischen Normen der damaligen Zeit und unterscheidet sich deutlich von den heutigen ma\u00dfgeschneiderten Schnitten.<\/p>\n<p data-start=\"1649\" data-end=\"1924\" data-is-last-node=\"\" data-is-only-node=\"\">Dies ist ein Angebot f\u00fcr Sammler und Fans, die auf der Suche sind nach <strong data-start=\"1708\" data-end=\"1801\">das Original Rosenborg BK Heimtrikot aus der Saison 2003\/04 von Adidas<\/strong>, Das Buch ist ein authentischer Bericht \u00fcber die Zeit, in der der Verein die Liga beherrschte, und dank der erhaltenen Autogramme der Mannschaft ein einzigartiges Exemplar.<\/p>","protected":false},"featured_media":114727,"template":"","meta":{"_kad_blocks_custom_css":"","_kad_blocks_head_custom_js":"","_kad_blocks_body_custom_js":"","_kad_blocks_footer_custom_js":"","_kad_post_transparent":"default","_kad_post_title":"","_kad_post_layout":"default","_kad_post_sidebar_id":"","_kad_post_content_style":"default","_kad_post_vertical_padding":"default","_kad_post_feature":"","_kad_post_feature_position":"","_kad_post_header":false,"_kad_post_footer":false,"_kad_post_classname":""},"product_brand":[1283],"product_cat":[15,1488],"product_tag":[],"class_list":{"0":"post-114679","1":"product","2":"type-product","3":"status-publish","4":"has-post-thumbnail","6":"product_brand-adidas","7":"product_cat-bez-kategorii","8":"product_cat-kluby-skandynawskie","9":"pa_homeawaythird-home","10":"pa_rozmiar-s","12":"first","13":"instock","14":"taxable","15":"shipping-taxable","16":"purchasable","17":"product-type-simple","18":"entry","19":"content-bg","20":"loop-entry"},"taxonomy_info":{"product_brand":[{"value":1283,"label":"Adidas"}],"product_cat":[{"value":15,"label":"Bez kategorii"},{"value":1488,"label":"Skandynawia"}],"pa_homeawaythird":[{"value":1597,"label":"Home"}],"pa_rozmiar":[{"value":1815,"label":"S"}]},"featured_image_src_large":["https:\/\/footballthrift.shop\/wp-content\/uploads\/2026\/01\/Photoroom_022_20260115_120712-1024x1024.png",1024,1024,true],"author_info":[],"comment_info":"","_links":{"self":[{"href":"https:\/\/footballthrift.shop\/de\/wp-json\/wp\/v2\/product\/114679","targetHints":{"allow":["GET"]}}],"collection":[{"href":"https:\/\/footballthrift.shop\/de\/wp-json\/wp\/v2\/product"}],"about":[{"href":"https:\/\/footballthrift.shop\/de\/wp-json\/wp\/v2\/types\/product"}],"wp:featuredmedia":[{"embeddable":true,"href":"https:\/\/footballthrift.shop\/de\/wp-json\/wp\/v2\/media\/114727"}],"wp:attachment":[{"href":"https:\/\/footballthrift.shop\/de\/wp-json\/wp\/v2\/media?parent=114679"}],"wp:term":[{"taxonomy":"product_brand","embeddable":true,"href":"https:\/\/footballthrift.shop\/de\/wp-json\/wp\/v2\/product_brand?post=114679"},{"taxonomy":"product_cat","embeddable":true,"href":"https:\/\/footballthrift.shop\/de\/wp-json\/wp\/v2\/product_cat?post=114679"},{"taxonomy":"product_tag","embeddable":true,"href":"https:\/\/footballthrift.shop\/de\/wp-json\/wp\/v2\/product_tag?post=114679"}],"curies":[{"name":"wp","href":"https:\/\/api.w.org\/{rel}","templated":true}]}}