{"id":114677,"date":"2026-01-18T17:58:37","date_gmt":"2026-01-18T16:58:37","guid":{"rendered":"https:\/\/footballthrift.shop\/?post_type=product&#038;p=114677"},"modified":"2026-03-09T11:24:31","modified_gmt":"2026-03-09T10:24:31","slug":"koszulka-pilkarska-rangers-fc-2018-19-away-2xl","status":"publish","type":"product","link":"https:\/\/footballthrift.shop\/de\/koszulka-pilkarska-rangers-fc-2018-19-away-2xl\/","title":{"rendered":"Koszulka pi\u0142karska Rangers FC 2018\/19 Away [2XL]"},"content":{"rendered":"<p><strong>Verein:<\/strong> Rangers FC<\/p>\n<p><strong>Saison:<\/strong> 2018\/19 Ausw\u00e4rts<\/p>\n<p><strong>Gr\u00f6\u00dfe: <\/strong>2XL<\/p>\n<p><strong>Zustand:<\/strong> Sehr gut - eine kleine Verschmutzung auf der R\u00fcckseite.<\/p>\n<p><strong>Ma\u00dfe (Achselbreite\/L\u00e4nge) in cm: <\/strong>57\/73<\/p>","protected":false},"excerpt":{"rendered":"<p data-start=\"0\" data-end=\"117\"><strong data-start=\"0\" data-end=\"117\">Original Ausw\u00e4rtstrikot <span class=\"hover:entity-accent entity-underline inline cursor-pointer align-baseline\"><span class=\"whitespace-normal\">Rangers FC<\/span><\/span> aus der Hummel-Produktion 2018\/19.\u00a0<\/strong><\/p>\n<p data-start=\"119\" data-end=\"538\">Ausw\u00e4rtsmodell <strong data-start=\"135\" data-end=\"149\">Rangers FC<\/strong> z <strong data-start=\"152\" data-end=\"170\">Saison 2018\/19<\/strong>hergestellt von <strong data-start=\"192\" data-end=\"203\">Hummel<\/strong> in der Gr\u00f6\u00dfe <strong data-start=\"216\" data-end=\"223\">XXL<\/strong>, Nach der R\u00fcckkehr des Klubs in die schottische Liga hat sich die Position des Klubs in der schottischen Liga allm\u00e4hlich wieder gefestigt.<strong> Premiership<\/strong>. Es war die zweite vollst\u00e4ndige Saison der Arbeit <strong>Steven Gerrard<\/strong> auf der Trainerbank, in der die Rangers den R\u00fcckstand auf den Lokalrivalen kontinuierlich verk\u00fcrzten und sich auch im europ\u00e4ischen Wettbewerb wieder bemerkbar machten.<\/p>\n<p data-start=\"540\" data-end=\"1084\">Das T-Shirt wurde hergestellt auf <strong data-start=\"574\" data-end=\"590\">wei\u00dfer Sockel<\/strong>, und sein markantestes Merkmal ist <strong data-start=\"644\" data-end=\"689\">Diagonalstreifen in Blau und Rot<\/strong>, das sich mittig \u00fcber die Vorderseite erstreckt. Das Motiv erinnert deutlich an die klassischen Ausw\u00e4rtstrikots der Rangers, l\u00e4sst aber Platz f\u00fcr einen Sponsorenaufdruck. <strong data-start=\"855\" data-end=\"864\">32Rot<\/strong>, wodurch die Lesbarkeit und das Gleichgewicht der gesamten Komposition erhalten bleiben. Die \u00c4rmel sind mit <strong data-start=\"948\" data-end=\"971\">blaue Chevrons<\/strong>, die das Markenzeichen der Projekte sind <strong data-start=\"1012\" data-end=\"1023\">Hummel<\/strong>, die dem T-Shirt einen sportlichen und dynamischen Charakter verleihen.<\/p>\n<p data-start=\"1086\" data-end=\"1613\">W <strong data-start=\"1088\" data-end=\"1107\">Saison 2018\/19<\/strong> <strong data-start=\"1108\" data-end=\"1122\">Rangers FC<\/strong> beendete den Ligawettbewerb mit <strong data-start=\"1154\" data-end=\"1168\">2. Platz<\/strong>, Die Mannschaft erreichte auch die Gruppenphase der Europa League, wo sie gegen starke Gegner antrat, ein wichtiges Zeichen f\u00fcr die R\u00fcckkehr des Vereins in den europ\u00e4ischen Wettbewerb. Die Mannschaft erreichte auch die Gruppenphase der Europa League, wo sie gegen starke Konkurrenten antrat, ein wichtiges Zeichen f\u00fcr die R\u00fcckkehr des Vereins in den europ\u00e4ischen Wettbewerb. Der Kern der Mannschaft bestand damals aus den folgenden Spielern. <strong data-start=\"1418\" data-end=\"1437\">James Tavernier<\/strong>, <strong data-start=\"1439\" data-end=\"1452\">Ryan Kent<\/strong>, <strong data-start=\"1454\" data-end=\"1473\">Alfredo Morelos<\/strong>, <strong data-start=\"1475\" data-end=\"1491\">Steven Davis<\/strong>, <strong data-start=\"1493\" data-end=\"1511\">Connor Goldson<\/strong> und <strong data-start=\"1517\" data-end=\"1535\">Allan McGregor<\/strong>, und die Spielweise der Rangers war von hoher Intensit\u00e4t und K\u00f6rperlichkeit gepr\u00e4gt.<\/p>\n<p data-start=\"1615\" data-end=\"1824\">Das T-Shirt ist hergestellt aus <strong data-start=\"1643\" data-end=\"1680\">leichtes und luftiges Material<\/strong>, auch f\u00fcr den t\u00e4glichen Gebrauch geeignet. <strong data-start=\"1724\" data-end=\"1748\">Schnitt in Gr\u00f6\u00dfe XXL<\/strong> entspricht den Standards <strong data-start=\"1770\" data-end=\"1781\">Hummel<\/strong>, und bietet eine klassische, entspannte Passform.<\/p>\n<p data-start=\"1826\" data-end=\"2101\" data-is-last-node=\"\" data-is-only-node=\"\">Dies ist ein Angebot f\u00fcr Sammler und Fans, die auf der Suche sind nach <strong data-start=\"1885\" data-end=\"1978\">das originale Rangers FC-Ausw\u00e4rtstrikot aus der Saison 2018\/19 von Hummel<\/strong>, Sie dokumentiert die sportliche Aufbauphase des Vereins und das unverwechselbare Design der Amtszeit von Steven Gerrard.<\/p>","protected":false},"featured_media":114708,"template":"","meta":{"_kad_blocks_custom_css":"","_kad_blocks_head_custom_js":"","_kad_blocks_body_custom_js":"","_kad_blocks_footer_custom_js":"","_kad_post_transparent":"default","_kad_post_title":"","_kad_post_layout":"default","_kad_post_sidebar_id":"","_kad_post_content_style":"default","_kad_post_vertical_padding":"default","_kad_post_feature":"","_kad_post_feature_position":"","_kad_post_header":false,"_kad_post_footer":false,"_kad_post_classname":""},"product_brand":[1288],"product_cat":[15,1491],"product_tag":[],"class_list":{"0":"post-114677","1":"product","2":"type-product","3":"status-publish","4":"has-post-thumbnail","6":"product_brand-hummel","7":"product_cat-bez-kategorii","8":"product_cat-kluby-szkockie","9":"pa_homeawaythird-away","10":"pa_rozmiar-2xl","12":"first","13":"instock","14":"taxable","15":"shipping-taxable","16":"purchasable","17":"product-type-simple","18":"entry","19":"content-bg","20":"loop-entry"},"taxonomy_info":{"product_brand":[{"value":1288,"label":"Hummel"}],"product_cat":[{"value":15,"label":"Bez kategorii"},{"value":1491,"label":"Szkocja"}],"pa_homeawaythird":[{"value":1598,"label":"Away"}],"pa_rozmiar":[{"value":2036,"label":"2XL"}]},"featured_image_src_large":["https:\/\/footballthrift.shop\/wp-content\/uploads\/2026\/01\/Photoroom_026_20260115_120712-1024x1024.png",1024,1024,true],"author_info":[],"comment_info":"","_links":{"self":[{"href":"https:\/\/footballthrift.shop\/de\/wp-json\/wp\/v2\/product\/114677","targetHints":{"allow":["GET"]}}],"collection":[{"href":"https:\/\/footballthrift.shop\/de\/wp-json\/wp\/v2\/product"}],"about":[{"href":"https:\/\/footballthrift.shop\/de\/wp-json\/wp\/v2\/types\/product"}],"wp:featuredmedia":[{"embeddable":true,"href":"https:\/\/footballthrift.shop\/de\/wp-json\/wp\/v2\/media\/114708"}],"wp:attachment":[{"href":"https:\/\/footballthrift.shop\/de\/wp-json\/wp\/v2\/media?parent=114677"}],"wp:term":[{"taxonomy":"product_brand","embeddable":true,"href":"https:\/\/footballthrift.shop\/de\/wp-json\/wp\/v2\/product_brand?post=114677"},{"taxonomy":"product_cat","embeddable":true,"href":"https:\/\/footballthrift.shop\/de\/wp-json\/wp\/v2\/product_cat?post=114677"},{"taxonomy":"product_tag","embeddable":true,"href":"https:\/\/footballthrift.shop\/de\/wp-json\/wp\/v2\/product_tag?post=114677"}],"curies":[{"name":"wp","href":"https:\/\/api.w.org\/{rel}","templated":true}]}}