{"id":114676,"date":"2026-01-18T17:58:38","date_gmt":"2026-01-18T16:58:38","guid":{"rendered":"https:\/\/footballthrift.shop\/?post_type=product&#038;p=114676"},"modified":"2026-04-21T12:32:34","modified_gmt":"2026-04-21T10:32:34","slug":"fusballtrikot-parma-fc-2006-07-auswarts-8-rossi-g-l","status":"publish","type":"product","link":"https:\/\/footballthrift.shop\/de\/koszulka-pilkarska-parma-fc-2006-07-away-8-rossi-g-l\/","title":{"rendered":"Koszulka pi\u0142karska Parma Calcio 2006\/07 Away 8 Rossi G. [L]"},"content":{"rendered":"<p><strong>Verein:<\/strong> Parma Calcio<\/p>\n<p><strong>Saison:<\/strong> 2006\/07 Ausw\u00e4rts<\/p>\n<p><strong>Gr\u00f6\u00dfe: <\/strong>L<\/p>\n<p><strong>Zustand:<\/strong> Gut - leicht besch\u00e4digte Drucke und ein Riss am \u00c4rmel.<\/p>\n<p><strong>Ma\u00dfe (Achselbreite\/L\u00e4nge) in cm: <\/strong>51\/72<\/p>","protected":false},"excerpt":{"rendered":"<p data-start=\"0\" data-end=\"146\"><strong data-start=\"0\" data-end=\"146\">Oryginalna wyjazdowa koszulka pi\u0142karska Parma Calcio\u00a0z sezonu 2006\/07 produkcji Errea, z nadrukiem Giuseppe Rossiego.\u00a0<\/strong><\/p>\n<p data-start=\"148\" data-end=\"497\">Ausw\u00e4rtsmodell <strong data-start=\"164\" data-end=\"176\">Parmy Calcio <\/strong>z <strong data-start=\"179\" data-end=\"197\">Saison 2006\/07<\/strong>, hergestellt von der Marke <strong data-start=\"219\" data-end=\"228\">Errea<\/strong> in der Gr\u00f6\u00dfe <strong data-start=\"241\" data-end=\"246\">L<\/strong>, stammt aus einer Zeit des Wiederaufbaus des Vereins nach fr\u00fcheren organisatorischen Turbulenzen. Es war eine Zeit des intensiven Kampfes um Stabilit\u00e4t in der Serie A, in der die Mannschaft auf junge, spielfreudige Spieler und die R\u00fcckkehr ehemaliger Spieler in den Verein setzte.<\/p>\n<p data-start=\"499\" data-end=\"954\">Das T-Shirt wurde hergestellt auf <strong data-start=\"533\" data-end=\"554\">blaue Basis<\/strong>, und sein markantestes Merkmal ist <strong data-start=\"608\" data-end=\"623\">gelbes Kreuz<\/strong> gebaut aus <strong data-start=\"636\" data-end=\"659\">zwei dicke G\u00fcrtel<\/strong> quer \u00fcber die Vorderseite, ein klarer Hinweis auf die historische Identit\u00e4t der <strong data-start=\"741\" data-end=\"753\">Parma<\/strong>. Die H\u00fclse weist folgende Merkmale auf <strong data-start=\"778\" data-end=\"800\">Serie A Liga Patch<\/strong>, die die Version des Outfits der Liga best\u00e4tigen, und das Ganze beh\u00e4lt die einfache, klare Komposition bei, die f\u00fcr die Entw\u00fcrfe typisch ist <strong data-start=\"908\" data-end=\"917\">Errea<\/strong> aus der Mitte des ersten Jahrzehnts des 21. Jahrhunderts.<\/p>\n<p data-start=\"956\" data-end=\"1472\">Auf der R\u00fcckseite befindet sich ein origineller Aufdruck. <strong data-start=\"998\" data-end=\"1039\"><span class=\"hover:entity-accent entity-underline inline cursor-pointer align-baseline\"><span class=\"whitespace-normal\">Giuseppe Rossi<\/span><\/span><\/strong>, Ehemalige <strong data-start=\"1052\" data-end=\"1064\">Parmy Calcio<\/strong>, die in der Fr\u00fchjahrsrunde <strong data-start=\"1092\" data-end=\"1110\">Saison 2006\/07<\/strong> kehrte als Leihgabe von Manchester United zum Verein zur\u00fcck. Der St\u00fcrmer wurde schnell zu einer Schl\u00fcsselfigur in der Mannschaft und spielte <strong data-start=\"1230\" data-end=\"1266\">19 Spiele und 9 Tore geschossen<\/strong>, und trug ma\u00dfgeblich zum Verbleib Parmas in der Serie A bei. Diese Zeit gilt als einer der H\u00f6hepunkte in Rossis fr\u00fcher Karriere und best\u00e4tigte sein Schusspotenzial auf h\u00f6chstem Niveau, das er auch in den folgenden sechs Jahren bei <strong>Villareal<\/strong>.<\/p>\n<p data-start=\"1474\" data-end=\"1679\">Das T-Shirt ist hergestellt aus <strong data-start=\"1502\" data-end=\"1539\">leichtes und dehnbares Material<\/strong>, geeignet zum Fu\u00dfballspielen. <strong data-start=\"1583\" data-end=\"1605\">Schnitt in Gr\u00f6\u00dfe L<\/strong> entspricht den Standards <strong data-start=\"1627\" data-end=\"1636\">Errea<\/strong>, und bietet einen festen Sitz.<\/p>\n<p data-start=\"1681\" data-end=\"1978\" data-is-last-node=\"\" data-is-only-node=\"\">Dies ist ein Angebot f\u00fcr Sammler und Fans, die auf der Suche sind nach <strong data-start=\"1740\" data-end=\"1829\">oryginalnej wyjazdowej koszulki pi\u0142karskiej Parmy Calcio z sezonu 2006\/07 produkcji Errea<\/strong>, zeichnet sich durch seine seltene\u00a0<strong data-start=\"1873\" data-end=\"1904\">Giuseppe Rossi Druck<\/strong>, Damit ist einer der Schl\u00fcsselmomente der damaligen Saison eindeutig dokumentiert.<\/p>","protected":false},"featured_media":114700,"template":"","meta":{"_kad_blocks_custom_css":"","_kad_blocks_head_custom_js":"","_kad_blocks_body_custom_js":"","_kad_blocks_footer_custom_js":"","_kad_post_transparent":"default","_kad_post_title":"","_kad_post_layout":"default","_kad_post_sidebar_id":"","_kad_post_content_style":"default","_kad_post_vertical_padding":"default","_kad_post_feature":"","_kad_post_feature_position":"","_kad_post_header":false,"_kad_post_footer":false,"_kad_post_classname":""},"product_brand":[1300],"product_cat":[15,1480],"product_tag":[],"class_list":{"0":"post-114676","1":"product","2":"type-product","3":"status-publish","4":"has-post-thumbnail","6":"product_brand-errea","7":"product_cat-bez-kategorii","8":"product_cat-pozostale-kluby-wloskie","9":"pa_homeawaythird-away","10":"pa_rozmiar-l","12":"first","13":"instock","14":"taxable","15":"shipping-taxable","16":"purchasable","17":"product-type-simple","18":"entry","19":"content-bg","20":"loop-entry"},"taxonomy_info":{"product_brand":[{"value":1300,"label":"Errea"}],"product_cat":[{"value":15,"label":"Bez kategorii"},{"value":1480,"label":"Pozosta\u0142e kluby w\u0142oskie"}],"pa_homeawaythird":[{"value":1598,"label":"Away"}],"pa_rozmiar":[{"value":1817,"label":"L"}]},"featured_image_src_large":["https:\/\/footballthrift.shop\/wp-content\/uploads\/2026\/01\/Photoroom_003_20260115_120712-1024x1024.png",1024,1024,true],"author_info":[],"comment_info":"","_links":{"self":[{"href":"https:\/\/footballthrift.shop\/de\/wp-json\/wp\/v2\/product\/114676","targetHints":{"allow":["GET"]}}],"collection":[{"href":"https:\/\/footballthrift.shop\/de\/wp-json\/wp\/v2\/product"}],"about":[{"href":"https:\/\/footballthrift.shop\/de\/wp-json\/wp\/v2\/types\/product"}],"wp:featuredmedia":[{"embeddable":true,"href":"https:\/\/footballthrift.shop\/de\/wp-json\/wp\/v2\/media\/114700"}],"wp:attachment":[{"href":"https:\/\/footballthrift.shop\/de\/wp-json\/wp\/v2\/media?parent=114676"}],"wp:term":[{"taxonomy":"product_brand","embeddable":true,"href":"https:\/\/footballthrift.shop\/de\/wp-json\/wp\/v2\/product_brand?post=114676"},{"taxonomy":"product_cat","embeddable":true,"href":"https:\/\/footballthrift.shop\/de\/wp-json\/wp\/v2\/product_cat?post=114676"},{"taxonomy":"product_tag","embeddable":true,"href":"https:\/\/footballthrift.shop\/de\/wp-json\/wp\/v2\/product_tag?post=114676"}],"curies":[{"name":"wp","href":"https:\/\/api.w.org\/{rel}","templated":true}]}}