{"id":114672,"date":"2026-01-18T17:58:26","date_gmt":"2026-01-18T16:58:26","guid":{"rendered":"https:\/\/footballthrift.shop\/?post_type=product&#038;p=114672"},"modified":"2026-03-09T11:24:35","modified_gmt":"2026-03-09T10:24:35","slug":"fusballtrikot-newcastle-united-fc-2022-23-auswarts-5xl","status":"publish","type":"product","link":"https:\/\/footballthrift.shop\/de\/koszulka-pilkarska-newcastle-united-fc-2022-23-away-5xl\/","title":{"rendered":"Koszulka pi\u0142karska Newcastle United FC 2022\/23 Away [5XL]"},"content":{"rendered":"<p><strong>Verein:<\/strong> Newcastle United FC<\/p>\n<p><strong>Saison:<\/strong> 2022\/23 Ausw\u00e4rts<\/p>\n<p><strong>Gr\u00f6\u00dfe: <\/strong>5XL<\/p>\n<p><strong>Zustand:<\/strong> Sehr gut - zwei Mikrostiche.<\/p>\n<p><strong>Ma\u00dfe (Achselbreite\/L\u00e4nge) in cm: <\/strong>77\/78<\/p>","protected":false},"excerpt":{"rendered":"<p data-start=\"0\" data-end=\"99\"><strong data-start=\"0\" data-end=\"99\">Original Newcastle United FC Ausw\u00e4rtstrikot aus der Saison 2022\/23, hergestellt von Castore.\u00a0<\/strong><\/p>\n<p data-start=\"101\" data-end=\"459\">Modell entworfen von\u00a0<strong data-start=\"128\" data-end=\"139\">Castore<\/strong>\u00a0f\u00fcr die Saison\u00a0<strong data-start=\"149\" data-end=\"160\">2022\/23<\/strong>\u00a0f\u00fcr\u00a0<strong data-start=\"165\" data-end=\"188\">Newcastle United FC<\/strong>, in Gr\u00f6\u00dfe <strong>5x<\/strong><strong data-start=\"202\" data-end=\"207\">L<\/strong>, ist Teil einer der bahnbrechendsten Perioden in der modernen Geschichte des Clubs aus St. James\u2019 Park. Das Trikot wurde in einem eleganten Stil gehalten.\u00a0<strong data-start=\"352\" data-end=\"378\">Marineblau<\/strong>, wodurch sie sich deutlich von den traditionellen, gestreiften Heimtextilien von Srok unterscheidet.<\/p>\n<p data-start=\"461\" data-end=\"874\">Das Projekt wird erg\u00e4nzt durch ausdrucksstarke\u00a0<strong data-start=\"491\" data-end=\"543\">orangefarbene Bes\u00e4tze an \u00c4rmeln und Kragen<\/strong>, die dem Ganzen einen modernen, dynamischen Charakter verleihen. Auf der Vorderseite befindet sich mittig der Aufdruck des Sponsors.\u00a0<strong data-start=\"651\" data-end=\"660\">Spa\u00df88<\/strong>, das einen Kontrast zum dunklen Untergrund bildet und gut lesbar ist. Das Wappen von Newcastle United und das Logo des Herstellers sind in einem klassischen Layout angeordnet und unterstreichen die Authentizit\u00e4t und den offiziellen Charakter des Ausw\u00e4rtstrikots.<\/p>\n<p data-start=\"876\" data-end=\"1484\">Saison\u00a0<strong data-start=\"882\" data-end=\"893\">2022\/23<\/strong>\u00a0war f\u00fcr Newcastle etwas Besonderes \u2013 die Mannschaft unter der Leitung von\u00a0<strong data-start=\"949\" data-end=\"967\">Eddie Howe<\/strong>\u00a0besch\u00e4ftigt\u00a0<strong data-start=\"975\" data-end=\"1006\">4. Platz in der Premier League<\/strong>, zur\u00fcck zu\u00a0<strong data-start=\"1020\" data-end=\"1068\">Champions League zum ersten Mal seit zwei Jahrzehnten<\/strong>. Die Mannschaft beeindruckte durch ihre Spielorganisation, ihr intensives Pressing und ihre solide Abwehr. Zu den Schl\u00fcsselspielern geh\u00f6rten unter anderem.\u00a0<strong data-start=\"1187\" data-end=\"1206\">Bruno Guimar\u00e3es<\/strong>, der das Herzst\u00fcck des Mittelfelds bildet,\u00a0<strong data-start=\"1235\" data-end=\"1254\">Kieran Trippier<\/strong>\u00a0als Anf\u00fchrer und Kapit\u00e4n des Teams, effektiv\u00a0<strong data-start=\"1295\" data-end=\"1312\">Callum Wilson<\/strong>sowie\u00a0<strong data-start=\"1322\" data-end=\"1340\">Alexander Isak<\/strong>, der Dynamik und Kreativit\u00e4t in die Offensive brachte. Die Defensive mit\u00a0<strong data-start=\"1403\" data-end=\"1422\">Sven Botman<\/strong>\u00a0i\u00a0<strong data-start=\"1425\" data-end=\"1445\">Fabian Sch\u00e4r<\/strong>\u00a0geh\u00f6rte zu den besten der gesamten Liga.<\/p>\n<p data-start=\"1486\" data-end=\"1767\">Das T-Shirt ist hergestellt aus\u00a0<strong data-start=\"1511\" data-end=\"1547\">leichtes, technisches Material<\/strong>, Das Design der Jacke, die eine bequeme Passform sowohl f\u00fcr sportliche Aktivit\u00e4ten als auch f\u00fcr das t\u00e4gliche Tragen bietet. Schnitt in einer seltenen Gr\u00f6\u00dfe\u00a0<strong>5XL<\/strong> garantiert eine bequeme Passform und Bewegungsfreiheit, entsprechend den Castore Matchwear-Standards.<\/p>\n<p data-start=\"1769\" data-end=\"2119\" data-is-last-node=\"\" data-is-only-node=\"\">Das ist ein hervorragendes Angebot f\u00fcr Fans und Sammler, die gerne\u00a0<strong data-start=\"1843\" data-end=\"1911\">Original Newcastle United Ausw\u00e4rtstrikot 2022\/23<\/strong>, verbunden mit\u00a0<strong data-start=\"1924\" data-end=\"1972\">historischen R\u00fcckkehr des Vereins in die Champions League<\/strong>, die sich durch moderne\u00a0<strong data-start=\"2002\" data-end=\"2040\">dark blue and orange colours<\/strong>\u00a0und ein Symbol f\u00fcr eine der besten Spielzeiten der Magpies in der Premier League-\u00c4ra.<\/p>","protected":false},"featured_media":116680,"template":"","meta":{"_kad_blocks_custom_css":"","_kad_blocks_head_custom_js":"","_kad_blocks_body_custom_js":"","_kad_blocks_footer_custom_js":"","_kad_post_transparent":"default","_kad_post_title":"","_kad_post_layout":"default","_kad_post_sidebar_id":"","_kad_post_content_style":"default","_kad_post_vertical_padding":"default","_kad_post_feature":"","_kad_post_feature_position":"","_kad_post_header":false,"_kad_post_footer":false,"_kad_post_classname":""},"product_brand":[1384],"product_cat":[15,2031],"product_tag":[],"class_list":{"0":"post-114672","1":"product","2":"type-product","3":"status-publish","4":"has-post-thumbnail","6":"product_brand-castore","7":"product_cat-bez-kategorii","8":"product_cat-newcastle-united-fc","9":"pa_homeawaythird-away","10":"pa_rozmiar-5xl","12":"first","13":"instock","14":"taxable","15":"shipping-taxable","16":"purchasable","17":"product-type-simple","18":"entry","19":"content-bg","20":"loop-entry"},"taxonomy_info":{"product_brand":[{"value":1384,"label":"Castore"}],"product_cat":[{"value":15,"label":"Bez kategorii"},{"value":2031,"label":"Newcastle United FC"}],"pa_homeawaythird":[{"value":1598,"label":"Away"}],"pa_rozmiar":[{"value":2007,"label":"5XL"}]},"featured_image_src_large":["https:\/\/footballthrift.shop\/wp-content\/uploads\/2026\/01\/Photoroom_042_20260115_120712-1024x1024.png",1024,1024,true],"author_info":[],"comment_info":"","_links":{"self":[{"href":"https:\/\/footballthrift.shop\/de\/wp-json\/wp\/v2\/product\/114672","targetHints":{"allow":["GET"]}}],"collection":[{"href":"https:\/\/footballthrift.shop\/de\/wp-json\/wp\/v2\/product"}],"about":[{"href":"https:\/\/footballthrift.shop\/de\/wp-json\/wp\/v2\/types\/product"}],"wp:featuredmedia":[{"embeddable":true,"href":"https:\/\/footballthrift.shop\/de\/wp-json\/wp\/v2\/media\/116680"}],"wp:attachment":[{"href":"https:\/\/footballthrift.shop\/de\/wp-json\/wp\/v2\/media?parent=114672"}],"wp:term":[{"taxonomy":"product_brand","embeddable":true,"href":"https:\/\/footballthrift.shop\/de\/wp-json\/wp\/v2\/product_brand?post=114672"},{"taxonomy":"product_cat","embeddable":true,"href":"https:\/\/footballthrift.shop\/de\/wp-json\/wp\/v2\/product_cat?post=114672"},{"taxonomy":"product_tag","embeddable":true,"href":"https:\/\/footballthrift.shop\/de\/wp-json\/wp\/v2\/product_tag?post=114672"}],"curies":[{"name":"wp","href":"https:\/\/api.w.org\/{rel}","templated":true}]}}