{"id":114671,"date":"2026-01-18T17:58:27","date_gmt":"2026-01-18T16:58:27","guid":{"rendered":"https:\/\/footballthrift.shop\/?post_type=product&#038;p=114671"},"modified":"2026-03-09T11:24:35","modified_gmt":"2026-03-09T10:24:35","slug":"koszulka-pilkarska-newcastle-united-fc-2023-24-away-l","status":"publish","type":"product","link":"https:\/\/footballthrift.shop\/de\/koszulka-pilkarska-newcastle-united-fc-2023-24-away-l\/","title":{"rendered":"Koszulka pi\u0142karska Newcastle United FC 2023\/24 Away [L]"},"content":{"rendered":"<p><strong>Verein:<\/strong> Newcastle United FC<\/p>\n<p><strong>Saison:<\/strong> 2023\/24 Ausw\u00e4rts<\/p>\n<p><strong>Gr\u00f6\u00dfe: <\/strong>L<\/p>\n<p><strong>Zustand:<\/strong> Ausgezeichnet<\/p>\n<p><strong>Ma\u00dfe (Achselbreite\/L\u00e4nge) in cm: <\/strong>54\/74<\/p>","protected":false},"excerpt":{"rendered":"<p data-start=\"0\" data-end=\"99\"><strong data-start=\"0\" data-end=\"99\">Original Newcastle United FC Ausw\u00e4rtstrikot aus der Saison 2023\/24 von Castore.\u00a0<\/strong><\/p>\n<p data-start=\"101\" data-end=\"506\">Ausgehender Satz <strong data-start=\"119\" data-end=\"160\"><span class=\"hover:entity-accent entity-underline inline cursor-pointer align-baseline\"><span class=\"whitespace-normal\">Newcastle United FC<\/span><\/span><\/strong> z <strong data-start=\"163\" data-end=\"181\">Saison 2023\/24<\/strong>hergestellt von <strong data-start=\"203\" data-end=\"244\"><span class=\"hover:entity-accent entity-underline inline cursor-pointer align-baseline\"><span class=\"whitespace-normal\">Castore<\/span><\/span><\/strong> w <strong data-start=\"247\" data-end=\"262\">Gr\u00f6\u00dfe L<\/strong>, ein Modell, das den Verein durch eine herausfordernde Periode der Kombination von Ligawettbewerb und Europapokalteilnahme begleitete. Diese Kampagne setzte das sportliche Wachstum der Mannschaft fort und best\u00e4tigte ihren Platz an der Spitze des englischen Fu\u00dfballs.<\/p>\n<p data-start=\"508\" data-end=\"931\">Das T-Shirt wurde hergestellt in <strong data-start=\"541\" data-end=\"561\">gr\u00fcne Farbe<\/strong>, und seine Oberfl\u00e4che ist gef\u00fcllt mit <strong data-start=\"591\" data-end=\"612\">geometrisches Muster<\/strong>, und verleiht dem Ganzen einen modernen und dynamischen Charakter. <strong data-start=\"666\" data-end=\"693\">Kragen und \u00c4rmel<\/strong> in kontrastierender Ausf\u00fchrung <strong data-start=\"723\" data-end=\"753\">schwarz und wei\u00df<\/strong>, die eine intensive Farbbasis ausgleichen; Kr\u00e4uter <strong data-start=\"807\" data-end=\"830\">Newcastle United FC<\/strong> ist klassisch auf der linken Seite der Brust platziert, und das Logo <strong data-start=\"897\" data-end=\"908\">Castore<\/strong> auf der gegnerischen Seite.<\/p>\n<p data-start=\"933\" data-end=\"1354\"><strong data-start=\"933\" data-end=\"950\">Saison 2023\/24<\/strong> war f\u00fcr <strong data-start=\"959\" data-end=\"982\">Newcastle United FC<\/strong> Zeit, in der sie an mehreren Fronten spielten, darunter sowohl in der Liga als auch im europ\u00e4ischen Wettbewerb. Der Kern der Mannschaft bestand aus erfahrenen F\u00fchrungsspielern und Leistungstr\u00e4gern wie <strong data-start=\"1155\" data-end=\"1196\"><span class=\"hover:entity-accent entity-underline inline cursor-pointer align-baseline\"><span class=\"whitespace-normal\">Bruno Guimar\u00e3es<\/span><\/span><\/strong>, <strong data-start=\"1198\" data-end=\"1239\"><span class=\"hover:entity-accent entity-underline inline cursor-pointer align-baseline\"><span class=\"whitespace-normal\">Kieran Trippier<\/span><\/span><\/strong> oder <strong data-start=\"1244\" data-end=\"1285\"><span class=\"hover:entity-accent entity-underline inline cursor-pointer align-baseline\"><span class=\"whitespace-normal\">Alexander Isak<\/span><\/span><\/strong>, die eine wichtige Rolle bei der Stabilisierung des Spiels und der Leistung der Mannschaft gespielt haben.<\/p>\n<p data-start=\"1356\" data-end=\"1503\">Das T-Shirt ist hergestellt aus <strong data-start=\"1384\" data-end=\"1421\">leichtes und luftiges Material<\/strong>, und die K\u00fcrzung der <strong data-start=\"1432\" data-end=\"1447\">Gr\u00f6\u00dfe L<\/strong>\u00a0sorgt f\u00fcr einen normgerechten Sitz <strong data-start=\"1491\" data-end=\"1502\">Castore<\/strong>.<\/p>\n<p data-start=\"1505\" data-end=\"1736\" data-is-last-node=\"\" data-is-only-node=\"\">Es ist ein Angebot f\u00fcr Sammler und Fans, die ein Original <strong data-start=\"1576\" data-end=\"1648\">Newcastle United FC Ausw\u00e4rtstrikot der Saison 2023\/24<\/strong>, und bietet einen klaren \u00dcberblick \u00fcber die Phase, in der der Verein in der Liga und im europ\u00e4ischen Wettbewerb stark vertreten war.<\/p>","protected":false},"featured_media":116673,"template":"","meta":{"_kad_blocks_custom_css":"","_kad_blocks_head_custom_js":"","_kad_blocks_body_custom_js":"","_kad_blocks_footer_custom_js":"","_kad_post_transparent":"default","_kad_post_title":"","_kad_post_layout":"default","_kad_post_sidebar_id":"","_kad_post_content_style":"default","_kad_post_vertical_padding":"default","_kad_post_feature":"","_kad_post_feature_position":"","_kad_post_header":false,"_kad_post_footer":false,"_kad_post_classname":""},"product_brand":[1384],"product_cat":[15,2031],"product_tag":[],"class_list":{"0":"post-114671","1":"product","2":"type-product","3":"status-publish","4":"has-post-thumbnail","6":"product_brand-castore","7":"product_cat-bez-kategorii","8":"product_cat-newcastle-united-fc","9":"pa_homeawaythird-away","10":"pa_rozmiar-l","12":"first","13":"instock","14":"taxable","15":"shipping-taxable","16":"purchasable","17":"product-type-simple","18":"entry","19":"content-bg","20":"loop-entry"},"taxonomy_info":{"product_brand":[{"value":1384,"label":"Castore"}],"product_cat":[{"value":15,"label":"Bez kategorii"},{"value":2031,"label":"Newcastle United FC"}],"pa_homeawaythird":[{"value":1598,"label":"Away"}],"pa_rozmiar":[{"value":1817,"label":"L"}]},"featured_image_src_large":["https:\/\/footballthrift.shop\/wp-content\/uploads\/2026\/01\/Photoroom_050_20260115_120712-1024x1024.png",1024,1024,true],"author_info":[],"comment_info":"","_links":{"self":[{"href":"https:\/\/footballthrift.shop\/de\/wp-json\/wp\/v2\/product\/114671","targetHints":{"allow":["GET"]}}],"collection":[{"href":"https:\/\/footballthrift.shop\/de\/wp-json\/wp\/v2\/product"}],"about":[{"href":"https:\/\/footballthrift.shop\/de\/wp-json\/wp\/v2\/types\/product"}],"wp:featuredmedia":[{"embeddable":true,"href":"https:\/\/footballthrift.shop\/de\/wp-json\/wp\/v2\/media\/116673"}],"wp:attachment":[{"href":"https:\/\/footballthrift.shop\/de\/wp-json\/wp\/v2\/media?parent=114671"}],"wp:term":[{"taxonomy":"product_brand","embeddable":true,"href":"https:\/\/footballthrift.shop\/de\/wp-json\/wp\/v2\/product_brand?post=114671"},{"taxonomy":"product_cat","embeddable":true,"href":"https:\/\/footballthrift.shop\/de\/wp-json\/wp\/v2\/product_cat?post=114671"},{"taxonomy":"product_tag","embeddable":true,"href":"https:\/\/footballthrift.shop\/de\/wp-json\/wp\/v2\/product_tag?post=114671"}],"curies":[{"name":"wp","href":"https:\/\/api.w.org\/{rel}","templated":true}]}}