{"id":114667,"date":"2026-01-18T17:58:29","date_gmt":"2026-01-18T16:58:29","guid":{"rendered":"https:\/\/footballthrift.shop\/?post_type=product&#038;p=114667"},"modified":"2026-03-09T11:24:34","modified_gmt":"2026-03-09T10:24:34","slug":"newcastle-united-fc-2013-14-heim-xl-fusballtrikot","status":"publish","type":"product","link":"https:\/\/footballthrift.shop\/de\/koszulka-pilkarska-newcastle-united-fc-2013-14-home-xl\/","title":{"rendered":"Koszulka pi\u0142karska Newcastle United FC 2013\/14 Home [XL]"},"content":{"rendered":"<p><strong>Verein:<\/strong> Newcastle United FC<\/p>\n<p><strong>Saison:<\/strong> 2013\/14 Startseite<\/p>\n<p><strong>Gr\u00f6\u00dfe: <\/strong>XL<\/p>\n<p><strong>Zustand:<\/strong> Ausgezeichnet<\/p>\n<p><strong>Ma\u00dfe (Achselbreite\/L\u00e4nge) in cm: <\/strong>60\/73<\/p>","protected":false},"excerpt":{"rendered":"<p data-start=\"0\" data-end=\"111\"><strong data-start=\"0\" data-end=\"111\">Original Heim-Fu\u00dfballtrikot <span class=\"hover:entity-accent entity-underline inline cursor-pointer align-baseline\"><span class=\"whitespace-normal\">Newcastle United FC<\/span><\/span> der Saison 2013\/14 von Puma.\u00a0<\/strong><\/p>\n<p data-start=\"113\" data-end=\"479\">Heimmodell <strong data-start=\"126\" data-end=\"149\">Newcastle United FC<\/strong> z <strong data-start=\"152\" data-end=\"170\">Saison 2013\/14<\/strong>hergestellt von <strong data-start=\"192\" data-end=\"200\">Puma<\/strong> in der Gr\u00f6\u00dfe <strong data-start=\"213\" data-end=\"219\">XL<\/strong>, ist eine klassische Interpretation der traditionellen Farben des Clubs aus dem St. James\u2019 Park. Das Design ist angelehnt an <strong data-start=\"314\" data-end=\"362\">zeitlose vertikale Streifen in Schwarz und Wei\u00df<\/strong>, die seit Jahrzehnten die Identit\u00e4t der Magpies ausmacht und eines der bekanntesten Motive im englischen Fu\u00dfball ist.<\/p>\n<p data-start=\"481\" data-end=\"954\">Auf der Vorderseite des Trikots steht der Aufdruck des Sponsors im Mittelpunkt <strong data-start=\"543\" data-end=\"552\">Wonga<\/strong>, Ein starker Kontrast zu den hellen Streifen und im Einklang mit der \u00c4sthetik der Premier League in der ersten H\u00e4lfte des zweiten Jahrzehnts des 21. Jahrhunderts. Erg\u00e4nzt wird das Ganze durch <strong data-start=\"698\" data-end=\"752\">mit dezenten blauen und goldenen Details<\/strong>, Das Design der Newcastle Trikots unterscheidet sich von den fr\u00fcheren, raueren Versionen der Heimtrikots, die durch die Verzierungen und die Herstellermarken einen eleganteren Eindruck vermitteln.<\/p>\n<p data-start=\"956\" data-end=\"1459\"><strong data-start=\"956\" data-end=\"973\">Saison 2013\/14<\/strong> war f\u00fcr <strong data-start=\"982\" data-end=\"1005\">Newcastle United FC<\/strong> eine \u00dcbergangszeit, aber sie war voll von markanten Pers\u00f6nlichkeiten. Die Farben des Vereins waren. <strong data-start=\"1105\" data-end=\"1118\">Lo\u00efc R\u00e9my<\/strong>, der der beste Torsch\u00fctze der Mannschaft ist, und <strong data-start=\"1165\" data-end=\"1181\">Yohan Cabaye<\/strong>, <strong data-start=\"1183\" data-end=\"1199\">Cheick Tiot\u00e9<\/strong>, <strong data-start=\"1201\" data-end=\"1219\" data-is-only-node=\"\">Moussa Sissoko<\/strong> und <strong data-start=\"1225\" data-end=\"1247\">Fabricio Coloccini<\/strong>, Die Mannschaft landete im Mittelfeld der Tabelle. Das von Alan Pardew gef\u00fchrte Team beendete die Saison im Mittelfeld der Tabelle, aber der Spielstil und das Personal sorgten daf\u00fcr, dass diese Saison den Fans bis heute in guter Erinnerung geblieben ist.<\/p>\n<p data-start=\"1461\" data-end=\"1679\">Das T-Shirt ist hergestellt aus <strong data-start=\"1489\" data-end=\"1526\">leichtes und luftiges Material<\/strong>, Charakteristisch f\u00fcr Wohnprojekte <strong data-start=\"1571\" data-end=\"1579\">Pumas<\/strong> aus dieser Zeit. <strong data-start=\"1595\" data-end=\"1618\">Schnitt in Gr\u00f6\u00dfe XL<\/strong> bietet eine klassische, entspannte Passform und hohen Tragekomfort.<\/p>\n<p data-start=\"1681\" data-end=\"1985\" data-is-last-node=\"\" data-is-only-node=\"\">Dies ist ein Angebot f\u00fcr Sammler und Fans, die auf der Suche sind nach <strong data-start=\"1740\" data-end=\"1836\">das Original Newcastle United FC Heimtrikot aus der Saison 2013\/14 von Puma<\/strong>, das sich durch sein klassisches Streifenmuster auszeichnet und einen klaren Bezug zu einer markanten Phase in der Geschichte des Clubs mit dem <strong>Erste Liga<\/strong>.<\/p>","protected":false},"featured_media":116642,"template":"","meta":{"_kad_blocks_custom_css":"","_kad_blocks_head_custom_js":"","_kad_blocks_body_custom_js":"","_kad_blocks_footer_custom_js":"","_kad_post_transparent":"default","_kad_post_title":"","_kad_post_layout":"default","_kad_post_sidebar_id":"","_kad_post_content_style":"default","_kad_post_vertical_padding":"default","_kad_post_feature":"","_kad_post_feature_position":"","_kad_post_header":false,"_kad_post_footer":false,"_kad_post_classname":""},"product_brand":[1287],"product_cat":[15,2031],"product_tag":[],"class_list":{"0":"post-114667","1":"product","2":"type-product","3":"status-publish","4":"has-post-thumbnail","6":"product_brand-puma","7":"product_cat-bez-kategorii","8":"product_cat-newcastle-united-fc","9":"pa_homeawaythird-home","10":"pa_rozmiar-xl","12":"first","13":"instock","14":"taxable","15":"shipping-taxable","16":"purchasable","17":"product-type-simple","18":"entry","19":"content-bg","20":"loop-entry"},"taxonomy_info":{"product_brand":[{"value":1287,"label":"Puma"}],"product_cat":[{"value":15,"label":"Bez kategorii"},{"value":2031,"label":"Newcastle United FC"}],"pa_homeawaythird":[{"value":1597,"label":"Home"}],"pa_rozmiar":[{"value":1818,"label":"XL"}]},"featured_image_src_large":["https:\/\/footballthrift.shop\/wp-content\/uploads\/2026\/01\/Photoroom_044_20260115_120712-1024x1024.png",1024,1024,true],"author_info":[],"comment_info":"","_links":{"self":[{"href":"https:\/\/footballthrift.shop\/de\/wp-json\/wp\/v2\/product\/114667","targetHints":{"allow":["GET"]}}],"collection":[{"href":"https:\/\/footballthrift.shop\/de\/wp-json\/wp\/v2\/product"}],"about":[{"href":"https:\/\/footballthrift.shop\/de\/wp-json\/wp\/v2\/types\/product"}],"wp:featuredmedia":[{"embeddable":true,"href":"https:\/\/footballthrift.shop\/de\/wp-json\/wp\/v2\/media\/116642"}],"wp:attachment":[{"href":"https:\/\/footballthrift.shop\/de\/wp-json\/wp\/v2\/media?parent=114667"}],"wp:term":[{"taxonomy":"product_brand","embeddable":true,"href":"https:\/\/footballthrift.shop\/de\/wp-json\/wp\/v2\/product_brand?post=114667"},{"taxonomy":"product_cat","embeddable":true,"href":"https:\/\/footballthrift.shop\/de\/wp-json\/wp\/v2\/product_cat?post=114667"},{"taxonomy":"product_tag","embeddable":true,"href":"https:\/\/footballthrift.shop\/de\/wp-json\/wp\/v2\/product_tag?post=114667"}],"curies":[{"name":"wp","href":"https:\/\/api.w.org\/{rel}","templated":true}]}}