{"id":114666,"date":"2026-01-18T17:58:29","date_gmt":"2026-01-18T16:58:29","guid":{"rendered":"https:\/\/footballthrift.shop\/?post_type=product&#038;p=114666"},"modified":"2026-03-09T11:24:34","modified_gmt":"2026-03-09T10:24:34","slug":"manchester-united-fusball-jacke-2018-19-l","status":"publish","type":"product","link":"https:\/\/footballthrift.shop\/de\/kurtka-pilkarska-manchester-united-2018-19-l\/","title":{"rendered":"Kurtka pi\u0142karska Manchester United 2018\/19 [L]"},"content":{"rendered":"<p><strong>Verein:<\/strong> Manchester United<\/p>\n<p><strong>Saison:<\/strong> 2018\/19<\/p>\n<p><strong>Gr\u00f6\u00dfe: <\/strong>L<\/p>\n<p><strong>Zustand:<\/strong> Sehr gut - leichte Verschmutzung auf der Innenseite der H\u00fclle.<\/p>\n<p><strong>Ma\u00dfe (Achselbreite\/L\u00e4nge) in cm: <\/strong>58\/74<\/p>","protected":false},"excerpt":{"rendered":"<p data-start=\"0\" data-end=\"105\"><strong data-start=\"0\" data-end=\"105\">Die originelle Fu\u00dfballjacke <span class=\"hover:entity-accent entity-underline inline cursor-pointer align-baseline\"><span class=\"whitespace-normal\">Manchester United<\/span><\/span> der Saison 2018\/19 von Adidas.\u00a0<\/strong><\/p>\n<p data-start=\"107\" data-end=\"435\">Modell der Clubjacke <strong data-start=\"129\" data-end=\"151\">Manchester United<\/strong> z <strong data-start=\"154\" data-end=\"172\">Saison 2018\/19<\/strong>hergestellt von <strong data-start=\"194\" data-end=\"205\">Adidas<\/strong>, stammt aus einem der turbulentesten und wichtigsten Momente in der j\u00fcngeren Geschichte des Vereins. Es war eine Saison mit gro\u00dfen Ver\u00e4nderungen auf der Trainerbank, Formschwankungen und dem Versuch, nach mehreren Jahren der Instabilit\u00e4t wieder eine sportliche Identit\u00e4t zu finden.<\/p>\n<p data-start=\"437\" data-end=\"935\">Die Jacke wurde hergestellt in <strong data-start=\"463\" data-end=\"487\">dunkelgrau<\/strong>, mit <strong data-start=\"505\" data-end=\"532\">orthalionisches Material<\/strong>, Das Design ist ein Markenzeichen der Adidas Trainings- und Spielkleidung. Das gesamte Kleidungsst\u00fcck ist ausgestattet mit <strong data-start=\"615\" data-end=\"637\">zip<\/strong> und <strong data-start=\"643\" data-end=\"653\">Haube<\/strong>, was seinen funktionalen, utilitaristischen Charakter unterstreicht. Die am besten erkennbaren Elemente sind <strong data-start=\"746\" data-end=\"811\">rote Herstellerstreifen \u00fcber die gesamte L\u00e4nge der \u00c4rmel<\/strong>, eindeutig mit Projekten verbunden <strong data-start=\"850\" data-end=\"861\">Adidas<\/strong> und farblich mit den traditionellen Farben verwandt <strong data-start=\"912\" data-end=\"934\">Manchester United<\/strong>.<\/p>\n<p data-start=\"937\" data-end=\"1337\"><strong data-start=\"937\" data-end=\"954\">Saison 2018\/19<\/strong> war f\u00fcr <strong data-start=\"963\" data-end=\"985\">Manchester United<\/strong> eine Zeit der sportlichen Extreme. Nach einem schlechten Start in die Liga und der Entlassung von Jos\u00e9 Mourinho wurde das Team von Ole Gunnar Solskj\u00e6r \u00fcbernommen, der der Mannschaft neue Energie einhauchte und die Ergebnisse in den ersten Monaten verbesserte. Letztendlich beendete der Verein die Liga auf <strong data-start=\"1223\" data-end=\"1237\">6. Platz<\/strong>, und die Saison hat gezeigt, wie gro\u00df die Herausforderung ist, die das Team im Kampf um die R\u00fcckkehr in die europ\u00e4ische Spitzenklasse zu bew\u00e4ltigen hat.<\/p>\n<p data-start=\"1339\" data-end=\"1725\">Zu dieser Zeit waren die Farben <strong data-start=\"1362\" data-end=\"1384\">Manchester United<\/strong> vertreten u.a. durch. <strong data-start=\"1406\" data-end=\"1420\">Paul Pogba<\/strong>, der einer der Anf\u00fchrer des Mittelfelds ist, <strong data-start=\"1459\" data-end=\"1478\">Marcus Rashford<\/strong>, der sich immer mehr zum Gesicht der Mannschaft entwickelt hat, und <strong data-start=\"1537\" data-end=\"1553\">David de Gea<\/strong>, <strong data-start=\"1555\" data-end=\"1572\">Jesse Lingard<\/strong>, <strong data-start=\"1574\" data-end=\"1593\">Anthony Martial<\/strong> und <strong data-start=\"1599\" data-end=\"1616\">Romelu Lukaku<\/strong>. Es war eine Mannschaft, die Erfahrung mit jungen Spielern kombinierte, um die der Verein eine Zukunft aufbauen wollte.<\/p>\n<p data-start=\"1727\" data-end=\"2006\" data-is-last-node=\"\" data-is-only-node=\"\">Dies ist ein Angebot f\u00fcr Sammler und Fans, die auf der Suche sind nach <strong data-start=\"1786\" data-end=\"1874\">Manchester Uniteds Original Fu\u00dfballjacke aus der Saison 2018\/19 von Adidas<\/strong>, und dokumentiert damit eine der wichtigsten und symboltr\u00e4chtigsten Phasen in der modernen Geschichte des Old Trafford Clubs.<\/p>","protected":false},"featured_media":116634,"template":"","meta":{"_kad_blocks_custom_css":"","_kad_blocks_head_custom_js":"","_kad_blocks_body_custom_js":"","_kad_blocks_footer_custom_js":"","_kad_post_transparent":"default","_kad_post_title":"","_kad_post_layout":"default","_kad_post_sidebar_id":"","_kad_post_content_style":"default","_kad_post_vertical_padding":"default","_kad_post_feature":"","_kad_post_feature_position":"","_kad_post_header":false,"_kad_post_footer":false,"_kad_post_classname":""},"product_brand":[1283],"product_cat":[15,1423,1478],"product_tag":[],"class_list":{"0":"post-114666","1":"product","2":"type-product","3":"status-publish","4":"has-post-thumbnail","6":"product_brand-adidas","7":"product_cat-bez-kategorii","8":"product_cat-kurtkibluzytrening","9":"product_cat-manchester-united","10":"pa_rozmiar-l","12":"first","13":"instock","14":"taxable","15":"shipping-taxable","16":"purchasable","17":"product-type-simple","18":"entry","19":"content-bg","20":"loop-entry"},"taxonomy_info":{"product_brand":[{"value":1283,"label":"Adidas"}],"product_cat":[{"value":15,"label":"Bez kategorii"},{"value":1423,"label":"Kurtki\/bluzy\/trening"},{"value":1478,"label":"Manchester United"}],"pa_rozmiar":[{"value":1817,"label":"L"}]},"featured_image_src_large":["https:\/\/footballthrift.shop\/wp-content\/uploads\/2026\/01\/Photoroom_000_20260115_120712-1024x1024.png",1024,1024,true],"author_info":[],"comment_info":"","_links":{"self":[{"href":"https:\/\/footballthrift.shop\/de\/wp-json\/wp\/v2\/product\/114666","targetHints":{"allow":["GET"]}}],"collection":[{"href":"https:\/\/footballthrift.shop\/de\/wp-json\/wp\/v2\/product"}],"about":[{"href":"https:\/\/footballthrift.shop\/de\/wp-json\/wp\/v2\/types\/product"}],"wp:featuredmedia":[{"embeddable":true,"href":"https:\/\/footballthrift.shop\/de\/wp-json\/wp\/v2\/media\/116634"}],"wp:attachment":[{"href":"https:\/\/footballthrift.shop\/de\/wp-json\/wp\/v2\/media?parent=114666"}],"wp:term":[{"taxonomy":"product_brand","embeddable":true,"href":"https:\/\/footballthrift.shop\/de\/wp-json\/wp\/v2\/product_brand?post=114666"},{"taxonomy":"product_cat","embeddable":true,"href":"https:\/\/footballthrift.shop\/de\/wp-json\/wp\/v2\/product_cat?post=114666"},{"taxonomy":"product_tag","embeddable":true,"href":"https:\/\/footballthrift.shop\/de\/wp-json\/wp\/v2\/product_tag?post=114666"}],"curies":[{"name":"wp","href":"https:\/\/api.w.org\/{rel}","templated":true}]}}