{"id":114665,"date":"2026-01-18T17:58:29","date_gmt":"2026-01-18T16:58:29","guid":{"rendered":"https:\/\/footballthrift.shop\/?post_type=product&#038;p=114665"},"modified":"2026-03-09T11:24:34","modified_gmt":"2026-03-09T10:24:34","slug":"koszulka-treningowa-manchester-city-2016-17-s-2","status":"publish","type":"product","link":"https:\/\/footballthrift.shop\/de\/koszulka-treningowa-manchester-city-2016-17-s-2\/","title":{"rendered":"Koszulka treningowa Manchester City 2016\/17 [S]"},"content":{"rendered":"<p><strong>Verein:<\/strong> Manchester City<\/p>\n<p><strong>Saison:<\/strong> 2016\/17<\/p>\n<p><strong>Gr\u00f6\u00dfe: <\/strong>S<\/p>\n<p><strong>Zustand:<\/strong> Ausgezeichnet<\/p>\n<p><strong>Ma\u00dfe (Achselbreite\/L\u00e4nge) in cm: <\/strong>46\/69<\/p>","protected":false},"excerpt":{"rendered":"<p data-start=\"0\" data-end=\"105\"><strong data-start=\"0\" data-end=\"105\">Das originelle Trainingsshirt <span class=\"hover:entity-accent entity-underline inline cursor-pointer align-baseline\"><span class=\"whitespace-normal\">Manchester City<\/span><\/span> der Saison 2016\/17 von Nike.\u00a0<\/strong><\/p>\n<p data-start=\"107\" data-end=\"473\">Ausbildungsmodell <strong data-start=\"124\" data-end=\"144\">Manchester City<\/strong> z <strong data-start=\"147\" data-end=\"165\">Saison 2016\/17<\/strong>hergestellt von <strong data-start=\"187\" data-end=\"195\">Nike<\/strong> in der Gr\u00f6\u00dfe <strong data-start=\"208\" data-end=\"213\">S<\/strong>, die auf das erste Arbeitsjahr zur\u00fcckgehen <strong>Pep Guardiola<\/strong> im Verein. Es war eine Saison, in der sich der Spielstil stark ver\u00e4nderte und die Mannschaft einen Prozess der Anpassung an neue Taktiken und Trainingsmethoden durchlief, der den Grundstein f\u00fcr die sp\u00e4teren Erfolge der Mannschaft legte.<\/p>\n<p data-start=\"475\" data-end=\"913\">Das T-Shirt wurde hergestellt auf <strong data-start=\"509\" data-end=\"528\">blaue Basis<\/strong>, eindeutig mit der Corporate Identity verbunden sind <strong data-start=\"580\" data-end=\"600\">Manchester City<\/strong>. Sein markantestes Merkmal ist <strong data-start=\"652\" data-end=\"707\">gelber Streifen, der von der Schulter bis zum \u00c4rmelende verl\u00e4uft<\/strong>, die einen dynamischen Farbakzent setzt und den sportlich-trainierenden Charakter des Designs unterstreicht. Die schlichte Form und die klare Farbgebung entsprechen der \u00c4sthetik des Trainingsdesigns. <strong data-start=\"890\" data-end=\"898\">Nike<\/strong> aus dieser Zeit.<\/p>\n<p data-start=\"915\" data-end=\"1373\">W <strong data-start=\"917\" data-end=\"936\">Saison 2016\/17<\/strong> <strong data-start=\"937\" data-end=\"956\">Manchester City<\/strong> beendete die Premier League am <strong data-start=\"995\" data-end=\"1009\">3. Platz<\/strong>, und erreicht auch die <strong data-start=\"1033\" data-end=\"1061\">1\/8 des Endspiels der Champions League<\/strong>. Es war ein Jahr des \u00dcbergangs, in dem Guardiola nach und nach das Personal und den Spielstil umbaute und dabei auf Spieler wie <strong data-start=\"1188\" data-end=\"1207\">Kevin De Bruyne<\/strong>, <strong data-start=\"1209\" data-end=\"1224\">David Silva<\/strong>, <strong data-start=\"1226\" data-end=\"1243\">Sergio Ag\u00fcero<\/strong>, <strong data-start=\"1245\" data-end=\"1264\">Raheem Sterling<\/strong>, <strong data-start=\"1266\" data-end=\"1281\">Fernandinho<\/strong> und <strong data-start=\"1287\" data-end=\"1301\">Leroy San\u00e9<\/strong>, der gerade anfing, eine immer wichtigere Rolle in der Mannschaft zu spielen.<\/p>\n<p data-start=\"1375\" data-end=\"1598\">Das T-Shirt ist hergestellt aus <strong data-start=\"1403\" data-end=\"1440\">leichtes und luftiges Material<\/strong>, die der Ausbildungsma\u00dfnahme angemessen sind. <strong data-start=\"1483\" data-end=\"1505\">Schnitt in Gr\u00f6\u00dfe S<\/strong> entspricht den Standards <strong data-start=\"1527\" data-end=\"1535\">Nike<\/strong>, und bietet eine entspannte Passform, wie sie f\u00fcr Trainingskleidung typisch ist.<\/p>\n<p data-start=\"1600\" data-end=\"1886\" data-is-last-node=\"\" data-is-only-node=\"\">Dies ist ein Angebot f\u00fcr Sammler und Fans, die auf der Suche sind nach <strong data-start=\"1659\" data-end=\"1744\">das Original Manchester City Trainingstrikot aus der Saison 2016\/17 von Nike<\/strong>, Die erste Phase der \u00c4ra Pep Guardiola und die Anf\u00e4nge einer der dominantesten Mannschaften des modernen Fu\u00dfballs werden in diesem Buch anschaulich dokumentiert.<\/p>","protected":false},"featured_media":116626,"template":"","meta":{"_kad_blocks_custom_css":"","_kad_blocks_head_custom_js":"","_kad_blocks_body_custom_js":"","_kad_blocks_footer_custom_js":"","_kad_post_transparent":"default","_kad_post_title":"","_kad_post_layout":"default","_kad_post_sidebar_id":"","_kad_post_content_style":"default","_kad_post_vertical_padding":"default","_kad_post_feature":"","_kad_post_feature_position":"","_kad_post_header":false,"_kad_post_footer":false,"_kad_post_classname":""},"product_brand":[1284],"product_cat":[15,1423,1470],"product_tag":[],"class_list":{"0":"post-114665","1":"product","2":"type-product","3":"status-publish","4":"has-post-thumbnail","6":"product_brand-nike","7":"product_cat-bez-kategorii","8":"product_cat-kurtkibluzytrening","9":"product_cat-manchester-city","10":"pa_rozmiar-s","12":"first","13":"instock","14":"taxable","15":"shipping-taxable","16":"purchasable","17":"product-type-simple","18":"entry","19":"content-bg","20":"loop-entry"},"taxonomy_info":{"product_brand":[{"value":1284,"label":"Nike"}],"product_cat":[{"value":15,"label":"Bez kategorii"},{"value":1423,"label":"Kurtki\/bluzy\/trening"},{"value":1470,"label":"Manchester City"}],"pa_rozmiar":[{"value":1815,"label":"S"}]},"featured_image_src_large":["https:\/\/footballthrift.shop\/wp-content\/uploads\/2026\/01\/Photoroom_010_20260115_120712-1024x1024.png",1024,1024,true],"author_info":[],"comment_info":"","_links":{"self":[{"href":"https:\/\/footballthrift.shop\/de\/wp-json\/wp\/v2\/product\/114665","targetHints":{"allow":["GET"]}}],"collection":[{"href":"https:\/\/footballthrift.shop\/de\/wp-json\/wp\/v2\/product"}],"about":[{"href":"https:\/\/footballthrift.shop\/de\/wp-json\/wp\/v2\/types\/product"}],"wp:featuredmedia":[{"embeddable":true,"href":"https:\/\/footballthrift.shop\/de\/wp-json\/wp\/v2\/media\/116626"}],"wp:attachment":[{"href":"https:\/\/footballthrift.shop\/de\/wp-json\/wp\/v2\/media?parent=114665"}],"wp:term":[{"taxonomy":"product_brand","embeddable":true,"href":"https:\/\/footballthrift.shop\/de\/wp-json\/wp\/v2\/product_brand?post=114665"},{"taxonomy":"product_cat","embeddable":true,"href":"https:\/\/footballthrift.shop\/de\/wp-json\/wp\/v2\/product_cat?post=114665"},{"taxonomy":"product_tag","embeddable":true,"href":"https:\/\/footballthrift.shop\/de\/wp-json\/wp\/v2\/product_tag?post=114665"}],"curies":[{"name":"wp","href":"https:\/\/api.w.org\/{rel}","templated":true}]}}