{"id":114664,"date":"2026-01-18T17:58:30","date_gmt":"2026-01-18T16:58:30","guid":{"rendered":"https:\/\/footballthrift.shop\/?post_type=product&#038;p=114664"},"modified":"2026-03-09T11:24:34","modified_gmt":"2026-03-09T10:24:34","slug":"fusballtrikot-manchester-city-2017-18-nach-hause-19-sane-m","status":"publish","type":"product","link":"https:\/\/footballthrift.shop\/de\/koszulka-pilkarska-manchester-city-2017-18-home-19-sane-m\/","title":{"rendered":"Koszulka pi\u0142karska Manchester City 2017\/18 Home 19 Sane [M]"},"content":{"rendered":"<p><strong>Verein:<\/strong> Manchester City<\/p>\n<p><strong>Saison:<\/strong> 2017\/18 Startseite<\/p>\n<p><strong>Gr\u00f6\u00dfe: <\/strong>M<\/p>\n<p><strong>Zustand:<\/strong> Gut - Aufkleber des Herstellers fehlt auf der Unterseite des Trikots auf der Vorderseite und eine Mikronaht.<\/p>\n<p><strong>Ma\u00dfe (Achselbreite\/L\u00e4nge) in cm: <\/strong>50\/68<\/p>","protected":false},"excerpt":{"rendered":"<p data-start=\"0\" data-end=\"136\"><strong data-start=\"0\" data-end=\"136\">Original Heim-Fu\u00dfballtrikot <span class=\"hover:entity-accent entity-underline inline cursor-pointer align-baseline\"><span class=\"whitespace-normal\">Manchester City<\/span><\/span> aus der Saison 2017\/18 von Nike, mit einem Leroy San\u00e9-Aufdruck.\u00a0<\/strong><\/p>\n<p data-start=\"138\" data-end=\"481\">Heimmodell <strong data-start=\"151\" data-end=\"171\">Manchester City<\/strong> z <strong data-start=\"174\" data-end=\"192\">Saison 2017\/18<\/strong>hergestellt von <strong data-start=\"214\" data-end=\"222\">Nike<\/strong> in der Gr\u00f6\u00dfe <strong data-start=\"235\" data-end=\"240\">M<\/strong>, stammt aus einem absolut entscheidenden Moment in der Geschichte des Vereins. Es war ein Jahr, in dem das Team unter der Leitung von<strong> Pep Guardiola<\/strong>, die den Standard des Spiels neu definierte <strong>Premier League,<\/strong> eine Kombination aus offensiver Qualit\u00e4t und rekordverd\u00e4chtiger Regelm\u00e4\u00dfigkeit.<\/p>\n<p data-start=\"483\" data-end=\"965\">Das T-Shirt wurde auf der Grundlage <strong data-start=\"517\" data-end=\"536\">blaue Basis<\/strong>, eindeutig mit Hauskleidung assoziiert <strong data-start=\"583\" data-end=\"603\">Manchester City<\/strong>. Das Design ist in einem minimalistischen Stil gehalten, erg\u00e4nzt durch eine <strong data-start=\"667\" data-end=\"721\">zwei d\u00fcnne wei\u00dfe Streifen an den Seiten des Kragens<\/strong> und <strong data-start=\"727\" data-end=\"756\">wei\u00dfe Seitenteile<\/strong>, Die Vorderseite ist mit dem Logo des Sponsors bedruckt, was der Silhouette Ordnung und Leichtigkeit verleiht. Auf der Vorderseite befindet sich ein Sponsorenaufdruck <strong data-start=\"851\" data-end=\"869\">Etihad Airways<\/strong>, unter Beibehaltung der klassischen zentralen Anordnung, die f\u00fcr die Entw\u00fcrfe charakteristisch ist <strong data-start=\"942\" data-end=\"950\">Nike<\/strong> aus dieser Zeit.<\/p>\n<p data-start=\"967\" data-end=\"1436\">Die R\u00fcckseite ist mit einem Ligadruck versehen <strong data-start=\"1004\" data-end=\"1045\"><span class=\"hover:entity-accent entity-underline inline cursor-pointer align-baseline\"><span class=\"whitespace-normal\">Leroya San\u00e9<\/span><\/span><\/strong>, einer der Hauptakteure <strong data-start=\"1079\" data-end=\"1099\">Manchester City<\/strong> diese Saison. Der deutsche Fl\u00fcgelst\u00fcrmer spielte in der Meisterschaftssaison eine gro\u00dfe Rolle und beeindruckte mit seiner Schnelligkeit, Direktheit und seinen Zahlen, die ihn zu einem der spektakul\u00e4rsten Spieler der Liga machten. Seine Leistungen wurden mit dem Titel des <strong data-start=\"1343\" data-end=\"1385\">Premier League-Nachwuchsfu\u00dfballer der Saison<\/strong>, was seinen Status im Team von Guardiola best\u00e4tigte.<\/p>\n<p data-start=\"1438\" data-end=\"1874\"><strong data-start=\"1438\" data-end=\"1455\">Saison 2017\/18<\/strong> hat sich in die Geschichte eingeschrieben <strong data-start=\"1479\" data-end=\"1499\">Manchester City<\/strong> als eine der besten in der Geschichte des englischen Fu\u00dfballs. Der Verein gewann die englische Meisterschaft mit einer rekordverd\u00e4chtigen Leistung <strong data-start=\"1609\" data-end=\"1624\">100 Punkte<\/strong>, und setzte damit eine neue Messlatte f\u00fcr den gesamten Wettbewerb. Der Kern der Mannschaft bestand unter anderem aus Kevin De Bruyne, David Silva, Sergio Ag\u00fcero, Raheem Sterling und Fernandinho, und City dominierte die Liga in Bezug auf Stil, Spielkontrolle und offensive Effizienz.<\/p>\n<p data-start=\"1876\" data-end=\"2116\">Das T-Shirt ist hergestellt aus <strong data-start=\"1904\" data-end=\"1941\">leichtes und luftiges Material<\/strong>, geeignet f\u00fcr den t\u00e4glichen Gebrauch. <strong data-start=\"1985\" data-end=\"2007\">Schnitt in Gr\u00f6\u00dfe M<\/strong> entspricht den Standards <strong data-start=\"2029\" data-end=\"2037\">Nike<\/strong>, und bietet eine klassische Passform, die typisch f\u00fcr die Designs des Herstellers in dieser Saison ist.<\/p>\n<p data-start=\"2118\" data-end=\"2367\" data-is-last-node=\"\" data-is-only-node=\"\">Dies ist ein Angebot f\u00fcr Sammler und Fans, die auf der Suche sind nach <strong data-start=\"2177\" data-end=\"2270\">Original Heimtrikot von Manchester City aus der Saison 2017\/18 von Nike<\/strong>, untrennbar verbunden mit einer rekordverd\u00e4chtigen englischen Meisterschaft und einer herausragenden Saison <strong data-start=\"2351\" data-end=\"2366\">Leroya San\u00e9<\/strong>.<\/p>","protected":false},"featured_media":116617,"template":"","meta":{"_kad_blocks_custom_css":"","_kad_blocks_head_custom_js":"","_kad_blocks_body_custom_js":"","_kad_blocks_footer_custom_js":"","_kad_post_transparent":"default","_kad_post_title":"","_kad_post_layout":"default","_kad_post_sidebar_id":"","_kad_post_content_style":"default","_kad_post_vertical_padding":"default","_kad_post_feature":"","_kad_post_feature_position":"","_kad_post_header":false,"_kad_post_footer":false,"_kad_post_classname":""},"product_brand":[1284],"product_cat":[15,1470],"product_tag":[],"class_list":{"0":"post-114664","1":"product","2":"type-product","3":"status-publish","4":"has-post-thumbnail","6":"product_brand-nike","7":"product_cat-bez-kategorii","8":"product_cat-manchester-city","9":"pa_homeawaythird-home","10":"pa_rozmiar-m","12":"first","13":"instock","14":"taxable","15":"shipping-taxable","16":"purchasable","17":"product-type-simple","18":"entry","19":"content-bg","20":"loop-entry"},"taxonomy_info":{"product_brand":[{"value":1284,"label":"Nike"}],"product_cat":[{"value":15,"label":"Bez kategorii"},{"value":1470,"label":"Manchester City"}],"pa_homeawaythird":[{"value":1597,"label":"Home"}],"pa_rozmiar":[{"value":1816,"label":"M"}]},"featured_image_src_large":["https:\/\/footballthrift.shop\/wp-content\/uploads\/2026\/01\/Photoroom_039_20260115_120712-1024x1024.png",1024,1024,true],"author_info":[],"comment_info":"","_links":{"self":[{"href":"https:\/\/footballthrift.shop\/de\/wp-json\/wp\/v2\/product\/114664","targetHints":{"allow":["GET"]}}],"collection":[{"href":"https:\/\/footballthrift.shop\/de\/wp-json\/wp\/v2\/product"}],"about":[{"href":"https:\/\/footballthrift.shop\/de\/wp-json\/wp\/v2\/types\/product"}],"wp:featuredmedia":[{"embeddable":true,"href":"https:\/\/footballthrift.shop\/de\/wp-json\/wp\/v2\/media\/116617"}],"wp:attachment":[{"href":"https:\/\/footballthrift.shop\/de\/wp-json\/wp\/v2\/media?parent=114664"}],"wp:term":[{"taxonomy":"product_brand","embeddable":true,"href":"https:\/\/footballthrift.shop\/de\/wp-json\/wp\/v2\/product_brand?post=114664"},{"taxonomy":"product_cat","embeddable":true,"href":"https:\/\/footballthrift.shop\/de\/wp-json\/wp\/v2\/product_cat?post=114664"},{"taxonomy":"product_tag","embeddable":true,"href":"https:\/\/footballthrift.shop\/de\/wp-json\/wp\/v2\/product_tag?post=114664"}],"curies":[{"name":"wp","href":"https:\/\/api.w.org\/{rel}","templated":true}]}}