{"id":114663,"date":"2026-01-18T17:58:30","date_gmt":"2026-01-18T16:58:30","guid":{"rendered":"https:\/\/footballthrift.shop\/?post_type=product&#038;p=114663"},"modified":"2026-03-09T11:24:34","modified_gmt":"2026-03-09T10:24:34","slug":"fusballtrikot-liverpool-fc-2021-22-auswarts-10-mane-m","status":"publish","type":"product","link":"https:\/\/footballthrift.shop\/de\/koszulka-pilkarska-liverpool-fc-2021-22-away-10-mane-m\/","title":{"rendered":"Koszulka pi\u0142karska Liverpool FC 2021\/22 Away 10 Mane [M]"},"content":{"rendered":"<p><strong>Verein:<\/strong> Liverpool FC<\/p>\n<p><strong>Saison:<\/strong> 2021\/22 Ausw\u00e4rts<\/p>\n<p><strong>Gr\u00f6\u00dfe: <\/strong>M<\/p>\n<p><strong>Zustand:<\/strong> Gut - zwei leichte Verschmutzungen.<\/p>\n<p><strong>Ma\u00dfe (Achselbreite\/L\u00e4nge) in cm: <\/strong>51\/71<\/p>","protected":false},"excerpt":{"rendered":"<p data-start=\"0\" data-end=\"114\"><strong data-start=\"0\" data-end=\"114\">Original Ausw\u00e4rtstrikot <span class=\"hover:entity-accent entity-underline inline cursor-pointer align-baseline\"><span class=\"whitespace-normal\">Liverpool FC<\/span><\/span> der Saison 2021\/22 von Nike.\u00a0<\/strong><\/p>\n<p data-start=\"116\" data-end=\"487\">Ausw\u00e4rtsmodell <strong data-start=\"132\" data-end=\"149\">FC Liverpool<\/strong> z <strong data-start=\"152\" data-end=\"170\">Saison 2021\/22<\/strong>hergestellt von <strong data-start=\"192\" data-end=\"200\">Nike<\/strong> in der Gr\u00f6\u00dfe <strong data-start=\"213\" data-end=\"218\">M<\/strong>, stammt aus einer der intensivsten und denkw\u00fcrdigsten Phasen in der \u00c4ra der <strong>J\u00fcrgen Klopp<\/strong>. Es war eine Saison des Wettbewerbs an allen Fronten, in der die Mannschaft bis zum Schluss um die h\u00f6chsten Ziele in England und Europa k\u00e4mpfte und dabei einen reifen, \u00e4u\u00dferst konstanten Fu\u00dfball zeigte.<\/p>\n<p data-start=\"489\" data-end=\"974\">Das T-Shirt wurde hergestellt in <strong data-start=\"522\" data-end=\"541\">beige<\/strong>, was dem Projekt einen deutlich alternativen, eleganten Charakter verleiht. Erg\u00e4nzt wird das Ganze durch <strong data-start=\"630\" data-end=\"662\">gr\u00fcne \u00c4rmelabschl\u00fcsse<\/strong> und <strong data-start=\"668\" data-end=\"713\">orange und gr\u00fcner Polokragen<\/strong>, und schafft so eine einheitliche und ungew\u00f6hnliche Farbpalette f\u00fcr Liverpool. Die Vorderseite zeigt einen Sponsorenaufdruck <strong data-start=\"810\" data-end=\"832\">Standard Chartered<\/strong>, und beh\u00e4lt dabei ein klares zentrales Layout bei, w\u00e4hrend die H\u00fclle mit einem <strong data-start=\"906\" data-end=\"933\">Emblem der Premier League<\/strong>, und best\u00e4tigt damit die Liga-Version des Trikots.<\/p>\n<p data-start=\"976\" data-end=\"1487\">Auf der R\u00fcckseite befindet sich <strong data-start=\"1000\" data-end=\"1055\">Liga-Druck <span class=\"hover:entity-accent entity-underline inline cursor-pointer align-baseline\"><span class=\"whitespace-normal\">Sadio Man\u00e9<\/span><\/span><\/strong>, einer der wichtigsten Akteure in der Geschichte der modernen <strong data-start=\"1118\" data-end=\"1135\">FC Liverpool<\/strong>. W <strong data-start=\"1139\" data-end=\"1158\">Saison 2021\/22<\/strong> Der Senegalese spielte eine Schl\u00fcsselrolle im Offensivspiel der Mannschaft und wurde h\u00e4ufig in seiner neuen Rolle als Mittelst\u00fcrmer eingesetzt. Seine Torgef\u00e4hrlichkeit, seine Vielseitigkeit und sein enormer Flei\u00df waren die Eckpfeiler f\u00fcr die Erfolge der Mannschaft, und er war sowohl <strong data-start=\"1382\" data-end=\"1425\">Man\u00e9s letzte Saison in den Farben Liverpools<\/strong>, und schlie\u00dft damit ein \u00e4u\u00dferst erfolgreiches Kapitel seiner Karriere in Anfield ab.<\/p>\n<p data-start=\"1489\" data-end=\"1874\">Spiele <strong data-start=\"1499\" data-end=\"1510\">2021\/22<\/strong> haben Geschichte geschrieben <strong data-start=\"1535\" data-end=\"1552\">FC Liverpool<\/strong> gewinnen. <strong data-start=\"1563\" data-end=\"1581\">FA-Cup<\/strong> i <strong data-start=\"1584\" data-end=\"1600\">Ligapokal<\/strong>, Platz 2 in der Premier League und <strong data-start=\"1636\" data-end=\"1661\">Finale der Champions League<\/strong>. Die Mannschaft basierte auf einem extrem starken Kern, zu dem neben Man\u00e9 noch weitere Spieler geh\u00f6rten. <strong>Mohamed Salah, Virgil van Dijk, Alisson Becker <\/strong>i<strong> Jordanien Henderson<\/strong>, Damit wird diese Saison zu einer der komplettesten in der \u00c4ra Klopp.<\/p>\n<p data-start=\"1876\" data-end=\"2102\">Das T-Shirt ist hergestellt aus <strong data-start=\"1904\" data-end=\"1941\">leichtes und luftiges Material<\/strong>, geeignet f\u00fcr Sammler und den t\u00e4glichen Gebrauch. <strong data-start=\"2005\" data-end=\"2027\">Schnitt in Gr\u00f6\u00dfe M<\/strong> entspricht den Standards <strong data-start=\"2049\" data-end=\"2057\">Nike<\/strong>, und bietet eine klassische, bequeme Passform.<\/p>\n<p data-start=\"2104\" data-end=\"2414\" data-is-last-node=\"\" data-is-only-node=\"\">Dies ist ein Angebot f\u00fcr Sammler und Fans, die auf der Suche sind nach <strong data-start=\"2163\" data-end=\"2256\">das original Liverpool FC Ausw\u00e4rtstrikot der Saison 2021\/22 von Nike<\/strong>, herausragend <strong data-start=\"2276\" data-end=\"2300\">Sadio Man\u00e9 Druck<\/strong>\u00a0und untrennbar mit einer der aufregendsten Spielzeiten in der Geschichte des Vereins verbunden.<\/p>","protected":false},"featured_media":116605,"template":"","meta":{"_kad_blocks_custom_css":"","_kad_blocks_head_custom_js":"","_kad_blocks_body_custom_js":"","_kad_blocks_footer_custom_js":"","_kad_post_transparent":"default","_kad_post_title":"","_kad_post_layout":"default","_kad_post_sidebar_id":"","_kad_post_content_style":"default","_kad_post_vertical_padding":"default","_kad_post_feature":"","_kad_post_feature_position":"","_kad_post_header":false,"_kad_post_footer":false,"_kad_post_classname":""},"product_brand":[1284],"product_cat":[1464,15],"product_tag":[],"class_list":{"0":"post-114663","1":"product","2":"type-product","3":"status-publish","4":"has-post-thumbnail","6":"product_brand-nike","7":"product_cat-liverpool","8":"product_cat-bez-kategorii","9":"pa_homeawaythird-away","10":"pa_rozmiar-m","12":"first","13":"instock","14":"taxable","15":"shipping-taxable","16":"purchasable","17":"product-type-simple","18":"entry","19":"content-bg","20":"loop-entry"},"taxonomy_info":{"product_brand":[{"value":1284,"label":"Nike"}],"product_cat":[{"value":1464,"label":"Liverpool FC"},{"value":15,"label":"Bez kategorii"}],"pa_homeawaythird":[{"value":1598,"label":"Away"}],"pa_rozmiar":[{"value":1816,"label":"M"}]},"featured_image_src_large":["https:\/\/footballthrift.shop\/wp-content\/uploads\/2026\/01\/Photoroom_013_20260115_120712-1024x1024.png",1024,1024,true],"author_info":[],"comment_info":"","_links":{"self":[{"href":"https:\/\/footballthrift.shop\/de\/wp-json\/wp\/v2\/product\/114663","targetHints":{"allow":["GET"]}}],"collection":[{"href":"https:\/\/footballthrift.shop\/de\/wp-json\/wp\/v2\/product"}],"about":[{"href":"https:\/\/footballthrift.shop\/de\/wp-json\/wp\/v2\/types\/product"}],"wp:featuredmedia":[{"embeddable":true,"href":"https:\/\/footballthrift.shop\/de\/wp-json\/wp\/v2\/media\/116605"}],"wp:attachment":[{"href":"https:\/\/footballthrift.shop\/de\/wp-json\/wp\/v2\/media?parent=114663"}],"wp:term":[{"taxonomy":"product_brand","embeddable":true,"href":"https:\/\/footballthrift.shop\/de\/wp-json\/wp\/v2\/product_brand?post=114663"},{"taxonomy":"product_cat","embeddable":true,"href":"https:\/\/footballthrift.shop\/de\/wp-json\/wp\/v2\/product_cat?post=114663"},{"taxonomy":"product_tag","embeddable":true,"href":"https:\/\/footballthrift.shop\/de\/wp-json\/wp\/v2\/product_tag?post=114663"}],"curies":[{"name":"wp","href":"https:\/\/api.w.org\/{rel}","templated":true}]}}