{"id":114662,"date":"2026-01-18T17:58:31","date_gmt":"2026-01-18T16:58:31","guid":{"rendered":"https:\/\/footballthrift.shop\/?post_type=product&#038;p=114662"},"modified":"2026-03-09T11:24:33","modified_gmt":"2026-03-09T10:24:33","slug":"koszulka-pilkarska-korea-poludniowa-2014-16-away-xxl","status":"publish","type":"product","link":"https:\/\/footballthrift.shop\/de\/koszulka-pilkarska-korea-poludniowa-2014-16-away-xxl\/","title":{"rendered":"Koszulka pi\u0142karska Korea Po\u0142udniowa 2014\/16 Away [XXL]"},"content":{"rendered":"<p><strong>Verein:<\/strong> S\u00fcdkorea<\/p>\n<p><strong>Saison:<\/strong> 2014\/16 Ausw\u00e4rts<\/p>\n<p><strong>Gr\u00f6\u00dfe: <\/strong>XXL<\/p>\n<p><strong>Zustand:<\/strong> Sehr gut - ein paar kleine Risse auf der R\u00fcckseite.<\/p>\n<p><strong>Ma\u00dfe (Achselbreite\/L\u00e4nge) in cm: <\/strong>61\/77<\/p>","protected":false},"excerpt":{"rendered":"<p data-start=\"0\" data-end=\"111\"><strong data-start=\"0\" data-end=\"111\">Original Ausw\u00e4rtstrikot <span class=\"hover:entity-accent entity-underline inline cursor-pointer align-baseline\"><span class=\"whitespace-normal\">Nationalmannschaft S\u00fcdkorea<\/span><\/span> der Nike-Produktion 2014\/16.\u00a0<\/strong><\/p>\n<p data-start=\"113\" data-end=\"506\">Ausw\u00e4rtsmodell <strong data-start=\"129\" data-end=\"164\">die s\u00fcdkoreanische Nationalmannschaft<\/strong> im Laufe der Jahre <strong data-start=\"171\" data-end=\"182\">2014\/16<\/strong>hergestellt von <strong data-start=\"204\" data-end=\"212\">Nike<\/strong> in der Gr\u00f6\u00dfe <strong data-start=\"225\" data-end=\"232\">XXL<\/strong>, Die Nationalmannschaft befindet sich in einer Phase des sportlichen Wiederaufbaus nach einer sehr anspruchsvollen Weltmeisterschaft in Brasilien. Es war eine Zeit der allm\u00e4hlichen Verj\u00fcngung der Mannschaft und der Neudefinition des Spielstils, wobei das Ziel einer regelm\u00e4\u00dfigen Teilnahme an gro\u00dfen internationalen Turnieren beibehalten wurde.<\/p>\n<p data-start=\"508\" data-end=\"1025\">Das T-Shirt wurde hergestellt auf <strong data-start=\"542\" data-end=\"558\">wei\u00dfer Sockel<\/strong>, und sein Design wird beibehalten in <strong data-start=\"585\" data-end=\"608\">einfach und klar<\/strong> Farbgebung. Ein unverwechselbares Merkmal ist die <strong data-start=\"668\" data-end=\"702\">blauer Streifen am linken \u00c4rmel<\/strong> und <strong data-start=\"708\" data-end=\"734\">rote Fahrspur auf der rechten Seite<\/strong>, die sich direkt auf die Nationalfarben bezieht. Ein \u00e4hnliches Finish wird bei den <strong data-start=\"817\" data-end=\"831\">Kragen<\/strong> - seine <strong data-start=\"839\" data-end=\"869\">die linke Seite ist blau<\/strong>, a <strong data-start=\"873\" data-end=\"891\">rechts rot<\/strong>, der einen subtilen, aber unverwechselbaren visuellen Akzent setzt, der typisch f\u00fcr die Projekte ist <strong data-start=\"982\" data-end=\"990\">Nike<\/strong> ab Mitte des zweiten Jahrzehnts des 21. Jahrhunderts.<\/p>\n<p data-start=\"1027\" data-end=\"1578\">In Jahren <strong data-start=\"1036\" data-end=\"1049\">2014\u20132016<\/strong> <strong data-start=\"1050\" data-end=\"1085\">Nationalmannschaft S\u00fcdkorea<\/strong> nach einem entt\u00e4uschenden Abschneiden bei der Weltmeisterschaft eine Aufbauphase durchlief <strong data-start=\"1144\" data-end=\"1173\">Weltmeisterschaften 2014<\/strong>, Die Mannschaft konzentrierte sich auf die Vorbereitung auf die n\u00e4chsten kontinentalen Turniere und die Qualifikationsspiele f\u00fcr die Weltmeisterschaft. Zum Kern der Mannschaft geh\u00f6rten damals. <strong data-start=\"1315\" data-end=\"1332\">Son Heung-min<\/strong>, der sich zum gr\u00f6\u00dften Star der Nationalmannschaft entwickelt hat, <strong data-start=\"1378\" data-end=\"1395\">Ki Sung-yueng<\/strong>, als F\u00fchrungspers\u00f6nlichkeit im Mittelfeld und <strong data-start=\"1439\" data-end=\"1455\">Koo Ja-cheol<\/strong>, <strong data-start=\"1457\" data-end=\"1475\">Lee Chung-yong<\/strong> oder <strong data-start=\"1480\" data-end=\"1498\">Kim Young-gwon<\/strong>, Dadurch entsteht eine Mannschaft, die Erfahrung mit der wachsenden Qualit\u00e4t junger Spieler verbindet.<\/p>\n<p data-start=\"1580\" data-end=\"1783\">Das T-Shirt ist hergestellt aus <strong data-start=\"1608\" data-end=\"1645\">leichtes und luftiges Material<\/strong>, geeignet f\u00fcr den t\u00e4glichen Gebrauch. <strong data-start=\"1689\" data-end=\"1713\">Schnitt in Gr\u00f6\u00dfe XXL<\/strong> entspricht den Standards <strong data-start=\"1735\" data-end=\"1743\">Nike<\/strong>, und bietet eine lockere, klassische Passform.<\/p>\n<p data-start=\"1785\" data-end=\"2061\" data-is-last-node=\"\" data-is-only-node=\"\">Dies ist ein Angebot f\u00fcr Sammler und Fans, die auf der Suche sind nach <strong data-start=\"1844\" data-end=\"1952\">das Original-Ausw\u00e4rtstrikot 2014\/16 der s\u00fcdkoreanischen Fu\u00dfballnationalmannschaft von Nike<\/strong>, Sie ist ein deutlicher Beleg f\u00fcr eine \u00dcbergangszeit und einen Neuanfang in der Geschichte der asiatischen Nationalmannschaft.<\/p>","protected":false},"featured_media":116595,"template":"","meta":{"_kad_blocks_custom_css":"","_kad_blocks_head_custom_js":"","_kad_blocks_body_custom_js":"","_kad_blocks_footer_custom_js":"","_kad_post_transparent":"default","_kad_post_title":"","_kad_post_layout":"default","_kad_post_sidebar_id":"","_kad_post_content_style":"default","_kad_post_vertical_padding":"default","_kad_post_feature":"","_kad_post_feature_position":"","_kad_post_header":false,"_kad_post_footer":false,"_kad_post_classname":""},"product_brand":[1284],"product_cat":[1428,15],"product_tag":[],"class_list":{"0":"post-114662","1":"product","2":"type-product","3":"status-publish","4":"has-post-thumbnail","6":"product_brand-nike","7":"product_cat-reprezentacje-azja","8":"product_cat-bez-kategorii","9":"pa_homeawaythird-away","10":"pa_rozmiar-xxl","12":"first","13":"instock","14":"taxable","15":"shipping-taxable","16":"purchasable","17":"product-type-simple","18":"entry","19":"content-bg","20":"loop-entry"},"taxonomy_info":{"product_brand":[{"value":1284,"label":"Nike"}],"product_cat":[{"value":1428,"label":"Azja"},{"value":15,"label":"Bez kategorii"}],"pa_homeawaythird":[{"value":1598,"label":"Away"}],"pa_rozmiar":[{"value":1819,"label":"XXL"}]},"featured_image_src_large":["https:\/\/footballthrift.shop\/wp-content\/uploads\/2026\/01\/Photoroom_028_20260115_120712-1024x1024.png",1024,1024,true],"author_info":[],"comment_info":"","_links":{"self":[{"href":"https:\/\/footballthrift.shop\/de\/wp-json\/wp\/v2\/product\/114662","targetHints":{"allow":["GET"]}}],"collection":[{"href":"https:\/\/footballthrift.shop\/de\/wp-json\/wp\/v2\/product"}],"about":[{"href":"https:\/\/footballthrift.shop\/de\/wp-json\/wp\/v2\/types\/product"}],"wp:featuredmedia":[{"embeddable":true,"href":"https:\/\/footballthrift.shop\/de\/wp-json\/wp\/v2\/media\/116595"}],"wp:attachment":[{"href":"https:\/\/footballthrift.shop\/de\/wp-json\/wp\/v2\/media?parent=114662"}],"wp:term":[{"taxonomy":"product_brand","embeddable":true,"href":"https:\/\/footballthrift.shop\/de\/wp-json\/wp\/v2\/product_brand?post=114662"},{"taxonomy":"product_cat","embeddable":true,"href":"https:\/\/footballthrift.shop\/de\/wp-json\/wp\/v2\/product_cat?post=114662"},{"taxonomy":"product_tag","embeddable":true,"href":"https:\/\/footballthrift.shop\/de\/wp-json\/wp\/v2\/product_tag?post=114662"}],"curies":[{"name":"wp","href":"https:\/\/api.w.org\/{rel}","templated":true}]}}