{"id":114661,"date":"2026-01-18T17:58:32","date_gmt":"2026-01-18T16:58:32","guid":{"rendered":"https:\/\/footballthrift.shop\/?post_type=product&#038;p=114661"},"modified":"2026-03-09T11:24:33","modified_gmt":"2026-03-09T10:24:33","slug":"koszulka-pilkarska-basic-francja-2006-08-home-s","status":"publish","type":"product","link":"https:\/\/footballthrift.shop\/de\/koszulka-pilkarska-basic-francja-2006-08-home-s\/","title":{"rendered":"Koszulka pi\u0142karska BASIC Francja 2006\/08 Home [S]"},"content":{"rendered":"<p><strong>Verein:<\/strong> Frankreich<\/p>\n<p><strong>Saison:<\/strong> 2006\/08 Zuhause<\/p>\n<p><strong>Gr\u00f6\u00dfe: <\/strong>S<\/p>\n<p><strong>Zustand:<\/strong> Ausgezeichnet<\/p>\n<p><strong>Ma\u00dfe (Achselbreite\/L\u00e4nge) in cm: <\/strong>47\/65<\/p>","protected":false},"excerpt":{"rendered":"<p data-start=\"0\" data-end=\"111\"><strong data-start=\"0\" data-end=\"111\">Original Heim-Fu\u00dfballtrikot <span class=\"hover:entity-accent entity-underline inline cursor-pointer align-baseline\"><span class=\"whitespace-normal\">Franz\u00f6sische Nationalmannschaft<\/span><\/span> aus der Adidas-Produktion 2006\/08.\u00a0<\/strong><\/p>\n<p data-start=\"113\" data-end=\"563\">Heimmodell <strong data-start=\"126\" data-end=\"151\">die franz\u00f6sische Nationalmannschaft<\/strong> im Laufe der Jahre <strong data-start=\"158\" data-end=\"169\">2006\/08<\/strong>hergestellt von <strong data-start=\"191\" data-end=\"202\">Adidas<\/strong> in der Gr\u00f6\u00dfe <strong data-start=\"215\" data-end=\"220\">S<\/strong>, kommt unmittelbar nach einem der denkw\u00fcrdigsten Turniere in der Geschichte der franz\u00f6sischen Nationalmannschaft. Das Trikot kommt in <strong data-start=\"368\" data-end=\"384\">Basisversion<\/strong>, eine vereinfachte Version der vollst\u00e4ndigen Spielvariante, die f\u00fcr den regelm\u00e4\u00dfigen Gebrauch bestimmt ist und gleichzeitig die Schl\u00fcsselelemente der visuellen Identit\u00e4t der Nationalmannschaft beibeh\u00e4lt.<\/p>\n<p data-start=\"565\" data-end=\"991\">Das T-Shirt wurde hergestellt auf <strong data-start=\"599\" data-end=\"620\">blaue Basis<\/strong>, Merkmal der Tracht <strong data-start=\"662\" data-end=\"673\">Frankreich<\/strong>, und erg\u00e4nzt durch <strong data-start=\"689\" data-end=\"739\">rote Bes\u00e4tze an Kragen und \u00c4rmeln<\/strong>, die in starkem Kontrast zur Hauptfarbe steht. An den \u00c4rmeln befinden sich <strong data-start=\"813\" data-end=\"858\">wei\u00df, blau und rot gestreift vom Hersteller<\/strong>, in direktem Zusammenhang mit den Farben <strong data-start=\"893\" data-end=\"912\">die Nationalflagge<\/strong>, was den repr\u00e4sentativen Charakter des Projekts trotz seiner vereinfachten Form unterstreicht.<\/p>\n<p data-start=\"993\" data-end=\"1588\">Jahre <strong data-start=\"998\" data-end=\"1011\">2006-2008<\/strong> waren f\u00fcr <strong data-start=\"1021\" data-end=\"1046\">die franz\u00f6sische Nationalmannschaft<\/strong> eine Phase des \u00dcbergangs. Nach einer hervorragenden Leistung bei der <strong data-start=\"1095\" data-end=\"1124\">Weltmeisterschaften 2006<\/strong>, die in einem letzten und denkw\u00fcrdigen Abschied gipfelt <strong data-start=\"1171\" data-end=\"1194\">Zinedine Zidane<\/strong>, begann die Mannschaft mit dem Wiederaufbau. Zum Personal geh\u00f6rten noch erfahrene Spieler wie <strong data-start=\"1294\" data-end=\"1312\">Liliana Thuram<\/strong>, <strong data-start=\"1314\" data-end=\"1332\">Patrick Vieira<\/strong> oder <strong data-start=\"1337\" data-end=\"1355\">Fabien Barthez<\/strong>, die nach und nach durch neue Figuren erg\u00e4nzt werden, darunter <strong data-start=\"1406\" data-end=\"1428\">Franck Rib\u00e9ry<\/strong>, der zu einem der offensiven Anf\u00fchrer wurde. Dieser Zeitraum endete mit einem erfolglosen Auftritt bei der <strong data-start=\"1518\" data-end=\"1531\">Euro 2008<\/strong>, der das Ausma\u00df der Herausforderungen f\u00fcr das Team hervorhob.<\/p>\n<p data-start=\"1590\" data-end=\"1814\">Das T-Shirt ist hergestellt aus <strong data-start=\"1618\" data-end=\"1655\">leichtes und luftiges Material<\/strong>, geeignet f\u00fcr den t\u00e4glichen Gebrauch. <strong data-start=\"1699\" data-end=\"1721\">Schnitt in Gr\u00f6\u00dfe S<\/strong> entspricht den Standards <strong data-start=\"1743\" data-end=\"1754\">Adidas<\/strong> der damaligen Zeit und bietet eine klassische, lockere Passform.<\/p>\n<p data-start=\"1816\" data-end=\"2090\" data-is-last-node=\"\" data-is-only-node=\"\">Dies ist ein Angebot f\u00fcr Sammler und Fans, die auf der Suche sind nach <strong data-start=\"1875\" data-end=\"1973\">das Original 2006\/08 Heimtrikot der franz\u00f6sischen Fu\u00dfballnationalmannschaft von Adidas<\/strong>, Der Bericht gibt einen klaren \u00dcberblick \u00fcber die \u00dcbergangsphase zwischen dem Finale der Weltmeisterschaft und dem Beginn eines neuen Nationalmannschaftszyklus.<\/p>","protected":false},"featured_media":116588,"template":"","meta":{"_kad_blocks_custom_css":"","_kad_blocks_head_custom_js":"","_kad_blocks_body_custom_js":"","_kad_blocks_footer_custom_js":"","_kad_post_transparent":"default","_kad_post_title":"","_kad_post_layout":"default","_kad_post_sidebar_id":"","_kad_post_content_style":"default","_kad_post_vertical_padding":"default","_kad_post_feature":"","_kad_post_feature_position":"","_kad_post_header":false,"_kad_post_footer":false,"_kad_post_classname":""},"product_brand":[1283],"product_cat":[15,1454],"product_tag":[],"class_list":{"0":"post-114661","1":"product","2":"type-product","3":"status-publish","4":"has-post-thumbnail","6":"product_brand-adidas","7":"product_cat-bez-kategorii","8":"product_cat-reprezentacja-francji","9":"pa_homeawaythird-home","10":"pa_rozmiar-s","12":"first","13":"instock","14":"taxable","15":"shipping-taxable","16":"purchasable","17":"product-type-simple","18":"entry","19":"content-bg","20":"loop-entry"},"taxonomy_info":{"product_brand":[{"value":1283,"label":"Adidas"}],"product_cat":[{"value":15,"label":"Bez kategorii"},{"value":1454,"label":"Francja"}],"pa_homeawaythird":[{"value":1597,"label":"Home"}],"pa_rozmiar":[{"value":1815,"label":"S"}]},"featured_image_src_large":["https:\/\/footballthrift.shop\/wp-content\/uploads\/2026\/01\/Photoroom_036_20260115_120712-1024x1024.png",1024,1024,true],"author_info":[],"comment_info":"","_links":{"self":[{"href":"https:\/\/footballthrift.shop\/de\/wp-json\/wp\/v2\/product\/114661","targetHints":{"allow":["GET"]}}],"collection":[{"href":"https:\/\/footballthrift.shop\/de\/wp-json\/wp\/v2\/product"}],"about":[{"href":"https:\/\/footballthrift.shop\/de\/wp-json\/wp\/v2\/types\/product"}],"wp:featuredmedia":[{"embeddable":true,"href":"https:\/\/footballthrift.shop\/de\/wp-json\/wp\/v2\/media\/116588"}],"wp:attachment":[{"href":"https:\/\/footballthrift.shop\/de\/wp-json\/wp\/v2\/media?parent=114661"}],"wp:term":[{"taxonomy":"product_brand","embeddable":true,"href":"https:\/\/footballthrift.shop\/de\/wp-json\/wp\/v2\/product_brand?post=114661"},{"taxonomy":"product_cat","embeddable":true,"href":"https:\/\/footballthrift.shop\/de\/wp-json\/wp\/v2\/product_cat?post=114661"},{"taxonomy":"product_tag","embeddable":true,"href":"https:\/\/footballthrift.shop\/de\/wp-json\/wp\/v2\/product_tag?post=114661"}],"curies":[{"name":"wp","href":"https:\/\/api.w.org\/{rel}","templated":true}]}}