{"id":114654,"date":"2026-01-18T17:58:34","date_gmt":"2026-01-18T16:58:34","guid":{"rendered":"https:\/\/footballthrift.shop\/?post_type=product&#038;p=114654"},"modified":"2026-03-09T11:24:32","modified_gmt":"2026-03-09T10:24:32","slug":"koszulka-pilkarska-anglia-2020-22-away-6-maguire-xl","status":"publish","type":"product","link":"https:\/\/footballthrift.shop\/de\/koszulka-pilkarska-anglia-2020-22-away-6-maguire-xl\/","title":{"rendered":"Koszulka pi\u0142karska Anglia 2020\/22 Away 6 Maguire [XL]"},"content":{"rendered":"<p><strong>Verein:<\/strong> England<\/p>\n<p><strong>Saison:<\/strong> 2020\/22 Ausw\u00e4rts<\/p>\n<p><strong>Gr\u00f6\u00dfe: <\/strong>XL<\/p>\n<p><strong>Zustand:<\/strong> Sehr gut - leichtes Ziehen am R\u00fccken.<\/p>\n<p><strong>Ma\u00dfe (Achselbreite\/L\u00e4nge) in cm: <\/strong>58\/75<\/p>","protected":false},"excerpt":{"rendered":"<p data-start=\"0\" data-end=\"144\"><strong data-start=\"0\" data-end=\"144\">Original Ausw\u00e4rtstrikot <span class=\"hover:entity-accent entity-underline inline cursor-pointer align-baseline\"><span class=\"whitespace-normal\">Englische Nationalmannschaft<\/span><\/span> Aus dem Jahr 2020\/22 von Nike, mit einem Harry Maguire-Aufdruck.\u00a0<\/strong><\/p>\n<p data-start=\"146\" data-end=\"513\">Ausw\u00e4rtsmodell <strong data-start=\"162\" data-end=\"186\">Englische Nationalmannschaft<\/strong> im Laufe der Jahre <strong data-start=\"193\" data-end=\"204\">2020\/22<\/strong>hergestellt von <strong data-start=\"226\" data-end=\"234\">Nike<\/strong> in der Gr\u00f6\u00dfe <strong data-start=\"247\" data-end=\"253\">XL<\/strong>, Er stammt aus einer der erfolgreichsten Perioden in der modernen Geschichte der Nationalmannschaft. Es war eine Zeit der Stabilit\u00e4t und der konsequenten Teambildung unter der F\u00fchrung von <strong>Gareth Southgate<\/strong>, die England zu einem ernstzunehmenden Anw\u00e4rter auf Spitzenpl\u00e4tze bei gro\u00dfen Turnieren gemacht hat.<\/p>\n<p data-start=\"515\" data-end=\"935\">Das T-Shirt wurde in der Farbe <strong data-start=\"556\" data-end=\"570\">blau<\/strong>, und seine Oberfl\u00e4che ist gef\u00fcllt mit <strong data-start=\"600\" data-end=\"630\">dezentes geometrisches Muster<\/strong>, Das Design verleiht dem Projekt Tiefe und eine moderne Ausstrahlung. Einen unverwechselbaren Akzent setzen die Elemente aus <strong data-start=\"728\" data-end=\"767\">intensive, leuchtend rote Farbe<\/strong> - <strong data-start=\"770\" data-end=\"783\">Nike-Logo<\/strong>, <strong data-start=\"785\" data-end=\"803\">F\u00f6derationswappen<\/strong> und <strong data-start=\"809\" data-end=\"859\">Streifen auf den Seitenteilen des Trikots<\/strong>, Sie bilden einen deutlichen Kontrast zur k\u00fchlen Basis und bringen Ordnung in die Gesamtkomposition.<\/p>\n<p data-start=\"937\" data-end=\"1401\">Auf der R\u00fcckseite befindet sich ein origineller Aufdruck. <strong data-start=\"979\" data-end=\"1020\"><span class=\"hover:entity-accent entity-underline inline cursor-pointer align-baseline\"><span class=\"whitespace-normal\">Harry Maguire<\/span><\/span><\/strong>, einer der Hauptakteure <strong data-start=\"1054\" data-end=\"1078\">Englische Nationalmannschaft<\/strong> w\u00e4hrend dieses Zeitraums. Der Innenverteidiger war eine tragende S\u00e4ule in der Defensivformation und stand in den entscheidenden Spielen regelm\u00e4\u00dfig in der Startformation. Sein Spiel in der Luft, seine Verantwortung als Spielmacher und seine Turniererfahrung machten ihn zu einer der bekanntesten Figuren der Nationalmannschaft.<\/p>\n<p data-start=\"1403\" data-end=\"1866\">Jahre <strong data-start=\"1408\" data-end=\"1421\">2020-2022<\/strong> haben Geschichte geschrieben <strong data-start=\"1446\" data-end=\"1470\">Englische Nationalmannschaft<\/strong> au\u00dfergew\u00f6hnlich positiv. Das Team erreichte <strong data-start=\"1510\" data-end=\"1530\">Finale der Euro 2020<\/strong>, im Jahr 2021 gespielt wird, und zum <strong data-start=\"1566\" data-end=\"1605\">das Viertelfinale der Fu\u00dfballweltmeisterschaft 2022<\/strong>, Der Fu\u00dfball der Mannschaft war reif und ausgeglichen. Zum Kern der Mannschaft geh\u00f6rten neben Maguire. <strong data-start=\"1698\" data-end=\"1712\">Harry Kane<\/strong>, <strong data-start=\"1714\" data-end=\"1733\">Raheem Sterling<\/strong>, <strong data-start=\"1735\" data-end=\"1750\">Bukayo Saka<\/strong>, <strong data-start=\"1752\" data-end=\"1772\">Jordanien Henderson<\/strong> und <strong data-start=\"1778\" data-end=\"1793\">Declan Rice<\/strong>, und schuf damit eine der st\u00e4rksten Generationen in der Geschichte der englischen Nationalmannschaft.<\/p>\n<p data-start=\"1868\" data-end=\"2073\">Das T-Shirt ist hergestellt aus <strong data-start=\"1896\" data-end=\"1933\">leichtes und luftiges Material<\/strong>, geeignet f\u00fcr den t\u00e4glichen Gebrauch. <strong data-start=\"1977\" data-end=\"2000\">Schnitt in Gr\u00f6\u00dfe XL<\/strong> entspricht den Standards <strong data-start=\"2022\" data-end=\"2030\">Nike<\/strong>, und bietet eine klassische, entspannte Passform.<\/p>\n<p data-start=\"2075\" data-end=\"2379\" data-is-last-node=\"\" data-is-only-node=\"\">Dies ist ein Angebot f\u00fcr Sammler und Fans, die auf der Suche sind nach <strong data-start=\"2134\" data-end=\"2231\">ein originales Ausw\u00e4rtstrikot f\u00fcr England ab 2020\/22 von Nike<\/strong>, herausragend <strong data-start=\"2251\" data-end=\"2284\">Harry Maguire Druck<\/strong> und untrennbar mit einer der erfolgreichsten Phasen in der Geschichte der Nationalmannschaft verbunden.<\/p>","protected":false},"featured_media":114754,"template":"","meta":{"_kad_blocks_custom_css":"","_kad_blocks_head_custom_js":"","_kad_blocks_body_custom_js":"","_kad_blocks_footer_custom_js":"","_kad_post_transparent":"default","_kad_post_title":"","_kad_post_layout":"default","_kad_post_sidebar_id":"","_kad_post_content_style":"default","_kad_post_vertical_padding":"default","_kad_post_feature":"","_kad_post_feature_position":"","_kad_post_header":false,"_kad_post_footer":false,"_kad_post_classname":""},"product_brand":[1284],"product_cat":[1447,15],"product_tag":[],"class_list":{"0":"post-114654","1":"product","2":"type-product","3":"status-publish","4":"has-post-thumbnail","6":"product_brand-nike","7":"product_cat-reprezentacja-anglia","8":"product_cat-bez-kategorii","9":"pa_homeawaythird-away","10":"pa_rozmiar-xl","12":"first","13":"instock","14":"taxable","15":"shipping-taxable","16":"purchasable","17":"product-type-simple","18":"entry","19":"content-bg","20":"loop-entry"},"taxonomy_info":{"product_brand":[{"value":1284,"label":"Nike"}],"product_cat":[{"value":1447,"label":"Anglia"},{"value":15,"label":"Bez kategorii"}],"pa_homeawaythird":[{"value":1598,"label":"Away"}],"pa_rozmiar":[{"value":1818,"label":"XL"}]},"featured_image_src_large":["https:\/\/footballthrift.shop\/wp-content\/uploads\/2026\/01\/Photoroom_005_20260115_120712-1024x1024.png",1024,1024,true],"author_info":[],"comment_info":"","_links":{"self":[{"href":"https:\/\/footballthrift.shop\/de\/wp-json\/wp\/v2\/product\/114654","targetHints":{"allow":["GET"]}}],"collection":[{"href":"https:\/\/footballthrift.shop\/de\/wp-json\/wp\/v2\/product"}],"about":[{"href":"https:\/\/footballthrift.shop\/de\/wp-json\/wp\/v2\/types\/product"}],"wp:featuredmedia":[{"embeddable":true,"href":"https:\/\/footballthrift.shop\/de\/wp-json\/wp\/v2\/media\/114754"}],"wp:attachment":[{"href":"https:\/\/footballthrift.shop\/de\/wp-json\/wp\/v2\/media?parent=114654"}],"wp:term":[{"taxonomy":"product_brand","embeddable":true,"href":"https:\/\/footballthrift.shop\/de\/wp-json\/wp\/v2\/product_brand?post=114654"},{"taxonomy":"product_cat","embeddable":true,"href":"https:\/\/footballthrift.shop\/de\/wp-json\/wp\/v2\/product_cat?post=114654"},{"taxonomy":"product_tag","embeddable":true,"href":"https:\/\/footballthrift.shop\/de\/wp-json\/wp\/v2\/product_tag?post=114654"}],"curies":[{"name":"wp","href":"https:\/\/api.w.org\/{rel}","templated":true}]}}