{"id":114378,"date":"2026-01-11T17:44:37","date_gmt":"2026-01-11T16:44:37","guid":{"rendered":"https:\/\/footballthrift.shop\/?post_type=product&#038;p=114378"},"modified":"2026-03-09T11:24:37","modified_gmt":"2026-03-09T10:24:37","slug":"koszulka-pilkarska-wlochy-2006-08-away-s","status":"publish","type":"product","link":"https:\/\/footballthrift.shop\/de\/koszulka-pilkarska-wlochy-2006-08-away-s\/","title":{"rendered":"Koszulka pi\u0142karska W\u0142ochy 2006\/08 Away [S]"},"content":{"rendered":"<p><strong>Verein:<\/strong> Italien<\/p>\n<p><strong>Saison:<\/strong> 2006\/08 Ausw\u00e4rts<\/p>\n<p><strong>Gr\u00f6\u00dfe: <\/strong>S<\/p>\n<p><strong>Zustand:<\/strong> Sehr gut - ein paar Mikroflecken.<\/p>\n<p><strong>Ma\u00dfe (Achselbreite\/L\u00e4nge) in cm: <\/strong>49\/71<\/p>","protected":false},"excerpt":{"rendered":"<div class=\"flex flex-col text-sm pb-25\">\n<article class=\"text-token-text-primary w-full focus:outline-none [--shadow-height:45px] has-data-writing-block:pointer-events-none has-data-writing-block:-mt-(--shadow-height) has-data-writing-block:pt-(--shadow-height) [&amp;:has([data-writing-block])&gt;*]:pointer-events-auto scroll-mt-[calc(var(--header-height)+min(200px,max(70px,20svh)))]\" dir=\"auto\" tabindex=\"-1\" data-turn-id=\"request-695a5601-cfe8-8326-8e54-551ce1a0e0f3-3\" data-testid=\"conversation-turn-84\" data-scroll-anchor=\"true\" data-turn=\"assistant\">\n<div class=\"text-base my-auto mx-auto pb-10 [--thread-content-margin:--spacing(4)] @w-sm\/main:[--thread-content-margin:--spacing(6)] @w-lg\/main:[--thread-content-margin:--spacing(16)] px-(--thread-content-margin)\">\n<div class=\"[--thread-content-max-width:40rem] @w-lg\/main:[--thread-content-max-width:48rem] mx-auto max-w-(--thread-content-max-width) flex-1 group\/turn-messages focus-visible:outline-hidden relative flex w-full min-w-0 flex-col agent-turn\" tabindex=\"-1\">\n<div class=\"flex max-w-full flex-col grow\">\n<div class=\"min-h-8 text-message relative flex w-full flex-col items-end gap-2 text-start break-words whitespace-normal [.text-message+&amp;]:mt-1\" dir=\"auto\" data-message-author-role=\"assistant\" data-message-id=\"bceac3ab-b041-498d-92dd-1b54e3d92f8e\" data-message-model-slug=\"gpt-5-2\">\n<div class=\"flex w-full flex-col gap-1 empty:hidden first:pt-[1px]\">\n<div class=\"markdown prose dark:prose-invert w-full break-words light markdown-new-styling\">\n<p data-start=\"0\" data-end=\"93\"><strong data-start=\"0\" data-end=\"93\">Oryginalna wyjazdowa koszulka pi\u0142karska reprezentacji W\u0142och z lat 2006\/08 produkcji Pumy.\u00a0<\/strong><\/p>\n<p data-start=\"95\" data-end=\"462\">Wyjazdowy model <strong data-start=\"111\" data-end=\"134\">reprezentacji W\u0142och<\/strong> z lat <strong data-start=\"141\" data-end=\"152\">2006\/08<\/strong>, wyprodukowany przez <strong data-start=\"174\" data-end=\"182\">Pum\u0119<\/strong> w rozmiarze <strong data-start=\"195\" data-end=\"200\">S<\/strong>, pochodzi z absolutnie wyj\u0105tkowego okresu w historii w\u0142oskiej pi\u0142ki. To czas bezpo\u015brednio po triumfie na <strong data-start=\"306\" data-end=\"335\">Mistrzostwach \u015awiata 2006<\/strong>, kiedy Squadra Azzurra funkcjonowa\u0142a jako aktualny mistrz \u015bwiata, a ka\u017cdy element jej stroju nabiera\u0142 symbolicznego znaczenia.<\/p>\n<p data-start=\"464\" data-end=\"928\">Koszulka zosta\u0142a wyprodukowana w kolorze <strong data-start=\"505\" data-end=\"515\">bia\u0142ym<\/strong>, jednoznacznie kojarzonym z wyjazdowymi strojami <strong data-start=\"565\" data-end=\"588\">reprezentacji W\u0142och<\/strong>. Projekt uzupe\u0142niaj\u0105 <strong data-start=\"610\" data-end=\"660\">niebieskie wyko\u0144czenia ko\u0142nierza oraz r\u0119kawk\u00f3w<\/strong>, kt\u00f3re nawi\u0105zuj\u0105 do tradycyjnego koloru Azzurrich i nadaj\u0105 ca\u0142o\u015bci eleganckiego, reprezentacyjnego charakteru. G\u0142adki, <strong data-start=\"780\" data-end=\"811\">\u015bliskiej struktury materia\u0142<\/strong> podkre\u015bla minimalistyczny i czysty wygl\u0105d koszulki, zgodny z turniejow\u0105 stylistyk\u0105 projekt\u00f3w <strong data-start=\"905\" data-end=\"913\">Pumy<\/strong> z tego okresu.<\/p>\n<p data-start=\"930\" data-end=\"1455\">Lata <strong data-start=\"935\" data-end=\"948\">2006\u20132008<\/strong> to jeden z najbardziej presti\u017cowych etap\u00f3w w dziejach <strong data-start=\"1003\" data-end=\"1026\">reprezentacji W\u0142och<\/strong>. Zesp\u00f3\u0142 prowadzony przez Marcello Lippiego si\u0119gn\u0105\u0142 po mistrzostwo \u015bwiata w Niemczech, opieraj\u0105c swoj\u0105 gr\u0119 na znakomitej organizacji defensywnej i do\u015bwiadczeniu lider\u00f3w. W kadrze wyst\u0119powali w\u00f3wczas m.in. <strong data-start=\"1231\" data-end=\"1250\">Fabio Cannavaro<\/strong>, <strong data-start=\"1252\" data-end=\"1272\">Gianluigi Buffon<\/strong>, <strong data-start=\"1274\" data-end=\"1290\">Andrea Pirlo<\/strong>, <strong data-start=\"1292\" data-end=\"1311\">Gennaro Gattuso<\/strong>, <strong data-start=\"1313\" data-end=\"1332\">Francesco Totti<\/strong> czy <strong data-start=\"1337\" data-end=\"1361\">Alessandro Del Piero<\/strong>, kt\u00f3rzy stworzyli jedn\u0105 z najbardziej rozpoznawalnych dru\u017cyn w historii \u015bwiatowych turniej\u00f3w.<\/p>\n<p data-start=\"1457\" data-end=\"1705\">Koszulka zosta\u0142a wykonana z <strong data-start=\"1485\" data-end=\"1522\">lekkiego i przewiewnego materia\u0142u<\/strong>, zapewniaj\u0105cego komfort u\u017cytkowania. <strong data-start=\"1560\" data-end=\"1582\">Kr\u00f3j w rozmiarze S<\/strong> odpowiada standardom <strong data-start=\"1604\" data-end=\"1612\">Pumy<\/strong> z lat <strong data-start=\"1619\" data-end=\"1630\">2006\/08<\/strong>, oferuj\u0105c klasyczne dopasowanie zgodne z \u00f3wczesnymi projektami producenta.<\/p>\n<p data-start=\"1707\" data-end=\"1988\" data-is-last-node=\"\" data-is-only-node=\"\">To propozycja dla kolekcjoner\u00f3w oraz kibic\u00f3w poszukuj\u0105cych oryginalnej wyjazdowej koszulki pi\u0142karskiej <strong data-start=\"1810\" data-end=\"1833\">reprezentacji W\u0142och<\/strong> z lat <strong data-start=\"1840\" data-end=\"1851\">2006\/08<\/strong> produkcji <strong data-start=\"1862\" data-end=\"1870\">Pumy<\/strong>, stanowi\u0105cej czytelny zapis mistrzowskiego okresu i czasu, gdy Squadra Azzurra znajdowa\u0142a si\u0119 na pi\u0142karskim szczycie.<\/p>\n<\/div>\n<\/div>\n<\/div>\n<\/div>\n<\/div>\n<\/div>\n<\/article>\n<\/div>\n","protected":false},"featured_media":114412,"template":"","meta":{"_kad_blocks_custom_css":"","_kad_blocks_head_custom_js":"","_kad_blocks_body_custom_js":"","_kad_blocks_footer_custom_js":"","_kad_post_transparent":"default","_kad_post_title":"","_kad_post_layout":"default","_kad_post_sidebar_id":"","_kad_post_content_style":"default","_kad_post_vertical_padding":"default","_kad_post_feature":"","_kad_post_feature_position":"","_kad_post_header":false,"_kad_post_footer":false,"_kad_post_classname":""},"product_brand":[1287],"product_cat":[15,1487],"product_tag":[],"class_list":{"0":"post-114378","1":"product","2":"type-product","3":"status-publish","4":"has-post-thumbnail","6":"product_brand-puma","7":"product_cat-bez-kategorii","8":"product_cat-reprezentacja-wloch","9":"pa_homeawaythird-away","10":"pa_rozmiar-s","12":"first","13":"instock","14":"taxable","15":"shipping-taxable","16":"purchasable","17":"product-type-simple","18":"entry","19":"content-bg","20":"loop-entry"},"taxonomy_info":{"product_brand":[{"value":1287,"label":"Puma"}],"product_cat":[{"value":15,"label":"Bez kategorii"},{"value":1487,"label":"W\u0142ochy"}],"pa_homeawaythird":[{"value":1598,"label":"Away"}],"pa_rozmiar":[{"value":1815,"label":"S"}]},"featured_image_src_large":["https:\/\/footballthrift.shop\/wp-content\/uploads\/2026\/01\/Photoroom_024_20260108_130923-1024x1024.png",1024,1024,true],"author_info":[],"comment_info":"","_links":{"self":[{"href":"https:\/\/footballthrift.shop\/de\/wp-json\/wp\/v2\/product\/114378","targetHints":{"allow":["GET"]}}],"collection":[{"href":"https:\/\/footballthrift.shop\/de\/wp-json\/wp\/v2\/product"}],"about":[{"href":"https:\/\/footballthrift.shop\/de\/wp-json\/wp\/v2\/types\/product"}],"wp:featuredmedia":[{"embeddable":true,"href":"https:\/\/footballthrift.shop\/de\/wp-json\/wp\/v2\/media\/114412"}],"wp:attachment":[{"href":"https:\/\/footballthrift.shop\/de\/wp-json\/wp\/v2\/media?parent=114378"}],"wp:term":[{"taxonomy":"product_brand","embeddable":true,"href":"https:\/\/footballthrift.shop\/de\/wp-json\/wp\/v2\/product_brand?post=114378"},{"taxonomy":"product_cat","embeddable":true,"href":"https:\/\/footballthrift.shop\/de\/wp-json\/wp\/v2\/product_cat?post=114378"},{"taxonomy":"product_tag","embeddable":true,"href":"https:\/\/footballthrift.shop\/de\/wp-json\/wp\/v2\/product_tag?post=114378"}],"curies":[{"name":"wp","href":"https:\/\/api.w.org\/{rel}","templated":true}]}}