{"id":114377,"date":"2026-01-11T17:44:38","date_gmt":"2026-01-11T16:44:38","guid":{"rendered":"https:\/\/footballthrift.shop\/?post_type=product&#038;p=114377"},"modified":"2026-03-09T11:24:37","modified_gmt":"2026-03-09T10:24:37","slug":"koszulka-pilkarska-st-pauli-2005-06-home-xl","status":"publish","type":"product","link":"https:\/\/footballthrift.shop\/de\/koszulka-pilkarska-st-pauli-2005-06-home-xl\/","title":{"rendered":"Koszulka pi\u0142karska ST. Pauli 2005\/06 Home [XL]"},"content":{"rendered":"<p><strong>Verein:<\/strong> ST. Pauli<\/p>\n<p><strong>Saison:<\/strong> 2005\/06 Heim<\/p>\n<p><strong>Gr\u00f6\u00dfe: <\/strong>XL<\/p>\n<p><strong>Zustand:<\/strong> Ausgezeichnet<\/p>\n<p><strong>Ma\u00dfe (Achselbreite\/L\u00e4nge) in cm: <\/strong>54\/71(vorne), 78(hinten)<\/p>","protected":false},"excerpt":{"rendered":"<p data-start=\"0\" data-end=\"110\"><strong data-start=\"0\" data-end=\"110\">Original Heim-Fu\u00dfballtrikot <span class=\"hover:entity-accent entity-underline inline cursor-pointer align-baseline\"><span class=\"whitespace-normal\">FC St. Pauli<\/span><\/span> aus der EJF-Saison 2005\/06.\u00a0<\/strong><\/p>\n<p data-start=\"112\" data-end=\"528\">Heimmodell <strong data-start=\"125\" data-end=\"141\">FC St. Pauli<\/strong> z <strong data-start=\"144\" data-end=\"162\">Saison 2005\/06<\/strong>hergestellt von <strong data-start=\"184\" data-end=\"191\">DYF<\/strong> in der Gr\u00f6\u00dfe <strong data-start=\"204\" data-end=\"210\">XL<\/strong>, Die Geschichte von St. Pauli stammt aus einer Zeit, in der der Hamburger Klub seine Identit\u00e4t konsequent im Hintergrund der Bundesliga aufbaute. Es war eine Zeit des sportlichen Kampfes und gleichzeitig der Festigung des einzigartigen Images von St. Pauli als ein fest in der Kiezkultur verwurzelter Verein, der f\u00fcr seinen alternativen Ansatz und seine ausgepr\u00e4gte soziale Identit\u00e4t bekannt ist.<\/p>\n<p data-start=\"530\" data-end=\"1050\">Das T-Shirt wurde mit einer vollfl\u00e4chigen Beschichtung hergestellt. <strong data-start=\"584\" data-end=\"599\">Moro-Muster<\/strong> in Farbt\u00f6nen von <strong data-start=\"613\" data-end=\"641\">cremefarben und hellbraun<\/strong>, was dem Projekt einen deutlich untypischen, k\u00fchnen Charakter verleiht. Das Ganze wird vervollst\u00e4ndigt durch <strong data-start=\"735\" data-end=\"768\">brauner Kragenbesatz<\/strong> und <strong data-start=\"774\" data-end=\"797\">Paneele an den \u00c4rmeln<\/strong>, Dadurch wird die Farbkonsistenz gewahrt und die milit\u00e4rische \u00c4sthetik des Designs unterstrichen. Auf der Vorderseite befindet sich ein Sponsorenaufdruck <strong data-start=\"918\" data-end=\"930\">Mobilcom<\/strong>, und die Version mit <strong data-start=\"943\" data-end=\"961\">Langarm<\/strong> unterscheidet sich dieses St\u00fcck weiter von Standard-Haushaltssets <strong data-start=\"1036\" data-end=\"1049\">St. Pauli<\/strong>.<\/p>\n<p data-start=\"1052\" data-end=\"1456\">W <strong data-start=\"1054\" data-end=\"1073\">Saison 2005\/06<\/strong> <strong data-start=\"1074\" data-end=\"1090\">FC St. Pauli<\/strong> spielte in der 2. Bundesliga und hatte mit einer schwierigen sportlichen Saison und begrenzten organisatorischen Kapazit\u00e4ten zu k\u00e4mpfen. Trotz der sportlichen Herausforderungen blieb der Verein eine der bekanntesten und unverwechselbarsten Mannschaften im deutschen Fu\u00dfball, die f\u00fcr ihre Authentizit\u00e4t und ihre enge Bindung zu den Fans gesch\u00e4tzt wurde.<\/p>\n<p data-start=\"1458\" data-end=\"1684\">Das T-Shirt ist hergestellt aus <strong data-start=\"1486\" data-end=\"1523\">leichtes und luftiges Material<\/strong>, geeignet f\u00fcr den t\u00e4glichen Gebrauch. <strong data-start=\"1567\" data-end=\"1590\">Schnitt in Gr\u00f6\u00dfe XL<\/strong> bietet eine klassische, entspannte Passform im Einklang mit den Designs des Herstellers <strong data-start=\"1662\" data-end=\"1669\">DYF<\/strong> aus dieser Zeit.<\/p>\n<p data-start=\"1686\" data-end=\"1952\" data-is-last-node=\"\" data-is-only-node=\"\">F\u00fcr Sammler und Fans, die ein originales Heimtrikot suchen <strong data-start=\"1786\" data-end=\"1802\">FC St. Pauli<\/strong> aus der Saison <strong data-start=\"1812\" data-end=\"1823\">2005\/06<\/strong>, die eine der schwierigsten und zugleich identit\u00e4tskritischsten Phasen in der Hamburger Vereinsgeschichte anschaulich dokumentiert.<\/p>","protected":false},"featured_media":114405,"template":"","meta":{"_kad_blocks_custom_css":"","_kad_blocks_head_custom_js":"","_kad_blocks_body_custom_js":"","_kad_blocks_footer_custom_js":"","_kad_post_transparent":"default","_kad_post_title":"","_kad_post_layout":"default","_kad_post_sidebar_id":"","_kad_post_content_style":"default","_kad_post_vertical_padding":"default","_kad_post_feature":"","_kad_post_feature_position":"","_kad_post_header":false,"_kad_post_footer":false,"_kad_post_classname":""},"product_brand":[1373],"product_cat":[15,1490],"product_tag":[],"class_list":{"0":"post-114377","1":"product","2":"type-product","3":"status-publish","4":"has-post-thumbnail","6":"product_brand-dyf","7":"product_cat-bez-kategorii","8":"product_cat-pozostale-kluby-niemieckie","9":"pa_homeawaythird-home","10":"pa_rozmiar-xl","12":"first","13":"instock","14":"taxable","15":"shipping-taxable","16":"purchasable","17":"product-type-simple","18":"entry","19":"content-bg","20":"loop-entry"},"taxonomy_info":{"product_brand":[{"value":1373,"label":"DYF"}],"product_cat":[{"value":15,"label":"Bez kategorii"},{"value":1490,"label":"Pozosta\u0142e kluby niemieckie"}],"pa_homeawaythird":[{"value":1597,"label":"Home"}],"pa_rozmiar":[{"value":1818,"label":"XL"}]},"featured_image_src_large":["https:\/\/footballthrift.shop\/wp-content\/uploads\/2026\/01\/Photoroom_002_20260108_130923-1024x1024.png",1024,1024,true],"author_info":[],"comment_info":"","_links":{"self":[{"href":"https:\/\/footballthrift.shop\/de\/wp-json\/wp\/v2\/product\/114377","targetHints":{"allow":["GET"]}}],"collection":[{"href":"https:\/\/footballthrift.shop\/de\/wp-json\/wp\/v2\/product"}],"about":[{"href":"https:\/\/footballthrift.shop\/de\/wp-json\/wp\/v2\/types\/product"}],"wp:featuredmedia":[{"embeddable":true,"href":"https:\/\/footballthrift.shop\/de\/wp-json\/wp\/v2\/media\/114405"}],"wp:attachment":[{"href":"https:\/\/footballthrift.shop\/de\/wp-json\/wp\/v2\/media?parent=114377"}],"wp:term":[{"taxonomy":"product_brand","embeddable":true,"href":"https:\/\/footballthrift.shop\/de\/wp-json\/wp\/v2\/product_brand?post=114377"},{"taxonomy":"product_cat","embeddable":true,"href":"https:\/\/footballthrift.shop\/de\/wp-json\/wp\/v2\/product_cat?post=114377"},{"taxonomy":"product_tag","embeddable":true,"href":"https:\/\/footballthrift.shop\/de\/wp-json\/wp\/v2\/product_tag?post=114377"}],"curies":[{"name":"wp","href":"https:\/\/api.w.org\/{rel}","templated":true}]}}