{"id":114375,"date":"2026-01-11T17:44:39","date_gmt":"2026-01-11T16:44:39","guid":{"rendered":"https:\/\/footballthrift.shop\/?post_type=product&#038;p=114375"},"modified":"2026-03-09T11:24:36","modified_gmt":"2026-03-09T10:24:36","slug":"koszulka-pilkarska-sc-heerenveen-2020-21-home-9-veerman-xxl","status":"publish","type":"product","link":"https:\/\/footballthrift.shop\/de\/koszulka-pilkarska-sc-heerenveen-2020-21-home-9-veerman-xxl\/","title":{"rendered":"Koszulka pi\u0142karska SC Heerenveen 2020\/21 Home 9 Veerman [XXL]"},"content":{"rendered":"<p><strong>Verein:<\/strong> SC Heerenveen<\/p>\n<p><strong>Saison:<\/strong> 2020\/21 Heim<\/p>\n<p><strong>Gr\u00f6\u00dfe: <\/strong>XXL<\/p>\n<p><strong>Zustand:<\/strong> Ausgezeichnet<\/p>\n<p><strong>Ma\u00dfe (Achselbreite\/L\u00e4nge) in cm: <\/strong>58\/78<\/p>","protected":false},"excerpt":{"rendered":"<p data-start=\"0\" data-end=\"111\"><strong data-start=\"0\" data-end=\"111\">Original Heim-Fu\u00dfballtrikot <span class=\"hover:entity-accent entity-underline inline cursor-pointer align-baseline\"><span class=\"whitespace-normal\">SC Heerenveen<\/span><\/span> ab der Saison 2020\/21 der Produktion As.\u00a0<\/strong><\/p>\n<p data-start=\"113\" data-end=\"539\">Heimmodell <strong data-start=\"126\" data-end=\"143\">SC Heerenveen<\/strong> z <strong data-start=\"146\" data-end=\"164\">Saison 2020\/21<\/strong>hergestellt von <strong data-start=\"186\" data-end=\"194\">Als<\/strong> in der Gr\u00f6\u00dfe <strong data-start=\"207\" data-end=\"213\">XL<\/strong>, Es war eine Zeit, in der der Verein in der Eredivisie solide und ruhig spielte, nicht um den Klassenerhalt k\u00e4mpfte, aber auch nicht wirklich in den Wettbewerb um die europ\u00e4ischen Pokale eingriff. Es war eine Saison der sportlichen Stabilit\u00e4t und gleichzeitig eine Zeit, in der die Mannschaft auf j\u00fcngere, zunehmend herausragende Spieler setzte.<\/p>\n<p data-start=\"541\" data-end=\"1055\">Das T-Shirt wurde in einem unverwechselbaren Layout produziert <strong data-start=\"602\" data-end=\"639\">vertikale wei\u00dfe und blaue Streifen<\/strong>, eindeutig mit Trachten verbunden <strong data-start=\"687\" data-end=\"704\">SC Heerenveen<\/strong>. Die am besten erkennbaren Elemente des Projekts sind <strong data-start=\"755\" data-end=\"795\">rote Motive, die an Herzen erinnern<\/strong>, inspiriert von den Seerosenbl\u00e4ttern der friesischen Flagge, die seit Jahren das Erkennungsmerkmal des Clubs sind. Das Ganze wird vervollst\u00e4ndigt durch <strong data-start=\"921\" data-end=\"945\">Polokragen<\/strong>, f\u00fcr ein klassisches Aussehen und einen Sponsorenaufdruck <strong data-start=\"1007\" data-end=\"1020\">Ausnutria<\/strong> mittig auf der Vorderseite angeordnet.<\/p>\n<p data-start=\"1057\" data-end=\"1455\">Auf der R\u00fcckseite befindet sich ein origineller Aufdruck. <strong data-start=\"1099\" data-end=\"1140\"><span class=\"hover:entity-accent entity-underline inline cursor-pointer align-baseline\"><span class=\"whitespace-normal\">Joey Veerman<\/span><\/span><\/strong>, einer der Hauptakteure <strong data-start=\"1174\" data-end=\"1191\">SC Heerenveen<\/strong> w <strong data-start=\"1194\" data-end=\"1213\">Saison 2020\/21<\/strong>. Damals war der niederl\u00e4ndische Mittelfeldspieler eine zentrale Figur in der Mannschaft, die f\u00fcr den Spielaufbau, die st\u00e4ndigen Br\u00fcche und das Spieltempo verantwortlich war, was schnell die Aufmerksamkeit gr\u00f6\u00dferer Vereine auf ihn lenkte und in der folgenden Saison zu einem Wechsel zum PSV Eindhoven f\u00fchrte.<\/p>\n<p data-start=\"1457\" data-end=\"1698\">Das f\u00fcr das T-Shirt verwendete Material ist <strong data-start=\"1495\" data-end=\"1517\">leicht und luftig<\/strong>, und bietet eine bequeme Passform sowohl f\u00fcr das Spiel als auch f\u00fcr den Alltag. <strong data-start=\"1588\" data-end=\"1611\">Schnitt in Gr\u00f6\u00dfe XL<\/strong> entspricht den Standards <strong data-start=\"1633\" data-end=\"1641\">Als<\/strong> der damaligen Zeit und bietet eine klassische, lockere Passform.<\/p>\n<p data-start=\"1700\" data-end=\"1997\" data-is-last-node=\"\" data-is-only-node=\"\">F\u00fcr Sammler und Fans, die ein originales Heimtrikot suchen <strong data-start=\"1800\" data-end=\"1817\">SC Heerenveen<\/strong> aus der Saison <strong data-start=\"1827\" data-end=\"1838\">2020\/21<\/strong> Produktion <strong data-start=\"1849\" data-end=\"1857\">Als<\/strong>, verbunden mit einer Periode konstanter Leistungen in der Eredivisie und einem unverwechselbaren Druck <strong data-start=\"1944\" data-end=\"1962\">Joey Veerman<\/strong>, eines der Symbole dieser Mannschaft.<\/p>","protected":false},"featured_media":114389,"template":"","meta":{"_kad_blocks_custom_css":"","_kad_blocks_head_custom_js":"","_kad_blocks_body_custom_js":"","_kad_blocks_footer_custom_js":"","_kad_post_transparent":"default","_kad_post_title":"","_kad_post_layout":"default","_kad_post_sidebar_id":"","_kad_post_content_style":"default","_kad_post_vertical_padding":"default","_kad_post_feature":"","_kad_post_feature_position":"","_kad_post_header":false,"_kad_post_footer":false,"_kad_post_classname":""},"product_brand":[1298],"product_cat":[1466,15],"product_tag":[],"class_list":{"0":"post-114375","1":"product","2":"type-product","3":"status-publish","4":"has-post-thumbnail","6":"product_brand-jako","7":"product_cat-belgia-holandia","8":"product_cat-bez-kategorii","9":"pa_homeawaythird-home","10":"pa_rozmiar-xxl","12":"first","13":"instock","14":"taxable","15":"shipping-taxable","16":"purchasable","17":"product-type-simple","18":"entry","19":"content-bg","20":"loop-entry"},"taxonomy_info":{"product_brand":[{"value":1298,"label":"Jako"}],"product_cat":[{"value":1466,"label":"Belgia i Holandia"},{"value":15,"label":"Bez kategorii"}],"pa_homeawaythird":[{"value":1597,"label":"Home"}],"pa_rozmiar":[{"value":1819,"label":"XXL"}]},"featured_image_src_large":["https:\/\/footballthrift.shop\/wp-content\/uploads\/2026\/01\/Photoroom_033_20260108_130923-1024x1024.png",1024,1024,true],"author_info":[],"comment_info":"","_links":{"self":[{"href":"https:\/\/footballthrift.shop\/de\/wp-json\/wp\/v2\/product\/114375","targetHints":{"allow":["GET"]}}],"collection":[{"href":"https:\/\/footballthrift.shop\/de\/wp-json\/wp\/v2\/product"}],"about":[{"href":"https:\/\/footballthrift.shop\/de\/wp-json\/wp\/v2\/types\/product"}],"wp:featuredmedia":[{"embeddable":true,"href":"https:\/\/footballthrift.shop\/de\/wp-json\/wp\/v2\/media\/114389"}],"wp:attachment":[{"href":"https:\/\/footballthrift.shop\/de\/wp-json\/wp\/v2\/media?parent=114375"}],"wp:term":[{"taxonomy":"product_brand","embeddable":true,"href":"https:\/\/footballthrift.shop\/de\/wp-json\/wp\/v2\/product_brand?post=114375"},{"taxonomy":"product_cat","embeddable":true,"href":"https:\/\/footballthrift.shop\/de\/wp-json\/wp\/v2\/product_cat?post=114375"},{"taxonomy":"product_tag","embeddable":true,"href":"https:\/\/footballthrift.shop\/de\/wp-json\/wp\/v2\/product_tag?post=114375"}],"curies":[{"name":"wp","href":"https:\/\/api.w.org\/{rel}","templated":true}]}}