{"id":114366,"date":"2026-01-11T17:44:31","date_gmt":"2026-01-11T16:44:31","guid":{"rendered":"https:\/\/footballthrift.shop\/?post_type=product&#038;p=114366"},"modified":"2026-03-09T11:24:39","modified_gmt":"2026-03-09T10:24:39","slug":"fusball-trikot-niederlande-2004-06-home-xxl","status":"publish","type":"product","link":"https:\/\/footballthrift.shop\/de\/koszulka-pilkarska-holandia-2004-06-home-xxl\/","title":{"rendered":"Koszulka pi\u0142karska Holandia 2004\/06 Home [XXL]"},"content":{"rendered":"<p><strong>Verein:<\/strong> Niederlande<\/p>\n<p><strong>Saison:<\/strong> 2004\/06 Heim<\/p>\n<p><strong>Gr\u00f6\u00dfe: <\/strong>XXL<\/p>\n<p><strong>Zustand:<\/strong> Sehr gut - leicht geplatzte Naht vorne am Kragen und Mikrozug am \u00c4rmel.<\/p>\n<p><strong>Ma\u00dfe (Achselbreite\/L\u00e4nge) in cm: <\/strong>62\/76(vorne), 82(hinten)<\/p>","protected":false},"excerpt":{"rendered":"<p data-start=\"0\" data-end=\"93\"><strong data-start=\"0\" data-end=\"93\">Original 2004\/06 Heimtrikot der niederl\u00e4ndischen Fu\u00dfballnationalmannschaft von Nike.\u00a0<\/strong><\/p>\n<p data-start=\"95\" data-end=\"468\">Heimmodell <strong data-start=\"108\" data-end=\"134\">die niederl\u00e4ndische Nationalmannschaft<\/strong> im Laufe der Jahre <strong data-start=\"141\" data-end=\"152\">2004\/06<\/strong>hergestellt von <strong data-start=\"174\" data-end=\"182\">Nike<\/strong> in der Gr\u00f6\u00dfe <strong data-start=\"195\" data-end=\"202\">XXL<\/strong>, stammt aus einer Zeit, in der die Oranje nach den entt\u00e4uschenden Vorjahren in die europ\u00e4ische Spitzenklasse zur\u00fcckkehrte. Es war die Zeit einer Mannschaft, die auf offensivem Potenzial und technischer Qualit\u00e4t aufbaute und wieder echte Turnierambitionen auf der internationalen B\u00fchne hatte.<\/p>\n<p data-start=\"470\" data-end=\"912\">Das T-Shirt wurde in der Farbe <strong data-start=\"511\" data-end=\"528\">orange<\/strong>, eindeutig mit h\u00e4uslicher Tracht verbunden <strong data-start=\"575\" data-end=\"601\">die niederl\u00e4ndische Nationalmannschaft<\/strong>, und erg\u00e4nzt durch <strong data-start=\"617\" data-end=\"653\">dezente wei\u00dfe Verzierungen<\/strong>, die Ordnung und Leichtigkeit in das Design bringen. Das Modell basiert auf dem charakteristischen Sockel der Serie <strong data-start=\"749\" data-end=\"761\">Nike T90<\/strong>, Das Unternehmen ist an seinem modernen, zeitgem\u00e4\u00dfen Design und seinem klaren, funktionalen Look erkennbar, der stark mit der ersten H\u00e4lfte der 2000er Jahre assoziiert wird.<\/p>\n<p data-start=\"914\" data-end=\"1415\">In diesen T-Shirts <strong data-start=\"932\" data-end=\"958\">Niederl\u00e4ndische Nationalmannschaft<\/strong> auftrat w\u00e4hrend <strong data-start=\"979\" data-end=\"1005\">Europameisterschaft 2004<\/strong>, Die Mannschaft schaffte es bis ins Halbfinale, wo sie erst im Elfmeterschie\u00dfen verlor. Die Mannschaft schaffte es bis ins Halbfinale und verlor erst im Elfmeterschie\u00dfen gegen Portugal. <strong data-start=\"1208\" data-end=\"1231\">Ruud van Nistelrooy<\/strong>, <strong data-start=\"1233\" data-end=\"1253\">Patrick Kluivert<\/strong>, <strong data-start=\"1255\" data-end=\"1271\">Edgar Davids<\/strong>, <strong data-start=\"1273\" data-end=\"1293\">Clarence Seedorf<\/strong>, <strong data-start=\"1295\" data-end=\"1314\">Wesley Sneijder<\/strong> oder <strong data-start=\"1319\" data-end=\"1335\">Arjen Robben<\/strong>, f\u00fcr den dies eines der ersten gro\u00dfen Turniere in den Landesfarben war.<\/p>\n<p data-start=\"1417\" data-end=\"1689\">Das T-Shirt ist hergestellt aus <strong data-start=\"1445\" data-end=\"1482\">leichtes und luftiges Material<\/strong>, f\u00fcr eine intensive Nutzung geeignet. <strong data-start=\"1527\" data-end=\"1562\">Lockerer Schnitt in Gr\u00f6\u00dfe XXL<\/strong> entspricht den Standards <strong data-start=\"1584\" data-end=\"1592\">Nike<\/strong> im Laufe der Jahre <strong data-start=\"1599\" data-end=\"1610\">2004\/06<\/strong>, und bietet eine klassische Passform, die f\u00fcr die Designs der damaligen Zeit charakteristisch ist.<\/p>\n<p data-start=\"1691\" data-end=\"1976\" data-is-last-node=\"\" data-is-only-node=\"\">Dies ist ein Angebot f\u00fcr Sammler und Fans, die auf der Suche sind nach <strong data-start=\"1750\" data-end=\"1846\">das Original-Heimtrikot der niederl\u00e4ndischen Fu\u00dfballnationalmannschaft 2004\/06 von Nike<\/strong>, die eine klare Aufzeichnung des Turniers ist <strong data-start=\"1884\" data-end=\"1897\">Euro 2004<\/strong> und einer der bekanntesten Abschnitte in der modernen Geschichte Oranjes.<\/p>","protected":false},"featured_media":114530,"template":"","meta":{"_kad_blocks_custom_css":"","_kad_blocks_head_custom_js":"","_kad_blocks_body_custom_js":"","_kad_blocks_footer_custom_js":"","_kad_post_transparent":"default","_kad_post_title":"","_kad_post_layout":"default","_kad_post_sidebar_id":"","_kad_post_content_style":"default","_kad_post_vertical_padding":"default","_kad_post_feature":"","_kad_post_feature_position":"","_kad_post_header":false,"_kad_post_footer":false,"_kad_post_classname":""},"product_brand":[1284],"product_cat":[15,1471],"product_tag":[],"class_list":{"0":"post-114366","1":"product","2":"type-product","3":"status-publish","4":"has-post-thumbnail","6":"product_brand-nike","7":"product_cat-bez-kategorii","8":"product_cat-reprezentacja-holandii","9":"pa_homeawaythird-home","10":"pa_rozmiar-xxl","12":"first","13":"instock","14":"taxable","15":"shipping-taxable","16":"purchasable","17":"product-type-simple","18":"entry","19":"content-bg","20":"loop-entry"},"taxonomy_info":{"product_brand":[{"value":1284,"label":"Nike"}],"product_cat":[{"value":15,"label":"Bez kategorii"},{"value":1471,"label":"Holandia"}],"pa_homeawaythird":[{"value":1597,"label":"Home"}],"pa_rozmiar":[{"value":1819,"label":"XXL"}]},"featured_image_src_large":["https:\/\/footballthrift.shop\/wp-content\/uploads\/2026\/01\/Photoroom_036_20260108_130923-1024x1024.png",1024,1024,true],"author_info":[],"comment_info":"","_links":{"self":[{"href":"https:\/\/footballthrift.shop\/de\/wp-json\/wp\/v2\/product\/114366","targetHints":{"allow":["GET"]}}],"collection":[{"href":"https:\/\/footballthrift.shop\/de\/wp-json\/wp\/v2\/product"}],"about":[{"href":"https:\/\/footballthrift.shop\/de\/wp-json\/wp\/v2\/types\/product"}],"wp:featuredmedia":[{"embeddable":true,"href":"https:\/\/footballthrift.shop\/de\/wp-json\/wp\/v2\/media\/114530"}],"wp:attachment":[{"href":"https:\/\/footballthrift.shop\/de\/wp-json\/wp\/v2\/media?parent=114366"}],"wp:term":[{"taxonomy":"product_brand","embeddable":true,"href":"https:\/\/footballthrift.shop\/de\/wp-json\/wp\/v2\/product_brand?post=114366"},{"taxonomy":"product_cat","embeddable":true,"href":"https:\/\/footballthrift.shop\/de\/wp-json\/wp\/v2\/product_cat?post=114366"},{"taxonomy":"product_tag","embeddable":true,"href":"https:\/\/footballthrift.shop\/de\/wp-json\/wp\/v2\/product_tag?post=114366"}],"curies":[{"name":"wp","href":"https:\/\/api.w.org\/{rel}","templated":true}]}}