{"id":114363,"date":"2026-01-11T17:44:32","date_gmt":"2026-01-11T16:44:32","guid":{"rendered":"https:\/\/footballthrift.shop\/?post_type=product&#038;p=114363"},"modified":"2026-03-09T11:24:38","modified_gmt":"2026-03-09T10:24:38","slug":"fusballtrikot-bnwt-genua-cfc-2021-22-home-xl","status":"publish","type":"product","link":"https:\/\/footballthrift.shop\/de\/koszulka-pilkarska-bnwt-genoa-cfc-2021-22-home-xl\/","title":{"rendered":"Koszulka pi\u0142karska BNWT Genoa CFC 2021\/22 Home [XL]"},"content":{"rendered":"<p><strong>Verein:<\/strong> Genua CFC<\/p>\n<p><strong>Saison:<\/strong> 2021\/22 Heim<\/p>\n<p><strong>Gr\u00f6\u00dfe: <\/strong>XL<\/p>\n<p><strong>Zustand:<\/strong> BNWT - T-Shirt neu, mit Tags, aber hat ein Mikro ziehen auf der R\u00fcckseite.<\/p>\n<p><strong>Ma\u00dfe (Achselbreite\/L\u00e4nge) in cm: <\/strong>53\/81 (die Gr\u00f6\u00dfe auf dem Etikett ist 3XL, aber in Wirklichkeit f\u00e4llt sie auf eine XL)<\/p>","protected":false},"excerpt":{"rendered":"<p data-start=\"0\" data-end=\"112\"><strong data-start=\"0\" data-end=\"112\">Original Heim-Fu\u00dfballtrikot <span class=\"hover:entity-accent entity-underline inline cursor-pointer align-baseline\"><span class=\"whitespace-normal\">Genua CFC<\/span><\/span> der Saison 2021\/22 durch Kappa.\u00a0<\/strong><\/p>\n<p data-start=\"114\" data-end=\"527\">Heimmodell <strong data-start=\"127\" data-end=\"140\">Genua CFC<\/strong> z <strong data-start=\"143\" data-end=\"161\">Saison 2021\/22<\/strong>hergestellt von <strong data-start=\"183\" data-end=\"192\">Kappa<\/strong> in der Gr\u00f6\u00dfe <strong data-start=\"205\" data-end=\"211\">XL<\/strong>, wurde in einem der emotionalsten und zugleich schwierigsten Momente in der j\u00fcngeren Geschichte des \u00e4ltesten Vereins Italiens geschaffen. Es war eine Saison voller sportlicher Spannungen, die mit dem Abstieg aus der Serie A endete und die trotz der Entt\u00e4uschung in der Liga eine besonders starke visuelle und identit\u00e4tsstiftende Wirkung hinterlie\u00df.<\/p>\n<p data-start=\"529\" data-end=\"1137\">Das T-Shirt wurde hergestellt in <strong data-start=\"562\" data-end=\"601\">symmetrisches, zweifarbiges Layout<\/strong>, Merkmal der Tracht <strong data-start=\"643\" data-end=\"656\">Genua CFC<\/strong>. <strong data-start=\"658\" data-end=\"682\">Rechte Seite des Hemdes<\/strong> in der Farbe beibehalten wird <strong data-start=\"708\" data-end=\"721\">rot<\/strong>, w\u00e4hrend <strong data-start=\"733\" data-end=\"748\">linke H\u00e4lfte<\/strong> w <strong data-start=\"751\" data-end=\"763\">Granatapfel<\/strong>, mit einer \u00e4hnlichen Aufteilung an den \u00c4rmeln. Das Design wird vervollst\u00e4ndigt durch <strong data-start=\"834\" data-end=\"884\">subtile Gestaltung des historischen Teils der Stadt Genua<\/strong>, Sie ist auf der Vorderseite des Trikots zu sehen und verleiht ihm einen eindeutig lokalen, fast heraldischen Charakter. Es ist eine Variante <strong data-start=\"999\" data-end=\"1023\">ohne Sponsorenaufdruck<\/strong>, die die Reinheit und Eleganz der Komposition unterstreicht, und das Exemplar wird aufbewahrt <strong data-start=\"1099\" data-end=\"1136\">mit Originaletiketten<\/strong>.<\/p>\n<p data-start=\"1139\" data-end=\"1593\">W <strong data-start=\"1141\" data-end=\"1160\">Saison 2021\/22<\/strong> <strong data-start=\"1161\" data-end=\"1174\">Genua CFC<\/strong> k\u00e4mpfte lange Zeit um den Verbleib in der Serie A, doch trotz einer ehrgeizigen Einstellung und zahlreicher personeller Ver\u00e4nderungen gelang es der Mannschaft nicht, sich in der Liga zu halten. Paradoxerweise erlangte das Trikot gerade in dieser schwierigen Zeit gro\u00dfe Anerkennung bei Fans und Sammlern und gilt als eines der <strong data-start=\"1477\" data-end=\"1535\">die sch\u00f6nsten italienischen Vereinstrikots der letzten Jahre<\/strong>, die Tradition, lokale Geschichte und modernes Design verbindet.<\/p>\n<p data-start=\"1595\" data-end=\"1871\">Das T-Shirt ist hergestellt aus <strong data-start=\"1623\" data-end=\"1660\">leichtes und luftiges Material<\/strong>, charakteristisch f\u00fcr Projekte <strong data-start=\"1696\" data-end=\"1705\">Kappy<\/strong> aus dieser Zeit. <strong data-start=\"1721\" data-end=\"1744\">Schnitt in Gr\u00f6\u00dfe XL<\/strong> ist eher tailliert, entsprechend dem Schnitt des Herstellers, der eine sportliche Silhouette und eine moderne Positionierung am K\u00f6rper betont.<\/p>\n<p data-start=\"1873\" data-end=\"2161\" data-is-last-node=\"\" data-is-only-node=\"\">Dies ist ein Angebot f\u00fcr Sammler und Fans, die auf der Suche sind nach <strong data-start=\"1932\" data-end=\"2019\">das Original Genua CFC Heimtrikot der Saison 2021\/22 von Kappa<\/strong>, Ein klares Zeugnis einer sportlich schwierigen Saison und eines der meistverehrten Trikotdesigns in der Geschichte des italienischen Vereinsfu\u00dfballs.<\/p>","protected":false},"featured_media":114503,"template":"","meta":{"_kad_blocks_custom_css":"","_kad_blocks_head_custom_js":"","_kad_blocks_body_custom_js":"","_kad_blocks_footer_custom_js":"","_kad_post_transparent":"default","_kad_post_title":"","_kad_post_layout":"default","_kad_post_sidebar_id":"","_kad_post_content_style":"default","_kad_post_vertical_padding":"default","_kad_post_feature":"","_kad_post_feature_position":"","_kad_post_header":false,"_kad_post_footer":false,"_kad_post_classname":""},"product_brand":[1290],"product_cat":[15,2033,1480],"product_tag":[],"class_list":{"0":"post-114363","1":"product","2":"type-product","3":"status-publish","4":"has-post-thumbnail","6":"product_brand-kappa","7":"product_cat-bez-kategorii","8":"product_cat-bnwt","9":"product_cat-pozostale-kluby-wloskie","10":"pa_homeawaythird-home","11":"pa_rozmiar-xl","13":"first","14":"instock","15":"taxable","16":"shipping-taxable","17":"purchasable","18":"product-type-simple","19":"entry","20":"content-bg","21":"loop-entry"},"taxonomy_info":{"product_brand":[{"value":1290,"label":"Kappa"}],"product_cat":[{"value":15,"label":"Bez kategorii"},{"value":2033,"label":"BNWT"},{"value":1480,"label":"Pozosta\u0142e kluby w\u0142oskie"}],"pa_homeawaythird":[{"value":1597,"label":"Home"}],"pa_rozmiar":[{"value":1818,"label":"XL"}]},"featured_image_src_large":["https:\/\/footballthrift.shop\/wp-content\/uploads\/2026\/01\/Photoroom_052_20260108_130923-1024x1024.png",1024,1024,true],"author_info":[],"comment_info":"","_links":{"self":[{"href":"https:\/\/footballthrift.shop\/de\/wp-json\/wp\/v2\/product\/114363","targetHints":{"allow":["GET"]}}],"collection":[{"href":"https:\/\/footballthrift.shop\/de\/wp-json\/wp\/v2\/product"}],"about":[{"href":"https:\/\/footballthrift.shop\/de\/wp-json\/wp\/v2\/types\/product"}],"wp:featuredmedia":[{"embeddable":true,"href":"https:\/\/footballthrift.shop\/de\/wp-json\/wp\/v2\/media\/114503"}],"wp:attachment":[{"href":"https:\/\/footballthrift.shop\/de\/wp-json\/wp\/v2\/media?parent=114363"}],"wp:term":[{"taxonomy":"product_brand","embeddable":true,"href":"https:\/\/footballthrift.shop\/de\/wp-json\/wp\/v2\/product_brand?post=114363"},{"taxonomy":"product_cat","embeddable":true,"href":"https:\/\/footballthrift.shop\/de\/wp-json\/wp\/v2\/product_cat?post=114363"},{"taxonomy":"product_tag","embeddable":true,"href":"https:\/\/footballthrift.shop\/de\/wp-json\/wp\/v2\/product_tag?post=114363"}],"curies":[{"name":"wp","href":"https:\/\/api.w.org\/{rel}","templated":true}]}}