{"id":114361,"date":"2026-01-11T17:44:33","date_gmt":"2026-01-11T16:44:33","guid":{"rendered":"https:\/\/footballthrift.shop\/?post_type=product&#038;p=114361"},"modified":"2026-03-09T11:24:38","modified_gmt":"2026-03-09T10:24:38","slug":"koszulka-pilkarska-borussia-dortmund-2014-15-home-xxl","status":"publish","type":"product","link":"https:\/\/footballthrift.shop\/de\/koszulka-pilkarska-borussia-dortmund-2014-15-home-xxl\/","title":{"rendered":"Koszulka pi\u0142karska Borussia Dortmund 2014\/15 Home [XXL]"},"content":{"rendered":"<p><strong>Verein:<\/strong> Borussia Dortmund<\/p>\n<p><strong>Saison:<\/strong> 2014\/15 Startseite<\/p>\n<p><strong>Gr\u00f6\u00dfe: <\/strong>XXL<\/p>\n<p><strong>Zustand:<\/strong> Sehr gut - abgenutzter Aufkleber am unteren Rand des Schutzumschlags auf der Vorderseite.<\/p>\n<p><strong>Ma\u00dfe (Achselbreite\/L\u00e4nge) in cm: <\/strong>63\/76<\/p>","protected":false},"excerpt":{"rendered":"<p data-start=\"0\" data-end=\"111\"><strong data-start=\"0\" data-end=\"111\">Original Heim-Fu\u00dfballtrikot <span class=\"hover:entity-accent entity-underline inline cursor-pointer align-baseline\"><span class=\"whitespace-normal\">Borussia Dortmund<\/span><\/span> der Saison 2014\/15 von Puma.\u00a0<\/strong><\/p>\n<p data-start=\"113\" data-end=\"460\">Heimmodell <strong data-start=\"126\" data-end=\"147\">Borussia Dortmund<\/strong> z <strong data-start=\"150\" data-end=\"168\">Saison 2014\/15<\/strong>hergestellt von <strong data-start=\"190\" data-end=\"198\">Puma<\/strong> in der Gr\u00f6\u00dfe <strong data-start=\"211\" data-end=\"218\">XXL<\/strong>, wurde in einer der turbulentesten Phasen der \u00c4ra J\u00fcrgen Klopp gegr\u00fcndet. Es war eine Zeit gro\u00dfer Formschwankungen, sportlicher Spannungen und deutlicher Ver\u00e4nderungen, die trotz eines schwierigen Starts damit endete, dass sich die Mannschaft wieder aufbaute und in den Kampf um die europ\u00e4ischen Pl\u00e4tze zur\u00fcckkehrte.<\/p>\n<p data-start=\"462\" data-end=\"958\">Das T-Shirt wurde hergestellt auf <strong data-start=\"496\" data-end=\"512\">gelber Sockel<\/strong>, und sein markantestes Merkmal ist <strong data-start=\"564\" data-end=\"593\">dicke, schwarze schr\u00e4ge Streifen<\/strong> ist auf der rechten Seite der Vorderseite platziert, kontrastiert mit dem hellen Hintergrund und verleiht dem Design einen aggressiven, modernen Ausdruck. Mittig auf der Vorderseite befindet sich der Sponsorenaufdruck <strong data-start=\"767\" data-end=\"777\">Evonik<\/strong>, Dabei wird die Symmetrie und Lesbarkeit der gesamten Komposition beibehalten. Der Entwurf spiegelt die dynamische \u00c4sthetik des <strong data-start=\"874\" data-end=\"882\">Pumas<\/strong>, unter Beibehaltung der Identit\u00e4t des Clubs <strong data-start=\"936\" data-end=\"957\">Borussia Dortmund<\/strong>.<\/p>\n<p data-start=\"960\" data-end=\"1473\">W <strong data-start=\"962\" data-end=\"981\">Saison 2014\/15<\/strong> <strong data-start=\"982\" data-end=\"1003\">Borussia Dortmund<\/strong> Die Mannschaft erlebte sportliche Extreme - nach einer sehr schlechten Herbstrunde verzeichnete das Team im Fr\u00fchjahr deutliche Fortschritte, beendete die Bundesliga auf einem Platz, der den Aufstieg in den europ\u00e4ischen Wettbewerb erm\u00f6glichte, und erreichte das Finale des deutschen Pokals. Zu den St\u00e4rken der Mannschaft geh\u00f6rten damals folgende. <strong data-start=\"1278\" data-end=\"1292\">Marco Reus<\/strong>, <strong data-start=\"1294\" data-end=\"1323\">Pierre-Emerick Aubameyang<\/strong>, <strong data-start=\"1325\" data-end=\"1347\">Henrikh Mkhitaryan<\/strong> und <strong data-start=\"1353\" data-end=\"1371\">Ilkay G\u00fcndogan<\/strong>, und die gesamte Saison ging als eine der emotionalsten Etappen in die moderne Geschichte des Vereins ein.<\/p>\n<p data-start=\"1475\" data-end=\"1748\">Das T-Shirt ist hergestellt aus <strong data-start=\"1503\" data-end=\"1540\">leichtes und luftiges Material<\/strong>, das einen hohen Nutzungskomfort gew\u00e4hrleistet. <strong data-start=\"1578\" data-end=\"1613\">Lockerer Schnitt in Gr\u00f6\u00dfe XXL<\/strong> entspricht den Standards <strong data-start=\"1635\" data-end=\"1643\">Pumas<\/strong> aus dieser Zeit und bietet eine entspannte Passform im Einklang mit den Entw\u00fcrfen des Herstellers aus der Mitte des vergangenen Jahrzehnts.<\/p>\n<p data-start=\"1750\" data-end=\"1984\" data-is-last-node=\"\" data-is-only-node=\"\">Dies ist ein Angebot f\u00fcr Sammler und Fans, die auf der Suche sind nach <strong data-start=\"1809\" data-end=\"1903\">das Original Borussia Dortmund Heimtrikot aus der Saison 2014\/15 von Puma<\/strong>, und dokumentiert damit eine turbulente, aber entscheidende Phase in der Geschichte des Vereins.<\/p>","protected":false},"featured_media":114486,"template":"","meta":{"_kad_blocks_custom_css":"","_kad_blocks_head_custom_js":"","_kad_blocks_body_custom_js":"","_kad_blocks_footer_custom_js":"","_kad_post_transparent":"default","_kad_post_title":"","_kad_post_layout":"default","_kad_post_sidebar_id":"","_kad_post_content_style":"default","_kad_post_vertical_padding":"default","_kad_post_feature":"","_kad_post_feature_position":"","_kad_post_header":false,"_kad_post_footer":false,"_kad_post_classname":""},"product_brand":[1287],"product_cat":[15,1438],"product_tag":[],"class_list":{"0":"post-114361","1":"product","2":"type-product","3":"status-publish","4":"has-post-thumbnail","6":"product_brand-puma","7":"product_cat-bez-kategorii","8":"product_cat-kluby-niemieckie-borussiadortmund","9":"pa_homeawaythird-home","10":"pa_rozmiar-xxl","12":"first","13":"instock","14":"taxable","15":"shipping-taxable","16":"purchasable","17":"product-type-simple","18":"entry","19":"content-bg","20":"loop-entry"},"taxonomy_info":{"product_brand":[{"value":1287,"label":"Puma"}],"product_cat":[{"value":15,"label":"Bez kategorii"},{"value":1438,"label":"Borussia Dortmund"}],"pa_homeawaythird":[{"value":1597,"label":"Home"}],"pa_rozmiar":[{"value":1819,"label":"XXL"}]},"featured_image_src_large":["https:\/\/footballthrift.shop\/wp-content\/uploads\/2026\/01\/Photoroom_022_20260108_130923-1024x1024.png",1024,1024,true],"author_info":[],"comment_info":"","_links":{"self":[{"href":"https:\/\/footballthrift.shop\/de\/wp-json\/wp\/v2\/product\/114361","targetHints":{"allow":["GET"]}}],"collection":[{"href":"https:\/\/footballthrift.shop\/de\/wp-json\/wp\/v2\/product"}],"about":[{"href":"https:\/\/footballthrift.shop\/de\/wp-json\/wp\/v2\/types\/product"}],"wp:featuredmedia":[{"embeddable":true,"href":"https:\/\/footballthrift.shop\/de\/wp-json\/wp\/v2\/media\/114486"}],"wp:attachment":[{"href":"https:\/\/footballthrift.shop\/de\/wp-json\/wp\/v2\/media?parent=114361"}],"wp:term":[{"taxonomy":"product_brand","embeddable":true,"href":"https:\/\/footballthrift.shop\/de\/wp-json\/wp\/v2\/product_brand?post=114361"},{"taxonomy":"product_cat","embeddable":true,"href":"https:\/\/footballthrift.shop\/de\/wp-json\/wp\/v2\/product_cat?post=114361"},{"taxonomy":"product_tag","embeddable":true,"href":"https:\/\/footballthrift.shop\/de\/wp-json\/wp\/v2\/product_tag?post=114361"}],"curies":[{"name":"wp","href":"https:\/\/api.w.org\/{rel}","templated":true}]}}