{"id":114359,"date":"2026-01-11T17:44:34","date_gmt":"2026-01-11T16:44:34","guid":{"rendered":"https:\/\/footballthrift.shop\/?post_type=product&#038;p=114359"},"modified":"2026-03-09T11:24:37","modified_gmt":"2026-03-09T10:24:37","slug":"koszulka-bramkarska-borussia-dortmund-2016-17-s","status":"publish","type":"product","link":"https:\/\/footballthrift.shop\/de\/koszulka-bramkarska-borussia-dortmund-2016-17-s\/","title":{"rendered":"Koszulka bramkarska Borussia Dortmund 2016\/17 [S]"},"content":{"rendered":"<p><strong>Verein:<\/strong> Borussia Dortmund<\/p>\n<p><strong>Saison:<\/strong> 2016\/17<\/p>\n<p><strong>Gr\u00f6\u00dfe: <\/strong>S<\/p>\n<p><strong>Zustand:<\/strong> Ausgezeichnet<\/p>\n<p><strong>Ma\u00dfe (Achselbreite\/L\u00e4nge) in cm: <\/strong>49\/68<\/p>","protected":false},"excerpt":{"rendered":"<p data-start=\"0\" data-end=\"115\"><strong data-start=\"0\" data-end=\"115\">Original Torwart-Fu\u00dfballtrikot <span class=\"hover:entity-accent entity-underline inline cursor-pointer align-baseline\"><span class=\"whitespace-normal\">Borussia Dortmund<\/span><\/span> aus der Saison 2016\/17, hergestellt von Puma.\u00a0<\/strong><\/p>\n<p data-start=\"117\" data-end=\"494\">Modell Torwart <strong data-start=\"134\" data-end=\"155\">Borussia Dortmund<\/strong> z <strong data-start=\"158\" data-end=\"176\">Saison 2016\/17<\/strong>hergestellt von <strong data-start=\"198\" data-end=\"206\">Puma<\/strong> in der Gr\u00f6\u00dfe <strong data-start=\"219\" data-end=\"224\">S<\/strong>, Nach einer Phase erfolgreicher, wenn auch schwieriger Spiele unter Thomas Tuchel. Die Mannschaft beendete die Saison auf <strong data-start=\"344\" data-end=\"372\">Platz 3 in der Bundesliga<\/strong>, erreicht f\u00fcr <strong data-start=\"385\" data-end=\"403\">Deutscher Pokal<\/strong> und nahm an der Champions League teil, was seine Zugeh\u00f6rigkeit zur nationalen Spitzenklasse best\u00e4tigte.<\/p>\n<p data-start=\"496\" data-end=\"979\">Das T-Shirt wurde hergestellt in <strong data-start=\"529\" data-end=\"554\">rote Farbgebung<\/strong> und kommt in <strong data-start=\"576\" data-end=\"596\">mit langen \u00c4rmeln<\/strong>, Der \u00c4rmel hat das charakteristische Aussehen einer Torwartausr\u00fcstung. Entlang der gesamten L\u00e4nge des \u00c4rmels l\u00e4uft <strong data-start=\"682\" data-end=\"696\">schwarzer G\u00fcrtel<\/strong>, die im unteren Teil gebrochen ist <strong data-start=\"739\" data-end=\"790\">Paneele in Marineblau, Gelb und Rosa<\/strong>, Das Design hat einen dynamischen, modernen Look. Die Vorderseite enth\u00e4lt einen Sponsorenaufdruck <strong data-start=\"888\" data-end=\"898\">Evonik<\/strong>, Beibehaltung der f\u00fcr Kost\u00fcme typischen klaren und zentralen Anordnung <strong data-start=\"957\" data-end=\"978\">Borussia Dortmund<\/strong>.<\/p>\n<p data-start=\"981\" data-end=\"1396\">W <strong data-start=\"983\" data-end=\"1002\">Saison 2016\/17<\/strong> Gates <strong data-start=\"1010\" data-end=\"1031\">Borussia Dortmund<\/strong> prim\u00e4r bewacht <strong data-start=\"1058\" data-end=\"1073\">Roman B\u00fcrki<\/strong> und <strong data-start=\"1079\" data-end=\"1094\">Marwin Hitz<\/strong>, die sich um einen Platz in der Startaufstellung stritten. B\u00fcrki war in der Liga und in den europ\u00e4ischen Spielen erste Wahl, w\u00e4hrend Hitz vor allem in den Pokalspielen als solider Ersatzspieler fungierte, und der Torj\u00e4ger war in dieser Saison eines der wichtigsten Elemente f\u00fcr die Stabilit\u00e4t der Mannschaft.<\/p>\n<p data-start=\"1398\" data-end=\"1654\">Das T-Shirt ist hergestellt aus <strong data-start=\"1426\" data-end=\"1463\">leichtes und luftiges Material<\/strong>, das einen hohen Nutzungskomfort gew\u00e4hrleistet. <strong data-start=\"1501\" data-end=\"1523\">Schnitt in Gr\u00f6\u00dfe S<\/strong> entspricht den Standards <strong data-start=\"1545\" data-end=\"1553\">Pumas<\/strong> z <strong data-start=\"1556\" data-end=\"1574\">Saison 2016\/17<\/strong>, und bietet eine klassische Passform, wie sie f\u00fcr Torwarttrikots der damaligen Zeit typisch war.<\/p>\n<p data-start=\"1656\" data-end=\"1941\" data-is-last-node=\"\" data-is-only-node=\"\">Dies ist f\u00fcr Sammler und Fans, die ein originales Torwarttrikot suchen <strong data-start=\"1761\" data-end=\"1782\">Borussia Dortmund<\/strong> aus der Saison <strong data-start=\"1792\" data-end=\"1803\">2016\/17<\/strong>, Das ist die klare Bilanz einer Saison, die mit dem Gewinn des deutschen Pokals und der Teilnahme an Wettbewerben auf h\u00f6chster nationaler und europ\u00e4ischer Ebene endete.<\/p>","protected":false},"featured_media":114466,"template":"","meta":{"_kad_blocks_custom_css":"","_kad_blocks_head_custom_js":"","_kad_blocks_body_custom_js":"","_kad_blocks_footer_custom_js":"","_kad_post_transparent":"default","_kad_post_title":"","_kad_post_layout":"default","_kad_post_sidebar_id":"","_kad_post_content_style":"default","_kad_post_vertical_padding":"default","_kad_post_feature":"","_kad_post_feature_position":"","_kad_post_header":false,"_kad_post_footer":false,"_kad_post_classname":""},"product_brand":[1287],"product_cat":[15,1438],"product_tag":[],"class_list":{"0":"post-114359","1":"product","2":"type-product","3":"status-publish","4":"has-post-thumbnail","6":"product_brand-puma","7":"product_cat-bez-kategorii","8":"product_cat-kluby-niemieckie-borussiadortmund","9":"pa_rozmiar-s","11":"first","12":"instock","13":"taxable","14":"shipping-taxable","15":"purchasable","16":"product-type-simple","17":"entry","18":"content-bg","19":"loop-entry"},"taxonomy_info":{"product_brand":[{"value":1287,"label":"Puma"}],"product_cat":[{"value":15,"label":"Bez kategorii"},{"value":1438,"label":"Borussia Dortmund"}],"pa_rozmiar":[{"value":1815,"label":"S"}]},"featured_image_src_large":["https:\/\/footballthrift.shop\/wp-content\/uploads\/2026\/01\/Photoroom_012_20260108_130923-1024x1024.png",1024,1024,true],"author_info":[],"comment_info":"","_links":{"self":[{"href":"https:\/\/footballthrift.shop\/de\/wp-json\/wp\/v2\/product\/114359","targetHints":{"allow":["GET"]}}],"collection":[{"href":"https:\/\/footballthrift.shop\/de\/wp-json\/wp\/v2\/product"}],"about":[{"href":"https:\/\/footballthrift.shop\/de\/wp-json\/wp\/v2\/types\/product"}],"wp:featuredmedia":[{"embeddable":true,"href":"https:\/\/footballthrift.shop\/de\/wp-json\/wp\/v2\/media\/114466"}],"wp:attachment":[{"href":"https:\/\/footballthrift.shop\/de\/wp-json\/wp\/v2\/media?parent=114359"}],"wp:term":[{"taxonomy":"product_brand","embeddable":true,"href":"https:\/\/footballthrift.shop\/de\/wp-json\/wp\/v2\/product_brand?post=114359"},{"taxonomy":"product_cat","embeddable":true,"href":"https:\/\/footballthrift.shop\/de\/wp-json\/wp\/v2\/product_cat?post=114359"},{"taxonomy":"product_tag","embeddable":true,"href":"https:\/\/footballthrift.shop\/de\/wp-json\/wp\/v2\/product_tag?post=114359"}],"curies":[{"name":"wp","href":"https:\/\/api.w.org\/{rel}","templated":true}]}}