{"id":114105,"date":"2026-01-04T17:49:01","date_gmt":"2026-01-04T16:49:01","guid":{"rendered":"https:\/\/footballthrift.shop\/?post_type=product&#038;p=114105"},"modified":"2026-03-09T11:25:23","modified_gmt":"2026-03-09T10:25:23","slug":"fusballtrikot-swansea-city-afc-2016-17-nach-hause-xxl","status":"publish","type":"product","link":"https:\/\/footballthrift.shop\/de\/koszulka-pilkarska-swansea-city-afc-2016-17-home-xxl\/","title":{"rendered":"Koszulka pi\u0142karska Swansea City AFC 2016\/17 Home [XXL]"},"content":{"rendered":"<p><strong>Verein:<\/strong> Swansea City AFC<\/p>\n<p><strong>Saison:<\/strong> 2016\/17 Startseite<\/p>\n<p><strong>Gr\u00f6\u00dfe: <\/strong>XXL<\/p>\n<p><strong>Zustand:<\/strong> Gut - zwei Mikroeinrisse auf der R\u00fcckseite und eine leichte Verschmutzung auf der Vorderseite.<\/p>\n<p><strong>Ma\u00dfe (Achselbreite\/L\u00e4nge) in cm: <\/strong>58\/73<\/p>","protected":false},"excerpt":{"rendered":"<p data-start=\"0\" data-end=\"144\"><strong data-start=\"0\" data-end=\"144\">Original Heim-Fu\u00dfballtrikot <span class=\"hover:entity-accent entity-underline inline cursor-pointer align-baseline\"><span class=\"whitespace-normal\">Swansea City AFC<\/span><\/span> aus der Saison 2016\/17 Produktion <span class=\"hover:entity-accent entity-underline inline cursor-pointer align-baseline\"><span class=\"whitespace-normal\">Jomy.\u00a0<\/span><\/span><\/strong><\/p>\n<p data-start=\"146\" data-end=\"532\">Heimmodell <strong data-start=\"159\" data-end=\"179\">Swansea City AFC<\/strong> z <strong data-start=\"182\" data-end=\"200\">Saison 2016\/17<\/strong>, entworfen von <strong data-start=\"223\" data-end=\"231\">Joma<\/strong> in der Gr\u00f6\u00dfe <strong data-start=\"244\" data-end=\"251\">XXL<\/strong>, entstand in einer der anspruchsvollsten Phasen in der Geschichte der Vereinsauftritte in <strong>Erste Liga<\/strong>. Es war eine Saison voller Ver\u00e4nderungen und Kampf ums \u00dcberleben, in der die Mannschaft auf schwankende Form und den Druck der Tabelle reagieren musste und sich schlie\u00dflich am Ende der Saison den Klassenerhalt sicherte.<\/p>\n<p data-start=\"534\" data-end=\"1065\">Das T-Shirt wurde hergestellt in <strong data-start=\"567\" data-end=\"600\">vollst\u00e4ndig in Wei\u00df gehalten<\/strong>, seit Jahren mit Auftritten zu Hause verbunden <strong data-start=\"641\" data-end=\"661\">Swansea City AFC<\/strong>. Der klassische Charakter des Entwurfs wird unterstrichen durch <strong data-start=\"702\" data-end=\"735\">gekn\u00f6pfter Kragen<\/strong>, was dem Ganzen ein elegantes, aufger\u00e4umtes Aussehen verleiht. In der Mitte der Vorderseite befindet sich der Aufdruck des Sponsors. <strong data-start=\"843\" data-end=\"854\">BetEast<\/strong>, wobei die Komposition klar und symmetrisch bleibt. Auf <strong data-start=\"914\" data-end=\"927\">\u00c4rmel<\/strong> befinden sich <strong data-start=\"941\" data-end=\"973\">Premier League-Patches<\/strong>, das das Trikot eindeutig als Liga-Variante der h\u00f6chsten Spielklasse identifiziert.<\/p>\n<p data-start=\"1067\" data-end=\"1543\">W <strong data-start=\"1069\" data-end=\"1088\">Saison 2016\/17<\/strong> <strong data-start=\"1089\" data-end=\"1109\">Swansea City AFC<\/strong> lange Zeit am Tabellenende stand, erwies sich der Trainerwechsel und die Verbesserung der Ergebnisse in der Fr\u00fchjahrsrunde als entscheidender Moment. Die Mannschaft, die sich unter anderem auf die Erfahrung von Spielern wie <strong data-start=\"1314\" data-end=\"1334\">Gylfi Sigur\u00f0sson<\/strong>, <strong data-start=\"1336\" data-end=\"1357\">Fernando Llorente<\/strong>, <strong data-start=\"1359\" data-end=\"1372\">Jack Cork<\/strong> oder <strong data-start=\"1377\" data-end=\"1397\">Lukasz Fabia\u0144ski<\/strong>, schaffte es, eine Reihe von Punkten zu erzielen, die den Verbleib in der Liga sicherten.<strong> Erste Liga<\/strong> und beendete damit eine der nervenaufreibendsten Spielzeiten in der Geschichte des Vereins.<\/p>\n<p data-start=\"1545\" data-end=\"1820\">Das T-Shirt ist hergestellt aus <strong data-start=\"1573\" data-end=\"1610\">leichtes und luftiges Material<\/strong>, geeignet f\u00fcr den t\u00e4glichen Gebrauch. <strong data-start=\"1654\" data-end=\"1678\">Schnitt in Gr\u00f6\u00dfe XXL<\/strong> entspricht den Standards <strong data-start=\"1700\" data-end=\"1708\">Jomy<\/strong> z <strong data-start=\"1711\" data-end=\"1729\">Saison 2016\/17<\/strong>, und bieten eine klassische, lockere Passform, die den Entw\u00fcrfen des Herstellers aus dieser Zeit entspricht.<\/p>\n<p data-start=\"1822\" data-end=\"2137\" data-is-last-node=\"\" data-is-only-node=\"\">Dies ist ein Angebot f\u00fcr Sammler und Fans, die auf der Suche sind nach <strong data-start=\"1881\" data-end=\"1959\">Original-Heimtrikot des Swansea City AFC aus der Saison 2016\/17<\/strong>, herausragend <strong data-start=\"1979\" data-end=\"2006\">Premier League-Patches<\/strong>, die eine schwierige, aber erfolgreiche Saison im Kampf um den Verbleib in der englischen Elite dokumentiert.<\/p>","protected":false},"featured_media":114251,"template":"","meta":{"_kad_blocks_custom_css":"","_kad_blocks_head_custom_js":"","_kad_blocks_body_custom_js":"","_kad_blocks_footer_custom_js":"","_kad_post_transparent":"default","_kad_post_title":"","_kad_post_layout":"default","_kad_post_sidebar_id":"","_kad_post_content_style":"default","_kad_post_vertical_padding":"default","_kad_post_feature":"","_kad_post_feature_position":"","_kad_post_header":false,"_kad_post_footer":false,"_kad_post_classname":""},"product_brand":[1304],"product_cat":[15,1485],"product_tag":[],"class_list":{"0":"post-114105","1":"product","2":"type-product","3":"status-publish","4":"has-post-thumbnail","6":"product_brand-joma","7":"product_cat-bez-kategorii","8":"product_cat-pozostale-kluby-angielskie","9":"pa_homeawaythird-home","10":"pa_rozmiar-xxl","12":"first","13":"instock","14":"taxable","15":"shipping-taxable","16":"purchasable","17":"product-type-simple","18":"entry","19":"content-bg","20":"loop-entry"},"taxonomy_info":{"product_brand":[{"value":1304,"label":"Joma"}],"product_cat":[{"value":15,"label":"Bez kategorii"},{"value":1485,"label":"Pozosta\u0142e kluby angielskie"}],"pa_homeawaythird":[{"value":1597,"label":"Home"}],"pa_rozmiar":[{"value":1819,"label":"XXL"}]},"featured_image_src_large":["https:\/\/footballthrift.shop\/wp-content\/uploads\/2026\/01\/Photoroom_002_20260103_153326-1024x1024.png",1024,1024,true],"author_info":[],"comment_info":"","_links":{"self":[{"href":"https:\/\/footballthrift.shop\/de\/wp-json\/wp\/v2\/product\/114105","targetHints":{"allow":["GET"]}}],"collection":[{"href":"https:\/\/footballthrift.shop\/de\/wp-json\/wp\/v2\/product"}],"about":[{"href":"https:\/\/footballthrift.shop\/de\/wp-json\/wp\/v2\/types\/product"}],"wp:featuredmedia":[{"embeddable":true,"href":"https:\/\/footballthrift.shop\/de\/wp-json\/wp\/v2\/media\/114251"}],"wp:attachment":[{"href":"https:\/\/footballthrift.shop\/de\/wp-json\/wp\/v2\/media?parent=114105"}],"wp:term":[{"taxonomy":"product_brand","embeddable":true,"href":"https:\/\/footballthrift.shop\/de\/wp-json\/wp\/v2\/product_brand?post=114105"},{"taxonomy":"product_cat","embeddable":true,"href":"https:\/\/footballthrift.shop\/de\/wp-json\/wp\/v2\/product_cat?post=114105"},{"taxonomy":"product_tag","embeddable":true,"href":"https:\/\/footballthrift.shop\/de\/wp-json\/wp\/v2\/product_tag?post=114105"}],"curies":[{"name":"wp","href":"https:\/\/api.w.org\/{rel}","templated":true}]}}