{"id":114101,"date":"2026-01-04T17:49:03","date_gmt":"2026-01-04T16:49:03","guid":{"rendered":"https:\/\/footballthrift.shop\/?post_type=product&#038;p=114101"},"modified":"2026-03-09T11:25:22","modified_gmt":"2026-03-09T10:25:22","slug":"koszulka-pilkarska-norwegia-1994-96-home-m","status":"publish","type":"product","link":"https:\/\/footballthrift.shop\/de\/koszulka-pilkarska-norwegia-1994-96-home-m\/","title":{"rendered":"Koszulka pi\u0142karska Norwegia 1994\/96 Home [M]"},"content":{"rendered":"<p><strong>Verein:<\/strong> Norwegen<\/p>\n<p><strong>Saison:<\/strong> 1994\/96 Heim<\/p>\n<p><strong>Gr\u00f6\u00dfe: <\/strong>M<\/p>\n<p><strong>Zustand:<\/strong> Sehr gut - ein kleiner Riss auf der Vorderseite.<\/p>\n<p><strong>Ma\u00dfe (Achselbreite\/L\u00e4nge) in cm: <\/strong>54\/71<\/p>","protected":false},"excerpt":{"rendered":"<article class=\"text-token-text-primary w-full focus:outline-none [--shadow-height:45px] has-data-writing-block:pointer-events-none has-data-writing-block:-mt-(--shadow-height) has-data-writing-block:pt-(--shadow-height) [&amp;:has([data-writing-block])&gt;*]:pointer-events-auto scroll-mt-[calc(var(--header-height)+min(200px,max(70px,20svh)))]\" dir=\"auto\" tabindex=\"-1\" data-turn-id=\"request-WEB:3bbff211-427a-4e6b-b2f8-c57579f9b3f9-20\" data-testid=\"conversation-turn-12\" data-scroll-anchor=\"false\" data-turn=\"assistant\">\n<div class=\"text-base my-auto mx-auto [--thread-content-margin:--spacing(4)] @w-sm\/main:[--thread-content-margin:--spacing(6)] @w-lg\/main:[--thread-content-margin:--spacing(16)] px-(--thread-content-margin)\">\n<div class=\"[--thread-content-max-width:40rem] @w-lg\/main:[--thread-content-max-width:48rem] mx-auto max-w-(--thread-content-max-width) flex-1 group\/turn-messages focus-visible:outline-hidden relative flex w-full min-w-0 flex-col agent-turn\" tabindex=\"-1\">\n<div class=\"flex max-w-full flex-col grow\">\n<div class=\"min-h-8 text-message relative flex w-full flex-col items-end gap-2 text-start break-words whitespace-normal [.text-message+&amp;]:mt-1\" dir=\"auto\" data-message-author-role=\"assistant\" data-message-id=\"aa632cbb-61d8-4399-91ca-0f1a2c958c46\" data-message-model-slug=\"gpt-5-2\">\n<div class=\"flex w-full flex-col gap-1 empty:hidden first:pt-[1px]\">\n<div class=\"markdown prose dark:prose-invert w-full break-words light markdown-new-styling\">\n<p data-start=\"0\" data-end=\"141\"><strong data-start=\"0\" data-end=\"141\">Oryginalna domowa koszulka pi\u0142karska <span class=\"hover:entity-accent entity-underline inline cursor-pointer align-baseline\"><span class=\"whitespace-normal\">Reprezentacji Norwegii<\/span><\/span>\u00a0z lat 1994\/96 produkcji <span class=\"hover:entity-accent entity-underline inline cursor-pointer align-baseline\"><span class=\"whitespace-normal\">Umbro<\/span><\/span>.\u00a0<\/strong><\/p>\n<p data-start=\"143\" data-end=\"573\">Domowy model <strong data-start=\"156\" data-end=\"182\">reprezentacji Norwegii<\/strong> z lat <strong data-start=\"189\" data-end=\"200\">1994\/96<\/strong>, zaprojektowany przez <strong data-start=\"223\" data-end=\"232\">Umbro<\/strong> w rozmiarze <strong data-start=\"245\" data-end=\"250\">M<\/strong>, powsta\u0142 w jednym z najbardziej udanych okres\u00f3w w historii norweskiego futbolu. By\u0142 to czas regularnej obecno\u015bci na arenie mi\u0119dzynarodowej i awansu na <strong data-start=\"402\" data-end=\"418\">Mundial 1994<\/strong>, kt\u00f3ry potwierdzi\u0142 rosn\u0105c\u0105 pozycj\u0119 Norwegii w europejskiej pi\u0142ce reprezentacyjnej. Koszulka stanowi dzi\u015b czytelny symbol tej z\u0142otej ery dru\u017cyny narodowej.<\/p>\n<p data-start=\"575\" data-end=\"1163\">Koszulka zosta\u0142a wyprodukowana na intensywnej <strong data-start=\"621\" data-end=\"640\">czerwonej bazie<\/strong>, charakterystycznej dla domowych barw <strong data-start=\"679\" data-end=\"691\">Norwegii<\/strong>, i uzupe\u0142niona <strong data-start=\"707\" data-end=\"741\">bia\u0142ym ko\u0142nierzykiem typu polo<\/strong>, nadaj\u0105cym ca\u0142o\u015bci klasycznego, eleganckiego wygl\u0105du. Na froncie zastosowano wyrazisty <strong data-start=\"829\" data-end=\"854\">motyw ciemnego krzy\u017ca<\/strong>, kt\u00f3ry przecina kompozycj\u0119 koszulki i stanowi bezpo\u015brednie nawi\u0105zanie do narodowej symboliki. W jego obr\u0119bie umieszczono <strong data-start=\"976\" data-end=\"1011\">logo federacji na prawej piersi<\/strong> oraz <strong data-start=\"1017\" data-end=\"1041\">flag\u0119 kraju na lewej<\/strong>, tworz\u0105c asymetryczny, a zarazem bardzo charakterystyczny uk\u0142ad wizualny, typowy dla projekt\u00f3w <strong data-start=\"1137\" data-end=\"1146\">Umbro<\/strong> z po\u0142owy lat 90.<\/p>\n<p data-start=\"1165\" data-end=\"1734\">W tym okresie <strong data-start=\"1179\" data-end=\"1205\">reprezentacja Norwegii<\/strong> prze\u017cywa\u0142a jeden z najlepszych moment\u00f3w w swojej historii, czego kulminacj\u0105 by\u0142 wyst\u0119p na <strong data-start=\"1296\" data-end=\"1331\">Mistrzostwach \u015awiata 1994 w USA<\/strong>. Zesp\u00f3\u0142 rywalizowa\u0142 w niezwykle wyr\u00f3wnanej grupie, w kt\u00f3rej wszystkie dru\u017cyny zako\u0144czy\u0142y z identycznym dorobkiem punktowym, a Norwegowie odpadli minimalnie, mimo zwyci\u0119stwa nad Meksykiem. Trzon dru\u017cyny stanowili w\u00f3wczas tacy zawodnicy jak <strong data-start=\"1571\" data-end=\"1589\">Tore Andr\u00e9 Flo<\/strong>, <strong data-start=\"1591\" data-end=\"1613\">\u00d8yvind Leonhardsen<\/strong>, <strong data-start=\"1615\" data-end=\"1631\">Henning Berg<\/strong> czy <strong data-start=\"1636\" data-end=\"1655\">Erik Thorstvedt<\/strong>, a zesp\u00f3\u0142 zyska\u0142 opini\u0119 solidnego i trudnego rywala na arenie mi\u0119dzynarodowej.<\/p>\n<p data-start=\"1736\" data-end=\"2037\">Koszulka zosta\u0142a wykonana z <strong data-start=\"1764\" data-end=\"1801\">lekkiego i przewiewnego materia\u0142u<\/strong>, charakterystycznego dla projekt\u00f3w <strong data-start=\"1837\" data-end=\"1846\">Umbro<\/strong> z tamtego okresu. Kr\u00f3j w rozmiarze <strong data-start=\"1882\" data-end=\"1887\">M<\/strong> odpowiada standardom producenta z po\u0142owy lat 90., oferuj\u0105c klasyczne dopasowanie zgodne z \u00f3wczesnymi trendami w pi\u0142karskiej odzie\u017cy z tamtych lat.<\/p>\n<p data-start=\"2039\" data-end=\"2347\" data-is-last-node=\"\" data-is-only-node=\"\">To propozycja dla kolekcjoner\u00f3w oraz kibic\u00f3w poszukuj\u0105cych <strong data-start=\"2098\" data-end=\"2179\">oryginalnej domowej koszulki pi\u0142karskiej reprezentacji Norwegii z lat 1994\/96<\/strong>, nierozerwalnie zwi\u0105zanej z <strong data-start=\"2208\" data-end=\"2226\">Mundialem 1994<\/strong>, jednym z najwa\u017cniejszych moment\u00f3w w historii dru\u017cyny narodowej oraz charakterystycznym, ponadczasowym stylem <strong data-start=\"2337\" data-end=\"2346\">Umbro<\/strong>.<\/p>\n<\/div>\n<\/div>\n<\/div>\n<\/div>\n<\/div>\n<\/div>\n<\/article>\n","protected":false},"featured_media":114209,"template":"","meta":{"_kad_blocks_custom_css":"","_kad_blocks_head_custom_js":"","_kad_blocks_body_custom_js":"","_kad_blocks_footer_custom_js":"","_kad_post_transparent":"default","_kad_post_title":"","_kad_post_layout":"default","_kad_post_sidebar_id":"","_kad_post_content_style":"default","_kad_post_vertical_padding":"default","_kad_post_feature":"","_kad_post_feature_position":"","_kad_post_header":false,"_kad_post_footer":false,"_kad_post_classname":""},"product_brand":[1285],"product_cat":[15,1489],"product_tag":[],"class_list":{"0":"post-114101","1":"product","2":"type-product","3":"status-publish","4":"has-post-thumbnail","6":"product_brand-umbro","7":"product_cat-bez-kategorii","8":"product_cat-pozostale-reprezentacje-europa","9":"pa_homeawaythird-home","10":"pa_rozmiar-m","12":"first","13":"instock","14":"taxable","15":"shipping-taxable","16":"purchasable","17":"product-type-simple","18":"entry","19":"content-bg","20":"loop-entry"},"taxonomy_info":{"product_brand":[{"value":1285,"label":"Umbro"}],"product_cat":[{"value":15,"label":"Bez kategorii"},{"value":1489,"label":"Pozosta\u0142e"}],"pa_homeawaythird":[{"value":1597,"label":"Home"}],"pa_rozmiar":[{"value":1816,"label":"M"}]},"featured_image_src_large":["https:\/\/footballthrift.shop\/wp-content\/uploads\/2026\/01\/Photoroom_035_20260103_153326-1024x1024.png",1024,1024,true],"author_info":[],"comment_info":"","_links":{"self":[{"href":"https:\/\/footballthrift.shop\/de\/wp-json\/wp\/v2\/product\/114101","targetHints":{"allow":["GET"]}}],"collection":[{"href":"https:\/\/footballthrift.shop\/de\/wp-json\/wp\/v2\/product"}],"about":[{"href":"https:\/\/footballthrift.shop\/de\/wp-json\/wp\/v2\/types\/product"}],"wp:featuredmedia":[{"embeddable":true,"href":"https:\/\/footballthrift.shop\/de\/wp-json\/wp\/v2\/media\/114209"}],"wp:attachment":[{"href":"https:\/\/footballthrift.shop\/de\/wp-json\/wp\/v2\/media?parent=114101"}],"wp:term":[{"taxonomy":"product_brand","embeddable":true,"href":"https:\/\/footballthrift.shop\/de\/wp-json\/wp\/v2\/product_brand?post=114101"},{"taxonomy":"product_cat","embeddable":true,"href":"https:\/\/footballthrift.shop\/de\/wp-json\/wp\/v2\/product_cat?post=114101"},{"taxonomy":"product_tag","embeddable":true,"href":"https:\/\/footballthrift.shop\/de\/wp-json\/wp\/v2\/product_tag?post=114101"}],"curies":[{"name":"wp","href":"https:\/\/api.w.org\/{rel}","templated":true}]}}