{"id":114099,"date":"2026-01-04T17:49:05","date_gmt":"2026-01-04T16:49:05","guid":{"rendered":"https:\/\/footballthrift.shop\/?post_type=product&#038;p=114099"},"modified":"2026-03-09T11:25:21","modified_gmt":"2026-03-09T10:25:21","slug":"newcastle-united-fc-2016-17-heim-xl-fusballtrikot","status":"publish","type":"product","link":"https:\/\/footballthrift.shop\/de\/koszulka-pilkarska-newcastle-united-fc-2016-17-home-xl\/","title":{"rendered":"Koszulka pi\u0142karska Newcastle United FC 2016\/17 Home [XL]"},"content":{"rendered":"<p><strong>Verein:<\/strong> Newcastle United FC<\/p>\n<p><strong>Saison:<\/strong> 2016\/17 Startseite<\/p>\n<p><strong>Gr\u00f6\u00dfe: <\/strong>XL<\/p>\n<p><strong>Zustand:<\/strong> Gut \u2013 leicht besch\u00e4digter Sponsorenaufdruck und DryCell-Aufkleber auf der Vorderseite.<\/p>\n<p><strong>Ma\u00dfe (Achselbreite\/L\u00e4nge) in cm: <\/strong>58\/74 (vorne), 80 (hinten)<\/p>","protected":false},"excerpt":{"rendered":"<p data-start=\"0\" data-end=\"111\"><strong data-start=\"0\" data-end=\"111\">Original Heim-Fu\u00dfballtrikot <span class=\"hover:entity-accent entity-underline inline cursor-pointer align-baseline\"><span class=\"whitespace-normal\">Newcastle United FC<\/span><\/span> aus der Saison 2016\/17, hergestellt von Puma.\u00a0<\/strong><\/p>\n<p data-start=\"113\" data-end=\"469\">Das Projekt, das von <strong data-start=\"140\" data-end=\"148\">Puma<\/strong> f\u00fcr die Spiele <strong data-start=\"162\" data-end=\"180\">Saison 2016\/17<\/strong> f\u00fcr <strong data-start=\"185\" data-end=\"208\">Newcastle United FC<\/strong>, in Gr\u00f6\u00dfe <strong data-start=\"222\" data-end=\"228\">XL<\/strong>, kn\u00fcpft an die klassischsten visuellen Muster des Clubs aus Nordengland an. Das Trikot ist in der traditionellen \u00c4sthetik gehalten, die seit Jahrzehnten die Identit\u00e4t der \u201eMagpies\u201d pr\u00e4gt und mit ihren bekanntesten Ligaspielen in Verbindung gebracht wird.<\/p>\n<p data-start=\"471\" data-end=\"982\">Das Modell wurde in charakteristischer <strong data-start=\"519\" data-end=\"544\">wei\u00df-schwarz gestreift<\/strong>, mit deutlichen <strong data-start=\"558\" data-end=\"578\">vertikale Streifen<\/strong> auf der gesamten Fl\u00e4che der Vorder- und R\u00fcckseite. Es wurde verwendet <strong data-start=\"629\" data-end=\"653\">Polokragen<\/strong>, der den klassischen, fast retroartigen Charakter des T-Shirts unterstreicht, und das Ganze wird erg\u00e4nzt durch <strong data-start=\"736\" data-end=\"780\">goldene Verzierungen an \u00c4rmeln und Kragen<\/strong>, die dem Projekt Eleganz verleihen. In der Mitte der Vorderseite wurde Platz f\u00fcr den Aufdruck des Sponsors gelassen. <strong data-start=\"875\" data-end=\"884\">Wonga<\/strong>, wobei die f\u00fcr Haushemden typische Symmetrie und Klarheit der Komposition beibehalten wird. <strong data-start=\"958\" data-end=\"981\">Newcastle United FC<\/strong>.<\/p>\n<p data-start=\"984\" data-end=\"1503\">Saison <strong data-start=\"990\" data-end=\"1001\">2016\/17<\/strong> war f\u00fcr <strong data-start=\"1010\" data-end=\"1033\">Newcastle United FC<\/strong> die Phase des Wiederaufbaus nach dem Abstieg aus der Premier League und endete mit der sofortigen R\u00fcckkehr in die Elite. Die von Rafael Ben\u00edtez trainierte Mannschaft dominierte die Championship und st\u00fctzte ihr Spiel auf eine solide Organisation und die Erfahrung ihrer Schl\u00fcsselspieler. In dieser Saison spielten unter anderem folgende Spieler f\u00fcr den Verein:. <strong data-start=\"1332\" data-end=\"1349\">Jonjo Shelvey<\/strong>, <strong data-start=\"1351\" data-end=\"1367\">Matt Ritchie<\/strong>, <strong data-start=\"1369\" data-end=\"1385\">Dwight Gayle<\/strong>, <strong data-start=\"1387\" data-end=\"1402\">Ayoze P\u00e9rez<\/strong> ob der Kapit\u00e4n der Mannschaft <strong data-start=\"1423\" data-end=\"1443\">Jamaal Lascelles<\/strong>, die eine wichtige Rolle beim erfolgreichen Aufstieg gespielt haben.<\/p>\n<p data-start=\"1505\" data-end=\"1771\">Das T-Shirt ist hergestellt aus <strong data-start=\"1533\" data-end=\"1570\">leichtes und luftiges Material<\/strong>, das Komfort beim t\u00e4glichen Tragen gew\u00e4hrleistet. Schnitt in Gr\u00f6\u00dfe <strong data-start=\"1647\" data-end=\"1653\">XL<\/strong> entspricht den Standards <strong data-start=\"1675\" data-end=\"1683\">Pumas<\/strong> aus dieser Zeit und bieten eine freie Anpassung an die damaligen Entw\u00fcrfe des Herstellers.<\/p>\n<p data-start=\"1773\" data-end=\"2063\" data-is-last-node=\"\" data-is-only-node=\"\">Dies ist ein Angebot f\u00fcr Sammler und Fans, die auf der Suche sind nach <strong data-start=\"1832\" data-end=\"1913\">Original-Heimtrikot des Newcastle United FC aus der Saison 2016\/17<\/strong>, symbolisch f\u00fcr <strong data-start=\"1932\" data-end=\"1968\">Saison der R\u00fcckkehr in die Premier League<\/strong>, klassischer Stil <strong data-start=\"1988\" data-end=\"1996\">Pumas<\/strong> und einer der wichtigsten Momente in der modernen Geschichte des Vereins.<\/p>","protected":false},"featured_media":114188,"template":"","meta":{"_kad_blocks_custom_css":"","_kad_blocks_head_custom_js":"","_kad_blocks_body_custom_js":"","_kad_blocks_footer_custom_js":"","_kad_post_transparent":"default","_kad_post_title":"","_kad_post_layout":"default","_kad_post_sidebar_id":"","_kad_post_content_style":"default","_kad_post_vertical_padding":"default","_kad_post_feature":"","_kad_post_feature_position":"","_kad_post_header":false,"_kad_post_footer":false,"_kad_post_classname":""},"product_brand":[1287],"product_cat":[15,2031],"product_tag":[],"class_list":{"0":"post-114099","1":"product","2":"type-product","3":"status-publish","4":"has-post-thumbnail","6":"product_brand-puma","7":"product_cat-bez-kategorii","8":"product_cat-newcastle-united-fc","9":"pa_homeawaythird-home","10":"pa_rozmiar-xl","12":"first","13":"instock","14":"taxable","15":"shipping-taxable","16":"purchasable","17":"product-type-simple","18":"entry","19":"content-bg","20":"loop-entry"},"taxonomy_info":{"product_brand":[{"value":1287,"label":"Puma"}],"product_cat":[{"value":15,"label":"Bez kategorii"},{"value":2031,"label":"Newcastle United FC"}],"pa_homeawaythird":[{"value":1597,"label":"Home"}],"pa_rozmiar":[{"value":1818,"label":"XL"}]},"featured_image_src_large":["https:\/\/footballthrift.shop\/wp-content\/uploads\/2026\/01\/Photoroom_030_20260103_153326-1024x1024.png",1024,1024,true],"author_info":[],"comment_info":"","_links":{"self":[{"href":"https:\/\/footballthrift.shop\/de\/wp-json\/wp\/v2\/product\/114099","targetHints":{"allow":["GET"]}}],"collection":[{"href":"https:\/\/footballthrift.shop\/de\/wp-json\/wp\/v2\/product"}],"about":[{"href":"https:\/\/footballthrift.shop\/de\/wp-json\/wp\/v2\/types\/product"}],"wp:featuredmedia":[{"embeddable":true,"href":"https:\/\/footballthrift.shop\/de\/wp-json\/wp\/v2\/media\/114188"}],"wp:attachment":[{"href":"https:\/\/footballthrift.shop\/de\/wp-json\/wp\/v2\/media?parent=114099"}],"wp:term":[{"taxonomy":"product_brand","embeddable":true,"href":"https:\/\/footballthrift.shop\/de\/wp-json\/wp\/v2\/product_brand?post=114099"},{"taxonomy":"product_cat","embeddable":true,"href":"https:\/\/footballthrift.shop\/de\/wp-json\/wp\/v2\/product_cat?post=114099"},{"taxonomy":"product_tag","embeddable":true,"href":"https:\/\/footballthrift.shop\/de\/wp-json\/wp\/v2\/product_tag?post=114099"}],"curies":[{"name":"wp","href":"https:\/\/api.w.org\/{rel}","templated":true}]}}