{"id":114098,"date":"2026-01-04T17:49:06","date_gmt":"2026-01-04T16:49:06","guid":{"rendered":"https:\/\/footballthrift.shop\/?post_type=product&#038;p=114098"},"modified":"2026-03-09T11:25:21","modified_gmt":"2026-03-09T10:25:21","slug":"koszulka-pilkarska-meksyk-2014-15-away-xxl","status":"publish","type":"product","link":"https:\/\/footballthrift.shop\/de\/koszulka-pilkarska-meksyk-2014-15-away-xxl\/","title":{"rendered":"Koszulka pi\u0142karska Meksyk 2014\/15 Away [XXL]"},"content":{"rendered":"<p><strong>Verein:<\/strong> Mexiko<\/p>\n<p><strong>Saison:<\/strong> 2014\/15 Ausw\u00e4rts<\/p>\n<p><strong>Gr\u00f6\u00dfe: <\/strong>XXL<\/p>\n<p><strong>Zustand:<\/strong> Gut \u2013 kleines Loch \u00fcber dem Wappen auf der Vorderseite.<\/p>\n<p><strong>Ma\u00dfe (Achselbreite\/L\u00e4nge) in cm: <\/strong>59\/81<\/p>","protected":false},"excerpt":{"rendered":"<p data-start=\"0\" data-end=\"101\"><strong data-start=\"0\" data-end=\"101\">Original Ausw\u00e4rtstrikot der mexikanischen Nationalmannschaft aus der Saison 2014\/15, hergestellt von Adidas.\u00a0<\/strong><\/p>\n<p data-start=\"103\" data-end=\"415\">Ausw\u00e4rtsmodell <strong data-start=\"119\" data-end=\"144\">Vertretung Mexikos<\/strong> aus der Saison <strong data-start=\"154\" data-end=\"165\">2014\/15<\/strong>, entworfen von <strong data-start=\"188\" data-end=\"199\">Adidas<\/strong> in der Gr\u00f6\u00dfe <strong data-start=\"212\" data-end=\"219\">XXL<\/strong>, zeichnet sich durch einen mutigen Ansatz in Bezug auf Farbgebung und Grafik aus. Es handelt sich um ein Design, das sich deutlich von den klassischen gr\u00fcnen Outfits unterscheidet und den modernen Stil der Mannschaft in dieser Zeit unterstreicht.<\/p>\n<p data-start=\"417\" data-end=\"944\">Das T-Shirt wurde hergestellt auf <strong data-start=\"451\" data-end=\"470\">roter Sockel<\/strong>, erg\u00e4nzt durch <strong data-start=\"485\" data-end=\"521\">schwarzer Kragenabschluss<\/strong> und <strong data-start=\"527\" data-end=\"571\">schwarze Streifen des Herstellers auf den \u00c4rmeln<\/strong>, die eine einheitliche und kontrastreiche Komposition bilden. <strong data-start=\"617\" data-end=\"633\">Das Adidas-Logo<\/strong> platziert <strong data-start=\"646\" data-end=\"671\">zentral an der Front<\/strong>, w\u00e4hrend <strong data-start=\"683\" data-end=\"713\">Wappen der mexikanischen Nationalmannschaft<\/strong> befand sich auf <strong data-start=\"729\" data-end=\"745\">linke Brust<\/strong>, gem\u00e4\u00df der klassischen Anordnung. Das Ganze wird durch das charakteristische <strong data-start=\"811\" data-end=\"845\">schwarzes Motiv mit horizontalem Zickzackmuster<\/strong>, der subtil <strong data-start=\"863\" data-end=\"892\">disappears towards the bottom of the shirt<\/strong>, und verleihen dem Projekt Dynamik und einen modernen Ausdruck.<\/p>\n<p data-start=\"946\" data-end=\"1172\">Das T-Shirt ist hergestellt aus <strong data-start=\"974\" data-end=\"1011\">leichtes und luftiges Material<\/strong>, geeignet f\u00fcr sportliche Aktivit\u00e4ten. Schnitt in Gr\u00f6\u00dfe <strong data-start=\"1071\" data-end=\"1078\">XXL<\/strong> sorgt f\u00fcr eine bequeme Passform gem\u00e4\u00df den Standards <strong data-start=\"1131\" data-end=\"1142\">Adidas<\/strong> die damals verwendet wurden.<\/p>\n<p data-start=\"1174\" data-end=\"1488\" data-is-last-node=\"\" data-is-only-node=\"\">Dies ist ein Angebot f\u00fcr Sammler und Fans, die auf der Suche sind nach <strong data-start=\"1233\" data-end=\"1319\">Original-Ausw\u00e4rtstrikot der mexikanischen Nationalmannschaft aus der Saison 2014\/15<\/strong>, die sich durch einen charakteristischen Ansatz auszeichnet <strong data-start=\"1431\" data-end=\"1442\">Adidas<\/strong> zu repr\u00e4sentativen Projekten aus dieser Zeit.<\/p>","protected":false},"featured_media":114179,"template":"","meta":{"_kad_blocks_custom_css":"","_kad_blocks_head_custom_js":"","_kad_blocks_body_custom_js":"","_kad_blocks_footer_custom_js":"","_kad_post_transparent":"default","_kad_post_title":"","_kad_post_layout":"default","_kad_post_sidebar_id":"","_kad_post_content_style":"default","_kad_post_vertical_padding":"default","_kad_post_feature":"","_kad_post_feature_position":"","_kad_post_header":false,"_kad_post_footer":false,"_kad_post_classname":""},"product_brand":[1283],"product_cat":[1418,15],"product_tag":[],"class_list":{"0":"post-114098","1":"product","2":"type-product","3":"status-publish","4":"has-post-thumbnail","6":"product_brand-adidas","7":"product_cat-ameryka-srodkowa-i-polnocna-reprezentacje","8":"product_cat-bez-kategorii","9":"pa_homeawaythird-away","10":"pa_rozmiar-xxl","12":"first","13":"instock","14":"taxable","15":"shipping-taxable","16":"purchasable","17":"product-type-simple","18":"entry","19":"content-bg","20":"loop-entry"},"taxonomy_info":{"product_brand":[{"value":1283,"label":"Adidas"}],"product_cat":[{"value":1418,"label":"Ameryka \u015arodkowa i P\u00f3\u0142nocna"},{"value":15,"label":"Bez kategorii"}],"pa_homeawaythird":[{"value":1598,"label":"Away"}],"pa_rozmiar":[{"value":1819,"label":"XXL"}]},"featured_image_src_large":["https:\/\/footballthrift.shop\/wp-content\/uploads\/2026\/01\/Photoroom_008_20260103_153326-1024x1024.png",1024,1024,true],"author_info":[],"comment_info":"","_links":{"self":[{"href":"https:\/\/footballthrift.shop\/de\/wp-json\/wp\/v2\/product\/114098","targetHints":{"allow":["GET"]}}],"collection":[{"href":"https:\/\/footballthrift.shop\/de\/wp-json\/wp\/v2\/product"}],"about":[{"href":"https:\/\/footballthrift.shop\/de\/wp-json\/wp\/v2\/types\/product"}],"wp:featuredmedia":[{"embeddable":true,"href":"https:\/\/footballthrift.shop\/de\/wp-json\/wp\/v2\/media\/114179"}],"wp:attachment":[{"href":"https:\/\/footballthrift.shop\/de\/wp-json\/wp\/v2\/media?parent=114098"}],"wp:term":[{"taxonomy":"product_brand","embeddable":true,"href":"https:\/\/footballthrift.shop\/de\/wp-json\/wp\/v2\/product_brand?post=114098"},{"taxonomy":"product_cat","embeddable":true,"href":"https:\/\/footballthrift.shop\/de\/wp-json\/wp\/v2\/product_cat?post=114098"},{"taxonomy":"product_tag","embeddable":true,"href":"https:\/\/footballthrift.shop\/de\/wp-json\/wp\/v2\/product_tag?post=114098"}],"curies":[{"name":"wp","href":"https:\/\/api.w.org\/{rel}","templated":true}]}}