{"id":114096,"date":"2026-01-04T17:49:07","date_gmt":"2026-01-04T16:49:07","guid":{"rendered":"https:\/\/footballthrift.shop\/?post_type=product&#038;p=114096"},"modified":"2026-03-09T11:25:21","modified_gmt":"2026-03-09T10:25:21","slug":"fusballtrikot-nordirland-2016-18-home-l","status":"publish","type":"product","link":"https:\/\/footballthrift.shop\/de\/koszulka-pilkarska-irlandia-polnocna-2016-18-home-l\/","title":{"rendered":"Koszulka pi\u0142karska Irlandia P\u00f3\u0142nocna 2016\/18 Home [L]"},"content":{"rendered":"<p><strong>Verein:<\/strong> Nordirland<\/p>\n<p><strong>Saison:<\/strong> 2016\/18 Startseite<\/p>\n<p><strong>Gr\u00f6\u00dfe: <\/strong>L<\/p>\n<p><strong>Zustand:<\/strong> Ausgezeichnet<\/p>\n<p><strong>Ma\u00dfe (Achselbreite\/L\u00e4nge) in cm: <\/strong>55\/74<\/p>","protected":false},"excerpt":{"rendered":"<div class=\"flex flex-col text-sm pb-25\">\n<article class=\"text-token-text-primary w-full focus:outline-none [--shadow-height:45px] has-data-writing-block:pointer-events-none has-data-writing-block:-mt-(--shadow-height) has-data-writing-block:pt-(--shadow-height) [&amp;:has([data-writing-block])&gt;*]:pointer-events-auto scroll-mt-[calc(var(--header-height)+min(200px,max(70px,20svh)))]\" dir=\"auto\" tabindex=\"-1\" data-turn-id=\"request-WEB:652c3702-70df-4159-ad23-2e9771371878-9\" data-testid=\"conversation-turn-12\" data-scroll-anchor=\"true\" data-turn=\"assistant\">\n<div class=\"text-base my-auto mx-auto pb-10 [--thread-content-margin:--spacing(4)] @w-sm\/main:[--thread-content-margin:--spacing(6)] @w-lg\/main:[--thread-content-margin:--spacing(16)] px-(--thread-content-margin)\">\n<div class=\"[--thread-content-max-width:40rem] @w-lg\/main:[--thread-content-max-width:48rem] mx-auto max-w-(--thread-content-max-width) flex-1 group\/turn-messages focus-visible:outline-hidden relative flex w-full min-w-0 flex-col agent-turn\" tabindex=\"-1\">\n<div class=\"flex max-w-full flex-col grow\">\n<div class=\"min-h-8 text-message relative flex w-full flex-col items-end gap-2 text-start break-words whitespace-normal [.text-message+&amp;]:mt-1\" dir=\"auto\" data-message-author-role=\"assistant\" data-message-id=\"04809168-8321-41d1-964d-c1f4ff81edfb\" data-message-model-slug=\"gpt-5-2\">\n<div class=\"flex w-full flex-col gap-1 empty:hidden first:pt-[1px]\">\n<div class=\"markdown prose dark:prose-invert w-full break-words light markdown-new-styling\">\n<p data-start=\"0\" data-end=\"106\"><strong data-start=\"0\" data-end=\"106\">Oryginalna domowa koszulka pi\u0142karska reprezentacji Irlandii P\u00f3\u0142nocnej z lat 2016\u201318 produkcji Adidasa.\u00a0<\/strong><\/p>\n<p data-start=\"108\" data-end=\"458\">Projekt przygotowany przez <strong data-start=\"135\" data-end=\"146\">Adidasa<\/strong> dla <strong data-start=\"151\" data-end=\"187\">reprezentacji Irlandii P\u00f3\u0142nocnej<\/strong> na lata <strong data-start=\"196\" data-end=\"207\">2016\u201318<\/strong>, w rozmiarze <strong data-start=\"221\" data-end=\"226\">L<\/strong>, cechuje si\u0119 prostot\u0105 i funkcjonalno\u015bci\u0105 typow\u0105 dla turniejowych komplet\u00f3w narodowych. Stonowana forma oraz czytelna kolorystyka podkre\u015blaj\u0105 reprezentacyjny charakter koszulki, zachowuj\u0105c sp\u00f3jno\u015b\u0107 z tradycyjnym wizerunkiem dru\u017cyny.<\/p>\n<p data-start=\"460\" data-end=\"818\">Koszulka zosta\u0142a wyprodukowana na <strong data-start=\"494\" data-end=\"512\">zielonej bazie<\/strong>, uzupe\u0142nionej <strong data-start=\"527\" data-end=\"552\">granatowymi r\u0119kawkami<\/strong>, kt\u00f3re wyra\u017anie kontrastuj\u0105 z korpusem. Na wysoko\u015bci klatki piersiowej zastosowano <strong data-start=\"636\" data-end=\"664\">poprzeczny niebieski pas<\/strong>, stanowi\u0105cy g\u0142\u00f3wny element graficzny projektu. <strong data-start=\"712\" data-end=\"749\">R\u0119kawy zdobi\u0105 bia\u0142e paski Adidasa<\/strong>, klasycznie rozmieszczone i jednoznacznie identyfikuj\u0105ce producenta.<\/p>\n<p data-start=\"820\" data-end=\"1146\">W opisywanym okresie <strong data-start=\"841\" data-end=\"877\">reprezentacja Irlandii P\u00f3\u0142nocnej<\/strong> wyst\u0119powa\u0142a w tych koszulkach podczas turnieju <strong data-start=\"925\" data-end=\"938\">Euro 2016<\/strong>, rywalizuj\u0105c w fazie grupowej m.in. z <strong data-start=\"977\" data-end=\"1001\">reprezentacj\u0105 Polski<\/strong>. Sam awans na mistrzostwa Europy by\u0142 jednym z najwi\u0119kszych sukces\u00f3w w historii dru\u017cyny, co dodatkowo podnosi znaczenie modelu z lat <strong data-start=\"1134\" data-end=\"1145\">2016\u201318<\/strong>.<\/p>\n<p data-start=\"1148\" data-end=\"1429\">Koszulka zosta\u0142a wykonana z <strong data-start=\"1176\" data-end=\"1212\">lekkiego, przewiewnego materia\u0142u<\/strong>, zapewniaj\u0105cego komfort u\u017cytkowania. Techniczna tkanina oraz kr\u00f3j w rozmiarze <strong data-start=\"1291\" data-end=\"1296\">L<\/strong> oferuj\u0105 wygodne dopasowanie, zgodne z projektowymi standardami <strong data-start=\"1360\" data-end=\"1371\">Adidasa<\/strong> stosowanymi w reprezentacyjnych kompletach z tego okresu.<\/p>\n<p data-start=\"1431\" data-end=\"1691\" data-is-last-node=\"\" data-is-only-node=\"\">To propozycja dla kolekcjoner\u00f3w oraz kibic\u00f3w poszukuj\u0105cych <strong data-start=\"1490\" data-end=\"1581\">oryginalnej domowej koszulki pi\u0142karskiej reprezentacji Irlandii P\u00f3\u0142nocnej z lat 2016\u201318<\/strong>, zwi\u0105zanej z historycznym wyst\u0119pem na <strong data-start=\"1620\" data-end=\"1633\">Euro 2016<\/strong> i zapami\u0119tanej z rywalizacji grupowej m.in. z <strong data-start=\"1680\" data-end=\"1690\">Polsk\u0105\u00a0<\/strong>czy\u00a0<strong>Niemcami<\/strong>.<\/p>\n<\/div>\n<\/div>\n<\/div>\n<\/div>\n<\/div>\n<\/div>\n<\/article>\n<\/div>\n","protected":false},"featured_media":114164,"template":"","meta":{"_kad_blocks_custom_css":"","_kad_blocks_head_custom_js":"","_kad_blocks_body_custom_js":"","_kad_blocks_footer_custom_js":"","_kad_post_transparent":"default","_kad_post_title":"","_kad_post_layout":"default","_kad_post_sidebar_id":"","_kad_post_content_style":"default","_kad_post_vertical_padding":"default","_kad_post_feature":"","_kad_post_feature_position":"","_kad_post_header":false,"_kad_post_footer":false,"_kad_post_classname":""},"product_brand":[1283],"product_cat":[15,1489],"product_tag":[],"class_list":{"0":"post-114096","1":"product","2":"type-product","3":"status-publish","4":"has-post-thumbnail","6":"product_brand-adidas","7":"product_cat-bez-kategorii","8":"product_cat-pozostale-reprezentacje-europa","9":"pa_homeawaythird-home","10":"pa_rozmiar-l","12":"first","13":"instock","14":"taxable","15":"shipping-taxable","16":"purchasable","17":"product-type-simple","18":"entry","19":"content-bg","20":"loop-entry"},"taxonomy_info":{"product_brand":[{"value":1283,"label":"Adidas"}],"product_cat":[{"value":15,"label":"Bez kategorii"},{"value":1489,"label":"Pozosta\u0142e"}],"pa_homeawaythird":[{"value":1597,"label":"Home"}],"pa_rozmiar":[{"value":1817,"label":"L"}]},"featured_image_src_large":["https:\/\/footballthrift.shop\/wp-content\/uploads\/2026\/01\/Photoroom_033_20260103_153326-1024x1024.png",1024,1024,true],"author_info":[],"comment_info":"","_links":{"self":[{"href":"https:\/\/footballthrift.shop\/de\/wp-json\/wp\/v2\/product\/114096","targetHints":{"allow":["GET"]}}],"collection":[{"href":"https:\/\/footballthrift.shop\/de\/wp-json\/wp\/v2\/product"}],"about":[{"href":"https:\/\/footballthrift.shop\/de\/wp-json\/wp\/v2\/types\/product"}],"wp:featuredmedia":[{"embeddable":true,"href":"https:\/\/footballthrift.shop\/de\/wp-json\/wp\/v2\/media\/114164"}],"wp:attachment":[{"href":"https:\/\/footballthrift.shop\/de\/wp-json\/wp\/v2\/media?parent=114096"}],"wp:term":[{"taxonomy":"product_brand","embeddable":true,"href":"https:\/\/footballthrift.shop\/de\/wp-json\/wp\/v2\/product_brand?post=114096"},{"taxonomy":"product_cat","embeddable":true,"href":"https:\/\/footballthrift.shop\/de\/wp-json\/wp\/v2\/product_cat?post=114096"},{"taxonomy":"product_tag","embeddable":true,"href":"https:\/\/footballthrift.shop\/de\/wp-json\/wp\/v2\/product_tag?post=114096"}],"curies":[{"name":"wp","href":"https:\/\/api.w.org\/{rel}","templated":true}]}}