{"id":114094,"date":"2026-01-04T17:49:08","date_gmt":"2026-01-04T16:49:08","guid":{"rendered":"https:\/\/footballthrift.shop\/?post_type=product&#038;p=114094"},"modified":"2026-03-09T11:25:20","modified_gmt":"2026-03-09T10:25:20","slug":"koszulka-pilkarska-dynamo-zagrzeb-2007-09-home-m","status":"publish","type":"product","link":"https:\/\/footballthrift.shop\/de\/koszulka-pilkarska-dynamo-zagrzeb-2007-09-home-m\/","title":{"rendered":"Koszulka pi\u0142karska Dynamo Zagrzeb 2007\/09 Home [M]"},"content":{"rendered":"<p><strong>Verein:<\/strong> Dynamo Zagreb<\/p>\n<p><strong>Saison:<\/strong> 2007\/09 Startseite<\/p>\n<p><strong>Gr\u00f6\u00dfe: <\/strong>M<\/p>\n<p><strong>Zustand:<\/strong> Sehr gut \u2013 kleiner Fleck beim Wappen auf der Vorderseite und kleine Verf\u00e4rbung auf der R\u00fcckseite.<\/p>\n<p><strong>Ma\u00dfe (Achselbreite\/L\u00e4nge) in cm: <\/strong>54\/72<\/p>","protected":false},"excerpt":{"rendered":"<p data-start=\"0\" data-end=\"88\"><strong data-start=\"0\" data-end=\"88\">Original Heimtrikot von Dynamo Zagreb aus den Jahren 2007\u201309, hergestellt von Diadora.\u00a0<\/strong><\/p>\n<p data-start=\"90\" data-end=\"463\">Modell entwickelt f\u00fcr <strong data-start=\"115\" data-end=\"133\">Dynamo Zagreb<\/strong> f\u00fcr die Jahreszeiten <strong data-start=\"144\" data-end=\"155\">2007\u201309<\/strong> durch <strong data-start=\"162\" data-end=\"173\">Diadora<\/strong>, in Gr\u00f6\u00dfe <strong data-start=\"187\" data-end=\"192\">L<\/strong>, zeichnet sich durch eine klare Club\u00e4sthetik und einen minimalistischen Ansatz in Bezug auf die visuelle Identit\u00e4t aus. Das Design basiert auf einer einheitlichen <strong data-start=\"323\" data-end=\"338\">blau<\/strong> Basis, die f\u00fcr die Heimtrikots der Mannschaft aus Zagreb charakteristisch ist und die Tradition und Identit\u00e4t des Vereins aus dieser Zeit unterstreicht.<\/p>\n<p data-start=\"465\" data-end=\"904\">Das T-Shirt wurde in klassischer Form hergestellt, mit <strong data-start=\"519\" data-end=\"586\">mit dem zentral platzierten Wappen von Dynamo Zagreb und dem Logo von Diadora<\/strong>, angeordnet <strong data-start=\"598\" data-end=\"649\">eins unter dem anderen an der Vorderseite, direkt unter dem Kragen<\/strong>. Das Fehlen eines Sponsoraufdrucks verleiht dem Ganzen einen besonders klaren und sammelw\u00fcrdigen Charakter. <strong data-start=\"733\" data-end=\"773\">Der Kragenausschnitt und die \u00c4rmelenden<\/strong> mit einem effektvollen Finish versehen <strong data-start=\"795\" data-end=\"826\">wei\u00df-blaues Schachbrettmuster<\/strong>, die auf die kroatische Symbolik Bezug nimmt und einen markanten visuellen Akzent setzt.<\/p>\n<p data-start=\"906\" data-end=\"1236\">Im beschriebenen Zeitraum <strong data-start=\"927\" data-end=\"938\">2007\/08<\/strong> Farben <strong data-start=\"945\" data-end=\"963\">Dynamo Zagreb<\/strong> repr\u00e4sentierte <strong data-start=\"978\" data-end=\"993\">Luka Modri\u0107<\/strong>, f\u00fcr den es das war <strong data-start=\"1014\" data-end=\"1040\">letzte Saison im Verein<\/strong> vor dem Transfer nach <strong data-start=\"1061\" data-end=\"1083\">Tottenham Hotspur<\/strong>. Dieser historische Kontext erh\u00f6ht zus\u00e4tzlich den Wert des Trikots aus den Jahren <strong data-start=\"1151\" data-end=\"1162\">2007\u201309<\/strong>, was sie f\u00fcr Sammler kroatischer Fu\u00dfballartikel besonders interessant macht.<\/p>\n<p data-start=\"1238\" data-end=\"1500\">Das T-Shirt ist hergestellt aus <strong data-start=\"1266\" data-end=\"1303\">leichtes und luftiges Material<\/strong>, das f\u00fcr Tragekomfort sorgt. Technisches Gewebe und Schnitt in Gr\u00f6\u00dfe <strong data-start=\"1379\" data-end=\"1384\">L<\/strong> bieten Bewegungsfreiheit und eine bequeme Passform, die den Standards entspricht <strong data-start=\"1453\" data-end=\"1464\">Diadory<\/strong> aus dem Ende des ersten Jahrzehnts des 21. Jahrhunderts.<\/p>\n<p data-start=\"1502\" data-end=\"1826\" data-is-last-node=\"\" data-is-only-node=\"\">Das ist ein Angebot f\u00fcr<strong> Sammler<\/strong> sowie Fans, die auf der Suche nach einem originalen Heimtrikot von Dinamo Zagreb aus den sp\u00e4ten 2000er Jahren mit besonderer Bedeutung f\u00fcr die Saison sind.<strong> 2007\/08<\/strong>, remembered as the last year<strong> Luki Modricia<\/strong> im Club.<\/p>","protected":false},"featured_media":114149,"template":"","meta":{"_kad_blocks_custom_css":"","_kad_blocks_head_custom_js":"","_kad_blocks_body_custom_js":"","_kad_blocks_footer_custom_js":"","_kad_post_transparent":"default","_kad_post_title":"","_kad_post_layout":"default","_kad_post_sidebar_id":"","_kad_post_content_style":"default","_kad_post_vertical_padding":"default","_kad_post_feature":"","_kad_post_feature_position":"","_kad_post_header":false,"_kad_post_footer":false,"_kad_post_classname":""},"product_brand":[1289],"product_cat":[1460,15],"product_tag":[],"class_list":{"0":"post-114094","1":"product","2":"type-product","3":"status-publish","4":"has-post-thumbnail","6":"product_brand-diadora","7":"product_cat-balkany","8":"product_cat-bez-kategorii","9":"pa_homeawaythird-home","10":"pa_rozmiar-m","12":"first","13":"instock","14":"taxable","15":"shipping-taxable","16":"purchasable","17":"product-type-simple","18":"entry","19":"content-bg","20":"loop-entry"},"taxonomy_info":{"product_brand":[{"value":1289,"label":"Diadora"}],"product_cat":[{"value":1460,"label":"Ba\u0142kany"},{"value":15,"label":"Bez kategorii"}],"pa_homeawaythird":[{"value":1597,"label":"Home"}],"pa_rozmiar":[{"value":1816,"label":"M"}]},"featured_image_src_large":["https:\/\/footballthrift.shop\/wp-content\/uploads\/2026\/01\/Photoroom_010_20260103_153326-1024x1024.png",1024,1024,true],"author_info":[],"comment_info":"","_links":{"self":[{"href":"https:\/\/footballthrift.shop\/de\/wp-json\/wp\/v2\/product\/114094","targetHints":{"allow":["GET"]}}],"collection":[{"href":"https:\/\/footballthrift.shop\/de\/wp-json\/wp\/v2\/product"}],"about":[{"href":"https:\/\/footballthrift.shop\/de\/wp-json\/wp\/v2\/types\/product"}],"wp:featuredmedia":[{"embeddable":true,"href":"https:\/\/footballthrift.shop\/de\/wp-json\/wp\/v2\/media\/114149"}],"wp:attachment":[{"href":"https:\/\/footballthrift.shop\/de\/wp-json\/wp\/v2\/media?parent=114094"}],"wp:term":[{"taxonomy":"product_brand","embeddable":true,"href":"https:\/\/footballthrift.shop\/de\/wp-json\/wp\/v2\/product_brand?post=114094"},{"taxonomy":"product_cat","embeddable":true,"href":"https:\/\/footballthrift.shop\/de\/wp-json\/wp\/v2\/product_cat?post=114094"},{"taxonomy":"product_tag","embeddable":true,"href":"https:\/\/footballthrift.shop\/de\/wp-json\/wp\/v2\/product_tag?post=114094"}],"curies":[{"name":"wp","href":"https:\/\/api.w.org\/{rel}","templated":true}]}}