{"id":114093,"date":"2026-01-04T17:49:08","date_gmt":"2026-01-04T16:49:08","guid":{"rendered":"https:\/\/footballthrift.shop\/?post_type=product&#038;p=114093"},"modified":"2026-03-09T11:25:20","modified_gmt":"2026-03-09T10:25:20","slug":"borussia-monchengladbach-fusball-trikot-2017-18-heim-xxl","status":"publish","type":"product","link":"https:\/\/footballthrift.shop\/de\/koszulka-pilkarska-borussia-monchengladbach-2017-18-home-xxl\/","title":{"rendered":"Koszulka pi\u0142karska Borussia Monchengladbach 2017\/18 Home [XXL]"},"content":{"rendered":"<p><strong>Verein:<\/strong> Borussia M\u00f6nchengladbach<\/p>\n<p><strong>Saison:<\/strong> 2017\/18 Startseite<\/p>\n<p><strong>Gr\u00f6\u00dfe: <\/strong>XXL<\/p>\n<p><strong>Zustand:<\/strong> Sehr gut - leichte Verschmutzung am \u00c4rmel.<\/p>\n<p><strong>Ma\u00dfe (Achselbreite\/L\u00e4nge) in cm: <\/strong>59\/76<\/p>","protected":false},"excerpt":{"rendered":"<p data-start=\"0\" data-end=\"99\"><strong data-start=\"0\" data-end=\"99\">Original Heimtrikot von Borussia M\u00f6nchengladbach aus der Saison 2017\/18, hergestellt von Kappa.\u00a0<\/strong><\/p>\n<p data-start=\"101\" data-end=\"432\">Das Modell, das von <strong data-start=\"126\" data-end=\"135\">Kappa<\/strong> f\u00fcr die Saison <strong data-start=\"145\" data-end=\"156\">2017\/18<\/strong> f\u00fcr <strong data-start=\"161\" data-end=\"202\"><span class=\"hover:entity-accent entity-underline inline cursor-pointer align-baseline\"><span class=\"whitespace-normal\">Borussia M\u00f6nchengladbach<\/span><\/span><\/strong>, in Gr\u00f6\u00dfe <strong data-start=\"216\" data-end=\"223\">XXL<\/strong>, geh\u00f6rt zu den moderneren Interpretationen der klassischen Identit\u00e4t der \u201e\u0179rebaki\u201d. Das Projekt verbindet die traditionellen Farben des Vereins mit dem f\u00fcr Kappa charakteristischen, passenden und stilistisch klaren Ansatz in Bezug auf die Form.<\/p>\n<p data-start=\"434\" data-end=\"892\">Das T-Shirt wurde hergestellt auf <strong data-start=\"468\" data-end=\"484\">wei\u00dfer Sockel<\/strong>, die deutlich kontrastieren <strong data-start=\"513\" data-end=\"530\">schwarze \u00c4rmel<\/strong>, die dem Ganzen ein elegantes und dynamisches Aussehen verleihen. Dezente Akzente <strong data-start=\"615\" data-end=\"637\">an den Seiten des Hemdes<\/strong> sie ordnen die Silhouette und unterstreichen den modernen Charakter des Entwurfs. Auf der Vorderseite befindet sich mittig der Aufdruck des Sponsors. <strong data-start=\"754\" data-end=\"766\">Postbank<\/strong>, w\u00e4hrend <strong data-start=\"778\" data-end=\"811\">Wappen von Borussia M\u00f6nchengladbach<\/strong> wurde klassisch auf der linken Brust platziert, wobei eine klare und symmetrische Anordnung beibehalten wurde.<\/p>\n<p data-start=\"894\" data-end=\"1137\">Das Material des T-Shirts ist <strong data-start=\"917\" data-end=\"951\">leicht, luftig und elastisch<\/strong>, und Schnitt in Gr\u00f6\u00dfe <strong data-start=\"972\" data-end=\"979\">XXL<\/strong> bleibt mit den Projektstandards konform <strong data-start=\"1022\" data-end=\"1031\">Kappy<\/strong>, und bieten Tragekomfort und Bewegungsfreiheit sowohl beim Sport als auch im Alltag.<\/p>\n<p data-start=\"1139\" data-end=\"1547\">Saison <strong data-start=\"1145\" data-end=\"1156\">2017\/18<\/strong> war f\u00fcr <strong data-start=\"1165\" data-end=\"1193\">Borussia M\u00f6nchengladbach<\/strong> einer Phase stabiler Leistungen in der Bundesliga und dem Aufbau einer Mannschaft, die auf einer soliden Organisation und individueller Qualit\u00e4t basierte. Zu dieser Zeit spielten unter anderem folgende Spieler f\u00fcr den Verein:. <strong data-start=\"1353\" data-end=\"1371\">Thorgan Hazard<\/strong>, <strong data-start=\"1373\" data-end=\"1388\">Lars Stindl<\/strong>, <strong data-start=\"1390\" data-end=\"1408\">Mahmoud Dahoud<\/strong>, <strong data-start=\"1410\" data-end=\"1430\">Christoph Kramer<\/strong> oder <strong data-start=\"1435\" data-end=\"1450\">Nico Elvedi<\/strong>, und die Mannschaft k\u00e4mpfte regelm\u00e4\u00dfig im Mittelfeld um Punkte und behielt ihre Identit\u00e4t in der Liga.<\/p>\n<p data-start=\"1549\" data-end=\"1820\" data-is-last-node=\"\" data-is-only-node=\"\">Dies ist ein Angebot f\u00fcr Sammler und Fans, die auf der Suche sind nach <strong data-start=\"1608\" data-end=\"1694\">Original-Heimtrikot von Borussia M\u00f6nchengladbach aus der Saison 2017\/18<\/strong> \u2013 modernes Design <strong data-start=\"1719\" data-end=\"1728\">Kappy<\/strong>, das die klassischen Farben des Vereins mit der \u00c4sthetik der deutschen Bundesliga der zweiten H\u00e4lfte der 2010er Jahre verbindet.<\/p>","protected":false},"featured_media":114140,"template":"","meta":{"_kad_blocks_custom_css":"","_kad_blocks_head_custom_js":"","_kad_blocks_body_custom_js":"","_kad_blocks_footer_custom_js":"","_kad_post_transparent":"default","_kad_post_title":"","_kad_post_layout":"default","_kad_post_sidebar_id":"","_kad_post_content_style":"default","_kad_post_vertical_padding":"default","_kad_post_feature":"","_kad_post_feature_position":"","_kad_post_header":false,"_kad_post_footer":false,"_kad_post_classname":""},"product_brand":[1290],"product_cat":[15,1449],"product_tag":[],"class_list":{"0":"post-114093","1":"product","2":"type-product","3":"status-publish","4":"has-post-thumbnail","6":"product_brand-kappa","7":"product_cat-bez-kategorii","8":"product_cat-kluby-niemieckie-borussiamonchengladbach","9":"pa_homeawaythird-home","10":"pa_rozmiar-xxl","12":"first","13":"instock","14":"taxable","15":"shipping-taxable","16":"purchasable","17":"product-type-simple","18":"entry","19":"content-bg","20":"loop-entry"},"taxonomy_info":{"product_brand":[{"value":1290,"label":"Kappa"}],"product_cat":[{"value":15,"label":"Bez kategorii"},{"value":1449,"label":"Borussia M\u00f6nchengladbach"}],"pa_homeawaythird":[{"value":1597,"label":"Home"}],"pa_rozmiar":[{"value":1819,"label":"XXL"}]},"featured_image_src_large":["https:\/\/footballthrift.shop\/wp-content\/uploads\/2026\/01\/Photoroom_024_20260103_153326-1024x1024.png",1024,1024,true],"author_info":[],"comment_info":"","_links":{"self":[{"href":"https:\/\/footballthrift.shop\/de\/wp-json\/wp\/v2\/product\/114093","targetHints":{"allow":["GET"]}}],"collection":[{"href":"https:\/\/footballthrift.shop\/de\/wp-json\/wp\/v2\/product"}],"about":[{"href":"https:\/\/footballthrift.shop\/de\/wp-json\/wp\/v2\/types\/product"}],"wp:featuredmedia":[{"embeddable":true,"href":"https:\/\/footballthrift.shop\/de\/wp-json\/wp\/v2\/media\/114140"}],"wp:attachment":[{"href":"https:\/\/footballthrift.shop\/de\/wp-json\/wp\/v2\/media?parent=114093"}],"wp:term":[{"taxonomy":"product_brand","embeddable":true,"href":"https:\/\/footballthrift.shop\/de\/wp-json\/wp\/v2\/product_brand?post=114093"},{"taxonomy":"product_cat","embeddable":true,"href":"https:\/\/footballthrift.shop\/de\/wp-json\/wp\/v2\/product_cat?post=114093"},{"taxonomy":"product_tag","embeddable":true,"href":"https:\/\/footballthrift.shop\/de\/wp-json\/wp\/v2\/product_tag?post=114093"}],"curies":[{"name":"wp","href":"https:\/\/api.w.org\/{rel}","templated":true}]}}